{"id":933,"date":"2021-11-02T20:27:43","date_gmt":"2021-11-02T17:27:43","guid":{"rendered":"https:\/\/www.tehtavaniekat.fi\/?page_id=933"},"modified":"2021-11-02T20:59:50","modified_gmt":"2021-11-02T17:59:50","slug":"pika21","status":"publish","type":"page","link":"https:\/\/www.tehtavaniekat.fi\/index.php\/pika21\/","title":{"rendered":"pika21"},"content":{"rendered":"\t\t<div data-elementor-type=\"wp-page\" data-elementor-id=\"933\" class=\"elementor elementor-933\">\n\t\t\t\t\t\t<section class=\"elementor-section elementor-top-section elementor-element elementor-element-3a4cba3 elementor-section-boxed elementor-section-height-default elementor-section-height-default\" data-id=\"3a4cba3\" data-element_type=\"section\" data-e-type=\"section\">\n\t\t\t\t\t\t<div class=\"elementor-container elementor-column-gap-default\">\n\t\t\t\t\t<div class=\"elementor-column elementor-col-100 elementor-top-column elementor-element elementor-element-5faacdf\" data-id=\"5faacdf\" data-element_type=\"column\" data-e-type=\"column\">\n\t\t\t<div class=\"elementor-widget-wrap elementor-element-populated\">\n\t\t\t\t\t\t<div class=\"elementor-element elementor-element-4b7645d elementor-widget elementor-widget-heading\" data-id=\"4b7645d\" data-element_type=\"widget\" data-e-type=\"widget\" data-widget_type=\"heading.default\">\n\t\t\t\t<div class=\"elementor-widget-container\">\n\t\t\t\t\t<h1 class=\"elementor-heading-title elementor-size-default\">RATKAISEMISEN 42. SUOMEN MESTARUUSKILPAILU<\/h1>\t\t\t\t<\/div>\n\t\t\t\t<\/div>\n\t\t\t\t\t<\/div>\n\t\t<\/div>\n\t\t\t\t\t<\/div>\n\t\t<\/section>\n\t\t\t\t<section class=\"elementor-section elementor-top-section elementor-element elementor-element-884e1fe elementor-section-boxed elementor-section-height-default elementor-section-height-default\" data-id=\"884e1fe\" data-element_type=\"section\" data-e-type=\"section\">\n\t\t\t\t\t\t<div class=\"elementor-container elementor-column-gap-default\">\n\t\t\t\t\t<div class=\"elementor-column elementor-col-100 elementor-top-column elementor-element elementor-element-0b7268a\" data-id=\"0b7268a\" data-element_type=\"column\" data-e-type=\"column\">\n\t\t\t<div class=\"elementor-widget-wrap elementor-element-populated\">\n\t\t\t\t\t\t<section class=\"elementor-section elementor-inner-section elementor-element elementor-element-994bca3 elementor-section-boxed elementor-section-height-default elementor-section-height-default\" data-id=\"994bca3\" data-element_type=\"section\" data-e-type=\"section\">\n\t\t\t\t\t\t<div class=\"elementor-container elementor-column-gap-default\">\n\t\t\t\t\t<div class=\"elementor-column elementor-col-50 elementor-inner-column elementor-element elementor-element-242e3cb\" data-id=\"242e3cb\" data-element_type=\"column\" data-e-type=\"column\">\n\t\t\t<div class=\"elementor-widget-wrap\">\n\t\t\t\t\t\t\t<\/div>\n\t\t<\/div>\n\t\t\t\t<div class=\"elementor-column elementor-col-50 elementor-inner-column elementor-element elementor-element-4329467\" data-id=\"4329467\" data-element_type=\"column\" data-e-type=\"column\">\n\t\t\t<div class=\"elementor-widget-wrap\">\n\t\t\t\t\t\t\t<\/div>\n\t\t<\/div>\n\t\t\t\t\t<\/div>\n\t\t<\/section>\n\t\t\t\t\t<\/div>\n\t\t<\/div>\n\t\t\t\t\t<\/div>\n\t\t<\/section>\n\t\t\t\t<section class=\"elementor-section elementor-top-section elementor-element elementor-element-e8469a2 elementor-section-boxed elementor-section-height-default elementor-section-height-default\" data-id=\"e8469a2\" data-element_type=\"section\" data-e-type=\"section\">\n\t\t\t\t\t\t<div class=\"elementor-container elementor-column-gap-default\">\n\t\t\t\t\t<div class=\"elementor-column elementor-col-66 elementor-top-column elementor-element elementor-element-9deaf63\" data-id=\"9deaf63\" data-element_type=\"column\" data-e-type=\"column\">\n\t\t\t<div class=\"elementor-widget-wrap elementor-element-populated\">\n\t\t\t\t\t\t<div class=\"elementor-element elementor-element-e8ac95e elementor-widget elementor-widget-text-editor\" data-id=\"e8ac95e\" data-element_type=\"widget\" data-e-type=\"widget\" data-widget_type=\"text-editor.default\">\n\t\t\t\t<div class=\"elementor-widget-container\">\n\t\t\t\t\t\t\t\t\t<div class=\"wp-block-column\">\n<p>Shakkiteht\u00e4vien ratkaisemisen SM-kilpailu 2021 j\u00e4rjestet\u00e4\u00e4n sunnuntaina 28.11.2021 Helsingin Shakkiareenalla (Hiomotie 10). Kilpailu alkaa kello 13 ja kest\u00e4\u00e4 kolme tuntia. Kilpailun johtaja ja teht\u00e4vien valitsija on Neal Turner.<\/p>\n<p><!-- \/wp:paragraph --><!-- wp:paragraph --><\/p>\n<p>Kilpailussa on 12 teht\u00e4v\u00e4\u00e4 (kuten WFCC:n kongressin avoimessa kilpailussa).<\/p>\n<p><!-- \/wp:paragraph --><!-- wp:paragraph --><\/p>\n<p>Tulokset julistetaan klo 16.30. Mitalit ja kirjapalkintoja parhaille ratkaisijoille.<\/p>\n<p><!-- \/wp:paragraph --><!-- wp:paragraph --><\/p>\n<p>Kilpailussa on my\u00f6s aloittelijoille B-ryhm\u00e4, jossa on 9 teht\u00e4v\u00e4\u00e4.<\/p>\n<p><!-- \/wp:paragraph --><!-- wp:paragraph --><\/p>\n<p>Osallistumismaksua ei ole. Osallistujille kahvitarjoilu. Lis\u00e4tietoa s\u00e4hk\u00f6postiosoitteesta nealturnerfinland<img decoding=\"async\" src=\"http:\/\/www.saunalahti.fi\/~stniekat\/st\/at.gif\" width=\"14\" height=\"16\">hotmail.com.<\/p>\n<p><!-- \/wp:paragraph --><\/p><\/div>\n<p><!-- \/wp:column --><!-- wp:column {\"width\":50} --><\/p>\n<div class=\"wp-block-column\">&nbsp;<\/div>\t\t\t\t\t\t\t\t<\/div>\n\t\t\t\t<\/div>\n\t\t\t\t\t<\/div>\n\t\t<\/div>\n\t\t\t\t<div class=\"elementor-column elementor-col-33 elementor-top-column elementor-element elementor-element-e5a6076\" data-id=\"e5a6076\" data-element_type=\"column\" data-e-type=\"column\">\n\t\t\t<div class=\"elementor-widget-wrap elementor-element-populated\">\n\t\t\t\t\t\t<div class=\"elementor-element elementor-element-e8a5bcd elementor-widget elementor-widget-google_maps\" data-id=\"e8a5bcd\" data-element_type=\"widget\" data-e-type=\"widget\" data-widget_type=\"google_maps.default\">\n\t\t\t\t<div class=\"elementor-widget-container\">\n\t\t\t\t\t\t\t<div class=\"elementor-custom-embed\">\n\t\t\t<iframe loading=\"lazy\"\n\t\t\t\t\tsrc=\"https:\/\/maps.google.com\/maps?q=Hiomotie%2010%2C%20Helsinki&#038;t=m&#038;z=13&#038;output=embed&#038;iwloc=near\"\n\t\t\t\t\ttitle=\"Hiomotie 10, Helsinki\"\n\t\t\t\t\taria-label=\"Hiomotie 10, Helsinki\"\n\t\t\t><\/iframe>\n\t\t<\/div>\n\t\t\t\t\t\t<\/div>\n\t\t\t\t<\/div>\n\t\t\t\t\t<\/div>\n\t\t<\/div>\n\t\t\t\t\t<\/div>\n\t\t<\/section>\n\t\t\t\t<\/div>\n\t\t","protected":false},"excerpt":{"rendered":"<p>RATKAISEMISEN 42. SUOMEN MESTARUUSKILPAILU Shakkiteht\u00e4vien ratkaisemisen SM-kilpailu 2021 j\u00e4rjestet\u00e4\u00e4n sunnuntaina 28.11.2021 Helsingin Shakkiareenalla (Hiomotie 10). Kilpailu alkaa kello 13 ja kest\u00e4\u00e4 kolme tuntia. Kilpailun johtaja ja teht\u00e4vien valitsija on Neal Turner. Kilpailussa on 12 teht\u00e4v\u00e4\u00e4 (kuten WFCC:n kongressin avoimessa kilpailussa). Tulokset julistetaan klo 16.30. Mitalit ja kirjapalkintoja parhaille ratkaisijoille. Kilpailussa&#8230; <a class=\"continue-reading-link\" href=\"https:\/\/www.tehtavaniekat.fi\/index.php\/pika21\/\">Jatka lukemista<\/a><\/p>\n","protected":false},"author":1,"featured_media":0,"parent":0,"menu_order":0,"comment_status":"closed","ping_status":"closed","template":"","meta":{"footnotes":""},"class_list":["post-933","page","type-page","status-publish","hentry"],"_links":{"self":[{"href":"https:\/\/www.tehtavaniekat.fi\/index.php\/wp-json\/wp\/v2\/pages\/933","targetHints":{"allow":["GET"]}}],"collection":[{"href":"https:\/\/www.tehtavaniekat.fi\/index.php\/wp-json\/wp\/v2\/pages"}],"about":[{"href":"https:\/\/www.tehtavaniekat.fi\/index.php\/wp-json\/wp\/v2\/types\/page"}],"author":[{"embeddable":true,"href":"https:\/\/www.tehtavaniekat.fi\/index.php\/wp-json\/wp\/v2\/users\/1"}],"replies":[{"embeddable":true,"href":"https:\/\/www.tehtavaniekat.fi\/index.php\/wp-json\/wp\/v2\/comments?post=933"}],"version-history":[{"count":11,"href":"https:\/\/www.tehtavaniekat.fi\/index.php\/wp-json\/wp\/v2\/pages\/933\/revisions"}],"predecessor-version":[{"id":948,"href":"https:\/\/www.tehtavaniekat.fi\/index.php\/wp-json\/wp\/v2\/pages\/933\/revisions\/948"}],"wp:attachment":[{"href":"https:\/\/www.tehtavaniekat.fi\/index.php\/wp-json\/wp\/v2\/media?parent=933"}],"curies":[{"name":"wp","href":"https:\/\/api.w.org\/{rel}","templated":true}]}}