{"id":929,"date":"2021-11-02T20:11:05","date_gmt":"2021-11-02T17:11:05","guid":{"rendered":"https:\/\/www.tehtavaniekat.fi\/?page_id=929"},"modified":"2026-03-12T20:42:17","modified_gmt":"2026-03-12T18:42:17","slug":"valve-2","status":"publish","type":"page","link":"https:\/\/www.tehtavaniekat.fi\/index.php\/valve-2\/","title":{"rendered":"Valve"},"content":{"rendered":"\n<h1 class=\"wp-block-heading\">LEO VALVEN KIERTOPALKINTO<\/h1>\n\n\n\n<p>Teht\u00e4v\u00e4illassa 7.5.1974 luovutti Leo Valven sisar, rouva Irma Hein Suomen Teht\u00e4v\u00e4niekoille hopeisen pokaalin vuosittain jaettavaksi, Leo Valven nime\u00e4 kantavaksi kiertopalkinnoksi. ST:n johtokunta p\u00e4\u00e4tti, ett\u00e4 palkinnon s\u00e4\u00e4nn\u00f6t vahvistetaan vuoden 1975 vuosikokouksessa ja ett\u00e4 sen saa siihen saakka ensimm\u00e4iseksi haltuunsa Matti Myllyniemi (Pori), joka on hoitanut Valven teht\u00e4vien kokoelmaa ja toimittanut 136 Valven teht\u00e4v\u00e4\u00e4 sis\u00e4lt\u00e4v\u00e4n kirjasen (Matti Myllyniemi: &#8221;Leo Valve&#8221;, ST 1973). &#8211; Valven syntym\u00e4st\u00e4 tuli 4.5.74 kuluneeksi 60 vuotta. <\/p>\n\n\n\n<p>1. Jokaisella Suomen Teht\u00e4v\u00e4niekkain (ST) j\u00e4senell\u00e4 on oikeus 5. p\u00e4iv\u00e4\u00e4n tammikuuta menness\u00e4 (postileiman p\u00e4iv\u00e4m\u00e4\u00e4r\u00e4) ST:n puheenjohtajalle tai sihteerille osoitetussa kirjeess\u00e4 nimet\u00e4 yksi ehdokas kiertopalkinnon saajaksi edellisen vuoden toiminnan perusteella. Ehdotuksen perustelut ovat suotavia.<br>ST:n johtokunta tekee ehdotuksensa, joka saa sis\u00e4lt\u00e4\u00e4 enint\u00e4\u00e4n yhden varaehdokkaan, ST:n vuosikokoukselle. T\u00e4m\u00e4 p\u00e4\u00e4tt\u00e4\u00e4 yksinkertaisin \u00e4\u00e4ntenenemmist\u00f6in, saa kiertopalkinnon haltuunsa seuraavaan vuosikokoukseen asti. <\/p>\n\n\n\n<p>2. Kiertopalkinto annetaan henkil\u00f6lle, joka on edist\u00e4nyt teht\u00e4v\u00e4shakkitoimintaa erityisesti LEO VALVEn hengess\u00e4. T\u00e4h\u00e4n kuuluvat tasavertaisina <\/p>\n\n\n\n<ul class=\"wp-block-list\">\n<li>laatiminen nimenomaan uusin ideoin,<\/li>\n\n\n\n<li>teht\u00e4v\u00e4shakin johto- ja tuomarity\u00f6,<\/li>\n\n\n\n<li>teht\u00e4v\u00e4shakista kirjoittaminen ja<\/li>\n\n\n\n<li>laatijoiden, erityisesti uusien, kannustaminen ja opastaminen. <\/li>\n<\/ul>\n\n\n\n<p>3. Kiertopalkinnon sama henkil\u00f6 voi saada haltuunsa uudelleen vasta kuuden vuoden kuluttua edellisest\u00e4 kiinnityksest\u00e4. <\/p>\n\n\n\n<p>4. Palkintoon kaiverretaan vuosiluku ja saaja joko t\u00e4m\u00e4n tai ST:n kustannuksella. <\/p>\n\n\n\n<p>5. Kaiverrusalan tultua t\u00e4yteen ST:n vuosikokous p\u00e4\u00e4tt\u00e4\u00e4 kiertopalkinnon kohtalosta. T\u00e4st\u00e4 ST:n johtokunnan on teht\u00e4v\u00e4 ehdotus jo edelliselle vuosikokoukselle. <\/p>\n\n\n\n<p>6. N\u00e4iden s\u00e4\u00e4nt\u00f6jen muuttaminen tapahtuu ST:n vuosikokouksessa. Siihen tarvitaan 3\/4 annetuista \u00e4\u00e4nist\u00e4. &nbsp; <\/p>\n\n\n\n<figure class=\"wp-block-table is-style-regular\">\n<table>\n<tbody>\n<tr>\n<td>1974 Myllyniemi Matti<br \/>1975 Hannelius Jan<br \/>1976 Virtanen Kauko<br \/>1977 Heinonen Erkki<br \/>1978 Kaila Osmo<br \/>1979 Harkola Hannu<br \/>1980 Korhonen Mika<br \/>1981 Myllyniemi Matti<br \/>1982 Perkonoja Pauli<br \/>1983 Hannelius Jan<br \/>1984 Valtonen Kari<br \/>1985 Hurme Harri<br \/>1986 Heinonen Unto<br \/>1987 Sar\u00e9n Ilkka<br \/>1988 Kaila Osmo<br \/>1989 Kallio Timo<br \/>1990 Harkola Hannu<br \/>1991 Paavilainen Jorma<br \/>1992 Pitk\u00e4nen Jorma<br \/>1993 Tanner Henry<br \/>1994 Praski Seppo<br \/>1995 Gr\u00f6nroos Mikael<br \/>1996 Kallio Timo<br \/>1997 Heinonen Unto<br \/>1998 Virtanen Kauko<br \/>1999 Harkola Hannu<br \/>2000 Valtonen Kari<br \/>2001 Tanner Henry<br \/>2002 Sokka Hannu<br \/>2003 Ylijoki Marko<br \/>2004 M\u00e4ntt\u00e4 Teppo<br \/>2005 Turner Neal<br \/>2006 Perkonoja Pauli<br \/>2007 Ristoja Thomas<br \/>2008 Norri Joose<br \/>2009 Karhunen Kari<br \/>2010 Tanner Henry<br \/>2011 Syv\u00e4niemi Janne<br \/>2012 Solja Kenneth<br \/>2013 Valtonen Kari<br \/>2014 Pitk\u00e4nen Jorma<br \/>2015 Parkkinen Antti<br \/>2016 Gr\u00f6nroos Mikael<br \/>2017 Harkola Hannu<br \/>2018 Ristoja Thomas<br \/>2019 Marlo Terho<br \/>2020 Heinonen Unto<br \/>2021 Olin Per<br \/>2022 Heimo Olli<br \/>2023 Tikka Paavo<br \/>2024 Paavilainen Jorma<br \/>2025 Turner Neal<br \/>2026 Ylijoki Marko<\/td>\n<td>\n<p><img fetchpriority=\"high\" decoding=\"async\" src=\"https:\/\/www.tehtavaniekat.fi\/wp-content\/uploads\/ristoja1-267x300.jpg\" alt=\"\" width=\"399\" height=\"448\" \/><br \/>Thomas Ristoja palkittiin v. 2018<\/p>\n<p><br \/><br \/>\u00a0<img decoding=\"async\" src=\"https:\/\/www.tehtavaniekat.fi\/wp-content\/uploads\/terho191.jpg\" alt=\"\" width=\"397\" height=\"295\" \/><br \/>Terho Marlo sai pokaalin 16.2.2019<\/p>\n<\/td>\n<\/tr>\n<\/tbody>\n<\/table>\n<\/figure>\n\n\n\n<p><\/p>\n","protected":false},"excerpt":{"rendered":"<p>LEO VALVEN KIERTOPALKINTO Teht\u00e4v\u00e4illassa 7.5.1974 luovutti Leo Valven sisar, rouva Irma Hein Suomen Teht\u00e4v\u00e4niekoille hopeisen pokaalin vuosittain jaettavaksi, Leo Valven nime\u00e4 kantavaksi kiertopalkinnoksi. ST:n johtokunta p\u00e4\u00e4tti, ett\u00e4 palkinnon s\u00e4\u00e4nn\u00f6t vahvistetaan vuoden 1975 vuosikokouksessa ja ett\u00e4 sen saa siihen saakka ensimm\u00e4iseksi haltuunsa Matti Myllyniemi (Pori), joka on hoitanut Valven teht\u00e4vien kokoelmaa&#8230; <a class=\"continue-reading-link\" href=\"https:\/\/www.tehtavaniekat.fi\/index.php\/valve-2\/\">Jatka lukemista<\/a><\/p>\n","protected":false},"author":1,"featured_media":0,"parent":0,"menu_order":0,"comment_status":"closed","ping_status":"closed","template":"","meta":{"footnotes":""},"class_list":["post-929","page","type-page","status-publish","hentry"],"_links":{"self":[{"href":"https:\/\/www.tehtavaniekat.fi\/index.php\/wp-json\/wp\/v2\/pages\/929","targetHints":{"allow":["GET"]}}],"collection":[{"href":"https:\/\/www.tehtavaniekat.fi\/index.php\/wp-json\/wp\/v2\/pages"}],"about":[{"href":"https:\/\/www.tehtavaniekat.fi\/index.php\/wp-json\/wp\/v2\/types\/page"}],"author":[{"embeddable":true,"href":"https:\/\/www.tehtavaniekat.fi\/index.php\/wp-json\/wp\/v2\/users\/1"}],"replies":[{"embeddable":true,"href":"https:\/\/www.tehtavaniekat.fi\/index.php\/wp-json\/wp\/v2\/comments?post=929"}],"version-history":[{"count":7,"href":"https:\/\/www.tehtavaniekat.fi\/index.php\/wp-json\/wp\/v2\/pages\/929\/revisions"}],"predecessor-version":[{"id":4056,"href":"https:\/\/www.tehtavaniekat.fi\/index.php\/wp-json\/wp\/v2\/pages\/929\/revisions\/4056"}],"wp:attachment":[{"href":"https:\/\/www.tehtavaniekat.fi\/index.php\/wp-json\/wp\/v2\/media?parent=929"}],"curies":[{"name":"wp","href":"https:\/\/api.w.org\/{rel}","templated":true}]}}