{"id":918,"date":"2021-11-02T16:36:25","date_gmt":"2021-11-02T13:36:25","guid":{"rendered":"https:\/\/www.tehtavaniekat.fi\/?page_id=918"},"modified":"2022-10-26T18:56:58","modified_gmt":"2022-10-26T15:56:58","slug":"pikara15","status":"publish","type":"page","link":"https:\/\/www.tehtavaniekat.fi\/index.php\/pikara15\/","title":{"rendered":"Ratkaisemisen SM 2015"},"content":{"rendered":"\n<h1 class=\"wp-block-heading\">PIKARATKAISEMISEN 36. SUOMEN MESTARUUSKILPAILU<\/h1>\n\n\n\n<p>Kilpailu k\u00e4ytiin 21.2.15 Shakkiareenalla Helsingiss\u00e4.<br>Teht\u00e4v\u00e4t oli valinnut <strong>Kari Valtonen<\/strong> ja tuomarina toimi tavalliseen tapaan <strong>Neal Turner<\/strong>.<br>Kilpailussa oli 12 teht\u00e4v\u00e4\u00e4 ja ratkaisuaika kolme tuntia. Ratkaisijoita osallistui 12, kaukaisimmat Vaasasta.<\/p>\n\n\n\n<p><strong>Kari Karhunen<\/strong> saavutti jo kuudennen voittonsa ja se tuli maksimipistein.<\/p>\n\n\n\n<p style=\"font-style:normal;font-weight:400\">Lopputulokset:<br><\/p>\n\n\n\n<figure class=\"wp-block-table is-style-stripes\"><table><thead><tr><th class=\"has-text-align-center\" data-align=\"center\">sija<\/th><th class=\"has-text-align-left\" data-align=\"left\">nimi<\/th><th class=\"has-text-align-left\" data-align=\"left\">yhteens\u00e4<\/th><th class=\"has-text-align-left\" data-align=\"left\">aika<\/th><\/tr><\/thead><tbody><tr><td class=\"has-text-align-center\" data-align=\"center\"><strong>1<\/strong><\/td><td class=\"has-text-align-left\" data-align=\"left\"><strong>Kari Karhunen<\/strong><\/td><td class=\"has-text-align-left\" data-align=\"left\"><strong>60<\/strong><\/td><td class=\"has-text-align-left\" data-align=\"left\"><strong>179<\/strong><\/td><\/tr><tr><td class=\"has-text-align-center\" data-align=\"center\"><strong>2<\/strong><\/td><td class=\"has-text-align-left\" data-align=\"left\"><strong>Terho Marlo<\/strong><\/td><td class=\"has-text-align-left\" data-align=\"left\"><strong>41,5<\/strong><\/td><td class=\"has-text-align-left\" data-align=\"left\"><strong>179<\/strong><\/td><\/tr><tr><td class=\"has-text-align-center\" data-align=\"center\"><strong>3<\/strong><\/td><td class=\"has-text-align-left\" data-align=\"left\"><strong>Harri Hurme<\/strong><\/td><td class=\"has-text-align-left\" data-align=\"left\"><strong>38<\/strong><\/td><td class=\"has-text-align-left\" data-align=\"left\"><strong>180<\/strong><\/td><\/tr><tr><td class=\"has-text-align-center\" data-align=\"center\"><strong>4<\/strong><\/td><td class=\"has-text-align-left\" data-align=\"left\"><strong>Juha Saukkola<\/strong><\/td><td class=\"has-text-align-left\" data-align=\"left\"><strong>32<\/strong><\/td><td class=\"has-text-align-left\" data-align=\"left\"><strong>179<\/strong><\/td><\/tr><tr><td class=\"has-text-align-center\" data-align=\"center\"><strong>5<\/strong><\/td><td class=\"has-text-align-left\" data-align=\"left\"><strong>Mikael Gr\u00f6nroos<\/strong><\/td><td class=\"has-text-align-left\" data-align=\"left\"><strong>30<\/strong><\/td><td class=\"has-text-align-left\" data-align=\"left\"><strong>172<\/strong><\/td><\/tr><tr><td class=\"has-text-align-center\" data-align=\"center\"><strong>6<\/strong><\/td><td class=\"has-text-align-left\" data-align=\"left\"><strong>Seppo Praski<\/strong><\/td><td class=\"has-text-align-left\" data-align=\"left\"><strong>25<\/strong><\/td><td class=\"has-text-align-left\" data-align=\"left\"><strong>176<\/strong><\/td><\/tr><tr><td class=\"has-text-align-center\" data-align=\"center\"><strong>7<\/strong><\/td><td class=\"has-text-align-left\" data-align=\"left\"><strong>Hannu Harkola<\/strong><\/td><td class=\"has-text-align-left\" data-align=\"left\"><strong>25<\/strong><\/td><td class=\"has-text-align-left\" data-align=\"left\"><strong>180<\/strong><\/td><\/tr><tr><td class=\"has-text-align-center\" data-align=\"center\"><strong>8<\/strong><\/td><td class=\"has-text-align-left\" data-align=\"left\"><strong>Olli Heimo<\/strong><\/td><td class=\"has-text-align-left\" data-align=\"left\"><strong>22<\/strong><\/td><td class=\"has-text-align-left\" data-align=\"left\"><strong>179<\/strong><\/td><\/tr><tr><td class=\"has-text-align-center\" data-align=\"center\"><strong>9<\/strong><\/td><td class=\"has-text-align-left\" data-align=\"left\"><strong>Janne Syv\u00e4niemi<\/strong><\/td><td class=\"has-text-align-left\" data-align=\"left\"><strong>22<\/strong><\/td><td class=\"has-text-align-left\" data-align=\"left\"><strong>180<\/strong><\/td><\/tr><tr><td class=\"has-text-align-center\" data-align=\"center\"><strong>10<\/strong><\/td><td class=\"has-text-align-left\" data-align=\"left\"><strong>Arto Heimonen<\/strong><\/td><td class=\"has-text-align-left\" data-align=\"left\"><strong>17<\/strong><\/td><td class=\"has-text-align-left\" data-align=\"left\"><strong>177<\/strong><\/td><\/tr><tr><td class=\"has-text-align-center\" data-align=\"center\"><strong>11<\/strong><\/td><td class=\"has-text-align-left\" data-align=\"left\"><strong>Matti Rasilainen<\/strong><\/td><td class=\"has-text-align-left\" data-align=\"left\"><strong>10<\/strong><\/td><td class=\"has-text-align-left\" data-align=\"left\"><strong>180<\/strong><\/td><\/tr><tr><td class=\"has-text-align-center\" data-align=\"center\"><strong>12<\/strong><\/td><td class=\"has-text-align-left\" data-align=\"left\"><strong>Mikko O. Aaltonen<\/strong><\/td><td class=\"has-text-align-left\" data-align=\"left\"><strong>3,5<\/strong><\/td><td class=\"has-text-align-left\" data-align=\"left\"><strong>178<\/strong><\/td><\/tr><\/tbody><\/table><\/figure>\n\n\n\n<p><a href=\"https:\/\/www.tehtavaniekat.fi\/wp-content\/uploads\/sm2015.pdf\" target=\"_blank\" rel=\"noreferrer noopener\">Tulostaulukko<\/a> | <a rel=\"noreferrer noopener\" href=\"\/vanhat\/pika15t.htm\" target=\"_blank\">Teht\u00e4v\u00e4t<\/a><\/p>\n","protected":false},"excerpt":{"rendered":"<p>PIKARATKAISEMISEN 36. SUOMEN MESTARUUSKILPAILU Kilpailu k\u00e4ytiin 21.2.15 Shakkiareenalla Helsingiss\u00e4.Teht\u00e4v\u00e4t oli valinnut Kari Valtonen ja tuomarina toimi tavalliseen tapaan Neal Turner.Kilpailussa oli 12 teht\u00e4v\u00e4\u00e4 ja ratkaisuaika kolme tuntia. Ratkaisijoita osallistui 12, kaukaisimmat Vaasasta. Kari Karhunen saavutti jo kuudennen voittonsa ja se tuli maksimipistein. Lopputulokset: sija nimi yhteens\u00e4 aika 1 Kari Karhunen&#8230; <a class=\"continue-reading-link\" href=\"https:\/\/www.tehtavaniekat.fi\/index.php\/pikara15\/\">Jatka lukemista<\/a><\/p>\n","protected":false},"author":1,"featured_media":0,"parent":0,"menu_order":0,"comment_status":"closed","ping_status":"closed","template":"","meta":{"footnotes":""},"class_list":["post-918","page","type-page","status-publish","hentry"],"_links":{"self":[{"href":"https:\/\/www.tehtavaniekat.fi\/index.php\/wp-json\/wp\/v2\/pages\/918","targetHints":{"allow":["GET"]}}],"collection":[{"href":"https:\/\/www.tehtavaniekat.fi\/index.php\/wp-json\/wp\/v2\/pages"}],"about":[{"href":"https:\/\/www.tehtavaniekat.fi\/index.php\/wp-json\/wp\/v2\/types\/page"}],"author":[{"embeddable":true,"href":"https:\/\/www.tehtavaniekat.fi\/index.php\/wp-json\/wp\/v2\/users\/1"}],"replies":[{"embeddable":true,"href":"https:\/\/www.tehtavaniekat.fi\/index.php\/wp-json\/wp\/v2\/comments?post=918"}],"version-history":[{"count":5,"href":"https:\/\/www.tehtavaniekat.fi\/index.php\/wp-json\/wp\/v2\/pages\/918\/revisions"}],"predecessor-version":[{"id":2053,"href":"https:\/\/www.tehtavaniekat.fi\/index.php\/wp-json\/wp\/v2\/pages\/918\/revisions\/2053"}],"wp:attachment":[{"href":"https:\/\/www.tehtavaniekat.fi\/index.php\/wp-json\/wp\/v2\/media?parent=918"}],"curies":[{"name":"wp","href":"https:\/\/api.w.org\/{rel}","templated":true}]}}