{"id":914,"date":"2021-11-02T16:31:05","date_gmt":"2021-11-02T13:31:05","guid":{"rendered":"https:\/\/www.tehtavaniekat.fi\/?page_id=914"},"modified":"2022-12-15T18:54:13","modified_gmt":"2022-12-15T15:54:13","slug":"pikara16","status":"publish","type":"page","link":"https:\/\/www.tehtavaniekat.fi\/index.php\/pikara16\/","title":{"rendered":"Ratkaisemisen SM 2016"},"content":{"rendered":"\n<h1 class=\"wp-block-heading\">PIKARATKAISEMISEN 37. SUOMEN MESTARUUSKILPAILU<\/h1>\n\n\n\n<figure class=\"wp-block-image size-full\"><img fetchpriority=\"high\" decoding=\"async\" width=\"800\" height=\"246\" src=\"https:\/\/www.tehtavaniekat.fi\/wp-content\/uploads\/smkisa_16.jpg\" alt=\"\" class=\"wp-image-2055\" srcset=\"https:\/\/www.tehtavaniekat.fi\/wp-content\/uploads\/smkisa_16.jpg 800w, https:\/\/www.tehtavaniekat.fi\/wp-content\/uploads\/smkisa_16-300x92.jpg 300w, https:\/\/www.tehtavaniekat.fi\/wp-content\/uploads\/smkisa_16-768x236.jpg 768w, https:\/\/www.tehtavaniekat.fi\/wp-content\/uploads\/smkisa_16-150x46.jpg 150w\" sizes=\"(max-width: 800px) 100vw, 800px\" \/><\/figure>\n\n\n\n<p>Kilpailu k\u00e4ytiin 27.2.16 Shakkiareenalla Helsingiss\u00e4.<br>Teht\u00e4v\u00e4t oli valinnut ja tuomarina toimi tavalliseen tapaan <strong>Neal Turner<\/strong>.<br>Kilpailussa oli 12 teht\u00e4v\u00e4\u00e4 ja ratkaisuaika kolme tuntia. Ratkaisijoita osallistui 19. Kilpailu oli osa uutta <a href=\"http:\/\/www.wfcc.ch\/wsc2015-16\/\">World Solving Cup<\/a> -sarjaa ja mukana oli nelj\u00e4 ulkomaalaista.<\/p>\n\n\n\n<div class=\"wp-block-columns is-layout-flex wp-container-core-columns-is-layout-1 wp-block-columns-is-layout-flex\">\n<div class=\"wp-block-column is-layout-flow wp-block-column-is-layout-flow\">\n<figure class=\"wp-block-image size-full\"><img decoding=\"async\" width=\"150\" height=\"145\" src=\"https:\/\/www.tehtavaniekat.fi\/wp-content\/uploads\/onkoud1.jpg\" alt=\"\" class=\"wp-image-2056\"\/><figcaption>Abdlaziz Onkoud<\/figcaption><\/figure>\n<\/div>\n\n\n\n<div class=\"wp-block-column is-layout-flow wp-block-column-is-layout-flow\">\n<figure class=\"wp-block-image size-full\"><img decoding=\"async\" width=\"150\" height=\"177\" src=\"https:\/\/www.tehtavaniekat.fi\/wp-content\/uploads\/selivanov_161.jpg\" alt=\"\" class=\"wp-image-2057\" srcset=\"https:\/\/www.tehtavaniekat.fi\/wp-content\/uploads\/selivanov_161.jpg 150w, https:\/\/www.tehtavaniekat.fi\/wp-content\/uploads\/selivanov_161-127x150.jpg 127w\" sizes=\"(max-width: 150px) 100vw, 150px\" \/><figcaption>Andrei Selivanov<\/figcaption><\/figure>\n<\/div>\n\n\n\n<div class=\"wp-block-column is-layout-flow wp-block-column-is-layout-flow\">\n<figure class=\"wp-block-image size-full\"><img loading=\"lazy\" decoding=\"async\" width=\"150\" height=\"171\" src=\"https:\/\/www.tehtavaniekat.fi\/wp-content\/uploads\/popov1.jpg\" alt=\"\" class=\"wp-image-2058\" srcset=\"https:\/\/www.tehtavaniekat.fi\/wp-content\/uploads\/popov1.jpg 150w, https:\/\/www.tehtavaniekat.fi\/wp-content\/uploads\/popov1-132x150.jpg 132w\" sizes=\"(max-width: 150px) 100vw, 150px\" \/><figcaption>Aleksei Popov<\/figcaption><\/figure>\n<\/div>\n\n\n\n<div class=\"wp-block-column is-layout-flow wp-block-column-is-layout-flow\">\n<figure class=\"wp-block-image size-full\"><img loading=\"lazy\" decoding=\"async\" width=\"150\" height=\"168\" src=\"https:\/\/www.tehtavaniekat.fi\/wp-content\/uploads\/kalinin1.jpg\" alt=\"\" class=\"wp-image-2059\" srcset=\"https:\/\/www.tehtavaniekat.fi\/wp-content\/uploads\/kalinin1.jpg 150w, https:\/\/www.tehtavaniekat.fi\/wp-content\/uploads\/kalinin1-134x150.jpg 134w\" sizes=\"(max-width: 150px) 100vw, 150px\" \/><figcaption>Andrei Kalinin<\/figcaption><\/figure>\n<\/div>\n<\/div>\n\n\n\n<p><strong>Kari Karhunen<\/strong> saavutti jo seitsem\u00e4nnen mestaruuden. Teht\u00e4v\u00e4t olivat tavallista vaikeampia, mutta yll\u00e4tt\u00e4v\u00e4\u00e4 oli ensimm\u00e4isen kaksisiirtoisen monet virheratkaisut.<\/p>\n\n\n\n<p>Lopputulokset:<\/p>\n\n\n\n<p><style>\ntable {border-collapse: collapse;}\ntd  {padding: 2px ! important; }\nth {font-color: white! important;  background-color: blue ! important;}\n<\/style><\/p>\n\n<figure class=\"wp-block-table is-style-stripes\"><table><tbody><tr><td><strong>sija<\/strong><\/td><td><strong>nimi<\/strong><\/td><td><strong>rating<\/strong><\/td><td><strong>yht.<\/strong><\/td><td><strong>aika<\/strong><\/td><td class=\"has-text-align-center\" data-align=\"center\"><strong>WSC pisteet<\/strong><\/td><td class=\"has-text-align-center\" data-align=\"center\"><strong>Perf. rating<\/strong><\/td><td class=\"has-text-align-center\" data-align=\"center\"><strong>Rating muutos<\/strong><\/td><\/tr><tr><td>1<\/td><td><strong>Kari Karhunen<\/strong><\/td><td>2440<\/td><td><strong>36,5<\/strong><\/td><td><strong>180<\/strong><\/td><td class=\"has-text-align-center\" data-align=\"center\">16<\/td><td class=\"has-text-align-center\" data-align=\"center\">2440<\/td><td class=\"has-text-align-center\" data-align=\"center\">0<\/td><\/tr><tr><td>2<\/td><td><strong>Abdelaziz Onkoud (MAR)<\/strong><\/td><td>2405<\/td><td><strong>34,5<\/strong><\/td><td><strong>180<\/strong><\/td><td class=\"has-text-align-center\" data-align=\"center\">13<\/td><td class=\"has-text-align-center\" data-align=\"center\">2388<\/td><td class=\"has-text-align-center\" data-align=\"center\">-1<\/td><\/tr><tr><td>3<\/td><td><strong>Harri Hurme<\/strong><\/td><td>2303<\/td><td><strong>33<\/strong><\/td><td><strong>180<\/strong><\/td><td class=\"has-text-align-center\" data-align=\"center\">10<\/td><td class=\"has-text-align-center\" data-align=\"center\">2323<\/td><td class=\"has-text-align-center\" data-align=\"center\">1<\/td><\/tr><tr><td>4<\/td><td><strong>Andrei Selivanov (RUS)<\/strong><\/td><td>2384<\/td><td><strong>31<\/strong><\/td><td><strong>180<\/strong><\/td><td class=\"has-text-align-center\" data-align=\"center\">8<\/td><td class=\"has-text-align-center\" data-align=\"center\">2297<\/td><td class=\"has-text-align-center\" data-align=\"center\">-3<\/td><\/tr><tr><td>5-6<\/td><td><strong>Hannu Harkola<\/strong><\/td><td>1975<\/td><td><strong>29,5<\/strong><\/td><td><strong>180<\/strong><\/td><td class=\"has-text-align-center\" data-align=\"center\">6<\/td><td class=\"has-text-align-center\" data-align=\"center\">2258<\/td><td class=\"has-text-align-center\" data-align=\"center\">11<\/td><\/tr><tr><td>5-6<\/td><td><strong>Terho Marlo<\/strong><\/td><td>2060<\/td><td><strong>29,5<\/strong><\/td><td><strong>180<\/strong><\/td><td class=\"has-text-align-center\" data-align=\"center\">6<\/td><td class=\"has-text-align-center\" data-align=\"center\">2258<\/td><td class=\"has-text-align-center\" data-align=\"center\">8<\/td><\/tr><tr><td>7<\/td><td><strong>Aleksei Popov (RUS)<\/strong><\/td><td>&#8211;<\/td><td><strong>29<\/strong><\/td><td><strong>180<\/strong><\/td><td class=\"has-text-align-center\" data-align=\"center\">2<\/td><td class=\"has-text-align-center\" data-align=\"center\">2245<\/td><td class=\"has-text-align-center\" data-align=\"center\">&#8211;<\/td><\/tr><tr><td>8<\/td><td><strong>Henry Tanner<\/strong><\/td><td>2245<\/td><td><strong>27<\/strong><\/td><td><strong>180<\/strong><\/td><td class=\"has-text-align-center\" data-align=\"center\">1<\/td><td class=\"has-text-align-center\" data-align=\"center\">2192<\/td><td class=\"has-text-align-center\" data-align=\"center\">-2<\/td><\/tr><tr><td>9<\/td><td><strong>Joose Norri<\/strong><\/td><td>2325<\/td><td><strong>24<\/strong><\/td><td><strong>180<\/strong><\/td><td class=\"has-text-align-center\" data-align=\"center\"><\/td><td class=\"has-text-align-center\" data-align=\"center\">2114<\/td><td class=\"has-text-align-center\" data-align=\"center\">-8<\/td><\/tr><tr><td>10<\/td><td><strong>Juha R\u00f6nnman<\/strong><\/td><td>2125<\/td><td><strong>20,5<\/strong><\/td><td><strong>180<\/strong><\/td><td class=\"has-text-align-center\" data-align=\"center\"><\/td><td class=\"has-text-align-center\" data-align=\"center\">2023<\/td><td class=\"has-text-align-center\" data-align=\"center\">-4<\/td><\/tr><tr><td>11-12<\/td><td><strong>Olli Heimo<\/strong><\/td><td>1892<\/td><td><strong>18,5<\/strong><\/td><td><strong>180<\/strong><\/td><td class=\"has-text-align-center\" data-align=\"center\"><\/td><td class=\"has-text-align-center\" data-align=\"center\">1971<\/td><td class=\"has-text-align-center\" data-align=\"center\">3<\/td><\/tr><tr><td>11-12<\/td><td><strong>Janne Syv\u00e4niemi<\/strong><\/td><td>1929<\/td><td><strong>18,5<\/strong><\/td><td><strong>180<\/strong><\/td><td class=\"has-text-align-center\" data-align=\"center\"><\/td><td class=\"has-text-align-center\" data-align=\"center\">1971<\/td><td class=\"has-text-align-center\" data-align=\"center\">2<\/td><\/tr><tr><td>13-14<\/td><td><strong>Mikael Gr\u00f6nroos<\/strong><\/td><td>1917<\/td><td><strong>13,5<\/strong><\/td><td><strong>180<\/strong><\/td><td class=\"has-text-align-center\" data-align=\"center\"><\/td><td class=\"has-text-align-center\" data-align=\"center\">1840<\/td><td class=\"has-text-align-center\" data-align=\"center\">-3<\/td><\/tr><tr><td>13-14<\/td><td><strong>Matti Rasilainen<\/strong><\/td><td>1710<\/td><td><strong>13,5<\/strong><\/td><td><strong>180<\/strong><\/td><td class=\"has-text-align-center\" data-align=\"center\"><\/td><td class=\"has-text-align-center\" data-align=\"center\">1840<\/td><td class=\"has-text-align-center\" data-align=\"center\">5<\/td><\/tr><tr><td>15<\/td><td><strong>Juha Saukkola<\/strong><\/td><td>1902<\/td><td><strong>12,5<\/strong><\/td><td><strong>175<\/strong><\/td><td class=\"has-text-align-center\" data-align=\"center\"><\/td><td class=\"has-text-align-center\" data-align=\"center\">1814<\/td><td class=\"has-text-align-center\" data-align=\"center\">-3<\/td><\/tr><tr><td>16<\/td><td><strong>Antti Parkkinen<\/strong><\/td><td>&#8211;<\/td><td><strong>10,5<\/strong><\/td><td><strong>180<\/strong><\/td><td class=\"has-text-align-center\" data-align=\"center\"><\/td><td class=\"has-text-align-center\" data-align=\"center\">1762<\/td><td class=\"has-text-align-center\" data-align=\"center\">&#8211;<\/td><\/tr><tr><td>17<\/td><td><strong>Andrei Kalinin (LAT)<\/strong><\/td><td>1742<\/td><td><strong>8<\/strong><\/td><td><strong>180<\/strong><\/td><td class=\"has-text-align-center\" data-align=\"center\"><\/td><td class=\"has-text-align-center\" data-align=\"center\">1696<\/td><td class=\"has-text-align-center\" data-align=\"center\">-2<\/td><\/tr><tr><td>18<\/td><td><strong>Ari M\u00f6tt\u00f6nen<\/strong><\/td><td>1770<\/td><td><strong>7,5<\/strong><\/td><td><strong>175<\/strong><\/td><td class=\"has-text-align-center\" data-align=\"center\"><\/td><td class=\"has-text-align-center\" data-align=\"center\">1683<\/td><td class=\"has-text-align-center\" data-align=\"center\">-3<\/td><\/tr><tr><td>19<\/td><td><strong>Arto Heimonen<\/strong><\/td><td>1637<\/td><td><strong>6,5<\/strong><\/td><td><strong>178<\/strong><\/td><td class=\"has-text-align-center\" data-align=\"center\"><\/td><td class=\"has-text-align-center\" data-align=\"center\">1657<\/td><td class=\"has-text-align-center\" data-align=\"center\">1<\/td><\/tr><\/tbody><\/table><\/figure>\n\n\n\n<p>Osallistuneiden ratkaisijoiden kymmenen parhaan ratingin keskiarvo on 2219,1, joten kilpailu oli vahvuudeltaan WSC:n 5-tasoa.<\/p>\n\n\n\n<p> <a href=\"https:\/\/www.tehtavaniekat.fi\/wp-content\/uploads\/sm2016.pdf\" target=\"_blank\" rel=\"noreferrer noopener\">Tulostaulukko<\/a> | <a href=\"http:\/\/www.saunalahti.fi\/~stniekat\/st\/pika16t.htm\">Teht\u00e4v\u00e4t<\/a><\/p>\n","protected":false},"excerpt":{"rendered":"<p>PIKARATKAISEMISEN 37. SUOMEN MESTARUUSKILPAILU Kilpailu k\u00e4ytiin 27.2.16 Shakkiareenalla Helsingiss\u00e4.Teht\u00e4v\u00e4t oli valinnut ja tuomarina toimi tavalliseen tapaan Neal Turner.Kilpailussa oli 12 teht\u00e4v\u00e4\u00e4 ja ratkaisuaika kolme tuntia. Ratkaisijoita osallistui 19. Kilpailu oli osa uutta World Solving Cup -sarjaa ja mukana oli nelj\u00e4 ulkomaalaista. Kari Karhunen saavutti jo seitsem\u00e4nnen mestaruuden. Teht\u00e4v\u00e4t olivat tavallista&#8230; <a class=\"continue-reading-link\" href=\"https:\/\/www.tehtavaniekat.fi\/index.php\/pikara16\/\">Jatka lukemista<\/a><\/p>\n","protected":false},"author":1,"featured_media":0,"parent":0,"menu_order":0,"comment_status":"closed","ping_status":"closed","template":"","meta":{"footnotes":""},"class_list":["post-914","page","type-page","status-publish","hentry"],"_links":{"self":[{"href":"https:\/\/www.tehtavaniekat.fi\/index.php\/wp-json\/wp\/v2\/pages\/914","targetHints":{"allow":["GET"]}}],"collection":[{"href":"https:\/\/www.tehtavaniekat.fi\/index.php\/wp-json\/wp\/v2\/pages"}],"about":[{"href":"https:\/\/www.tehtavaniekat.fi\/index.php\/wp-json\/wp\/v2\/types\/page"}],"author":[{"embeddable":true,"href":"https:\/\/www.tehtavaniekat.fi\/index.php\/wp-json\/wp\/v2\/users\/1"}],"replies":[{"embeddable":true,"href":"https:\/\/www.tehtavaniekat.fi\/index.php\/wp-json\/wp\/v2\/comments?post=914"}],"version-history":[{"count":4,"href":"https:\/\/www.tehtavaniekat.fi\/index.php\/wp-json\/wp\/v2\/pages\/914\/revisions"}],"predecessor-version":[{"id":2060,"href":"https:\/\/www.tehtavaniekat.fi\/index.php\/wp-json\/wp\/v2\/pages\/914\/revisions\/2060"}],"wp:attachment":[{"href":"https:\/\/www.tehtavaniekat.fi\/index.php\/wp-json\/wp\/v2\/media?parent=914"}],"curies":[{"name":"wp","href":"https:\/\/api.w.org\/{rel}","templated":true}]}}