{"id":911,"date":"2021-11-02T16:23:57","date_gmt":"2021-11-02T13:23:57","guid":{"rendered":"https:\/\/www.tehtavaniekat.fi\/?page_id=911"},"modified":"2022-12-15T18:56:10","modified_gmt":"2022-12-15T15:56:10","slug":"pikara17","status":"publish","type":"page","link":"https:\/\/www.tehtavaniekat.fi\/index.php\/pikara17\/","title":{"rendered":"Ratkaisemisen SM 2017"},"content":{"rendered":"\n<h1 class=\"wp-block-heading\">PIKARATKAISEMISEN 38. SUOMEN MESTARUUSKILPAILU<\/h1>\n\n\n\n<p>Kilpailu k\u00e4ytiin 25.2.17 Shakkiareenalla Helsingiss\u00e4.<br>Teht\u00e4v\u00e4t oli valinnut ja tuomarina toimi tavalliseen tapaan <strong>Neal Turner<\/strong>.<br>Kilpailussa oli 12 teht\u00e4v\u00e4\u00e4 ja ratkaisuaika kolme tuntia. Ratkaisijoita osallistui 16. Kilpailu oli osa <a href=\"http:\/\/www.wfcc.ch\/competitions\/solving\/wsc-2016-2017\/\">World Solving Cup<\/a> -sarjaa ja mukana oli kaksi nuorta ven\u00e4l\u00e4ist\u00e4.<\/p>\n\n\n\n<p><strong>Aleksei Popov<\/strong> ja<strong> Kari Karhunen<\/strong> saivat yht\u00e4 paljon pisteit\u00e4, mutta k\u00e4ytetty aika ratkaisi mestaruuden.<\/p>\n\n\n\n<p>Lopputulokset:<br><\/p>\n\n\n\n<p><style>\ntable {border-collapse: collapse;}\ntd  {padding: 2px ! important; }\nth {font-color: white! important;  background-color: blue ! important;}\n<\/style><\/p>\n\n<figure class=\"wp-block-table is-style-regular\"><table><tbody><tr><td><strong>sija<\/strong><\/td><td><strong>nimi<\/strong><\/td><td><strong>rating<\/strong><\/td><td><strong>1<br>2#<\/strong><\/td><td><strong>2<br>2#<\/strong><\/td><td><strong>3<br>3#<\/strong><\/td><td><strong>4<br>3#<\/strong><\/td><td><strong>5<br>4#<\/strong><\/td><td><strong>6<br>4#<\/strong><\/td><td><strong>7<br>+<\/strong><\/td><td><strong>8<br>+<\/strong><\/td><td><strong>9<br>a#2<\/strong><\/td><td><strong>10<br>a#4,5<\/strong><\/td><td><strong>11<br>i#2<\/strong><\/td><td><strong>12<br>i#5<\/strong><\/td><td><strong>yht.<\/strong><\/td><td><strong>aika<\/strong><\/td><td><strong>WSC pisteet<\/strong><\/td><\/tr><tr><td>1<\/td><td><strong>Aleksei Popov (RUS)<\/strong><\/td><td>2208<\/td><td>5<\/td><td>5<\/td><td>5<\/td><td>5<\/td><td>5<\/td><td>5<\/td><td>5<\/td><td>5<\/td><td>5<\/td><td>5<\/td><td>3,5<\/td><td>&#8211;<\/td><td><strong>53,5<\/strong><\/td><td><strong>173<\/strong><\/td><td>8<\/td><\/tr><tr><td>2<\/td><td><strong>Kari Karhunen<\/strong><\/td><td>2435<\/td><td>5<\/td><td>5<\/td><td>4<\/td><td>5<\/td><td>5<\/td><td>4<\/td><td>5<\/td><td>1<\/td><td>5<\/td><td>5<\/td><td>4,5<\/td><td>5<\/td><td><strong>53,5<\/strong><\/td><td><strong>180<\/strong><\/td><td>6<\/td><\/tr><tr><td>3<\/td><td><strong>Joose Norri<\/strong><\/td><td>2317<\/td><td>5<\/td><td>5<\/td><td>4<\/td><td>4,5<\/td><td>5<\/td><td>4<\/td><td>5<\/td><td>5<\/td><td>5<\/td><td>5<\/td><td>4,5<\/td><td>0<\/td><td><strong>52<\/strong><\/td><td><strong>172<\/strong><\/td><td>4<\/td><\/tr><tr><td>4<\/td><td><strong>Harri Hurme<\/strong><\/td><td>2266<\/td><td>5<\/td><td>5<\/td><td>4<\/td><td>4,5<\/td><td>0<\/td><td><\/td><td>5<\/td><td>2<\/td><td>5<\/td><td>5<\/td><td>4,5<\/td><td><\/td><td><strong>40<\/strong><\/td><td><strong>180<\/strong><\/td><td>2<\/td><\/tr><tr><td>5<\/td><td><strong>Henry Tanner<\/strong><\/td><td>2201<\/td><td>5<\/td><td>5<\/td><td>5<\/td><td>0<\/td><td><\/td><td>0<\/td><td>5<\/td><td>0<\/td><td>5<\/td><td>5<\/td><td>5<\/td><td><\/td><td><strong>35<\/strong><\/td><td><strong>180<\/strong><\/td><td>1<\/td><\/tr><tr><td>6<\/td><td><strong>Hannu Harkola<\/strong><\/td><td>1971<\/td><td>5<\/td><td>5<\/td><td><\/td><td><\/td><td>1,5<\/td><td><\/td><td>5<\/td><td>1<\/td><td>5<\/td><td>5<\/td><td>3<\/td><td><\/td><td><strong>30,5<\/strong><\/td><td><strong>180<\/strong><\/td><td>&nbsp;<\/td><\/tr><tr><td>7<\/td><td><strong>Svetlana Tishova (RUS)<\/strong><\/td><td>1908<\/td><td>5<\/td><td>5<\/td><td>5<\/td><td>3<\/td><td>0<\/td><td><\/td><td>5<\/td><td>1<\/td><td>5<\/td><td><\/td><td>1<\/td><td><\/td><td><strong>30<\/strong><\/td><td><strong>178<\/strong><\/td><td>&nbsp;<\/td><\/tr><tr><td>8<\/td><td><strong>Mikael Gr\u00f6nroos<\/strong><\/td><td>1914<\/td><td>5<\/td><td>5<\/td><td><\/td><td><\/td><td><\/td><td><\/td><td>5<\/td><td>0<\/td><td>5<\/td><td>5<\/td><td>3,5<\/td><td><\/td><td><strong>28,5<\/strong><\/td><td><strong>173<\/strong><\/td><td>&nbsp;<\/td><\/tr><tr><td>9<\/td><td><strong>Jyrki Kiltti<\/strong><\/td><td>2011 na<\/td><td>0<\/td><td>5<\/td><td><\/td><td><\/td><td><\/td><td><\/td><td>5<\/td><td><\/td><td>5<\/td><td>5<\/td><td>4,5<\/td><td><\/td><td><strong>24,5<\/strong><\/td><td><strong>178<\/strong><\/td><td><\/td><\/tr><tr><td>10<\/td><td><strong>Ari M\u00f6tt\u00f6nen<\/strong><\/td><td>1766<\/td><td>5<\/td><td>5<\/td><td><\/td><td><\/td><td><\/td><td><\/td><td>5<\/td><td>1<\/td><td>5<\/td><td><\/td><td><\/td><td><\/td><td><strong>21<\/strong><\/td><td><strong>180<\/strong><\/td><td><\/td><\/tr><tr><td>11<\/td><td><strong>Eero Wilen<\/strong><\/td><td><\/td><td>5<\/td><td>5<\/td><td>4<\/td><td>0<\/td><td>0<\/td><td><\/td><td>5<\/td><td><\/td><td><\/td><td><\/td><td><\/td><td><\/td><td><strong>19<\/strong><\/td><td><strong>180<\/strong><\/td><td><\/td><\/tr><tr><td>12-13<\/td><td><strong>Janne Syv\u00e4niemi<\/strong><\/td><td>1924<\/td><td>5<\/td><td>5<\/td><td><\/td><td><\/td><td><\/td><td><\/td><td><\/td><td><\/td><td>5<\/td><td>0<\/td><td>3<\/td><td>0<\/td><td><strong>18<\/strong><\/td><td><strong>180<\/strong><\/td><td><\/td><\/tr><tr><td>12-13<\/td><td><strong>Petteri Paronen<\/strong><\/td><td>1922<\/td><td>5<\/td><td>5<\/td><td><\/td><td>0<\/td><td><\/td><td><\/td><td>5<\/td><td>2<\/td><td><\/td><td><\/td><td>1<\/td><td><\/td><td><strong>18<\/strong><\/td><td><strong>180<\/strong><\/td><td><\/td><\/tr><tr><td>14<\/td><td><strong>Antti Parkkinen<\/strong><\/td><td>1788<\/td><td>5<\/td><td>0<\/td><td><\/td><td>0<\/td><td>0<\/td><td><\/td><td>5<\/td><td>2<\/td><td>5<\/td><td><\/td><td>0<\/td><td><\/td><td><strong>17<\/strong><\/td><td><strong>173<\/strong><\/td><td><\/td><\/tr><tr><td>15<\/td><td><strong>Matti Rasilainen<\/strong><\/td><td>1698<\/td><td>5<\/td><td>5<\/td><td>0<\/td><td>0<\/td><td>0<\/td><td>0<\/td><td>1<\/td><td>0<\/td><td>2,5<\/td><td><\/td><td>3,5<\/td><td>0<\/td><td><strong>17<\/strong><\/td><td><strong>180<\/strong><\/td><td><\/td><\/tr><tr><td>16<\/td><td><strong>Arto Heimonen<\/strong><\/td><td>1641<\/td><td>0<\/td><td>0<\/td><td><\/td><td><\/td><td><\/td><td><\/td><td>5<\/td><td>0<\/td><td>5<\/td><td><\/td><td>3<\/td><td><\/td><td><strong>13<\/strong><\/td><td><strong>173<\/strong><\/td><td><\/td><\/tr><tr><td>&nbsp;<\/td><td><strong>keskiarvo<\/strong><\/td><td>1998<\/td><td>4,4<\/td><td>4,4<\/td><td>1,9<\/td><td>1,4<\/td><td>1,0<\/td><td>0,8<\/td><td>4,4<\/td><td>1,3<\/td><td>4,2<\/td><td>2,5<\/td><td>2,8<\/td><td>0,3<\/td><td>&nbsp;<\/td><td>&nbsp;<\/td><td>&nbsp;<\/td><\/tr><\/tbody><\/table><\/figure>\n\n\n\n<p>Osallistuneiden ratkaisijoiden kymmenen parhaan ratingin keskiarvo on 2116, joten kilpailu oli vahvuudeltaan WSC:n tasoa 11.<\/p>\n\n\n\n<p><a href=\"\/vanhat\/pika17t.htm\" target=\"_blank\" rel=\"noreferrer noopener\">Teht\u00e4v\u00e4t<\/a><\/p>\n","protected":false},"excerpt":{"rendered":"<p>PIKARATKAISEMISEN 38. SUOMEN MESTARUUSKILPAILU Kilpailu k\u00e4ytiin 25.2.17 Shakkiareenalla Helsingiss\u00e4.Teht\u00e4v\u00e4t oli valinnut ja tuomarina toimi tavalliseen tapaan Neal Turner.Kilpailussa oli 12 teht\u00e4v\u00e4\u00e4 ja ratkaisuaika kolme tuntia. Ratkaisijoita osallistui 16. Kilpailu oli osa World Solving Cup -sarjaa ja mukana oli kaksi nuorta ven\u00e4l\u00e4ist\u00e4. Aleksei Popov ja Kari Karhunen saivat yht\u00e4 paljon pisteit\u00e4,&#8230; <a class=\"continue-reading-link\" href=\"https:\/\/www.tehtavaniekat.fi\/index.php\/pikara17\/\">Jatka lukemista<\/a><\/p>\n","protected":false},"author":1,"featured_media":0,"parent":0,"menu_order":0,"comment_status":"closed","ping_status":"closed","template":"","meta":{"footnotes":""},"class_list":["post-911","page","type-page","status-publish","hentry"],"_links":{"self":[{"href":"https:\/\/www.tehtavaniekat.fi\/index.php\/wp-json\/wp\/v2\/pages\/911","targetHints":{"allow":["GET"]}}],"collection":[{"href":"https:\/\/www.tehtavaniekat.fi\/index.php\/wp-json\/wp\/v2\/pages"}],"about":[{"href":"https:\/\/www.tehtavaniekat.fi\/index.php\/wp-json\/wp\/v2\/types\/page"}],"author":[{"embeddable":true,"href":"https:\/\/www.tehtavaniekat.fi\/index.php\/wp-json\/wp\/v2\/users\/1"}],"replies":[{"embeddable":true,"href":"https:\/\/www.tehtavaniekat.fi\/index.php\/wp-json\/wp\/v2\/comments?post=911"}],"version-history":[{"count":3,"href":"https:\/\/www.tehtavaniekat.fi\/index.php\/wp-json\/wp\/v2\/pages\/911\/revisions"}],"predecessor-version":[{"id":2062,"href":"https:\/\/www.tehtavaniekat.fi\/index.php\/wp-json\/wp\/v2\/pages\/911\/revisions\/2062"}],"wp:attachment":[{"href":"https:\/\/www.tehtavaniekat.fi\/index.php\/wp-json\/wp\/v2\/media?parent=911"}],"curies":[{"name":"wp","href":"https:\/\/api.w.org\/{rel}","templated":true}]}}