{"id":847,"date":"2021-11-01T16:37:17","date_gmt":"2021-11-01T13:37:17","guid":{"rendered":"https:\/\/www.tehtavaniekat.fi\/?page_id=847"},"modified":"2022-12-14T17:39:16","modified_gmt":"2022-12-14T14:39:16","slug":"eb","status":"publish","type":"page","link":"https:\/\/www.tehtavaniekat.fi\/index.php\/eb\/","title":{"rendered":"EB"},"content":{"rendered":"<p><\/p>\n\n\n<h1 class=\"wp-block-heading\">Mielenkiintoinen asema<\/h1>\n\n\n<p><\/p>\n\n\n<h3 class=\"wp-block-heading\">Shakin alkuasemaan liittyvi\u00e4 Eero Bonsdorffin matemaattisia teht\u00e4vi\u00e4<\/h3>\n\n\n\n<div class=\"wp-block-columns is-layout-flex wp-container-core-columns-is-layout-1 wp-block-columns-is-layout-flex\">\n<div class=\"wp-block-column is-layout-flow wp-block-column-is-layout-flow\" style=\"flex-basis:66.66%\">\n<p>Shakkipelin alkuasemasta voi yhden siirtoparin j\u00e4lkeen synty\u00e4 400 erilaista asemaa. Kahden siirron j\u00e4lkeen niit\u00e4 voi olla jo 197 281 erilaista ja viiden siirron j\u00e4lkeen 69 352 859 712 417. Alkuasemaan liittyvi\u00e4 mielenkiintoisia ongelmia on tarkastellut Eero Bonsdorff, joka oli aritmeettisten ja matemaattisten shakkiteht\u00e4vien innokas laatija ja puolestapuhuja. Mik\u00e4 on todenn\u00e4k\u00f6isin shakkipeli? Moniko lyhin peli johtaa shakkaukseen linnoittumalla? Mik\u00e4 on niiden lyhinten mattiin p\u00e4\u00e4ttyvien pelien lukum\u00e4\u00e4r\u00e4, joissa sek\u00e4 valkea ett\u00e4 musta aina tekev\u00e4t geometrisesti pisimm\u00e4t siirtonsa? N\u00e4ihin kysymyksiin, ja moniin muihin, antaa kirja vastauksen. Joukossa on sek\u00e4 helppoja, luetteloimalla laskettavia teht\u00e4vi\u00e4 ett\u00e4 vaativampaa matematiikkaa soveltavia ratkaisuja. Tekstit suomeksi ja englanniksi. Lopussa Olavi Riihimaan artikkeli &#8221;Shakkiteht\u00e4v\u00e4t ja kombinatoriikka&#8221;. <br>Suomen teht\u00e4v\u00e4niekat, ISBN 978-951-95112-8-3, 2021. Hinta 21 \u20ac (+ postikulut)<\/p>\n<\/div>\n\n\n\n<div class=\"wp-block-column is-layout-flow wp-block-column-is-layout-flow\" style=\"flex-basis:33.33%\">\n<figure class=\"wp-block-image size-full\"><img fetchpriority=\"high\" decoding=\"async\" width=\"315\" height=\"448\" src=\"https:\/\/www.tehtavaniekat.fi\/wp-content\/uploads\/eb_kansi.jpg\" alt=\"\" class=\"wp-image-1959\" srcset=\"https:\/\/www.tehtavaniekat.fi\/wp-content\/uploads\/eb_kansi.jpg 315w, https:\/\/www.tehtavaniekat.fi\/wp-content\/uploads\/eb_kansi-211x300.jpg 211w, https:\/\/www.tehtavaniekat.fi\/wp-content\/uploads\/eb_kansi-246x350.jpg 246w, https:\/\/www.tehtavaniekat.fi\/wp-content\/uploads\/eb_kansi-105x150.jpg 105w\" sizes=\"(max-width: 315px) 100vw, 315px\" \/><\/figure>\n<\/div>\n<\/div>\n","protected":false},"excerpt":{"rendered":"<p>Mielenkiintoinen asema Shakin alkuasemaan liittyvi\u00e4 Eero Bonsdorffin matemaattisia teht\u00e4vi\u00e4 Shakkipelin alkuasemasta voi yhden siirtoparin j\u00e4lkeen synty\u00e4 400 erilaista asemaa. Kahden siirron j\u00e4lkeen niit\u00e4 voi olla jo 197 281 erilaista ja viiden siirron j\u00e4lkeen 69 352 859 712 417. Alkuasemaan liittyvi\u00e4 mielenkiintoisia ongelmia on tarkastellut Eero Bonsdorff, joka oli aritmeettisten ja&#8230; <a class=\"continue-reading-link\" href=\"https:\/\/www.tehtavaniekat.fi\/index.php\/eb\/\">Jatka lukemista<\/a><\/p>\n","protected":false},"author":1,"featured_media":0,"parent":0,"menu_order":0,"comment_status":"closed","ping_status":"closed","template":"","meta":{"footnotes":""},"class_list":["post-847","page","type-page","status-publish","hentry"],"_links":{"self":[{"href":"https:\/\/www.tehtavaniekat.fi\/index.php\/wp-json\/wp\/v2\/pages\/847","targetHints":{"allow":["GET"]}}],"collection":[{"href":"https:\/\/www.tehtavaniekat.fi\/index.php\/wp-json\/wp\/v2\/pages"}],"about":[{"href":"https:\/\/www.tehtavaniekat.fi\/index.php\/wp-json\/wp\/v2\/types\/page"}],"author":[{"embeddable":true,"href":"https:\/\/www.tehtavaniekat.fi\/index.php\/wp-json\/wp\/v2\/users\/1"}],"replies":[{"embeddable":true,"href":"https:\/\/www.tehtavaniekat.fi\/index.php\/wp-json\/wp\/v2\/comments?post=847"}],"version-history":[{"count":7,"href":"https:\/\/www.tehtavaniekat.fi\/index.php\/wp-json\/wp\/v2\/pages\/847\/revisions"}],"predecessor-version":[{"id":1960,"href":"https:\/\/www.tehtavaniekat.fi\/index.php\/wp-json\/wp\/v2\/pages\/847\/revisions\/1960"}],"wp:attachment":[{"href":"https:\/\/www.tehtavaniekat.fi\/index.php\/wp-json\/wp\/v2\/media?parent=847"}],"curies":[{"name":"wp","href":"https:\/\/api.w.org\/{rel}","templated":true}]}}