{"id":739,"date":"2021-10-14T13:17:03","date_gmt":"2021-10-14T10:17:03","guid":{"rendered":"https:\/\/www.tehtavaniekat.fi\/?page_id=739"},"modified":"2022-12-15T19:16:17","modified_gmt":"2022-12-15T16:16:17","slug":"ratkaisemisen-sm-2019","status":"publish","type":"page","link":"https:\/\/www.tehtavaniekat.fi\/index.php\/ratkaisemisen-sm-2019\/","title":{"rendered":"Ratkaisemisen SM 2019"},"content":{"rendered":"\n<h1 class=\"wp-block-heading\">SHAKKITEHT\u00c4VIEN RATKAISEMISEN 40. SUOMEN MESTARUUSKILPAILU<\/h1>\n\n\n\n<p><\/p>\n\n\n\n<p>Kilpailu k\u00e4ytiin 16.2.19 Shakkiareenalla Helsingiss\u00e4.<br>Teht\u00e4v\u00e4t oli valinnut ja tuomarina toimi tavalliseen tapaan <strong>Neal Turner<\/strong>.<br>Kilpailussa oli 12 teht\u00e4v\u00e4\u00e4 ja ratkaisuaika kolme tuntia. Ratkaisijoita osallistui 22. Kilpailu oli osa <a href=\"https:\/\/www.wfcc.ch\/competitions\/solving\/wsc-2018-2019\/\">World Solving Cup<\/a> -sarjaa ja mukana oli seitsem\u00e4n ulkomaalaista ratkaisijaa.<\/p>\n\n\n\n<p>Voittajaksi p\u00e4\u00e4si 0,5 pisteen erolla hollantilainen <strong>Dolf Wissmann<\/strong>. Seuraavina olivat mongolialainen <strong>Bilguun Sumiya<\/strong> ja <strong>Jorma Paavilainen<\/strong>. Kahden viime vuoden voittaja <strong>Aleksei Popov<\/strong> putosi nyt kuudenneksi.<\/p>\n\n\n\n<p>Suomen mestaruuden voitti Jorma Paavilainen, viisi edellist\u00e4 mestaruutta voittanut Kari Karhunen j\u00e4i toiseksi ja kolmas oli Henry Tanner. (<a href=\"https:\/\/www.tehtavaniekat.fi\/index.php\/pikaratkaisemisen-sm-mitalistit\/\" target=\"_blank\" rel=\"noreferrer noopener\">Kaikki mitalistit<\/a>)<\/p>\n\n\n\n<figure class=\"wp-block-table is-style-regular\">\n<table>\n<tbody>\n<tr>\n<td style=\"vertical-align: bottom;\"><img fetchpriority=\"high\" decoding=\"async\" class=\"alignnone size-medium wp-image-2070 aligncenter\" src=\"https:\/\/www.tehtavaniekat.fi\/wp-content\/uploads\/wissmann1-300x275.jpg\" alt=\"\" width=\"300\" height=\"275\" srcset=\"https:\/\/www.tehtavaniekat.fi\/wp-content\/uploads\/wissmann1-300x275.jpg 300w, https:\/\/www.tehtavaniekat.fi\/wp-content\/uploads\/wissmann1-382x350.jpg 382w, https:\/\/www.tehtavaniekat.fi\/wp-content\/uploads\/wissmann1-150x137.jpg 150w, https:\/\/www.tehtavaniekat.fi\/wp-content\/uploads\/wissmann1.jpg 598w\" sizes=\"(max-width: 300px) 100vw, 300px\" \/><\/td>\n<td style=\"vertical-align: bottom;\"><img decoding=\"async\" class=\" wp-image-2072 aligncenter\" src=\"https:\/\/www.tehtavaniekat.fi\/wp-content\/uploads\/bilguun1-300x215.jpg\" alt=\"\" width=\"378\" height=\"271\" srcset=\"https:\/\/www.tehtavaniekat.fi\/wp-content\/uploads\/bilguun1-300x215.jpg 300w, https:\/\/www.tehtavaniekat.fi\/wp-content\/uploads\/bilguun1-150x107.jpg 150w, https:\/\/www.tehtavaniekat.fi\/wp-content\/uploads\/bilguun1.jpg 400w\" sizes=\"(max-width: 378px) 100vw, 378px\" \/><\/td>\n<\/tr>\n<tr>\n<td style=\"text-align: center;\"><span style=\"font-size: 10pt;\">Dolf Wissmann valmistautuu kilpailuun.<\/span><\/td>\n<td style=\"text-align: center;\"><span style=\"font-size: 10pt;\">Bilguun Sumiya palkittavana.<\/span><\/td>\n<\/tr>\n<\/tbody>\n<\/table>\n<\/figure>\n\n\n\n<p><strong>Lopputulokset:<\/strong><\/p>\n\n\n\n<p><style>\ntable {border-collapse: collapse;}\ntd  {padding: 2px ! important;  font-size: small ! important;}\nth {font-color: white! important;  background-color: blue ! important;}\n<\/style><\/p>\n\n<figure class=\"wp-block-table is-style-stripes\"><table><tbody><tr><td><strong>sija<\/strong><\/td><td><strong>nimi<\/strong><\/td><td><strong>rating<\/strong><\/td><td><strong>1<br>2#<\/strong><\/td><td><strong>2<br>2#<\/strong><\/td><td><strong>3<br>3#<\/strong><\/td><td><strong>4<br>3#<\/strong><\/td><td><strong>5<br>4#<\/strong><\/td><td><strong>6<br>5#<\/strong><\/td><td><strong>7<br>+<\/strong><\/td><td><strong>8<br>+<\/strong><\/td><td><strong>9<br>a#3<\/strong><\/td><td><strong>10<br>a#4<\/strong><\/td><td><strong>11<br>i#2<\/strong><\/td><td><strong>12<br>i#4<\/strong><\/td><td><strong>yht.<\/strong><\/td><td><strong>aika<\/strong><\/td><td><strong>WSC pisteet<\/strong><\/td><\/tr><tr><td>1<\/td><td><strong>Dolf Wissmann (NED)<\/strong><\/td><td>2297,2<\/td><td>5<\/td><td>5<\/td><td>5<\/td><td>5<\/td><td>5<\/td><td>0<\/td><td>5<\/td><td>2<\/td><td>5<\/td><td>5<\/td><td>5<\/td><td>5<\/td><td>52<\/td><td>177<\/td><td>19<\/td><\/tr><tr><td>2-3<\/td><td><strong>Bilguun Sumiya (MGL)<\/strong><\/td><td>2486,0<\/td><td>5<\/td><td>5<\/td><td>5<\/td><td>5<\/td><td>0<\/td><td>5<\/td><td>5<\/td><td>5<\/td><td>5<\/td><td>1,5<\/td><td>5<\/td><td>5<\/td><td>51,5<\/td><td>180<\/td><td>16<\/td><\/tr><tr><td>2-3<\/td><td><strong>Jorma Paavilainen<\/strong><\/td><td>2452,4<\/td><td>5<\/td><td>5<\/td><td>5<\/td><td>5<\/td><td>5<\/td><td>5<\/td><td>5<\/td><td>3<\/td><td><\/td><td>3,5<\/td><td>5<\/td><td>5<\/td><td>51,5<\/td><td>180<\/td><td>16<\/td><\/tr><tr><td>4<\/td><td><strong>Richard Dobias (SVK)<\/strong><\/td><td>2195,0<\/td><td>5<\/td><td>5<\/td><td>5<\/td><td>4<\/td><td><\/td><td>5<\/td><td>5<\/td><td>2<\/td><td>5<\/td><td><\/td><td>5<\/td><td><\/td><td>41<\/td><td>180<\/td><td>10<\/td><\/tr><tr><td>5<\/td><td><strong>Kari Karhunen<\/strong><\/td><td>2434,2<\/td><td>5<\/td><td>5<\/td><td>5<\/td><td>5<\/td><td>0<\/td><td>0<\/td><td>2<\/td><td>5<\/td><td>5<\/td><td>3,5<\/td><td>5<\/td><td><\/td><td>40,5<\/td><td>180<\/td><td>8<\/td><\/tr><tr><td>6<\/td><td><strong>Aleksei Popov (RUS)<\/strong><\/td><td>2383,7<\/td><td>5<\/td><td>5<\/td><td>5<\/td><td>0<\/td><td>4<\/td><td><\/td><td>3<\/td><td>2<\/td><td>5<\/td><td><\/td><td>5<\/td><td>5<\/td><td>39<\/td><td>180<\/td><td>6<\/td><\/tr><tr><td>7<\/td><td><strong>Henry Tanner<\/strong><\/td><td>2192,3<\/td><td>5<\/td><td>5<\/td><td><\/td><td>5<\/td><td><\/td><td>5<\/td><td>2<\/td><td>2<\/td><td>5<\/td><td>3,5<\/td><td>5<\/td><td><\/td><td>37,5<\/td><td>180<\/td><td>4<\/td><\/tr><tr><td>8<\/td><td><strong>Andrei Selivanov (RUS)<\/strong><\/td><td>2311,2<\/td><td>5<\/td><td>5<\/td><td><\/td><td>5<\/td><td>0<\/td><td>5<\/td><td>2<\/td><td>1<\/td><td>2,5<\/td><td>3,5<\/td><td>0<\/td><td>4<\/td><td>33<\/td><td>180<\/td><td>2<\/td><\/tr><tr><td>9<\/td><td><strong>Juha R\u00f6nnman<\/strong><\/td><td>2121,4<\/td><td>5<\/td><td>5<\/td><td>4<\/td><td><\/td><td><\/td><td><\/td><td>5<\/td><td>5<\/td><td><\/td><td>3,5<\/td><td>5<\/td><td><\/td><td>32,5<\/td><td>180<\/td><td>1<\/td><\/tr><tr><td>10<\/td><td><strong>Hannu Harkola<\/strong><\/td><td>1930,5<\/td><td>5<\/td><td>5<\/td><td><\/td><td><\/td><td><\/td><td>5<\/td><td>5<\/td><td>1<\/td><td><\/td><td>3,5<\/td><td>5<\/td><td><\/td><td>29,5<\/td><td>180<\/td><td><\/td><\/tr><tr><td>11<\/td><td><strong>Terho Marlo<\/strong><\/td><td>2193,7<\/td><td>0<\/td><td>5<\/td><td><\/td><td><\/td><td>4<\/td><td>5<\/td><td>2<\/td><td>2<\/td><td>5<\/td><td>5<\/td><td>0<\/td><td><\/td><td>28<\/td><td>180<\/td><td><\/td><\/tr><tr><td>12<\/td><td><strong>Janne Syv\u00e4niemi<\/strong><\/td><td>1918,3<\/td><td>5<\/td><td>5<\/td><td>0<\/td><td><\/td><td><\/td><td><\/td><td><\/td><td><\/td><td>5<\/td><td>3,5<\/td><td>5<\/td><td>2,5<\/td><td>26<\/td><td>180<\/td><td><\/td><\/tr><tr><td>13<\/td><td><strong>Harri Hurme<\/strong><\/td><td>2189,3<\/td><td>0<\/td><td>5<\/td><td><\/td><td>4<\/td><td><\/td><td><\/td><td>2<\/td><td>1<\/td><td>5<\/td><td>3,5<\/td><td>5<\/td><td>0<\/td><td>25,5<\/td><td>180<\/td><td><\/td><\/tr><tr><td>14<\/td><td><strong>Chinguun Sumiya (MGL)<\/strong><\/td><td>1917,2 h<\/td><td>5<\/td><td>5<\/td><td>5<\/td><td><\/td><td><\/td><td><\/td><td>2<\/td><td>3<\/td><td><\/td><td><\/td><td>5<\/td><td><\/td><td>25<\/td><td>180<\/td><td><\/td><\/tr><tr><td>15<\/td><td><strong>Antti Parkkinen<\/strong><\/td><td>1793,7<\/td><td>5<\/td><td>5<\/td><td><\/td><td><\/td><td>0<\/td><td>5<\/td><td>2<\/td><td>1<\/td><td>5<\/td><td>1,5<\/td><td>0<\/td><td><\/td><td>24,5<\/td><td>177<\/td><td><\/td><\/tr><tr><td>16<\/td><td><strong>Mikael Gr\u00f6nroos<\/strong><\/td><td>1912,3<\/td><td>5<\/td><td>5<\/td><td><\/td><td><\/td><td><\/td><td><\/td><td><\/td><td><\/td><td>5<\/td><td>3,5<\/td><td>5<\/td><td><\/td><td>23,5<\/td><td>180<\/td><td><\/td><\/tr><tr><td>17<\/td><td><strong>Petteri Paronen<\/strong><\/td><td>1916,3<\/td><td>5<\/td><td>5<\/td><td>5<\/td><td>0<\/td><td><\/td><td><\/td><td>2<\/td><td>2<\/td><td><\/td><td><\/td><td>0<\/td><td><\/td><td>19<\/td><td>180<\/td><td>&nbsp;<\/td><\/tr><tr><td>18<\/td><td><strong>Eero Wilen<\/strong><\/td><td>1779,2<\/td><td>5<\/td><td>5<\/td><td>5<\/td><td><\/td><td><\/td><td>0<\/td><td><\/td><td><\/td><td><\/td><td><\/td><td><\/td><td><\/td><td>15<\/td><td>180<\/td><td>&nbsp;<\/td><\/tr><tr><td>19<\/td><td><strong>Ari M\u00f6tt\u00f6nen<\/strong><\/td><td>1791,5<\/td><td>0<\/td><td>5<\/td><td><\/td><td><\/td><td><\/td><td><\/td><td>2<\/td><td>2<\/td><td><\/td><td>3,5<\/td><td><\/td><td><\/td><td>12,5<\/td><td>180<\/td><td>&nbsp;<\/td><\/tr><tr><td>20<\/td><td><strong>Arto Heimonen<\/strong><\/td><td>1663,4<\/td><td>5<\/td><td>5<\/td><td><\/td><td><\/td><td>0<\/td><td><\/td><td>2<\/td><td>0<\/td><td><\/td><td><\/td><td>0<\/td><td><\/td><td>12<\/td><td>173<\/td><td><\/td><\/tr><tr><td>21<\/td><td><strong>Andrei Kalinin (LAT)<\/strong><\/td><td>1741,0<\/td><td>0<\/td><td>5<\/td><td><\/td><td>2,5<\/td><td><\/td><td><\/td><td>2<\/td><td>1<\/td><td><\/td><td><\/td><td>0<\/td><td><\/td><td>10,5<\/td><td>180<\/td><td><\/td><\/tr><tr><td>22<\/td><td><strong>Matti Rasilainen<\/strong><\/td><td>1711,9<\/td><td>0<\/td><td>0<\/td><td>0<\/td><td>0<\/td><td>0<\/td><td>0<\/td><td>0<\/td><td>0<\/td><td><\/td><td><\/td><td>5<\/td><td>0<\/td><td>5<\/td><td>180<\/td><td><\/td><\/tr><tr><td>&nbsp;<\/td><td><strong>keskiarvo<\/strong><\/td><td>2060,5<\/td><td>3,9<\/td><td>4,8<\/td><td>2,2<\/td><td>1,8<\/td><td>0,6<\/td><td>2,0<\/td><td>2,5<\/td><td>1,8<\/td><td>2,6<\/td><td>2,2<\/td><td>3,2<\/td><td>1,2<\/td><td><\/td><td><\/td><td>&nbsp;<\/td><\/tr><\/tbody><\/table><\/figure>\n\n\n\n<p>Osallistuneiden ratkaisijoiden kymmenen parhaan ratingin keskiarvo on 2313,5, joten kilpailu oli vahvuudeltaan WSC:n tasoa 7.<\/p>\n\n\n\n<p>Kilpailussa oli my\u00f6s<strong> B-ryhm\u00e4<\/strong>, johon osallistui vain <strong>Vihan Velagapudi<\/strong> (10\/30 pistett\u00e4).<\/p>\n\n\n\n<p><a href=\"\/vanhat\/pika19t.htm\">Teht\u00e4v\u00e4t<\/a><\/p>\n\n\n\n<p>Teht\u00e4v\u00e4t, niiden ratkaisut ja tulokset ovat my\u00f6s WFCC:n <a href=\"https:\/\/www.wfcc.ch\/wsc-helsinki-160219\/\">sivuilla<\/a>.<\/p>\n","protected":false},"excerpt":{"rendered":"<p>SHAKKITEHT\u00c4VIEN RATKAISEMISEN 40. SUOMEN MESTARUUSKILPAILU Kilpailu k\u00e4ytiin 16.2.19 Shakkiareenalla Helsingiss\u00e4.Teht\u00e4v\u00e4t oli valinnut ja tuomarina toimi tavalliseen tapaan Neal Turner.Kilpailussa oli 12 teht\u00e4v\u00e4\u00e4 ja ratkaisuaika kolme tuntia. Ratkaisijoita osallistui 22. Kilpailu oli osa World Solving Cup -sarjaa ja mukana oli seitsem\u00e4n ulkomaalaista ratkaisijaa. Voittajaksi p\u00e4\u00e4si 0,5 pisteen erolla hollantilainen Dolf Wissmann&#8230;. <a class=\"continue-reading-link\" href=\"https:\/\/www.tehtavaniekat.fi\/index.php\/ratkaisemisen-sm-2019\/\">Jatka lukemista<\/a><\/p>\n","protected":false},"author":1,"featured_media":0,"parent":0,"menu_order":0,"comment_status":"closed","ping_status":"closed","template":"","meta":{"footnotes":""},"class_list":["post-739","page","type-page","status-publish","hentry"],"_links":{"self":[{"href":"https:\/\/www.tehtavaniekat.fi\/index.php\/wp-json\/wp\/v2\/pages\/739","targetHints":{"allow":["GET"]}}],"collection":[{"href":"https:\/\/www.tehtavaniekat.fi\/index.php\/wp-json\/wp\/v2\/pages"}],"about":[{"href":"https:\/\/www.tehtavaniekat.fi\/index.php\/wp-json\/wp\/v2\/types\/page"}],"author":[{"embeddable":true,"href":"https:\/\/www.tehtavaniekat.fi\/index.php\/wp-json\/wp\/v2\/users\/1"}],"replies":[{"embeddable":true,"href":"https:\/\/www.tehtavaniekat.fi\/index.php\/wp-json\/wp\/v2\/comments?post=739"}],"version-history":[{"count":4,"href":"https:\/\/www.tehtavaniekat.fi\/index.php\/wp-json\/wp\/v2\/pages\/739\/revisions"}],"predecessor-version":[{"id":2075,"href":"https:\/\/www.tehtavaniekat.fi\/index.php\/wp-json\/wp\/v2\/pages\/739\/revisions\/2075"}],"wp:attachment":[{"href":"https:\/\/www.tehtavaniekat.fi\/index.php\/wp-json\/wp\/v2\/media?parent=739"}],"curies":[{"name":"wp","href":"https:\/\/api.w.org\/{rel}","templated":true}]}}