{"id":731,"date":"2021-10-14T11:03:41","date_gmt":"2021-10-14T08:03:41","guid":{"rendered":"https:\/\/www.tehtavaniekat.fi\/?page_id=731"},"modified":"2021-11-02T14:33:10","modified_gmt":"2021-11-02T11:33:10","slug":"em-ratkaisukilpailu-2016","status":"publish","type":"page","link":"https:\/\/www.tehtavaniekat.fi\/index.php\/em-ratkaisukilpailu-2016\/","title":{"rendered":"EM-ratkaisukilpailu 2016"},"content":{"rendered":"\n<h1 class=\"wp-block-heading\">EM-ratkaisukilpailu 2016<\/h1>\n\n\n\n<p>Ateenassa 16.-17.4.16 pidettyyn 12. ratkaisemisen Euroopan mestaruuskilpailuun osallistui 16 joukkuetta. Ratkaisijoita oli kaikkiaan 74. Kilpailu k\u00e4ytiin MM-kilpailun tapaan, mutta 4-henkisten joukkueiden kilpailussa kullakin kierroksella otettiin huomioon kolmen parhaan ratkaisijan tulos.<\/p>\n\n\n\n<p>K\u00e4rjess\u00e4 tapahtui nyt muutos, sill\u00e4 Puola j\u00e4tettiin pronssille. 1. Serbia, 2. Azerbaidzan ja 3. Puola. Suomi oli yhdestoista joukkueella Harri Hurme, Terho Marlo, Jorma Paavilainen ja Henry Tanner.<\/p>\n\n\n\n<p>Henkil\u00f6kohtainen mestari oli j\u00e4lleen Puolan Piotr Murdzia.<\/p>\n\n\n\n<h3 class=\"wp-block-heading\">JOUKKUEKILPAILU<\/h3>\n\n\n\n<p>1. Serbia 214,7 (1046 min)<br>2. Azerbaidzan 206 (1059)<br>3. Puola 202,25 (1051)<br>4. Ven\u00e4j\u00e4 196,75 (1067)<br>5. Ukraina 192 (1049)<br>6. Iso-Britannia 186,75 (1020)<br>7. Liettua 178,5 (1073)<br>8. Slovakia 166 (1071)<br>9. Kreikka I 160,25 (1047)<br>10. Alankomaat 159 (1079)<strong><br>11. Suomi 154,5 (1080)<\/strong><br>12. Tshekin tasavalta 121,5 (704)<br>13. Kreikka II 118,25 (1075)<br>14. Saksa 98,75 (718)<br>15. Slovenia 83 (717)<br>16. Valko-Ven\u00e4j\u00e4 78,5 (719)<\/p>\n\n\n\n<p><strong>HENKIL\u00d6KOHTAINEN KILPAILU<\/strong><\/p>\n\n\n\n<p>1. Murdzia, Piotr (POL) 77,5\/338 min<br>2. Mladenovic, Miodrag (SRB) 72\/348<br>3. Van Beers, Eddy (BEL) 72\/357<br>4. Limontas, Martynas (LTU) 71,75\/360<br>5. Mestel, Jonathan (GBR) 68,75\/360<br>6. Almammadov, Araz (AZE) 68,5\/347<br>7. Vuckovic, Bojan (SRB) 67,5\/345<br>8. Mukoseev, Anatoly (RUS) 67\/349<br>9. Zeynalli, Rashad (AZE) 66,75\/355<br>10. Nunn, John (GBR) 66\/300<br>11. Rzayev, Bahruz (AZE) 65,75\/356<br>12. Viktorov, Evgeny (RUS) 65,25\/360<br>13. Dragoun, Michal (CZE) 65\/360<br>14. Kovacevic, Marjan (SRB) 64,75\/353<br>15. Piorun, Kacper (POL) 64,5\/353<br>16. Satkus, Vidmantas (LTU) 64\/353<br>17. Aridov, Volodimir (UKR) 62\/340<br>18. Solovchuk, Oleksiy (UKR) 61,75\/352<br>19. Feoktistov, Aleksandr (RUS) 61\/360<br>20. Podinic, Vladimir (SRB) 60,25\/356<br>21. Mendrinos, Nikos (GRE) 60\/354<br>22. Kopyl, Valery (UKR) 60\/357<br>23. Peitl, Tom\u00e1\u0161 (SVK) 58,25\/356<br><strong>24. Paavilainen, Jorma (FIN) 58\/360<\/strong><br>25. Pervakov, Oleg (RUS) 57\/356<br>26. Vanka, Miloslav (CZE) 56,5\/344<br>27. Marciniszyn, Jakub (POL) 56,25\/360<br>28. Klemanic, Emil (SVK) 56\/356<br>29. Uitenbroek, Hans (NED) 55,5\/360<br>30. Iskandarov, Misratdin (AZE) 54\/356<br>31. KourkoulosArditis, Stamatis (GRE) 54\/360<br>32. Chovnik, Mordechay (ISR) 52,5\/359<br>33. van den Heuvel, Peter (NED) 52,25\/360<br>34. McNab, Colin (GBR) 52\/360<br>3536. Kolc\u00e1k, Marek (SVK) 51,75\/359<br>3536. Kurilenko, Volodimir (UKR) 51,75\/359<br>3738. Lossin, SvenHendrik (GER) 51,5\/360<br>3738. \u0160ivic, Klemen (SLO) 51,5\/360<br>39. Wissmann, Dolf (NED) 51,25\/359<br>40. Villeneuve, Alain (FRA) 50\/356<br>41. Konidaris, Panagiotis (GRE) 48,75\/336<br>42. Rein, Andreas (GER) 47,25\/358<br>43.-45. Bulavka, Aleksandr (BLR) 46,5\/360<br>43.-45. G\u00f3rski, Piotr (POL) 46,5\/360<br><strong>43.-45. Marlo, Terho (FIN) 46,5\/360<\/strong><br>46. Skorobogatova, Marina (RUS) 45\/360<br>47. Kr\u00f3likowski, Ryszard (POL) 44,5\/354<br>48. Hodge, David (GBR) 44,25\/360<br>49. Vasyliv, Stanislav (UKR) 42,75\/356<br>50. Sidiropoulos, Nikos (GRE) 42,75\/360<br>51. Petrov, Andrey (RUS) 42,5\/327<br>52. McDowell, Michael (GBR) 41,5\/360<br>53. Selivanov, Andrey (RUS) 41\/360<br><strong>54. Hurme, Harri (FIN) 38,25\/360<\/strong><br>55. Perovic, \u017divojin (SRB) 38\/359<br>56. Chocenka, Dmitrijus (LTU) 37,75\/360<br>57. Papargyriou, Anastasis (GRE) 37\/358<br><strong>58. Tanner, Henry (FIN) 33,75\/360<\/strong><br>59. Papastavropoulos, Andreas (GRE) 33,5\/350<br>60. Satkus, Vilimantas (LTU) 32,5\/360<br>61. Sihnevich, Mikalai (BLR) 32\/359<br>62. Klasinc, Marko (SLO) 31,5\/357<br>63. Mihalco, Oto (SVK) 29,25\/355<br>64. Moutzouris, Iasonas (GRE) 29,25\/360<br>65. Paliulionis, Viktoras (LTU) 29\/360<br>66. Krivenko, Valery (UKR) 27,75\/355<br>67. Skyrianoglou, Dimitris (GRE) 27,25\/357<br>68. Spiliadis, Athanasios (GRE) 25,75\/360<br>69. Didiliuc, DarianaGabriela (ROU) 25,25\/313<br>70. Artseva, Kristina (UKR) 22,75\/360<br>71. Masouros, Panagiotis (GRE) 18,75\/353<br>72. Abdullayev, Elmar (AZE) 12,5\/292<br>73. Kr\u00e1lik, Richard (SVK) 7,5\/265<br>74. Pountzas, Chrisanthos (GRE) 7,5\/359<br>75. Kopylov, Evgeny (ep\u00e4vir.) (RUS) 33,75\/360<\/p>\n","protected":false},"excerpt":{"rendered":"<p>EM-ratkaisukilpailu 2016 Ateenassa 16.-17.4.16 pidettyyn 12. ratkaisemisen Euroopan mestaruuskilpailuun osallistui 16 joukkuetta. Ratkaisijoita oli kaikkiaan 74. Kilpailu k\u00e4ytiin MM-kilpailun tapaan, mutta 4-henkisten joukkueiden kilpailussa kullakin kierroksella otettiin huomioon kolmen parhaan ratkaisijan tulos. K\u00e4rjess\u00e4 tapahtui nyt muutos, sill\u00e4 Puola j\u00e4tettiin pronssille. 1. Serbia, 2. Azerbaidzan ja 3. Puola. Suomi oli yhdestoista&#8230; <a class=\"continue-reading-link\" href=\"https:\/\/www.tehtavaniekat.fi\/index.php\/em-ratkaisukilpailu-2016\/\">Jatka lukemista<\/a><\/p>\n","protected":false},"author":1,"featured_media":0,"parent":0,"menu_order":0,"comment_status":"closed","ping_status":"closed","template":"","meta":{"footnotes":""},"class_list":["post-731","page","type-page","status-publish","hentry"],"_links":{"self":[{"href":"https:\/\/www.tehtavaniekat.fi\/index.php\/wp-json\/wp\/v2\/pages\/731","targetHints":{"allow":["GET"]}}],"collection":[{"href":"https:\/\/www.tehtavaniekat.fi\/index.php\/wp-json\/wp\/v2\/pages"}],"about":[{"href":"https:\/\/www.tehtavaniekat.fi\/index.php\/wp-json\/wp\/v2\/types\/page"}],"author":[{"embeddable":true,"href":"https:\/\/www.tehtavaniekat.fi\/index.php\/wp-json\/wp\/v2\/users\/1"}],"replies":[{"embeddable":true,"href":"https:\/\/www.tehtavaniekat.fi\/index.php\/wp-json\/wp\/v2\/comments?post=731"}],"version-history":[{"count":2,"href":"https:\/\/www.tehtavaniekat.fi\/index.php\/wp-json\/wp\/v2\/pages\/731\/revisions"}],"predecessor-version":[{"id":882,"href":"https:\/\/www.tehtavaniekat.fi\/index.php\/wp-json\/wp\/v2\/pages\/731\/revisions\/882"}],"wp:attachment":[{"href":"https:\/\/www.tehtavaniekat.fi\/index.php\/wp-json\/wp\/v2\/media?parent=731"}],"curies":[{"name":"wp","href":"https:\/\/api.w.org\/{rel}","templated":true}]}}