{"id":726,"date":"2021-10-14T11:00:08","date_gmt":"2021-10-14T08:00:08","guid":{"rendered":"https:\/\/www.tehtavaniekat.fi\/?page_id=726"},"modified":"2021-11-02T14:34:04","modified_gmt":"2021-11-02T11:34:04","slug":"em-ratkaisukilpailu-2017","status":"publish","type":"page","link":"https:\/\/www.tehtavaniekat.fi\/index.php\/em-ratkaisukilpailu-2017\/","title":{"rendered":"EM-ratkaisukilpailu 2017"},"content":{"rendered":"\n<h1 class=\"wp-block-heading\">EM-ratkaisukilpailu 2017<\/h1>\n\n\n\n<p>Latvian Riiassa 13.-14.4.17 pidettyyn 13. ratkaisemisen Euroopan mestaruuskilpailuun osallistui 15 joukkuetta. Ratkaisijoita oli kaikkiaan 68. Kilpailu k\u00e4ytiin MM-kilpailun tapaan, mutta 4-henkisten joukkueiden kilpailussa kullakin kierroksella otettiin huomioon kolmen parhaan ratkaisijan tulos.<\/p>\n\n\n\n<p>Puola palasi taas ykk\u00f6spallille ja muutkin k\u00e4rkijoukkueet ovat tottuneet menestym\u00e4\u00e4n: 1. Puola 2. Serbia ja 3. Ven\u00e4j\u00e4. Suomi paransi sijoitustaan edellisest\u00e4 vuodesta yhdell\u00e4 ja oli kymmenes joukkueella Harri Hurme, Terho Marlo ja Jorma Paavilainen. Yhdeks\u00e4nteen sijaan j\u00e4i eroa kuusi minuuttia.<\/p>\n\n\n\n<p>Henkil\u00f6kohtainen mestari oli j\u00e4lleen Puolan Piotr Murdzia.<\/p>\n\n\n\n<h3 class=\"wp-block-heading\">JOUKKUEKILPAILU<\/h3>\n\n\n\n<p>1. Puola 245 (958 min)<br>2. Serbia 239,5 (868)<br>3. Ven\u00e4j\u00e4 224 (1001)<br>4. Iso-Britannia 218 (982)<br>5. Ukraina 202,5 (970)<br>6. Alankomaat 198,5 (989)<br>7. Liettua 189,5 (1024)<br>8. Valko-Ven\u00e4j\u00e4 188,5 (992)<br>9. Slovakia 172 (997)<br><strong>10. Suomi 172 (1003)<\/strong>11. Saksa 169,5 (1025)<br>12. Kreikka 162,5 (1024)<br>13. Slovenia 134 (1034)<br>14. Latvia I 125 (1036)<br>15. Latvia II 72,5 (1080)<\/p>\n\n\n\n<p><strong>HENKIL\u00d6KOHTAINEN KILPAILU<\/strong><\/p>\n\n\n\n<p>1. Murdzia, Piotr (POL) 85\/322 min<br>2. Piorun, Kacper (POL) 84\/300<br>3. Kovacevic, Marjan (SRB) 84\/303<br>4. Mestel, Jonathan (GBR) 81\/326<br>5. Limontas, Martynas (LTU) 80.5\/345<br>6. Bulavka, Aleksandr (BLR) 78.5\/309<br>7. McNab, Colin (GBR) 76\/339<br>8. Solovchuk, Oleksiy (UKR) 75\/310<br>9. Viktorov, Evgeny (RUS) 75\/343<br>10. Mladenovic, Miodrag (SRB) 74.5\/297<br>11. Podinic, Vladimir (SRB) 74\/267<br>12. Mista, Aleksander (POL) 74\/317<br>13. Vuckovic, Bojan (SRB) 73\/313<br><strong>14. Paavilainen, Jorma (FIN) 73\/325<br><\/strong>15. Tummes, Boris (GER) 73\/329<br>16. Mukoseev, Anatoly (RUS) 72\/328<br>17. Pavlov, Danila (RUS) 72\/351<br>18. Friedland, Omer (ISR) 71\/328<br>19. Heuvel, Peter van den (NED) 67.5\/329<br>20. Kopyl, Valery (UKR) 67\/338<br>21. Gorski, Piotr (POL) 66.5\/327<br>22. Wissmann, Dolf (NED) 65.5\/331<br>23. Uitenbroek, Hans (NED) 64.5\/329<br>24. Sivic, Klemen (SLO) 62.5\/330<br>25. Pletnev, Dmitry (RUS) 61.5\/330<br>26. Kolcak, Marek (SVK) 60.5\/322<br>26. Kurilenko, Vladimir (UKR) 60.5\/322<br>28. Mendrinos, Nikos (GRE) 60.5\/341<br>29. Hodge, David (GBR) 60\/335<br>30. Selivanov, Andrey (RUS) 59\/334<br>31. Popov, Aleksey (RUS) 57.5\/298<br>32. Krolikowski, Ryszard (POL) 57.5\/358<br>33. Konidaris, Panagiotis (GRE) 56.5\/343<br>34. Ravins, Modris (LAT) 56\/331<br>35. Sihnevich, Mikalai (BLR) 56\/346<br>36. Steponavicius, Stasys (LTU) 55.5\/337<br>37. Chovnik, Mordechay (ISR) 55.5\/350<br><strong>38. Hurme, Harri (FIN) 55.5\/353<br><\/strong>39. Klemanic, Emil (SVK) 55\/340<br>40. Satkus, Vidmantas (LTU) 53.5\/330<br>41. Watson, Ian (GBR) 53.5\/331<br>42. Satkus, Vilimantas (LTU) 53\/349<br>43. McDowell, Michael (GBR) 51.5\/329<br>44. Mikholap, Aleksandr (BLR) 50.5\/336<br>45. Chocenka, Dmitrijus (LTU) 50.5\/360<br>46. Paliulionis, Viktoras (LTU) 50\/360<br>47. Klasinc, Marko (SLO) 49.5\/344<br>48. Dobias, Richard (SVK) 49\/333<br>49. Rein, Andreas (GER) 49\/348<br>50. Neef, Wilfried (GER) 47.5\/348<br>51. Sidiropoulos, Nikos (GRE) 44\/342<br><strong>52. Marlo, Terho (FIN) 43.5\/325<br><\/strong>53. Boer, Johan de (NED) 43\/340<br>54. Mihalco, Oto (SVK) 42.5\/358<br>55. Tishova, Svetlana (RUS) 40.5\/360<br>56. Rogule, Laura (LAT) 34\/349<br>57. Fougiaxis, Harry (GRE) 34\/351<br>58. Priednieks, Eriks (LAT) 30\/354<br>59. Mikelsons, Mikelis Emils (LAT) 28\/360<br>60. Zelenkovsky, Vasily (BLR) 27\/360<br>61. Gajevskis, Antons (LAT) 25.5\/356<br>62. Sitar, Darko (SLO) 22\/360<br>63. Stasans, Aivars (LAT) 19.5\/360<br>64. Alainis, Artis (LAT) 17.5\/360<br>65. Tabors, Emils (LAT) 15.5\/341<br>66. Granauskis, Stasis (LAT) 14.5\/360<br>67. Strods, Kristaps Reinis (LAT) 12.5\/360<br>68. Zadoroznaja, Olita (LAT) 6\/347<\/p>\n","protected":false},"excerpt":{"rendered":"<p>EM-ratkaisukilpailu 2017 Latvian Riiassa 13.-14.4.17 pidettyyn 13. ratkaisemisen Euroopan mestaruuskilpailuun osallistui 15 joukkuetta. Ratkaisijoita oli kaikkiaan 68. Kilpailu k\u00e4ytiin MM-kilpailun tapaan, mutta 4-henkisten joukkueiden kilpailussa kullakin kierroksella otettiin huomioon kolmen parhaan ratkaisijan tulos. Puola palasi taas ykk\u00f6spallille ja muutkin k\u00e4rkijoukkueet ovat tottuneet menestym\u00e4\u00e4n: 1. Puola 2. Serbia ja 3. Ven\u00e4j\u00e4&#8230;. <a class=\"continue-reading-link\" href=\"https:\/\/www.tehtavaniekat.fi\/index.php\/em-ratkaisukilpailu-2017\/\">Jatka lukemista<\/a><\/p>\n","protected":false},"author":1,"featured_media":0,"parent":0,"menu_order":0,"comment_status":"closed","ping_status":"closed","template":"","meta":{"footnotes":""},"class_list":["post-726","page","type-page","status-publish","hentry"],"_links":{"self":[{"href":"https:\/\/www.tehtavaniekat.fi\/index.php\/wp-json\/wp\/v2\/pages\/726","targetHints":{"allow":["GET"]}}],"collection":[{"href":"https:\/\/www.tehtavaniekat.fi\/index.php\/wp-json\/wp\/v2\/pages"}],"about":[{"href":"https:\/\/www.tehtavaniekat.fi\/index.php\/wp-json\/wp\/v2\/types\/page"}],"author":[{"embeddable":true,"href":"https:\/\/www.tehtavaniekat.fi\/index.php\/wp-json\/wp\/v2\/users\/1"}],"replies":[{"embeddable":true,"href":"https:\/\/www.tehtavaniekat.fi\/index.php\/wp-json\/wp\/v2\/comments?post=726"}],"version-history":[{"count":3,"href":"https:\/\/www.tehtavaniekat.fi\/index.php\/wp-json\/wp\/v2\/pages\/726\/revisions"}],"predecessor-version":[{"id":883,"href":"https:\/\/www.tehtavaniekat.fi\/index.php\/wp-json\/wp\/v2\/pages\/726\/revisions\/883"}],"wp:attachment":[{"href":"https:\/\/www.tehtavaniekat.fi\/index.php\/wp-json\/wp\/v2\/media?parent=726"}],"curies":[{"name":"wp","href":"https:\/\/api.w.org\/{rel}","templated":true}]}}