{"id":716,"date":"2021-10-13T22:59:48","date_gmt":"2021-10-13T19:59:48","guid":{"rendered":"https:\/\/www.tehtavaniekat.fi\/?page_id=716"},"modified":"2026-02-18T22:40:47","modified_gmt":"2026-02-18T20:40:47","slug":"pikaratkaisemisen-sm-mitalistit","status":"publish","type":"page","link":"https:\/\/www.tehtavaniekat.fi\/index.php\/pikaratkaisemisen-sm-mitalistit\/","title":{"rendered":"Pikaratkaisemisen SM-mitalistit"},"content":{"rendered":"\n<h1 class=\"wp-block-heading\">Pikaratkaisemisen SM-mitalistit<\/h1>\n\n\n\n<figure class=\"wp-block-table is-style-regular\"><table><tbody><tr><td><strong>vuosi<\/strong><\/td><td><strong>1.<\/strong><\/td><td><strong>2.<\/strong><\/td><td><strong>3.<\/strong><\/td><\/tr><tr><td>1980<\/td><td>Pauli Perkonoja<\/td><td>Harri Hurme<\/td><td>Teppo M\u00e4ntt\u00e4<\/td><\/tr><tr><td>1981<\/td><td>Pauli Perkonoja<\/td><td>Kari Valtonen<\/td><td>Harri Hurme<\/td><\/tr><tr><td>1982<\/td><td>Pauli Perkonoja<\/td><td>Kari Valtonen<\/td><td>Harri Hurme<\/td><\/tr><tr><td>1983<\/td><td>Kari Valtonen<\/td><td>Harri Hurme<\/td><td>Mika Korhonen<\/td><\/tr><tr><td>1984<\/td><td>Harri Hurme<\/td><td>Kari Valtonen<\/td><td>Teppo M\u00e4ntt\u00e4<\/td><\/tr><tr><td>1985<\/td><td>Pauli Perkonoja<\/td><td>Teppo M\u00e4ntt\u00e4<\/td><td>Harri Hurme<\/td><\/tr><tr><td>1986<\/td><td>Pauli Perkonoja<\/td><td>Kari Valtonen<\/td><td>Harri Hurme<\/td><\/tr><tr><td>1987<\/td><td>Pauli Perkonoja<\/td><td>Harri Hurme<\/td><td>Timo Kallio<\/td><\/tr><tr><td>1988<\/td><td>Harri Hurme<\/td><td>Pauli Perkonoja<\/td><td>Jorma Paavilainen<\/td><\/tr><tr><td>1989<\/td><td>Pauli Perkonoja<\/td><td>Jorma Paavilainen<\/td><td>Harri Hurme<\/td><\/tr><tr><td>1990<\/td><td>Pauli Perkonoja<\/td><td>Harri Hurme<\/td><td>Jorma Paavilainen<\/td><\/tr><tr><td>1991<\/td><td>Pauli Perkonoja<\/td><td>Harri Hurme<\/td><td>Seppo Praski<\/td><\/tr><tr><td>1992<\/td><td>Pauli Perkonoja<\/td><td>Harri Hurme<\/td><td>Jorma Paavilainen<\/td><\/tr><tr><td>1993<\/td><td>Pauli Perkonoja<\/td><td>Terho Jaatinen<\/td><td>Jorma Paavilainen<\/td><\/tr><tr><td>1994<\/td><td>Pauli Perkonoja<\/td><td>Harri Hurme<\/td><td>Jorma Paavilainen<\/td><\/tr><tr><td>1995<\/td><td>Pauli Perkonoja<\/td><td>Harri Hurme<\/td><td>Henry Tanner<\/td><\/tr><tr><td>1996<\/td><td>Kari Karhunen<\/td><td>Jorma Paavilainen<\/td><td>Harri Hurme<\/td><\/tr><tr><td>1997<\/td><td>Kari Valtonen<\/td><td>Harri Hurme<\/td><td>Henry Tanner<\/td><\/tr><tr><td>1998<\/td><td>Jorma Paavilainen<\/td><td>Joose Norri<\/td><td>Seppo Praski<\/td><\/tr><tr><td>1999<\/td><td>Kari Valtonen<\/td><td>Joose Norri<\/td><td>Harri Hurme<\/td><\/tr><tr><td>2000<\/td><td>Jorma Paavilainen<\/td><td>Harri Hurme<\/td><td>Pauli Perkonoja<\/td><\/tr><tr><td>2001<\/td><td>Jorma Paavilainen<\/td><td>Henry Tanner<\/td><td>Kari Valtonen<\/td><\/tr><tr><td>2002<\/td><td>Kari Valtonen<\/td><td>Henry Tanner<\/td><td>Jorma Paavilainen<\/td><\/tr><tr><td>2003<\/td><td>Pauli Perkonoja<\/td><td>Jorma Paavilainen<\/td><td>Terho Jaatinen<\/td><\/tr><tr><td>2004<\/td><td>Kari Karhunen<\/td><td>Kari Valtonen<\/td><td>Pauli Perkonoja<\/td><\/tr><tr><td>2005<\/td><td>Jorma Paavilainen<\/td><td>Joose Norri<\/td><td>Kari Karhunen<\/td><\/tr><tr><td>2006<\/td><td>Joose Norri<\/td><td>Jorma Paavilainen<\/td><td>Harri Hurme<\/td><\/tr><tr><td>2007<\/td><td>Jorma Paavilainen<\/td><td>Henry Tanner<\/td><td>Kari Karhunen<\/td><\/tr><tr><td>2008<\/td><td>Jorma Paavilainen<\/td><td>Joose Norri<\/td><td>Kari Karhunen<\/td><\/tr><tr><td>2009<\/td><td>Kari Karhunen<\/td><td>Jorma Paavilainen<\/td><td>Henry Tanner<\/td><\/tr><tr><td>2010<\/td><td>Jorma Paavilainen<\/td><td>Terho Marlo<\/td><td>Kari Karhunen<\/td><\/tr><tr><td>2011<\/td><td>Jorma Paavilainen<\/td><td>Kari Karhunen<\/td><td>Harri Hurme<\/td><\/tr><tr><td>2012<\/td><td>Kari Karhunen<\/td><td>Jorma Paavilainen<\/td><td>Harri Hurme<\/td><\/tr><tr><td>2013<\/td><td>Joose Norri<\/td><td>Jorma Paavilainen<\/td><td>Kari Karhunen<\/td><\/tr><tr><td>2014<\/td><td>Kari Karhunen<\/td><td>Terho Marlo<\/td><td>Hannu Harkola<\/td><\/tr><tr><td>2015<\/td><td>Kari Karhunen<\/td><td>Terho Marlo<\/td><td>Harri Hurme<\/td><\/tr><tr><td>2016<\/td><td>Kari Karhunen<\/td><td>Harri Hurme<\/td><td>Hannu Harkola ja Terho Marlo<\/td><\/tr><tr><td>2017<\/td><td>Kari Karhunen<\/td><td>Joose Norri<\/td><td>Harri Hurme<\/td><\/tr><tr><td>2018<\/td><td>Kari Karhunen<\/td><td>Jorma Paavilainen<\/td><td>Joose Norri<\/td><\/tr><tr><td>2019<\/td><td>Jorma Paavilainen<\/td><td>Kari Karhunen<\/td><td>Henry Tanner<\/td><\/tr><tr><td>2020<\/td><td>Kari Karhunen<\/td><td>Terho Marlo<\/td><td>Janne Syv\u00e4niemi<\/td><\/tr><tr><td>2021<\/td><td>Jorma Paavilainen<\/td><td>Kari Karhunen<\/td><td>Terho Marlo<\/td><\/tr><tr><td>2022<\/td><td>Joose Norri<\/td><td>Kari Karhunen<\/td><td>Jorma Paavilainen<\/td><\/tr><tr><td>2023<\/td><td>Jorma Paavilainen<\/td><td>Kari Karhunen<\/td><td>Henry Tanner<\/td><\/tr><tr><td>2024<\/td><td>Jorma Paavilainen<\/td><td>Kari Karhunen<\/td><td>Paavo Tikka<\/td><\/tr><tr><td>2025<\/td><td>Jorma Paavilainen<\/td><td>Kari Karhunen<\/td><td>Paavo Tikka<\/td><\/tr><tr><td>2026<\/td><td>Kari Karhunen<\/td><td>Jorma Paavilainen<\/td><td>Henry Tanner<\/td><\/tr><\/tbody><\/table><\/figure>\n\n\n\n<p><strong>1. sijoja:<\/strong> Perkonoja 14, Paavilainen 13, Karhunen 11, Valtonen 4, Norri 3, Hurme 2<br><strong>2. sijoja:<\/strong> Hurme 11, Paavilainen 9, Karhunen 7, Marlo (Jaatinen), Norri ja Valtonen 5, Tanner 3, M\u00e4ntt\u00e4 ja Perkonoja 1<br><strong>3. sijoja:<\/strong> Hurme 12, Paavilainen 7, Tanner 6, Karhunen 5, Marlo (Jaatinen) 3, Harkola, M\u00e4ntt\u00e4, Perkonoja, Praski ja Tikka 2, Kallio, Korhonen, Norri, Syv\u00e4niemi ja Valtonen 1.<br>Mitalisijoja k\u00e4ydyiss\u00e4 47 kilpailussa on 14 eri ratkaisijalla, joista eniten: Paavilainen 29, Hurme 25, Karhunen 23, Perkonoja 17, Valtonen 10 jne.<\/p>\n","protected":false},"excerpt":{"rendered":"<p>Pikaratkaisemisen SM-mitalistit vuosi 1. 2. 3. 1980 Pauli Perkonoja Harri Hurme Teppo M\u00e4ntt\u00e4 1981 Pauli Perkonoja Kari Valtonen Harri Hurme 1982 Pauli Perkonoja Kari Valtonen Harri Hurme 1983 Kari Valtonen Harri Hurme Mika Korhonen 1984 Harri Hurme Kari Valtonen Teppo M\u00e4ntt\u00e4 1985 Pauli Perkonoja Teppo M\u00e4ntt\u00e4 Harri Hurme 1986 Pauli&#8230; <a class=\"continue-reading-link\" href=\"https:\/\/www.tehtavaniekat.fi\/index.php\/pikaratkaisemisen-sm-mitalistit\/\">Jatka lukemista<\/a><\/p>\n","protected":false},"author":1,"featured_media":0,"parent":0,"menu_order":0,"comment_status":"closed","ping_status":"closed","template":"","meta":{"footnotes":""},"class_list":["post-716","page","type-page","status-publish","hentry"],"_links":{"self":[{"href":"https:\/\/www.tehtavaniekat.fi\/index.php\/wp-json\/wp\/v2\/pages\/716","targetHints":{"allow":["GET"]}}],"collection":[{"href":"https:\/\/www.tehtavaniekat.fi\/index.php\/wp-json\/wp\/v2\/pages"}],"about":[{"href":"https:\/\/www.tehtavaniekat.fi\/index.php\/wp-json\/wp\/v2\/types\/page"}],"author":[{"embeddable":true,"href":"https:\/\/www.tehtavaniekat.fi\/index.php\/wp-json\/wp\/v2\/users\/1"}],"replies":[{"embeddable":true,"href":"https:\/\/www.tehtavaniekat.fi\/index.php\/wp-json\/wp\/v2\/comments?post=716"}],"version-history":[{"count":9,"href":"https:\/\/www.tehtavaniekat.fi\/index.php\/wp-json\/wp\/v2\/pages\/716\/revisions"}],"predecessor-version":[{"id":3980,"href":"https:\/\/www.tehtavaniekat.fi\/index.php\/wp-json\/wp\/v2\/pages\/716\/revisions\/3980"}],"wp:attachment":[{"href":"https:\/\/www.tehtavaniekat.fi\/index.php\/wp-json\/wp\/v2\/media?parent=716"}],"curies":[{"name":"wp","href":"https:\/\/api.w.org\/{rel}","templated":true}]}}