{"id":712,"date":"2021-10-13T22:34:51","date_gmt":"2021-10-13T19:34:51","guid":{"rendered":"https:\/\/www.tehtavaniekat.fi\/?page_id=712"},"modified":"2026-02-20T15:11:38","modified_gmt":"2026-02-20T13:11:38","slug":"ratkaisukilpailut","status":"publish","type":"page","link":"https:\/\/www.tehtavaniekat.fi\/index.php\/ratkaisukilpailut\/","title":{"rendered":"Ratkaisukilpailut"},"content":{"rendered":"\n<h1 class=\"wp-block-heading\">Ratkaisukilpailut<\/h1>\n\n\n\n<div class=\"wp-block-columns is-layout-flex wp-container-core-columns-is-layout-1 wp-block-columns-is-layout-flex\">\n<div class=\"wp-block-column is-layout-flow wp-block-column-is-layout-flow\" style=\"flex-basis:33.33%\">\n<p><strong>Suomen ratkaisijamestaruuskilpailu<\/strong><\/p>\n<\/div>\n\n\n\n<div class=\"wp-block-column is-layout-flow wp-block-column-is-layout-flow\" style=\"flex-basis:66.66%\">\n<p>Kilpailu on j\u00e4rjestetty vuosina 1955\u20131999. <\/p>\n<\/div>\n<\/div>\n\n\n\n<div class=\"wp-block-columns is-layout-flex wp-container-core-columns-is-layout-2 wp-block-columns-is-layout-flex\">\n<div class=\"wp-block-column is-layout-flow wp-block-column-is-layout-flow\" style=\"flex-basis:33.33%\">\n<p><strong>Ratkaisemisen SM-kilpailu<\/strong><\/p>\n<\/div>\n\n\n\n<div class=\"wp-block-column is-layout-flow wp-block-column-is-layout-flow\" style=\"flex-basis:66.66%\">\n<p>Kilpailu on j\u00e4rjestetty vuodesta 1980 l\u00e4htien. Se on kest\u00e4nyt noin kolme tuntia ja ratkaistavana on ollut yleens\u00e4 12\u201315 teht\u00e4v\u00e4\u00e4. Ne ovat tyypilt\u00e4\u00e4n mattiteht\u00e4vi\u00e4, lopputeht\u00e4vi\u00e4, apumatteja ja itsematteja. Helpommassa B-ryhm\u00e4ss\u00e4 on vain matti- ja lopputeht\u00e4vi\u00e4. <a href=\"https:\/\/www.tehtavaniekat.fi\/index.php\/ratkaisemisen-sm-2026\/\">Vuoden 2026 kilpailu<\/a> j\u00e4rjestettiin 14.2.<br>Aikaisemmat kilpailut: <a href=\"https:\/\/www.tehtavaniekat.fi\/index.php\/ratkaisemisen-sm-2025\/\" data-type=\"page\" data-id=\"3977\">2025<\/a> | <a href=\"https:\/\/www.tehtavaniekat.fi\/index.php\/ratkaisemisen-sm-2024\/\">2024<\/a> | <a href=\"https:\/\/www.tehtavaniekat.fi\/index.php\/ratkaisemisen-sm-2023\/\">2023<\/a> | <a href=\"https:\/\/www.tehtavaniekat.fi\/index.php\/ratkaisemisen-sm-2022\/\">2022<\/a> | <a href=\"https:\/\/www.tehtavaniekat.fi\/index.php\/ratkaisemisen-sm-2021\/\">2021<\/a> | <a href=\"https:\/\/www.tehtavaniekat.fi\/index.php\/ratkaisemisen-sm-2020\/\" target=\"_blank\" rel=\"noreferrer noopener\">2020<\/a> | <a href=\"https:\/\/www.tehtavaniekat.fi\/index.php\/ratkaisemisen-sm-2019\/\" target=\"_blank\" rel=\"noreferrer noopener\">2019<\/a> | <a href=\"https:\/\/www.tehtavaniekat.fi\/index.php\/ratkaisemisen-sm-2018\/\" target=\"_blank\" rel=\"noreferrer noopener\">2018<\/a> | <a href=\"https:\/\/www.tehtavaniekat.fi\/index.php\/pikara17\/\" target=\"_blank\" rel=\"noreferrer noopener\">2017<\/a> | <a href=\"https:\/\/www.tehtavaniekat.fi\/index.php\/pikara16\/\" target=\"_blank\" rel=\"noreferrer noopener\">2016<\/a> | <a href=\"https:\/\/www.tehtavaniekat.fi\/index.php\/pikara15\/\" target=\"_blank\" rel=\"noreferrer noopener\">2015<\/a> | <a href=\"http:\/\/tehtavaniekat.fi\/index.php\/pikara14\/\">2014<\/a> | <a href=\"https:\/\/www.tehtavaniekat.fi\/index.php\/pikara2013\/\">2013<\/a> | <a href=\"https:\/\/www.tehtavaniekat.fi\/index.php\/pikara2012\/\">2012<\/a> | <a href=\"https:\/\/www.tehtavaniekat.fi\/index.php\/pikara2011\/\">2011<\/a> | <a href=\"https:\/\/www.tehtavaniekat.fi\/index.php\/pikara2010\/\">2010<\/a> | <a href=\"https:\/\/www.tehtavaniekat.fi\/index.php\/pikara2009\/\">2009<\/a> | <a href=\"https:\/\/www.tehtavaniekat.fi\/index.php\/pikara2008\/\">2008<\/a> | <a href=\"https:\/\/www.tehtavaniekat.fi\/index.php\/pikara2007\/\">2007<\/a> | <a href=\"https:\/\/www.tehtavaniekat.fi\/index.php\/pikaratkaisemisen-sm-2006\/\">2006<\/a> | <a href=\"https:\/\/www.tehtavaniekat.fi\/index.php\/pikaratkaisemisen-sm-2005\/\">2005<\/a> | <a href=\"https:\/\/www.tehtavaniekat.fi\/index.php\/pikara04\/\">2004<\/a> | <a href=\"https:\/\/www.tehtavaniekat.fi\/index.php\/pikara03\/\">2003<\/a> | <a href=\"https:\/\/www.tehtavaniekat.fi\/index.php\/pikara02\/\">2002<\/a> | <a href=\"https:\/\/www.tehtavaniekat.fi\/index.php\/pikara01\/\">2001<\/a> | <a href=\"https:\/\/www.tehtavaniekat.fi\/index.php\/pikara00\/\">2000<\/a><\/p>\n\n\n\n<p><a href=\"https:\/\/www.tehtavaniekat.fi\/index.php\/pikaratkaisemisen-sm-mitalistit\/\">Mitalistit<\/a><\/p>\n<\/div>\n<\/div>\n\n\n\n<div class=\"wp-block-columns is-layout-flex wp-container-core-columns-is-layout-3 wp-block-columns-is-layout-flex\">\n<div class=\"wp-block-column is-layout-flow wp-block-column-is-layout-flow\" style=\"flex-basis:33.33%\">\n<p><strong>World Chess Solving Championship (WCSC)<\/strong><\/p>\n<\/div>\n\n\n\n<div class=\"wp-block-column is-layout-flow wp-block-column-is-layout-flow\" style=\"flex-basis:66.66%\">\n<p>Ratkaisemisen maailmanmestaruuskilpailu k\u00e4yd\u00e4\u00e4n vuosittain. Kilpailussa ratkaistaan sek\u00e4 henkil\u00f6kohtainen ett\u00e4 joukkuemestaruus. Joukkueeseen kuuluu 2\u20133 ratkaisijaa. Kilpailu kest\u00e4\u00e4 kaksi p\u00e4iv\u00e4\u00e4 ja kumpanakin p\u00e4iv\u00e4n\u00e4 on kolme kierrosta. Kierroksen aikana on ratkaistava kolme teht\u00e4v\u00e4\u00e4. Sijoitukset m\u00e4\u00e4r\u00e4ytyv\u00e4t ratkaisuista annettavien pisteiden perusteella ja tasapisteiss\u00e4 k\u00e4ytetyn yhteisajan perusteella.<br><br>Suomi on menestynyt kilpailuissa hyvin: joukkuemestaruuksia on tullut seitsem\u00e4n ja henkil\u00f6kohtaisia viisi (Kari Valtonen v. 1984, Pauli Perkonoja v. 1986, 1992 ja 1995 ja Jorma Paavilainen 2001).<br><br><a href=\"https:\/\/www.wfcc.ch\/competitions\/solving\/wcsc2019\/\">Vuonna 2019 kilpailtiin Latvian Vilnassa<\/a> 20.-21.8. Suomi oli kahdeksas ja joukkueen muodostivat Jorma Paavilainen (henkil\u00f6kohtaisesti 24.), Harri Hurme (53.) ja Kari Karhunen ( 57.).<\/p>\n\n\n\n<p>Vuoden 2020 kilpailu Rodoksella peruutettiin, mutta 2021 se j\u00e4rjestettiin siell\u00e4 19.-20.10. Suomesta osallistui vain Jorma Paavilainen, joka oli henkil\u00f6kohtaisessa kilpailussa 16. ja senioreista kolmas.<\/p>\n\n\n\n<p>Fujairassa Arabiemiraateissa 15.-16.11.2022 j\u00e4rjestetyss\u00e4 45. MM-kilpailussa oli 19 joukkuetta. Voittaja oli j\u00e4lleen Puola, seuraavina Serbia ja Saksa. Suomella ei ollut joukkuetta, sill\u00e4 vain Jorma Paavilainen oli meilt\u00e4 mukana. H\u00e4n oli henkil\u00f6kohtaisen kilpailun 16. ja paras seniori. Voittaja oli FIDE:\u00e4 edustanut Danila Pavlov. <a href=\"https:\/\/wccc2022.wfcc.ch\/\">Kaikki tulokset<\/a> WFCC:n sivuilla.<\/p>\n\n\n\n<p>Vuonna 2023 kilpailtiin Georgian Batumissa 5.-6.9. Joukkueita osallistui 16. Tulokset: 1. Puola (Piorun, Murdzia, G\u00f3rski) 159, 2. Liettua (Kuznecovas, Satkus, Limontas) 135, 3. Iso-Britannia (Mestel, Hodge, Hryshchenko) 125,5 \u2026 9. <strong>Suomi<\/strong> 110,5. <a rel=\"noreferrer noopener\" href=\"https:\/\/www.wfcc.ch\/wp-content\/uploads\/2023-09-06-GEO-Batumi-WCSC-Final-Team-Results.pdf\" target=\"_blank\">Joukkuetulokset<\/a><br>Henkil\u00f6kohtaisessa kilpailussa oli 75 ratkaisijaa (ja kolme ep\u00e4virallista). 1. Danila Pavlov (FID) 85, 2. Kacper Piorun (POL) 82, 3. Piotr Murdzia (POL) 71 \u2026 11. Paavilainen 64,5 (paras seniori) \u2026 52. Karhunen 40,75 \u2026 65. Marlo 27,25. <a rel=\"noreferrer noopener\" href=\"https:\/\/www.wfcc.ch\/wp-content\/uploads\/2023-09-06-GEO-Batumi-WCSC-Final-Individual-Results.pdf\" target=\"_blank\">Henkil\u00f6kohtaiset tulokset<\/a><\/p>\n\n\n\n<p>Vuonna 2024 oltiin toisen kerran Latvian J\u016brmalassa 30.-31.7. Joukkueita oli 19. Tulokset: 1. Iso-Britannia (Nunn, Hodge, Mestel) 153 (645 min), 2. Puola (Piorun, Murdzia, Marciniszyn) 153 (682 min), 3. Israel (Comay, Glanzspiegel, Friedland) 140,6 &#8230; 10. Suomi 127,7. <a href=\"https:\/\/wccc2024.wfcc.ch\/wp-content\/uploads\/2024\/08\/Teams.pdf\" target=\"_blank\" rel=\"noreferrer noopener\">Joukkuetulokset<\/a><br>Henkil\u00f6kohtaisessa kilpailussa oli 82 ratkaisijaa (ja nelj\u00e4 ep\u00e4virallista). 1. Kacper Piorun (POL) 80, 2. John Nunn (GBR) 79, 3. Nikos Sidiropoulos (GRE) 77,1 &#8230; 16. Paavilainen 64,6 &#8230; 18. Karhunen 63,1 &#8230; 74. Mikael Gr\u00f6nroos 18,5. <a href=\"https:\/\/wccc2024.wfcc.ch\/wp-content\/uploads\/2024\/08\/Individuals.pdf\" target=\"_blank\" rel=\"noreferrer noopener\">Henkil\u00f6kohtaiset tulokset<\/a><\/p>\n\n\n\n<p>Vuoden 2025 kilpailu pidettiin Romanian Alba Iuliassa 8.-9.7. Joukkueita oli 18. Tulokset: 1. Puola (Murdzia, Piorun, G\u00f3rski) 170, 2. Liettua (Limontas, Kuznecovas, Steponavi\u010dius) 143, 3. Saksa (Tummes, Rein, Sch\u00e4fer) 138,5 &#8230;11. Suomi 112,5. <a href=\"https:\/\/wccc2025.wfcc.ch\/wp-content\/uploads\/2025\/07\/2025-07-09-ROU-Alba-Iulia-WCSC-final-Team.pdf\" target=\"_blank\" rel=\"noreferrer noopener\">Joukkuetulokset<\/a><br>Henkil\u00f6kohtaisessa kilpailussa oli taas 82 ratkaisijaa (ja kolme ep\u00e4virallista).  1. Piotr Murdzia (POL) 84, 2. Kacper Piorun (POL) 81, 3. Arno Zude (GER) 78 &#8230; 22. Karhunen 60 &#8230; 35. Paavilainen 52,5 &#8230; 76. Gr\u00f6nroos 18. <a href=\"https:\/\/wccc2025.wfcc.ch\/wp-content\/uploads\/2025\/07\/2025-07-09-ROU-Alba-Iulia-WCSC-final-Individuals.pdf\" target=\"_blank\" rel=\"noreferrer noopener\">Henkil\u00f6kohtaiset tulokset<\/a><\/p>\n<\/div>\n<\/div>\n\n\n\n<div class=\"wp-block-columns is-layout-flex wp-container-core-columns-is-layout-4 wp-block-columns-is-layout-flex\">\n<div class=\"wp-block-column is-layout-flow wp-block-column-is-layout-flow\" style=\"flex-basis:33.33%\">\n<p><strong>Euroopanmestaruuskilpailu (ECSC)<\/strong><\/p>\n<\/div>\n\n\n\n<div class=\"wp-block-column is-layout-flow wp-block-column-is-layout-flow\" style=\"flex-basis:66.66%\">\n<p>Puolassa j\u00e4rjestettiin 17.\u201319.6.2005 ensimm\u00e4inen ratkaisemisen EM-kilpailu (ECSC). Suomen 4-henkisen joukkueen muodostivat Harri Hurme, Jorma Paavilainen, Pauli Perkonoja ja Henry Tanner ja yksitt\u00e4isratkaisijana oli mukana Terho Marlo. <a href=\"http:\/\/tehtavaniekat.fi\/index.php\/em-ratkaisukilpailu-2005\/\">Suomalaiset voittivat sek\u00e4 joukkue- ett\u00e4 henkil\u00f6kohtaisen kilpailun.<\/a><\/p>\n\n\n\n<p>2. ECSC oli Varsovassa, Puolassa 11.\u201312.11.2006. Serbia voitti joukkuemestaruuden ja Piotr Murdzia (Puola) henkil\u00f6kohtaisen. Suomi oli viides ja Jorma Paavilainen kuudes. <a href=\"http:\/\/tehtavaniekat.fi\/index.php\/em-ratkaisukilpailu-2006\/\">Tulokset<\/a><\/p>\n\n\n\n<p>3. ECSC oli Pardubicessa (Tshekin tasavalta) 14.\u201315.7.2007. Suomen joukkue Harri Hurme (8.), Terho Marlo (31.), Jorma Paavilainen (19.) ja Henry Tanner (43.) oli nelj\u00e4s. <a href=\"http:\/\/tehtavaniekat.fi\/index.php\/em-ratkaisukilpailu-2007\/\">Tulokset<\/a><\/p>\n\n\n\n<p>4. ECSC oli Turkin Antalyassa 29.\u201330.3.2008. Suomen oli viides ja henkil\u00f6kohtaiset sijoitukset: 9. Paavilainen, 14. Marlo, 33. Hurme, ja 34. Tanner. <a href=\"http:\/\/tehtavaniekat.fi\/index.php\/em-ratkaisukilpailu-2008\/\">Tulokset<\/a> <\/p>\n\n\n\n<p>5. ECSC oli Serbian Suboticassa 8.\u20139.5.2009. Sen yhteydess\u00e4 oli &#8221;Euroopan teht\u00e4v\u00e4shakkifestivaali&#8221; 6.\u201310.5. Suomen &#8221;vakiojoukkue&#8221; oli nelj\u00e4s. Henkil\u00f6kohtaisessa kilpailussa 7. Paavilainen, 11. Hurme, 41. Marlo ja 45. Tanner. <a href=\"http:\/\/tehtavaniekat.fi\/index.php\/em-ratkaisukilpailu-2009\/\">Tulokset<\/a>  <\/p>\n\n\n\n<p>6. ECSC oli Sunningdalessa, Englannissa 10.\u201311.4.2010. Suomi putosi kuudenneksi. Henkil\u00f6kohtaiset tulokset: 6. Paavilainen, 22. Hurme, 32. Marlo ja 54. Janne Syv\u00e4niemi.  <a href=\"http:\/\/tehtavaniekat.fi\/index.php\/em-ratkaisukilpailu-2010\/\">Tulokset<\/a><\/p>\n\n\n\n<p>7. ECSC oli Lowiczissa, Puolassa 2.\u20133.4.2011. Joukkueita oli nyt 16 ja Suomi nousi viidenneksi. Henkil\u00f6kohtaiset tulokset: 13. Paavilainen, 23. Kari Valtonen, 26. Hurme, 28. Joose Norri ja 68. Marlo. <a href=\"http:\/\/tehtavaniekat.fi\/index.php\/em-ratkaisukilpailu-2011\/\">Tulokset<\/a> <\/p>\n\n\n\n<p>8. ECSC oli Ukrainan Kiovassa 20.\u201322.4.2012. Suomesta osallistuivat Harri Hurme, Terho Marlo, Jorma Paavilainen ja Kari Valtonen. <a href=\"http:\/\/tehtavaniekat.fi\/index.php\/em-ratkaisukilpailu-2012\/\">Tulokset<\/a> <\/p>\n\n\n\n<p>9. ECSC oli Liettuan Vilnassa 26.\u201328.4.2013. Joukkueita oli 17. Suomesta osallistuivat Harri Hurme (38.), Kari Karhunen (9.) ja Jorma Paavilainen (21.), jotka toivat joukkueelle 7. sijan. Hurme voitti seniorien sarjan. <a href=\"http:\/\/tehtavaniekat.fi\/index.php\/em-ratkaisukilpailu-2013\/\">Tulokset<\/a> <\/p>\n\n\n\n<p>10. ECSC oli Montenegron Igalossa (Herceg Novi) toukokuussa 2014. Joukkueita oli 15. Suomesta osallistuivat Harri Hurme (30.), Jorma Paavilainen (28.) ja Henry Tanner (35.), jotka toivat joukkueelle 10. sijan. <a href=\"http:\/\/tehtavaniekat.fi\/index.php\/em-ratkaisukilpailu-2014\/\">Tulokset<\/a><\/p>\n\n\n\n<p>11. ECSC oli Romanian Iasissa 2.\u20133.5.2015. Joukkueita oli 16 ja ratkaisijoita 65. Suomesta osallistuivat Terho Marlo (58.), Jorma Paavilainen (8.) ja Henry Tanner (15.), jotka nostivat joukkueen 8. sijalle. Henry Tanner saavutti ik\u00e4miesten Euroopan mestaruuden. <a href=\"http:\/\/tehtavaniekat.fi\/index.php\/em-ratkaisukilpailu-2015\/\">Tulokset<\/a><\/p>\n\n\n\n<p>12. ECSC oli Ateenassa, Kreikassa 16.\u201317.4.2016. Joukkueita oli 16 ja ratkaisijoita 74. Suomen joukkueelle sijan 11 toivat Jorma Paavilainen (24.), Terho Marlo (43.\u201345.), Harri Hurme (54.) ja Henry Tanner (58.). <a href=\"https:\/\/www.tehtavaniekat.fi\/index.php\/em-ratkaisukilpailu-2016\/\" target=\"_blank\" rel=\"noreferrer noopener\">Tulokset<\/a><\/p>\n\n\n\n<p>13. ECSC oli Riiassa, Latviassa 12.\u201314.5.2017. Joukkueita oli 15 ja ratkaisijoita 68. Suomen joukkue paransi yhden sijan ja oli 10. Mukana olivat Jorma Paavilainen (14.), Harri Hurme (38.) ja Terho Marlo (52.). <a href=\"https:\/\/www.tehtavaniekat.fi\/index.php\/em-ratkaisukilpailu-2017\/\" target=\"_blank\" rel=\"noreferrer noopener\">Tulokset<\/a><\/p>\n\n\n\n<p>Vuonna 2018 kilpailua ei j\u00e4rjestetty.<\/p>\n\n\n\n<p><a href=\"https:\/\/www.wfcc.ch\/competitions\/solving\/ecsc2019\/\">14. ECSC<\/a> pidettiin 3.-5.5.2019 j\u00e4lleen Ateenassa samassa paikassa kuin vuonna 2016. Joukkueita oli 14 ja ratkaisijoita 65. Suomi nosti sijoitusta viidenneksi joukkueella Jorma Paavilainen (12.), Henry Tanner (27.-28.), Kari Karhunen (36.) ja Harri Hurme (45.) <a href=\"https:\/\/www.tehtavaniekat.fi\/index.php\/em-ratkaisukilpailu-2019\/\" target=\"_blank\" rel=\"noreferrer noopener\">Tulokset <\/a><\/p>\n\n\n\n<p>Vuosina 2020-21 kilpailua ei j\u00e4rjestetty.<\/p>\n\n\n\n<p><a href=\"https:\/\/ecsc2022.wfcc.ch\/\">15. ECSC<\/a> j\u00e4rjestettiin Riiassa, Latviassa 13.-15.5.2022. Joukkueita oli 12 ja ratkaisijoita 61. Suomen joukkueessa ratkaisivat Jorma Paavilainen (21. sija), Henry Tanner (50.-51.) ja Antti Parkkinen (53.). Suomen taakse j\u00e4i vain Latvian kakkosjoukkue. <a rel=\"noreferrer noopener\" href=\"https:\/\/www.tehtavaniekat.fi\/index.php\/em-ratkaisukilpailu-2022\/\" target=\"_blank\">Tulokset<\/a><\/p>\n\n\n\n<p><a rel=\"noreferrer noopener\" href=\"https:\/\/www.wfcc.ch\/competitions\/solving\/16th-ecsc-results\/\" target=\"_blank\">16. ECSC<\/a> oli Slovakian Bratislavassa 2.-4.6.2023. Joukkueita 14 ja ratkaisijoita 75. Suomi sijoittui kymmenenneksi joukkueella Jorma Paavilainen (14. sija), Kari Karhunen (31.) ja Terho Marlo (55). <a rel=\"noreferrer noopener\" href=\"https:\/\/www.tehtavaniekat.fi\/index.php\/em-ratkaisukilpailu-2023\/\" target=\"_blank\">Tulokset<\/a><\/p>\n\n\n\n<p><a href=\"https:\/\/www.ecsc2024.de\/\" target=\"_blank\" rel=\"noreferrer noopener\">17. ECSC<\/a> Hagen, Saksa 19.-21.4.2024. Joukkueita oli 15 ja ratkaisijoita 69. Suomella oli vain kaksi ratkaisijaa ja joukkueen sijoitus oli 13. Henkil\u00f6kohtaisessa kilpailussa Jorma Paavilainen oli 20. ja Kari Karhunen 29. <a href=\"https:\/\/www.tehtavaniekat.fi\/index.php\/em-ratkaisukilpailu-2024\/\" target=\"_blank\" rel=\"noreferrer noopener\">Tulokset<\/a><\/p>\n\n\n\n<p>18. ECSC Ateena, Kreikka 26.-27.4.2025. Joukkueita oli 13 (Kreikalla kolme) ja ratkaisisjoita 74 (ja kaksi kilpailun ulkopuolella). Suomen kaksimiehinen joukkue oli sijalla 10. Paavilainen oli 25. ja Karhunen 41. <a href=\"https:\/\/www.wfcc.ch\/competitions\/solving\/18th-ecsc-results\/\" target=\"_blank\" rel=\"noreferrer noopener\">Tulokset<\/a><\/p>\n<\/div>\n<\/div>\n\n\n\n<div class=\"wp-block-columns is-layout-flex wp-container-core-columns-is-layout-5 wp-block-columns-is-layout-flex\">\n<div class=\"wp-block-column is-layout-flow wp-block-column-is-layout-flow\" style=\"flex-basis:33.33%\">\n<p><strong>Kansainv\u00e4linen ratkaisukilpailu (ISC)<\/strong><\/p>\n<\/div>\n\n\n\n<div class=\"wp-block-column is-layout-flow wp-block-column-is-layout-flow\" style=\"flex-basis:66.66%\">\n<p>23.1.2005 j\u00e4rjestettiin ensimm\u00e4ist\u00e4 kertaa kansainv\u00e4linen ratkaisukilpailu (ISC), jossa osanottajat ratkaisevat eri maissa samat teht\u00e4v\u00e4t samanaikaisesti. Kilpailuun osallistui 262 ratkaisijaa 23 maasta ja Kari Karhunen sijoittui hienosti toiseksi.<\/p>\n\n\n\n<ol start=\"2\" class=\"wp-block-list\">\n<li>ISC oli 22.1.2006. Helsingiss\u00e4 osallistui 11 ratkaisijaa. <a rel=\"noreferrer noopener\" href=\"https:\/\/www.tehtavaniekat.fi\/index.php\/isc-2006\/\" target=\"_blank\">Tulokset<\/a>. Kaikkiaan osallistui 210 ratkaisijaa ja aloittelijoiden sarjaan 43.<\/li>\n\n\n\n<li>ISC oli 21.1.2007. Helsingiss\u00e4 osallistui 11 ja Tampereella 3 ratkaisijaa. <a rel=\"noreferrer noopener\" href=\"https:\/\/www.tehtavaniekat.fi\/index.php\/isc-2007\/\" target=\"_blank\">Tulokset<\/a><\/li>\n\n\n\n<li>ISC j\u00e4rjestettiin 27.1.2008 Helsingiss\u00e4 ja Tampereella. <a rel=\"noreferrer noopener\" href=\"https:\/\/www.tehtavaniekat.fi\/index.php\/isc-2008\/\" target=\"_blank\">Tulokset<\/a><\/li>\n\n\n\n<li>ISC kilpailtiin 25.1.2009 vain Helsingiss\u00e4. <a rel=\"noreferrer noopener\" href=\"https:\/\/www.tehtavaniekat.fi\/index.php\/isc-2009\/\" target=\"_blank\">Tulokset<\/a><\/li>\n\n\n\n<li>ISC 24.1.2010 Helsingiss\u00e4. <a rel=\"noreferrer noopener\" href=\"https:\/\/www.tehtavaniekat.fi\/index.php\/isc-2010\/\" target=\"_blank\">Tulokset<\/a><\/li>\n\n\n\n<li>ISC 23.1.2011 Helsingiss\u00e4, 12 ratkaisijaa. <a rel=\"noreferrer noopener\" href=\"https:\/\/www.tehtavaniekat.fi\/index.php\/isc-2011\/\" target=\"_blank\">Tulokset<\/a><\/li>\n\n\n\n<li>ISC 29.1.2012 Helsingin Shakkiareenalla, 10 ratkaisijaa. <a rel=\"noreferrer noopener\" href=\"https:\/\/www.tehtavaniekat.fi\/index.php\/isc-2012\/\" target=\"_blank\">Tulokset<\/a><\/li>\n\n\n\n<li>ISC 27.1.2013 Helsingin Shakkiareenalla, 9 ratkaisijaa. <a rel=\"noreferrer noopener\" href=\"https:\/\/www.tehtavaniekat.fi\/index.php\/isc-2013\/\" target=\"_blank\">Tulokset<\/a><\/li>\n\n\n\n<li>ISC 26.1.2014 Helsingin Shakkiareenalla, 10+1 ratkaisijaa. <a rel=\"noreferrer noopener\" href=\"https:\/\/www.tehtavaniekat.fi\/index.php\/isc-2014\/\" target=\"_blank\">Tulokset<\/a><\/li>\n\n\n\n<li>ISC 25.1.2015 Helsingin Shakkiareenalla, 12+2 ratkaisijaa. <a rel=\"noreferrer noopener\" href=\"https:\/\/www.tehtavaniekat.fi\/index.php\/isc-2015\/\" target=\"_blank\">Tulokset<\/a><\/li>\n\n\n\n<li>ISC 24.1.2016 Helsingin Shakkiareenalla, 9 ratkaisijaa. <a rel=\"noreferrer noopener\" href=\"https:\/\/www.tehtavaniekat.fi\/index.php\/isc-2016\/\" target=\"_blank\">Tulokset<\/a><\/li>\n\n\n\n<li>ISC 29.1.2017 Helsingin Shakkiareenalla, 8 ratkaisijaa. <a rel=\"noreferrer noopener\" href=\"https:\/\/www.tehtavaniekat.fi\/index.php\/isc-2017\/\" target=\"_blank\">Tulokset<\/a><\/li>\n\n\n\n<li>ISC 28.1.2018 Helsingin Shakkiareenalla, 12 ratkaisijaa. <a rel=\"noreferrer noopener\" href=\"https:\/\/www.tehtavaniekat.fi\/index.php\/isc-2018\/\" target=\"_blank\">Tulokset<\/a><\/li>\n\n\n\n<li>ISC 27.1.2019 Helsingin Shakkiareenalla, 13 ratkaisijaa. <a rel=\"noreferrer noopener\" href=\"https:\/\/www.tehtavaniekat.fi\/index.php\/isc-2019\/\" target=\"_blank\">Tulokset<\/a><\/li>\n\n\n\n<li>ISC 26.1.2020 Helsingin Shakkiareenalla, 10 ratkaisijaa. <a rel=\"noreferrer noopener\" href=\"https:\/\/www.tehtavaniekat.fi\/index.php\/isc-2020\/\" target=\"_blank\">Tulokset<\/a><\/li>\n\n\n\n<li>ISC 2021 on Suomessa peruutettu<\/li>\n\n\n\n<li>ISC 2022 on Suomessa peruutettu<\/li>\n\n\n\n<li>ISC 29.1.2023 Helsingin Shakkiareenalla. <a href=\"https:\/\/www.tehtavaniekat.fi\/index.php\/isc-2023-2\/\">Tulokset<\/a><\/li>\n\n\n\n<li>ISC 21.1.2024 Helsingin Shakkiareenalla. <a href=\"https:\/\/www.tehtavaniekat.fi\/index.php\/isc-2024\/\">Tulokset<\/a><\/li>\n\n\n\n<li>ISC 19.1.2025 Helsingin Shakkiareenalla. <a href=\"https:\/\/www.tehtavaniekat.fi\/index.php\/isc-2025\/\">Tulokset<\/a><\/li>\n<\/ol>\n<\/div>\n<\/div>\n\n\n\n<p><\/p>\n","protected":false},"excerpt":{"rendered":"<p>Ratkaisukilpailut Suomen ratkaisijamestaruuskilpailu Kilpailu on j\u00e4rjestetty vuosina 1955\u20131999. Ratkaisemisen SM-kilpailu Kilpailu on j\u00e4rjestetty vuodesta 1980 l\u00e4htien. Se on kest\u00e4nyt noin kolme tuntia ja ratkaistavana on ollut yleens\u00e4 12\u201315 teht\u00e4v\u00e4\u00e4. Ne ovat tyypilt\u00e4\u00e4n mattiteht\u00e4vi\u00e4, lopputeht\u00e4vi\u00e4, apumatteja ja itsematteja. Helpommassa B-ryhm\u00e4ss\u00e4 on vain matti- ja lopputeht\u00e4vi\u00e4. Vuoden 2026 kilpailu j\u00e4rjestettiin 14.2.Aikaisemmat kilpailut:&#8230; <a class=\"continue-reading-link\" href=\"https:\/\/www.tehtavaniekat.fi\/index.php\/ratkaisukilpailut\/\">Jatka lukemista<\/a><\/p>\n","protected":false},"author":1,"featured_media":0,"parent":0,"menu_order":0,"comment_status":"closed","ping_status":"closed","template":"","meta":{"footnotes":""},"class_list":["post-712","page","type-page","status-publish","hentry"],"_links":{"self":[{"href":"https:\/\/www.tehtavaniekat.fi\/index.php\/wp-json\/wp\/v2\/pages\/712","targetHints":{"allow":["GET"]}}],"collection":[{"href":"https:\/\/www.tehtavaniekat.fi\/index.php\/wp-json\/wp\/v2\/pages"}],"about":[{"href":"https:\/\/www.tehtavaniekat.fi\/index.php\/wp-json\/wp\/v2\/types\/page"}],"author":[{"embeddable":true,"href":"https:\/\/www.tehtavaniekat.fi\/index.php\/wp-json\/wp\/v2\/users\/1"}],"replies":[{"embeddable":true,"href":"https:\/\/www.tehtavaniekat.fi\/index.php\/wp-json\/wp\/v2\/comments?post=712"}],"version-history":[{"count":69,"href":"https:\/\/www.tehtavaniekat.fi\/index.php\/wp-json\/wp\/v2\/pages\/712\/revisions"}],"predecessor-version":[{"id":3998,"href":"https:\/\/www.tehtavaniekat.fi\/index.php\/wp-json\/wp\/v2\/pages\/712\/revisions\/3998"}],"wp:attachment":[{"href":"https:\/\/www.tehtavaniekat.fi\/index.php\/wp-json\/wp\/v2\/media?parent=712"}],"curies":[{"name":"wp","href":"https:\/\/api.w.org\/{rel}","templated":true}]}}