{"id":707,"date":"2021-10-13T21:56:27","date_gmt":"2021-10-13T18:56:27","guid":{"rendered":"https:\/\/www.tehtavaniekat.fi\/?page_id=707"},"modified":"2022-12-14T18:54:41","modified_gmt":"2022-12-14T15:54:41","slug":"isc-2020","status":"publish","type":"page","link":"https:\/\/www.tehtavaniekat.fi\/index.php\/isc-2020\/","title":{"rendered":"ISC 2020"},"content":{"rendered":"\n<h1 class=\"wp-block-heading\">16. KANSAINV\u00c4LINEN RATKAISUKILPAILU 26.1.2020<\/h1>\n\n\n\n<p><\/p>\n\n\n\n<p>T\u00e4m\u00e4n vuoden kansainv\u00e4liseen ratkaisukilpailuun Helsingiss\u00e4 osallistui vaikeampaan 1-ryhm\u00e4\u00e4n 10 ratkaisijaa. Jorma Paavilainen sai seniorien hopeasijan. Kaikkiaan ratkaisijoita oli ryhm\u00e4ss\u00e4 202.<br>Kummallakin kierroksella oli kuusi teht\u00e4v\u00e4\u00e4. Maksimipistem\u00e4\u00e4r\u00e4 oli 60 ja ratkaisuaikaa 2 + 2 tuntia.<\/p>\n\n\n\n<p>Helpompaan 2-ryhm\u00e4\u00e4n osallistuivat Suomesta Hannu Harkola (29,75\/60) ja Ismo Vihtola (28,5), ja juniorien 3-ryhm\u00e4\u00e4n 8-vuotias Vihan Velagapudi (10\/30).<\/p>\n\n\n\n<p>Tuomarina toimi Neal Turner.<\/p>\n\n\n\n<p>Kilpailuja oli kaikkiaan 31 maassa. Ratkaisijoita osallistui enn\u00e4tysm\u00e4\u00e4r\u00e4 l\u00e4hes 900. Eri maiden tulokset ovat <a href=\"http:\/\/solving.matplus.net\/isca\">MatPlus-sivustolla<\/a>. Teht\u00e4v\u00e4t ja niiden ratkaisut saa n\u00e4kyviin valinnan &#8221;expanded&#8221; avulla.<\/p>\n\n\n\n<p>K\u00e4rjess\u00e4 ovat 1-ryhm\u00e4ss\u00e4: 1. Ulrich Voigt (GER) 60, 2.Kacper Piorun (POL) 58,75, 3. Jevgeni Viktorov (RUS) 58, 4. Eddy Van Beers (BEL) 57,75 ja 5. Boris Tummes (GER) 56,75.<\/p>\n\n\n\n<p>Suomalaisten tulokset:<\/p>\n\n\n\n<p><style>\ntable {border-collapse: collapse;}\ntd  {padding: 2px ! important;  font-size: small ! important;}\nth {font-color: white! important;  background-color: blue ! important;}\n<\/style><\/p>\n\n<figure class=\"wp-block-table is-style-stripes\"><table><tbody><tr><td>&nbsp;<\/td><td>&nbsp;<\/td><td><strong>1<\/strong><\/td><td><strong>2<\/strong><\/td><td><strong>3<\/strong><\/td><td><strong>4<\/strong><\/td><td><strong>5<\/strong><\/td><td><strong>6<\/strong><\/td><td><strong>Yht.<\/strong><\/td><td>&nbsp;<\/td><td><strong>7<\/strong><\/td><td><strong>8<\/strong><\/td><td><strong>9<\/strong><\/td><td><strong>10<\/strong><\/td><td><strong>11<\/strong><\/td><td><strong>12<\/strong><\/td><td><strong>Yht.<\/strong><\/td><td>&nbsp;<\/td><td><strong>Pist.<\/strong><\/td><td><strong>Aika<\/strong><\/td><td><strong>Sija<\/strong><\/td><td><strong>Kv. sija<\/strong><\/td><\/tr><tr><td>&nbsp;<\/td><td>&nbsp;<\/td><td><strong>2#<\/strong><\/td><td><strong>3#<\/strong><\/td><td><strong>+<\/strong><\/td><td><strong>a#4<\/strong><\/td><td><strong>6#<\/strong><\/td><td><strong>i#3<\/strong><\/td><td><strong>(30)<\/strong><\/td><td>&nbsp;<\/td><td><strong>2#<\/strong><\/td><td><strong>3#<\/strong><\/td><td>+<\/td><td><strong>a#3<\/strong><\/td><td><strong>4#<\/strong><\/td><td><strong>i#4<\/strong><\/td><td><strong>(30)<\/strong><\/td><td>&nbsp;<\/td><td><strong>(60)<\/strong><\/td><td><strong>(240)<\/strong><\/td><td>&nbsp;<\/td><td><\/td><\/tr><tr><td>Jorma Paavilainen<\/td><td>&nbsp;<\/td><td>5<\/td><td>5<\/td><td>2<\/td><td>3,5<\/td><td>5<\/td><td>3<\/td><td>23,5<\/td><td><\/td><td>5<\/td><td>5<\/td><td>5<\/td><td>5<\/td><td>3,75<\/td><td>3,75<\/td><td>27,5<\/td><td><\/td><td>51<\/td><td>240<\/td><td>1<\/td><td>14<\/td><\/tr><tr><td>Joose Norri<\/td><td>&nbsp;<\/td><td>5<\/td><td>5<\/td><td>5<\/td><td>5<\/td><td>5<\/td><td>5<\/td><td>30<\/td><td><\/td><td>5<\/td><td>5<\/td><td>4<\/td><td>&#8211;<\/td><td>2,5<\/td><td>0<\/td><td>16,5<\/td><td><\/td><td>46,5<\/td><td>236<\/td><td>2<\/td><td>27<\/td><\/tr><tr><td>Kari Karhunen<\/td><td>&nbsp;<\/td><td>5<\/td><td>4<\/td><td>3<\/td><td>5<\/td><td>0<\/td><td>&#8211;<\/td><td>17<\/td><td><\/td><td>5<\/td><td>5<\/td><td>5<\/td><td>5<\/td><td>3,75<\/td><td>3,75<\/td><td>27,5<\/td><td><\/td><td>44,5<\/td><td>240<\/td><td>3<\/td><td>33-36<\/td><\/tr><tr><td>Terho Marlo<\/td><td>&nbsp;<\/td><td>5<\/td><td>5<\/td><td>0<\/td><td>5<\/td><td>5<\/td><td>4<\/td><td>24<\/td><td><\/td><td>5<\/td><td>4<\/td><td>&#8211;<\/td><td>2,5<\/td><td>&#8211;<\/td><td>0<\/td><td>11,5<\/td><td><\/td><td>35,5<\/td><td>233<\/td><td>4<\/td><td>69<\/td><\/tr><tr><td>Ari M\u00f6tt\u00f6nen<\/td><td>&nbsp;<\/td><td>0<\/td><td>0<\/td><td>2<\/td><td>&#8211;<\/td><td>&#8211;<\/td><td>&#8211;<\/td><td>2<\/td><td><\/td><td>5<\/td><td>3<\/td><td>5<\/td><td>0<\/td><td>&#8211;<\/td><td>&#8211;<\/td><td>13<\/td><td><\/td><td>15<\/td><td>237<\/td><td>5<\/td><td>155<\/td><\/tr><tr><td>Petteri Paronen<\/td><td><\/td><td>5<\/td><td>0<\/td><td>0<\/td><td>&#8211;<\/td><td>0<\/td><td>&#8211;<\/td><td>5<\/td><td><\/td><td>5<\/td><td>0<\/td><td>2<\/td><td>2,5<\/td><td>&#8211;<\/td><td>&#8211;<\/td><td>9,5<\/td><td><\/td><td>14,5<\/td><td>236<\/td><td>6<\/td><td>158<\/td><\/tr><tr><td>Janne Syv\u00e4niemi<\/td><td>&nbsp;<\/td><td>0<\/td><td>0<\/td><td>&#8211;<\/td><td>5<\/td><td>&#8211;<\/td><td>0<\/td><td>5<\/td><td><\/td><td>5<\/td><td>&#8211;<\/td><td>&#8211;<\/td><td>0<\/td><td>&#8211;<\/td><td>3,75<\/td><td>8,75<\/td><td><\/td><td>13,75<\/td><td>240<\/td><td>7<\/td><td>161<\/td><\/tr><tr><td>Juha Saukkola<\/td><td>&nbsp;<\/td><td>5<\/td><td>0<\/td><td>0<\/td><td>3,5<\/td><td>0<\/td><td>5<\/td><td>13,5<\/td><td><\/td><td>0<\/td><td>&#8211;<\/td><td>0<\/td><td>&#8211;<\/td><td>&#8211;<\/td><td>&#8211;<\/td><td>0<\/td><td><\/td><td>13,5<\/td><td>236<\/td><td>8<\/td><td>162<\/td><\/tr><tr><td>Matti Rasilainen<\/td><td>&nbsp;<\/td><td>5<\/td><td>0<\/td><td>0<\/td><td>&#8211;<\/td><td>0<\/td><td>0<\/td><td>5<\/td><td><\/td><td>5<\/td><td>1<\/td><td>0<\/td><td>0<\/td><td>&#8211;<\/td><td>0<\/td><td>6<\/td><td><\/td><td>11<\/td><td>237<\/td><td>9<\/td><td>173<\/td><\/tr><tr><td>Eero Wilen<\/td><td>&nbsp;<\/td><td>5<\/td><td>2<\/td><td>&#8211;<\/td><td>&#8211;<\/td><td>&#8211;<\/td><td>0<\/td><td>7<\/td><td><\/td><td>0<\/td><td>2,5<\/td><td>&#8211;<\/td><td>0<\/td><td>&#8211;<\/td><td>&#8211;<\/td><td>2,5<\/td><td><\/td><td>9,5<\/td><td>240<\/td><td>10<\/td><td>176<\/td><\/tr><tr><td>keskiarvo<\/td><td>&nbsp;<\/td><td>4,0<\/td><td>2,1<\/td><td>1,2<\/td><td>2,7<\/td><td>1,5<\/td><td>1,7<\/td><td><\/td><td><\/td><td>4,0<\/td><td>2,6<\/td><td>2,1<\/td><td>1,5<\/td><td>1,0<\/td><td>1,1<\/td><td><\/td><td><\/td><td><\/td><td><\/td><\/tr><\/tbody><\/table><\/figure>\n","protected":false},"excerpt":{"rendered":"<p>16. KANSAINV\u00c4LINEN RATKAISUKILPAILU 26.1.2020 T\u00e4m\u00e4n vuoden kansainv\u00e4liseen ratkaisukilpailuun Helsingiss\u00e4 osallistui vaikeampaan 1-ryhm\u00e4\u00e4n 10 ratkaisijaa. Jorma Paavilainen sai seniorien hopeasijan. Kaikkiaan ratkaisijoita oli ryhm\u00e4ss\u00e4 202.Kummallakin kierroksella oli kuusi teht\u00e4v\u00e4\u00e4. Maksimipistem\u00e4\u00e4r\u00e4 oli 60 ja ratkaisuaikaa 2 + 2 tuntia. Helpompaan 2-ryhm\u00e4\u00e4n osallistuivat Suomesta Hannu Harkola (29,75\/60) ja Ismo Vihtola (28,5), ja juniorien&#8230; <a class=\"continue-reading-link\" href=\"https:\/\/www.tehtavaniekat.fi\/index.php\/isc-2020\/\">Jatka lukemista<\/a><\/p>\n","protected":false},"author":1,"featured_media":0,"parent":0,"menu_order":0,"comment_status":"closed","ping_status":"closed","template":"","meta":{"footnotes":""},"class_list":["post-707","page","type-page","status-publish","hentry"],"_links":{"self":[{"href":"https:\/\/www.tehtavaniekat.fi\/index.php\/wp-json\/wp\/v2\/pages\/707","targetHints":{"allow":["GET"]}}],"collection":[{"href":"https:\/\/www.tehtavaniekat.fi\/index.php\/wp-json\/wp\/v2\/pages"}],"about":[{"href":"https:\/\/www.tehtavaniekat.fi\/index.php\/wp-json\/wp\/v2\/types\/page"}],"author":[{"embeddable":true,"href":"https:\/\/www.tehtavaniekat.fi\/index.php\/wp-json\/wp\/v2\/users\/1"}],"replies":[{"embeddable":true,"href":"https:\/\/www.tehtavaniekat.fi\/index.php\/wp-json\/wp\/v2\/comments?post=707"}],"version-history":[{"count":6,"href":"https:\/\/www.tehtavaniekat.fi\/index.php\/wp-json\/wp\/v2\/pages\/707\/revisions"}],"predecessor-version":[{"id":1983,"href":"https:\/\/www.tehtavaniekat.fi\/index.php\/wp-json\/wp\/v2\/pages\/707\/revisions\/1983"}],"wp:attachment":[{"href":"https:\/\/www.tehtavaniekat.fi\/index.php\/wp-json\/wp\/v2\/media?parent=707"}],"curies":[{"name":"wp","href":"https:\/\/api.w.org\/{rel}","templated":true}]}}