{"id":617,"date":"2021-10-11T23:10:25","date_gmt":"2021-10-11T20:10:25","guid":{"rendered":"https:\/\/www.tehtavaniekat.fi\/?page_id=617"},"modified":"2022-12-30T19:41:25","modified_gmt":"2022-12-30T16:41:25","slug":"8-wcct","status":"publish","type":"page","link":"https:\/\/www.tehtavaniekat.fi\/index.php\/8-wcct\/","title":{"rendered":"8. WCCT"},"content":{"rendered":"\n<h1 class=\"wp-block-heading\">8. WCCT<\/h1>\n\n\n\n<p>Lokakuussa 2005 julistettu laadinnan kansainv\u00e4linen joukkuekilpailu on nyt p\u00e4\u00e4ttynyt. Laadinta-aika p\u00e4\u00e4ttyi 1.3.2007. Painettu tuomio, joka sis\u00e4lt\u00e4\u00e4 my\u00f6s kaikki sijoittuneet teht\u00e4v\u00e4t, ilmestyy l\u00e4hiaikoina, mutta seuraavassa pisteet eri ryhmist\u00e4. Suomi sijoittui 38 maan joukossa 19. sijalle. (Edellisess\u00e4 kilpailussa Suomi oli 16.) Teht\u00e4vi\u00e4 osallistui 7 ryhm\u00e4ss\u00e4 kaikkiaan 545 kpl.<\/p>\n\n\n\n<p>Lopputulokset:<\/p>\n\n\n\n<p><style>\ntable {border-collapse: collapse;}\ntd  {padding: 2px ! important;  font-size: small ! important;}\nth {font-color: white! important;  background-color: blue ! important;}\n<\/style><\/p>\n\n<figure class=\"wp-block-table\"><table><tbody><tr><td><strong>Sija<\/strong><\/td><td><strong>Maa<\/strong><\/td><td><strong>A &#8211; 2#<\/strong><\/td><td><strong>B &#8211; 3#<\/strong><\/td><td><strong>C &#8211; n#<\/strong><\/td><td><strong>D &#8211; lt<\/strong><\/td><td><strong>E &#8211; a#<\/strong><\/td><td><strong>F &#8211; i#<\/strong><\/td><td><strong>G- satu<\/strong><\/td><td><strong>Yht<\/strong><\/td><\/tr><tr><td>1<\/td><td>Ven\u00e4j\u00e4<\/td><td>12+2<\/td><td>24+18<\/td><td>24+21<\/td><td>23+16<\/td><td>20+11<\/td><td>23+22<\/td><td>23+13<\/td><td>252<\/td><\/tr><tr><td>2<\/td><td>Slovakia<\/td><td>23+21<\/td><td>22+17<\/td><td>18+17<\/td><td>20+5,5<\/td><td>21+17<\/td><td>21+11<\/td><td>24+12<\/td><td>249,5<\/td><\/tr><tr><td>3<\/td><td>Serbia<\/td><td>24+15<\/td><td>20+19<\/td><td>19+13,5<\/td><td>3<\/td><td>15+14<\/td><td>19+17<\/td><td>10,5+4<\/td><td>193<\/td><\/tr><tr><td>4<\/td><td>Saksa<\/td><td>20+14<\/td><td>11+6<\/td><td>23+20<\/td><td>24+21<\/td><td>2<\/td><td>17+13<\/td><td>8+5<\/td><td>184<\/td><\/tr><tr><td>5<\/td><td>Israel<\/td><td>9+8<\/td><td>23+16<\/td><td>16+15<\/td><td>&nbsp;<\/td><td>18+13<\/td><td>20<\/td><td>22+20<\/td><td>180<\/td><\/tr><tr><td>6<\/td><td>Ukraina<\/td><td>13+11<\/td><td>8+1<\/td><td>22+10<\/td><td>10+5,5<\/td><td>24+23<\/td><td>12+9<\/td><td>10,5+7<\/td><td>166<\/td><\/tr><tr><td>7<\/td><td>Valko-Ven\u00e4j\u00e4<\/td><td>19+16<\/td><td>&nbsp;<\/td><td>13,5+6<\/td><td>11<\/td><td>9<\/td><td>24+17<\/td><td>19+9<\/td><td>143,5<\/td><\/tr><tr><td>8<\/td><td>Ranska<\/td><td>22+10<\/td><td>7<\/td><td>&nbsp;<\/td><td>&nbsp;<\/td><td>10<\/td><td>10+8<\/td><td>21+14<\/td><td>102<\/td><\/tr><tr><td>9<\/td><td>Sveitsi<\/td><td>&nbsp;<\/td><td>12+10<\/td><td>4<\/td><td>&nbsp;<\/td><td>19+2<\/td><td>4,5<\/td><td>17+15<\/td><td>83,5<\/td><\/tr><tr><td>10<\/td><td>Puola<\/td><td>&nbsp;<\/td><td>15+2<\/td><td>7,5+1.5<\/td><td>19+12<\/td><td>&nbsp;<\/td><td>7<\/td><td>2<\/td><td>66<\/td><\/tr><tr><td>11<\/td><td>USA<\/td><td>&nbsp;<\/td><td>21+14<\/td><td>3<\/td><td>17,5+9<\/td><td>&nbsp;<\/td><td>&nbsp;<\/td><td>1<\/td><td>65,5<\/td><\/tr><tr><td>12<\/td><td>Makedonia<\/td><td>7+4<\/td><td>3<\/td><td>7,5+5<\/td><td>&nbsp;<\/td><td>16<\/td><td>14+2<\/td><td>&nbsp;<\/td><td>58,5<\/td><\/tr><tr><td>13<\/td><td>It\u00e4valta<\/td><td>0,5<\/td><td>13+9<\/td><td>11,5<\/td><td>17,5<\/td><td>&nbsp;<\/td><td>&nbsp;<\/td><td>&nbsp;<\/td><td>51,5<\/td><\/tr><tr><td>14<\/td><td>Unkari<\/td><td>&nbsp;<\/td><td>&nbsp;<\/td><td>&nbsp;<\/td><td>15<\/td><td>&nbsp;<\/td><td>&nbsp;<\/td><td>18+16<\/td><td>49<\/td><\/tr><tr><td>15<\/td><td>Iso-Britannia<\/td><td>17+3<\/td><td>&nbsp;<\/td><td>&nbsp;<\/td><td>&nbsp;<\/td><td>4<\/td><td>15+4,5<\/td><td>&nbsp;<\/td><td>43,5<\/td><\/tr><tr><td>16<\/td><td>Georgia<\/td><td>&nbsp;<\/td><td>&nbsp;<\/td><td>&nbsp;<\/td><td>22+7.5<\/td><td>7,5<\/td><td>&nbsp;<\/td><td>&nbsp;<\/td><td>37<\/td><\/tr><tr><td>17<\/td><td>Italia<\/td><td>&nbsp;<\/td><td>&nbsp;<\/td><td>&nbsp;<\/td><td>&nbsp;<\/td><td>22+5<\/td><td>&nbsp;<\/td><td>&nbsp;<\/td><td>27<\/td><\/tr><tr><td>18<\/td><td>Romania<\/td><td>5<\/td><td>&nbsp;<\/td><td>1,5<\/td><td>1,5+1,5<\/td><td>12<\/td><td>4,5<\/td><td>&nbsp;<\/td><td>26<\/td><\/tr><tr><td>19<\/td><td><strong>Suomi<\/strong><\/td><td>&nbsp;<\/td><td>4,5<\/td><td>&nbsp;<\/td><td>13+7,5<\/td><td>&nbsp;<\/td><td>&nbsp;<\/td><td>&nbsp;<\/td><td>25<\/td><\/tr><tr><td>20<\/td><td>Slovenia<\/td><td>18<\/td><td>&nbsp;<\/td><td>&nbsp;<\/td><td>&nbsp;<\/td><td>6<\/td><td>&nbsp;<\/td><td>&nbsp;<\/td><td>24<\/td><\/tr><tr><td>21<\/td><td>Tshekin tasav.<\/td><td>&nbsp;<\/td><td>&nbsp;<\/td><td>&nbsp;<\/td><td>14<\/td><td>&nbsp;<\/td><td>&nbsp;<\/td><td>6<\/td><td>20<\/td><\/tr><tr><td>22<\/td><td>Liettua<\/td><td>&nbsp;<\/td><td>&nbsp;<\/td><td>9<\/td><td>&nbsp;<\/td><td>&nbsp;<\/td><td>4,5+1<\/td><td>&nbsp;<\/td><td>14,5<\/td><\/tr><tr><td>23<\/td><td>Armenia<\/td><td>0,5<\/td><td>&nbsp;<\/td><td>11,5<\/td><td>&nbsp;<\/td><td>&nbsp;<\/td><td>&nbsp;<\/td><td>&nbsp;<\/td><td>12<\/td><\/tr><tr><td>24<\/td><td>Alankomaat<\/td><td>&nbsp;<\/td><td>4,5<\/td><td>&nbsp;<\/td><td>4<\/td><td>&nbsp;<\/td><td>&nbsp;<\/td><td>&nbsp;<\/td><td>8,5<\/td><\/tr><tr><td>25<\/td><td>Brasilia<\/td><td>6<\/td><td>&nbsp;<\/td><td>&nbsp;<\/td><td>&nbsp;<\/td><td>2<\/td><td>&nbsp;<\/td><td>&nbsp;<\/td><td>8<\/td><\/tr><tr><td>26<\/td><td>Kroatia<\/td><td>&nbsp;<\/td><td>&nbsp;<\/td><td>&nbsp;<\/td><td>&nbsp;<\/td><td>7,5<\/td><td>&nbsp;<\/td><td>&nbsp;<\/td><td>7,5<\/td><\/tr><tr><td>27<\/td><td>Latvia<\/td><td>&nbsp;<\/td><td>&nbsp;<\/td><td>&nbsp;<\/td><td>&nbsp;<\/td><td>&nbsp;<\/td><td>&nbsp;<\/td><td>3<\/td><td>3<\/td><\/tr><\/tbody><\/table><\/figure>\n\n\n\n<p>Kaikki Suomen pisteet toi Harri Hurme.<\/p>\n","protected":false},"excerpt":{"rendered":"<p>8. WCCT Lokakuussa 2005 julistettu laadinnan kansainv\u00e4linen joukkuekilpailu on nyt p\u00e4\u00e4ttynyt. Laadinta-aika p\u00e4\u00e4ttyi 1.3.2007. Painettu tuomio, joka sis\u00e4lt\u00e4\u00e4 my\u00f6s kaikki sijoittuneet teht\u00e4v\u00e4t, ilmestyy l\u00e4hiaikoina, mutta seuraavassa pisteet eri ryhmist\u00e4. Suomi sijoittui 38 maan joukossa 19. sijalle. (Edellisess\u00e4 kilpailussa Suomi oli 16.) Teht\u00e4vi\u00e4 osallistui 7 ryhm\u00e4ss\u00e4 kaikkiaan 545 kpl. Lopputulokset: Sija&#8230; <a class=\"continue-reading-link\" href=\"https:\/\/www.tehtavaniekat.fi\/index.php\/8-wcct\/\">Jatka lukemista<\/a><\/p>\n","protected":false},"author":1,"featured_media":0,"parent":0,"menu_order":0,"comment_status":"closed","ping_status":"closed","template":"","meta":{"footnotes":""},"class_list":["post-617","page","type-page","status-publish","hentry"],"_links":{"self":[{"href":"https:\/\/www.tehtavaniekat.fi\/index.php\/wp-json\/wp\/v2\/pages\/617","targetHints":{"allow":["GET"]}}],"collection":[{"href":"https:\/\/www.tehtavaniekat.fi\/index.php\/wp-json\/wp\/v2\/pages"}],"about":[{"href":"https:\/\/www.tehtavaniekat.fi\/index.php\/wp-json\/wp\/v2\/types\/page"}],"author":[{"embeddable":true,"href":"https:\/\/www.tehtavaniekat.fi\/index.php\/wp-json\/wp\/v2\/users\/1"}],"replies":[{"embeddable":true,"href":"https:\/\/www.tehtavaniekat.fi\/index.php\/wp-json\/wp\/v2\/comments?post=617"}],"version-history":[{"count":3,"href":"https:\/\/www.tehtavaniekat.fi\/index.php\/wp-json\/wp\/v2\/pages\/617\/revisions"}],"predecessor-version":[{"id":2542,"href":"https:\/\/www.tehtavaniekat.fi\/index.php\/wp-json\/wp\/v2\/pages\/617\/revisions\/2542"}],"wp:attachment":[{"href":"https:\/\/www.tehtavaniekat.fi\/index.php\/wp-json\/wp\/v2\/media?parent=617"}],"curies":[{"name":"wp","href":"https:\/\/api.w.org\/{rel}","templated":true}]}}