{"id":523,"date":"2021-10-05T20:45:01","date_gmt":"2021-10-05T17:45:01","guid":{"rendered":"https:\/\/www.tehtavaniekat.fi\/?page_id=523"},"modified":"2023-02-24T00:54:33","modified_gmt":"2023-02-23T21:54:33","slug":"tehtavashakkituomarin-ohjesaanto","status":"publish","type":"page","link":"https:\/\/www.tehtavaniekat.fi\/index.php\/tehtavashakkituomarin-ohjesaanto\/","title":{"rendered":"Kansallisen teht\u00e4v\u00e4shakkituomarin arvon ohjes\u00e4\u00e4nt\u00f6"},"content":{"rendered":"\n<h1 class=\"wp-block-heading\">Kansallisen teht\u00e4v\u00e4shakkituomarin arvon ohjes\u00e4\u00e4nt\u00f6<\/h1>\n\n\n\n<p>Kansallisen teht\u00e4v\u00e4shakkituomarin arvon antaa Suomen Teht\u00e4v\u00e4niekkain vuosikokous suomalaisille teht\u00e4v\u00e4shakin tunnetuille harrastajille, jotka ST:n teht\u00e4v\u00e4shakillisen toimikunnan enemmist\u00f6n harkinnan mukaan ovat tyydytt\u00e4v\u00e4sti tuominneet loppuun v\u00e4hint\u00e4\u00e4n kolme kansallista tai yhden kansainv\u00e4lisen ja yhden kansallisen teht\u00e4v\u00e4kilpailun. Lausunnoton, samoin kuin toisen tai toisten kanssa yhteisesti annettu tuomio otetaan lukum\u00e4\u00e4r\u00e4laskuissa huomioon 3\/4, 1\/2 tai 1\/4 kertana, pikatuomio voidaan ottaa huomioon enint\u00e4\u00e4n 1\/4 kertana. Kansallisen teht\u00e4v\u00e4shakkituomarin arvoon liitett\u00e4v\u00e4t p\u00e4tevyysalat ovat 2-siirtois-, 3-siirtois-, monisiirtois-, lopputeht\u00e4v\u00e4-, apumatti-, itsematti-, satushakki- ja shakki-matemaattisten teht\u00e4vien tuomari, ja lis\u00e4ksi mattiteht\u00e4viss\u00e4 ovat erotettavissa muoto- (=mattikuvio- tai b\u00f6\u00f6mil\u00e4iset) ja sis\u00e4llys (=loogiset ja muut idea-) teht\u00e4v\u00e4t. Tuomarin arvon saaneen p\u00e4tevyysalan laajentaminen tai supistaminen tapahtuu ST:n teht\u00e4v\u00e4shakillisen toimikunnan annettua asiasta lausuntonsa ST:n vuosikokouksen p\u00e4\u00e4t\u00f6ksin.<\/p>\n\n\n\n<p>(Hyv\u00e4ksytty SKSL:n edustajiston kokouksessa 17.11.1968, muutettu ST:n vuosikokouksessa 18.2.2023)<\/p>\n","protected":false},"excerpt":{"rendered":"<p>Kansallisen teht\u00e4v\u00e4shakkituomarin arvon ohjes\u00e4\u00e4nt\u00f6 Kansallisen teht\u00e4v\u00e4shakkituomarin arvon antaa Suomen Teht\u00e4v\u00e4niekkain vuosikokous suomalaisille teht\u00e4v\u00e4shakin tunnetuille harrastajille, jotka ST:n teht\u00e4v\u00e4shakillisen toimikunnan enemmist\u00f6n harkinnan mukaan ovat tyydytt\u00e4v\u00e4sti tuominneet loppuun v\u00e4hint\u00e4\u00e4n kolme kansallista tai yhden kansainv\u00e4lisen ja yhden kansallisen teht\u00e4v\u00e4kilpailun. Lausunnoton, samoin kuin toisen tai toisten kanssa yhteisesti annettu tuomio otetaan lukum\u00e4\u00e4r\u00e4laskuissa huomioon 3\/4,&#8230; <a class=\"continue-reading-link\" href=\"https:\/\/www.tehtavaniekat.fi\/index.php\/tehtavashakkituomarin-ohjesaanto\/\">Jatka lukemista<\/a><\/p>\n","protected":false},"author":1,"featured_media":0,"parent":0,"menu_order":0,"comment_status":"closed","ping_status":"closed","template":"","meta":{"footnotes":""},"class_list":["post-523","page","type-page","status-publish","hentry"],"_links":{"self":[{"href":"https:\/\/www.tehtavaniekat.fi\/index.php\/wp-json\/wp\/v2\/pages\/523","targetHints":{"allow":["GET"]}}],"collection":[{"href":"https:\/\/www.tehtavaniekat.fi\/index.php\/wp-json\/wp\/v2\/pages"}],"about":[{"href":"https:\/\/www.tehtavaniekat.fi\/index.php\/wp-json\/wp\/v2\/types\/page"}],"author":[{"embeddable":true,"href":"https:\/\/www.tehtavaniekat.fi\/index.php\/wp-json\/wp\/v2\/users\/1"}],"replies":[{"embeddable":true,"href":"https:\/\/www.tehtavaniekat.fi\/index.php\/wp-json\/wp\/v2\/comments?post=523"}],"version-history":[{"count":3,"href":"https:\/\/www.tehtavaniekat.fi\/index.php\/wp-json\/wp\/v2\/pages\/523\/revisions"}],"predecessor-version":[{"id":2764,"href":"https:\/\/www.tehtavaniekat.fi\/index.php\/wp-json\/wp\/v2\/pages\/523\/revisions\/2764"}],"wp:attachment":[{"href":"https:\/\/www.tehtavaniekat.fi\/index.php\/wp-json\/wp\/v2\/media?parent=523"}],"curies":[{"name":"wp","href":"https:\/\/api.w.org\/{rel}","templated":true}]}}