{"id":513,"date":"2021-10-05T20:11:09","date_gmt":"2021-10-05T17:11:09","guid":{"rendered":"https:\/\/www.tehtavaniekat.fi\/?page_id=513"},"modified":"2021-11-01T16:19:52","modified_gmt":"2021-11-01T13:19:52","slug":"saannot","status":"publish","type":"page","link":"https:\/\/www.tehtavaniekat.fi\/index.php\/saannot\/","title":{"rendered":"Suomen Teht\u00e4v\u00e4niekkojen s\u00e4\u00e4nn\u00f6t"},"content":{"rendered":"\n<h1 class=\"wp-block-heading\">Suomen Teht\u00e4v\u00e4niekkojen s\u00e4\u00e4nn\u00f6t<\/h1>\n\n\n\n<ol class=\"wp-block-list\"><li>Yhdistyksen nimi on Suomen Teht\u00e4v\u00e4niekat r.y. ja sen kotipaikka Helsinki.<\/li><li>Yhdistyksen tarkoituksena on shakki- ja lopputeht\u00e4vien harrastuksen levitt\u00e4minen Suomessa ja kotimaisten teht\u00e4v\u00e4harrastajien etujen ajaminen panemalla toimeen kansainv\u00e4lisi\u00e4 ja kotimaisia teht\u00e4v\u00e4turnauksia, tarkkaamalla laadinta- ja ratkaisukilpailuja, j\u00e4rjest\u00e4m\u00e4ll\u00e4 esitelm\u00e4tilaisuuksia, perustamalla kirjasto j\u00e4senten k\u00e4ytett\u00e4v\u00e4ksi ja edustamalla kotimaisia teht\u00e4v\u00e4shakin harrastajia kansainv\u00e4lisiss\u00e4 asioissa.<\/li><li>J\u00e4seneksi otetaan jokainen hyv\u00e4maineinen Suomen kansalainen, jonka johtokunta hyv\u00e4ksyy. Valitus johtokunnan p\u00e4\u00e4t\u00f6ksest\u00e4 voidaan kuitenkin tehd\u00e4 vuosikokoukselle, jonka 3\/4 \u00e4\u00e4nten enemmist\u00f6ll\u00e4 ratkaisee asian.<\/li><li>Johtokunnan esityksest\u00e4 vuosikokous voi kutsua yhdistyksen tarkoitusta erityisesti edist\u00e4neen henkil\u00f6n kunniaj\u00e4seneksi. Vakinainen j\u00e4sen suorittaa yhdistykselle kertakaikkiaan vuosikokouksessa m\u00e4\u00e4r\u00e4tyn j\u00e4senmaksun.<br>Huomattavasti lahjoituksillaan yhdistyst\u00e4 tukenut voidaan ottaa kannattajaj\u00e4seneksi.<br>Vuosij\u00e4sen maksaa yhdistykselle sis\u00e4\u00e4nkirjoitusmaksun ja vuosimaksun, joiden suuruus m\u00e4\u00e4r\u00e4t\u00e4\u00e4n vuosikokouksessa.<\/li><li>Johtokuntaan, joka hoitaa yhdistyksen juoksevia asioita, vuosikokous valitsee: puheenjohtajan, varapuheenjohtajan, sihteerin, taloudenhoitajan ja kirjastonhoitajan sek\u00e4 kaksi varaj\u00e4sent\u00e4 yhdeksi vuodeksi kerrallaan. Johtokunta on p\u00e4\u00e4t\u00f6svaltainen, jos v\u00e4hint\u00e4\u00e4n nelj\u00e4 j\u00e4sent\u00e4 on kokouksessa l\u00e4sn\u00e4.<\/li><li>Puheenjohtaja johtaa keskustelua yhdistyksen ja johtokunnan kokouksissa sek\u00e4 edustaa yhdistyst\u00e4. H\u00e4nen ollessa estynyt varapuheenjohtaja astuu h\u00e4nen tilalleen. Molempien ollessa estyneit\u00e4 kokouksen on keskuudestaan valittava tilap\u00e4inen puheenjohtaja.<br>Sihteeri j\u00e4rjest\u00e4\u00e4 kokoontumistilaisuuksien ohjelmaa, pit\u00e4\u00e4 kokouksissa p\u00f6yt\u00e4kirjaa, laatii vuosikokoukselle vuosikertomuksen ja hoitaa yhdistyksen kirjeenvaihtoa ja tiedotustoimintaa ja arkistoa.<br>Taloudenhoitaja perii maksut, pit\u00e4\u00e4 j\u00e4senluetteloa johtokunnan puolesta ja hoitaa yhdistyksen rahavaroja.<br>Kirjastonhoitaja kartuttaa yhdistyksen kirjastoa sek\u00e4 j\u00e4tt\u00e4\u00e4 vuosikokoukselle kertomuksen toiminnastaan.<\/li><li>Tilivuotena on kalenterivuosi.<br>Tilej\u00e4 ja hallintoa tarkastamaan vuosikokous valitsee kaksi tilintarkastajaa ja yhden varatilintarkastajan, joille tilit, taloudenhoitajan kertomus, johtokunnan p\u00f6yt\u00e4kirjat ja vuoden asiapaperit sek\u00e4 kirjastonhoitajan kertomus on j\u00e4tett\u00e4v\u00e4 viikkoa ennen vuosikokousta ja jotka vuosikokoukselle antavat kirjallisen lausunnon.<\/li><li>Johtokunta kutsuu yhdistyksen koolle tiedotuksella, joka on julkaistava edellisen vuosikokouksen m\u00e4\u00e4r\u00e4\u00e4m\u00e4ss\u00e4 aikakausi- tai sanomalehdess\u00e4 viimeist\u00e4\u00e4n 10 p\u00e4iv\u00e4\u00e4 aikaisemmin.<br>Vuosikokous, jossa yhdistys p\u00e4\u00e4tt\u00e4\u00e4 johtokunnastaan ja hallinnostaan, on pidett\u00e4v\u00e4 tammi-helmikuun aikana ja k\u00e4sitell\u00e4\u00e4n siin\u00e4 seuraavat asiat:<ol><li>Esitet\u00e4\u00e4n johtokunnan ja tilintarkastajain kertomukset,<\/li><li>p\u00e4\u00e4tet\u00e4\u00e4n tili- ja vastuuvapauden my\u00f6nt\u00e4misest\u00e4 johtokunnalle,<\/li><li>valitaan puheenjohtaja, varapuheenjohtaja, sihteeri, taloudenhoitaja ja kirjastonhoitaja sek\u00e4 kaksi varaj\u00e4sent\u00e4,<\/li><li>valitaan tilintarkastaja ja varatilintarkastaja,<\/li><li>m\u00e4\u00e4r\u00e4t\u00e4\u00e4n j\u00e4senmaksun suuruus,<\/li><li>k\u00e4sitell\u00e4\u00e4n muut asiat, jotka on esitetty johtokunnalle viimeist\u00e4\u00e4n kaksi viikkoa ennen vuosikokousta. J\u00e4senten \u00e4\u00e4nioikeutta voi kokouksessa k\u00e4ytt\u00e4\u00e4 my\u00f6s laillisesti valtuutettu asiamies, joka kuitenkaan ei voi \u00e4\u00e4nest\u00e4\u00e4 kolmea useammalla valtakirjalla.<\/li><\/ol><\/li><li>J\u00e4senen, joka haluaa vuosikokouksessa ratkaistavaksi esitt\u00e4\u00e4 jonkun asian, on j\u00e4tett\u00e4v\u00e4 johtokunnalle kirjallinen ehdotus kaksi viikkoa ennen vuosikokousta.<\/li><li>Yhdistyksen nimen kirjoittavat puheenjohtaja ja sihteeri tai taloudenhoitaja yhdess\u00e4.<\/li><li>Jos yhdistys purkautuu tai lakkautetaan, sen omaisuus on k\u00e4ytett\u00e4v\u00e4 yhdistyksen kokouksessa m\u00e4\u00e4r\u00e4\u00e4m\u00e4\u00e4n teht\u00e4v\u00e4shakkia edist\u00e4v\u00e4\u00e4n tarkoitukseen.<\/li><li>Muissa kohdin noudatetaan yhdistyslain m\u00e4\u00e4r\u00e4yksi\u00e4.<\/li><\/ol>\n","protected":false},"excerpt":{"rendered":"<p>Suomen Teht\u00e4v\u00e4niekkojen s\u00e4\u00e4nn\u00f6t Yhdistyksen nimi on Suomen Teht\u00e4v\u00e4niekat r.y. ja sen kotipaikka Helsinki. Yhdistyksen tarkoituksena on shakki- ja lopputeht\u00e4vien harrastuksen levitt\u00e4minen Suomessa ja kotimaisten teht\u00e4v\u00e4harrastajien etujen ajaminen panemalla toimeen kansainv\u00e4lisi\u00e4 ja kotimaisia teht\u00e4v\u00e4turnauksia, tarkkaamalla laadinta- ja ratkaisukilpailuja, j\u00e4rjest\u00e4m\u00e4ll\u00e4 esitelm\u00e4tilaisuuksia, perustamalla kirjasto j\u00e4senten k\u00e4ytett\u00e4v\u00e4ksi ja edustamalla kotimaisia teht\u00e4v\u00e4shakin harrastajia kansainv\u00e4lisiss\u00e4 asioissa&#8230;. <a class=\"continue-reading-link\" href=\"https:\/\/www.tehtavaniekat.fi\/index.php\/saannot\/\">Jatka lukemista<\/a><\/p>\n","protected":false},"author":1,"featured_media":0,"parent":0,"menu_order":0,"comment_status":"closed","ping_status":"closed","template":"","meta":{"footnotes":""},"class_list":["post-513","page","type-page","status-publish","hentry"],"_links":{"self":[{"href":"https:\/\/www.tehtavaniekat.fi\/index.php\/wp-json\/wp\/v2\/pages\/513","targetHints":{"allow":["GET"]}}],"collection":[{"href":"https:\/\/www.tehtavaniekat.fi\/index.php\/wp-json\/wp\/v2\/pages"}],"about":[{"href":"https:\/\/www.tehtavaniekat.fi\/index.php\/wp-json\/wp\/v2\/types\/page"}],"author":[{"embeddable":true,"href":"https:\/\/www.tehtavaniekat.fi\/index.php\/wp-json\/wp\/v2\/users\/1"}],"replies":[{"embeddable":true,"href":"https:\/\/www.tehtavaniekat.fi\/index.php\/wp-json\/wp\/v2\/comments?post=513"}],"version-history":[{"count":3,"href":"https:\/\/www.tehtavaniekat.fi\/index.php\/wp-json\/wp\/v2\/pages\/513\/revisions"}],"predecessor-version":[{"id":834,"href":"https:\/\/www.tehtavaniekat.fi\/index.php\/wp-json\/wp\/v2\/pages\/513\/revisions\/834"}],"wp:attachment":[{"href":"https:\/\/www.tehtavaniekat.fi\/index.php\/wp-json\/wp\/v2\/media?parent=513"}],"curies":[{"name":"wp","href":"https:\/\/api.w.org\/{rel}","templated":true}]}}