{"id":510,"date":"2021-10-05T20:06:58","date_gmt":"2021-10-05T17:06:58","guid":{"rendered":"https:\/\/www.tehtavaniekat.fi\/?page_id=510"},"modified":"2021-11-01T16:21:33","modified_gmt":"2021-11-01T13:21:33","slug":"saantoja","status":"publish","type":"page","link":"https:\/\/www.tehtavaniekat.fi\/index.php\/saantoja\/","title":{"rendered":"S\u00e4\u00e4nt\u00f6j\u00e4"},"content":{"rendered":"\n<p><a href=\"https:\/\/www.tehtavaniekat.fi\/index.php\/saannot\/\" target=\"_blank\" rel=\"noreferrer noopener\">Suomen teht\u00e4v\u00e4niekat ry:n s\u00e4\u00e4nn\u00f6t<\/a><\/p>\n\n\n\n<p><a href=\"https:\/\/www.tehtavaniekat.fi\/index.php\/tehtavamestarin-ohjesaanto\/\">Kansallisen teht\u00e4v\u00e4mestarin arvon ohjes\u00e4\u00e4nt\u00f6<\/a><\/p>\n\n\n\n<p><a href=\"https:\/\/www.tehtavaniekat.fi\/index.php\/tehtavashakkituomarin-ohjesaanto\/\">Kansallisen teht\u00e4v\u00e4shakkituomarin arvon ohjes\u00e4\u00e4nt\u00f6<\/a><\/p>\n","protected":false},"excerpt":{"rendered":"<p>Suomen teht\u00e4v\u00e4niekat ry:n s\u00e4\u00e4nn\u00f6t Kansallisen teht\u00e4v\u00e4mestarin arvon ohjes\u00e4\u00e4nt\u00f6 Kansallisen teht\u00e4v\u00e4shakkituomarin arvon ohjes\u00e4\u00e4nt\u00f6 <a class=\"continue-reading-link\" href=\"https:\/\/www.tehtavaniekat.fi\/index.php\/saantoja\/\">Jatka lukemista<\/a><\/p>\n","protected":false},"author":1,"featured_media":0,"parent":0,"menu_order":0,"comment_status":"closed","ping_status":"closed","template":"","meta":{"footnotes":""},"class_list":["post-510","page","type-page","status-publish","hentry"],"_links":{"self":[{"href":"https:\/\/www.tehtavaniekat.fi\/index.php\/wp-json\/wp\/v2\/pages\/510","targetHints":{"allow":["GET"]}}],"collection":[{"href":"https:\/\/www.tehtavaniekat.fi\/index.php\/wp-json\/wp\/v2\/pages"}],"about":[{"href":"https:\/\/www.tehtavaniekat.fi\/index.php\/wp-json\/wp\/v2\/types\/page"}],"author":[{"embeddable":true,"href":"https:\/\/www.tehtavaniekat.fi\/index.php\/wp-json\/wp\/v2\/users\/1"}],"replies":[{"embeddable":true,"href":"https:\/\/www.tehtavaniekat.fi\/index.php\/wp-json\/wp\/v2\/comments?post=510"}],"version-history":[{"count":5,"href":"https:\/\/www.tehtavaniekat.fi\/index.php\/wp-json\/wp\/v2\/pages\/510\/revisions"}],"predecessor-version":[{"id":835,"href":"https:\/\/www.tehtavaniekat.fi\/index.php\/wp-json\/wp\/v2\/pages\/510\/revisions\/835"}],"wp:attachment":[{"href":"https:\/\/www.tehtavaniekat.fi\/index.php\/wp-json\/wp\/v2\/media?parent=510"}],"curies":[{"name":"wp","href":"https:\/\/api.w.org\/{rel}","templated":true}]}}