{"id":415,"date":"2021-10-02T16:44:20","date_gmt":"2021-10-02T13:44:20","guid":{"rendered":"https:\/\/www.tehtavaniekat.fi\/?page_id=415"},"modified":"2022-12-30T20:21:03","modified_gmt":"2022-12-30T17:21:03","slug":"fide-albumi-2013-2015","status":"publish","type":"page","link":"https:\/\/www.tehtavaniekat.fi\/index.php\/fide-albumi-2013-2015\/","title":{"rendered":"FIDE-ALBUMI 2013-2015"},"content":{"rendered":"\n<h1 class=\"wp-block-heading\">FIDE-ALBUMI 2013-2015<\/h1>\n\n\n\n<p><\/p>\n\n\n\n<p>Elokuussa 2019 ilmestyi kokoelma vuosina 2013-2015 julkaistuja valioteht\u00e4vi\u00e4. Se sis\u00e4lt\u00e4\u00e4 704 sivulla 1499 teht\u00e4v\u00e4\u00e4 270 laatijalta kahdeksassa ryhm\u00e4ss\u00e4:<br>\u00a0<\/p>\n\n\n\n<figure class=\"wp-block-table\"><table><tbody><tr><td><strong>ryhm\u00e4<\/strong><\/td><td><\/td><td><strong>teht\u00e4vi\u00e4<\/strong><\/td><\/tr><tr><td>A<\/td><td>2-siirtoiset<\/td><td>192<\/td><\/tr><tr><td>B<\/td><td>3-siirtoiset<\/td><td>170<\/td><\/tr><tr><td>C<\/td><td>monisiirtoiset<\/td><td>169<\/td><\/tr><tr><td>D<\/td><td>lopputeht\u00e4v\u00e4t<\/td><td>107<\/td><\/tr><tr><td>E<\/td><td>apumatit<\/td><td>305<\/td><\/tr><tr><td>F<\/td><td>itsematit<\/td><td>179<\/td><\/tr><tr><td>G<\/td><td>satuteht\u00e4v\u00e4t<\/td><td>294<\/td><\/tr><tr><td>H<\/td><td>retroteht\u00e4v\u00e4t<\/td><td>83<\/td><\/tr><\/tbody><\/table><\/figure>\n\n\n\n<p>Suomalaisteht\u00e4vi\u00e4 on vain seitsem\u00e4n, Unto Heinosella 5 ja Per Olinilla 2.<\/p>\n\n\n\n<p>Kirjaa voi tilata kustantajalta osoitteella peter.gvozdjak@gmail.com hintaan 45 \u20ac.<\/p>\n","protected":false},"excerpt":{"rendered":"<p>FIDE-ALBUMI 2013-2015 Elokuussa 2019 ilmestyi kokoelma vuosina 2013-2015 julkaistuja valioteht\u00e4vi\u00e4. Se sis\u00e4lt\u00e4\u00e4 704 sivulla 1499 teht\u00e4v\u00e4\u00e4 270 laatijalta kahdeksassa ryhm\u00e4ss\u00e4:\u00a0 ryhm\u00e4 teht\u00e4vi\u00e4 A 2-siirtoiset 192 B 3-siirtoiset 170 C monisiirtoiset 169 D lopputeht\u00e4v\u00e4t 107 E apumatit 305 F itsematit 179 G satuteht\u00e4v\u00e4t 294 H retroteht\u00e4v\u00e4t 83 Suomalaisteht\u00e4vi\u00e4 on vain seitsem\u00e4n,&#8230; <a class=\"continue-reading-link\" href=\"https:\/\/www.tehtavaniekat.fi\/index.php\/fide-albumi-2013-2015\/\">Jatka lukemista<\/a><\/p>\n","protected":false},"author":1,"featured_media":0,"parent":0,"menu_order":0,"comment_status":"closed","ping_status":"closed","template":"","meta":{"footnotes":""},"class_list":["post-415","page","type-page","status-publish","hentry"],"_links":{"self":[{"href":"https:\/\/www.tehtavaniekat.fi\/index.php\/wp-json\/wp\/v2\/pages\/415","targetHints":{"allow":["GET"]}}],"collection":[{"href":"https:\/\/www.tehtavaniekat.fi\/index.php\/wp-json\/wp\/v2\/pages"}],"about":[{"href":"https:\/\/www.tehtavaniekat.fi\/index.php\/wp-json\/wp\/v2\/types\/page"}],"author":[{"embeddable":true,"href":"https:\/\/www.tehtavaniekat.fi\/index.php\/wp-json\/wp\/v2\/users\/1"}],"replies":[{"embeddable":true,"href":"https:\/\/www.tehtavaniekat.fi\/index.php\/wp-json\/wp\/v2\/comments?post=415"}],"version-history":[{"count":4,"href":"https:\/\/www.tehtavaniekat.fi\/index.php\/wp-json\/wp\/v2\/pages\/415\/revisions"}],"predecessor-version":[{"id":2563,"href":"https:\/\/www.tehtavaniekat.fi\/index.php\/wp-json\/wp\/v2\/pages\/415\/revisions\/2563"}],"wp:attachment":[{"href":"https:\/\/www.tehtavaniekat.fi\/index.php\/wp-json\/wp\/v2\/media?parent=415"}],"curies":[{"name":"wp","href":"https:\/\/api.w.org\/{rel}","templated":true}]}}