{"id":405,"date":"2021-10-02T16:06:08","date_gmt":"2021-10-02T13:06:08","guid":{"rendered":"https:\/\/www.tehtavaniekat.fi\/?page_id=405"},"modified":"2022-12-30T20:53:59","modified_gmt":"2022-12-30T17:53:59","slug":"fide-albumit","status":"publish","type":"page","link":"https:\/\/www.tehtavaniekat.fi\/index.php\/fide-albumit\/","title":{"rendered":"FIDE-ALBUMIT"},"content":{"rendered":"\n<p>Maailman teht\u00e4v\u00e4shakkiliitto (WFCC) julkaisee kolmivuosittain kokoelman maailman parhaita shakkiteht\u00e4vi\u00e4. N\u00e4it\u00e4 FIDE-albumeja on ilmestynyt jo 24 kappaletta. Ensimm\u00e4inen niist\u00e4, vuosien 1956-58 kokoelma ilmestyi vuonna 1961 ja tuorein vuosien 2013-15 tuotantoa esittelev\u00e4 elokuussa 2019. Teht\u00e4vi\u00e4 niiss\u00e4 on julkaistu yhteens\u00e4 yli 25000 kappaletta yli 2000 eri laatijalta.<br>&nbsp;<\/p>\n\n\n\n<figure class=\"wp-block-table is-style-regular\"><table><thead><tr><th>JAKSO<\/th><th>ILMESTYI<\/th><th>TEHT\u00c4VI\u00c4<\/th><\/tr><\/thead><tbody><tr><td>1914-44 I<\/td><td>1972<\/td><td>725<\/td><\/tr><tr><td>1914-44 II<\/td><td>1972<\/td><td>1278<\/td><\/tr><tr><td>1914-44 III<\/td><td>1975<\/td><td>806<\/td><\/tr><tr><td>1945-55<\/td><td>1964<\/td><td>1891<\/td><\/tr><tr><td>1956-58<\/td><td>1961<\/td><td>661<\/td><\/tr><tr><td>1959-61<\/td><td>1966<\/td><td>738<\/td><\/tr><tr><td>1962-64<\/td><td>1968<\/td><td>908<\/td><\/tr><tr><td>1965-67<\/td><td>1976<\/td><td>800<\/td><\/tr><tr><td>1968-70<\/td><td>1977<\/td><td>805<\/td><\/tr><tr><td>1971-73<\/td><td>1978<\/td><td>800<\/td><\/tr><tr><td>1974-76<\/td><td>1980<\/td><td>800<\/td><\/tr><tr><td>1977-79<\/td><td>1984<\/td><td>800<\/td><\/tr><tr><td>1980-82<\/td><td>1988<\/td><td>1083<\/td><\/tr><tr><td>1983-85<\/td><td>1992<\/td><td>1103<\/td><\/tr><tr><td>1986-88<\/td><td>1995<\/td><td>1114<\/td><\/tr><tr><td>1989-91<\/td><td>1997<\/td><td>1056<\/td><\/tr><tr><td>1992-94<\/td><td>2001<\/td><td>963<\/td><\/tr><tr><td>1995-97<\/td><td>2004<\/td><td>1153<\/td><\/tr><tr><td>1998-2000<\/td><td>2007<\/td><td>1267<\/td><\/tr><tr><td>2001-03<\/td><td>2011<\/td><td>1349<\/td><\/tr><tr><td>2004-06<\/td><td>2013<\/td><td>1367<\/td><\/tr><tr><td>2007-09<\/td><td>2015<\/td><td>1426<\/td><\/tr><tr><td>2010-12<\/td><td>2017<\/td><td>1402<\/td><\/tr><tr><td>2013-15<\/td><td>2019<\/td><td>1499<\/td><\/tr><tr><td>2016-18<\/td><td>2022<\/td><td>1984<\/td><\/tr><\/tbody><\/table><\/figure>\n\n\n\n<p>Albumien sis\u00e4lt\u00f6 on jaettu teht\u00e4v\u00e4tyyppien mukaan seuraaviin ryhmiin:<\/p>\n\n\n\n<ul class=\"wp-block-list\"><li>2-siirtoiset<\/li><li>3-siirtoiset<\/li><li>monisiirtoiset<\/li><li>lopputeht\u00e4v\u00e4t<\/li><li>itsematit<\/li><li>apumatit<\/li><li>satushakki<\/li><li>retro- ja matemaattiset teht\u00e4v\u00e4t<\/li><\/ul>\n\n\n\n<p>Kussakin ryhm\u00e4ss\u00e4 on kolme tuomaria, joiden antamien pistearvostelujen perusteella valitaan teht\u00e4v\u00e4t. Tuomari voi antaa teht\u00e4v\u00e4lle 0-4 pistett\u00e4. Valituksi tulevat teht\u00e4v\u00e4t, jotka saavat yhteens\u00e4 v\u00e4hint\u00e4\u00e4n 8 pistett\u00e4.<\/p>\n\n\n\n<p>Albumiteht\u00e4vien perusteella my\u00f6nnet\u00e4\u00e4n laatijoille kansainv\u00e4lisi\u00e4 arvonimi\u00e4. Vaadittavat teht\u00e4v\u00e4m\u00e4\u00e4r\u00e4t ovat:<\/p>\n\n\n<table style=\"width: 39.5239%; border-collapse: collapse; border-style: none;\">\n<tbody>\n<tr>\n<td style=\"width: 79.8121%; border-style: none;\">suurmestari<\/td>\n<td style=\"width: 23.4617%; border-style: none;\">70<\/td>\n<\/tr>\n<tr>\n<td style=\"width: 79.8121%; border-style: none;\">kansainv\u00e4linen mestari\u00a0<\/td>\n<td style=\"width: 23.4617%; border-style: none;\">25<\/td>\n<\/tr>\n<tr>\n<td style=\"width: 79.8121%; border-style: none;\">FIDE-mestari<\/td>\n<td style=\"width: 23.4617%; border-style: none;\">12<\/td>\n<\/tr>\n<\/tbody>\n<\/table>\n\n\n<p>Jokaisesta albumiteht\u00e4v\u00e4st\u00e4 saa siis yhden pisteen (kuitenkin lopputeht\u00e4vist\u00e4 1,67). Useamman laatijan yhteisteht\u00e4viss\u00e4 pisteet jaetaan laatijoiden lukum\u00e4\u00e4r\u00e4n mukaan.&nbsp;<\/p>\n\n\n\n<hr class=\"wp-block-separator\"\/>\n\n\n\n<h3 class=\"wp-block-heading\">FIDE-ALBUMI 1989-91<\/h3>\n\n\n\n<p>Ilmestyi elokuussa 1997. Sivuja 684, teht\u00e4vi\u00e4 1056.<\/p>\n\n\n\n<h3 class=\"wp-block-heading\"><a><\/a>FIDE-ALBUMI 1992-94<\/h3>\n\n\n\n<p>Ilmestyi kes\u00e4ll\u00e4 2001. Teht\u00e4vien valinta oli jo marraskuussa -99 l\u00e4hes valmis, mutta kirjan valmistusty\u00f6 vaati aikansa. <a href=\"https:\/\/www.tehtavaniekat.fi\/index.php\/fide-albumi-1992-94\/\" target=\"_blank\" rel=\"noreferrer noopener\">Lis\u00e4tietoja<\/a><\/p>\n\n\n\n<h3 class=\"wp-block-heading\"><a><\/a>FIDE-ALBUMI 1995-97<\/h3>\n\n\n\n<p>Ilmestyi hein\u00e4kuussa 2004. <a href=\"https:\/\/www.tehtavaniekat.fi\/index.php\/fide-albumi-1995-97\/\" target=\"_blank\" rel=\"noreferrer noopener\">Lis\u00e4tietoja<\/a><\/p>\n\n\n\n<h3 class=\"wp-block-heading\">FIDE-ALBUMI 1998-2000<\/h3>\n\n\n\n<p>Ilmestyi lokakuussa 2007.\u00a0 <a href=\"https:\/\/www.tehtavaniekat.fi\/index.php\/fide-albumi-1998-2000\/\" target=\"_blank\" rel=\"noreferrer noopener\">Lis\u00e4tietoja<\/a><\/p>\n\n\n\n<h3 class=\"wp-block-heading\">FIDE-ALBUMI 2001-2003<\/h3>\n\n\n\n<p>Ilmestyi huhtikuussa 2011.\u00a0 <a href=\"https:\/\/www.tehtavaniekat.fi\/index.php\/fide-albumi-2001-2003\/\" target=\"_blank\" rel=\"noreferrer noopener\">Lis\u00e4tietoja<\/a><\/p>\n\n\n\n<h3 class=\"wp-block-heading\">FIDE-ALBUMI 2004-06<\/h3>\n\n\n\n<p>Ilmestyi huhtikuussa 2013.\u00a0 <a href=\"https:\/\/www.tehtavaniekat.fi\/index.php\/fide-albumi-2004-2006\/\" target=\"_blank\" rel=\"noreferrer noopener\">Lis\u00e4tietoja<\/a><\/p>\n\n\n\n<h3 class=\"wp-block-heading\">FIDE-ALBUMI 2007-09<\/h3>\n\n\n\n<p>Ilmestyi hein\u00e4kuussa 2015.\u00a0 <a href=\"https:\/\/www.tehtavaniekat.fi\/index.php\/fide-albumi-2007-2009\/\" target=\"_blank\" rel=\"noreferrer noopener\">Lis\u00e4tietoja<\/a><\/p>\n\n\n\n<h3 class=\"wp-block-heading\">FIDE-ALBUMI 2010-12<\/h3>\n\n\n\n<p>Ilmestyi elokuussa 2017.\u00a0 <a href=\"https:\/\/www.tehtavaniekat.fi\/index.php\/fide-albumi-2010-2012\/\" target=\"_blank\" rel=\"noreferrer noopener\">Lis\u00e4tietoja<\/a><\/p>\n\n\n\n<h3 class=\"wp-block-heading\">FIDE-ALBUMI 2013-15<\/h3>\n\n\n\n<p>Ilmestyi elokuussa 2019.&nbsp; <a href=\"https:\/\/www.tehtavaniekat.fi\/index.php\/fide-albumi-2013-2015\/\" target=\"_blank\" rel=\"noreferrer noopener\">Lis\u00e4tietoja<\/a><\/p>\n\n\n\n<h3 class=\"wp-block-heading\">FIDE-ALBUMI 2016-18<\/h3>\n\n\n\n<p>Ilmestyi marraskuussa 2022. <a href=\"https:\/\/www.tehtavaniekat.fi\/index.php\/fide-albumi-2016-2018\/\" target=\"_blank\" rel=\"noreferrer noopener\">Lis\u00e4tietoja<\/a><\/p>\n","protected":false},"excerpt":{"rendered":"<p>Maailman teht\u00e4v\u00e4shakkiliitto (WFCC) julkaisee kolmivuosittain kokoelman maailman parhaita shakkiteht\u00e4vi\u00e4. N\u00e4it\u00e4 FIDE-albumeja on ilmestynyt jo 24 kappaletta. Ensimm\u00e4inen niist\u00e4, vuosien 1956-58 kokoelma ilmestyi vuonna 1961 ja tuorein vuosien 2013-15 tuotantoa esittelev\u00e4 elokuussa 2019. Teht\u00e4vi\u00e4 niiss\u00e4 on julkaistu yhteens\u00e4 yli 25000 kappaletta yli 2000 eri laatijalta.&nbsp; JAKSO ILMESTYI TEHT\u00c4VI\u00c4 1914-44 I 1972&#8230; <a class=\"continue-reading-link\" href=\"https:\/\/www.tehtavaniekat.fi\/index.php\/fide-albumit\/\">Jatka lukemista<\/a><\/p>\n","protected":false},"author":1,"featured_media":0,"parent":0,"menu_order":0,"comment_status":"closed","ping_status":"closed","template":"","meta":{"footnotes":""},"class_list":["post-405","page","type-page","status-publish","hentry"],"_links":{"self":[{"href":"https:\/\/www.tehtavaniekat.fi\/index.php\/wp-json\/wp\/v2\/pages\/405","targetHints":{"allow":["GET"]}}],"collection":[{"href":"https:\/\/www.tehtavaniekat.fi\/index.php\/wp-json\/wp\/v2\/pages"}],"about":[{"href":"https:\/\/www.tehtavaniekat.fi\/index.php\/wp-json\/wp\/v2\/types\/page"}],"author":[{"embeddable":true,"href":"https:\/\/www.tehtavaniekat.fi\/index.php\/wp-json\/wp\/v2\/users\/1"}],"replies":[{"embeddable":true,"href":"https:\/\/www.tehtavaniekat.fi\/index.php\/wp-json\/wp\/v2\/comments?post=405"}],"version-history":[{"count":22,"href":"https:\/\/www.tehtavaniekat.fi\/index.php\/wp-json\/wp\/v2\/pages\/405\/revisions"}],"predecessor-version":[{"id":2579,"href":"https:\/\/www.tehtavaniekat.fi\/index.php\/wp-json\/wp\/v2\/pages\/405\/revisions\/2579"}],"wp:attachment":[{"href":"https:\/\/www.tehtavaniekat.fi\/index.php\/wp-json\/wp\/v2\/media?parent=405"}],"curies":[{"name":"wp","href":"https:\/\/api.w.org\/{rel}","templated":true}]}}