{"id":4003,"date":"2026-02-27T23:14:20","date_gmt":"2026-02-27T21:14:20","guid":{"rendered":"https:\/\/www.tehtavaniekat.fi\/?page_id=4003"},"modified":"2026-03-06T21:48:25","modified_gmt":"2026-03-06T19:48:25","slug":"ratk68","status":"publish","type":"page","link":"https:\/\/www.tehtavaniekat.fi\/index.php\/ratk68\/","title":{"rendered":"ratk68"},"content":{"rendered":"\n<h1 class=\"wp-block-heading\">Teht\u00e4v\u00e4mestareita: Julius Gunst<\/h1>\n\n\n\n<p><\/p>\n\n\n\n<p><img decoding=\"async\" width=\"166\" height=\"250\" class=\"\" style=\"float: left; margin: 20px;\" src=\"https:\/\/www.tehtavaniekat.fi\/wp-content\/uploads\/Gunst.jpg\" alt=\"\">\n<\/p>\n\n\n\n<p>Kahdestoista kansallisen teht\u00e4v\u00e4mestarin arvon saanut suomalaislaatija oli Pietarissa 11.4.1896 syntynyt Julius Gunst. Aarne Dunderin ja Arnold Hindsin teos <em>111 suomalaista lopputeht\u00e4v\u00e4\u00e4, Kokoelma valioteht\u00e4vi\u00e4 vuosilta 1890\u20131946<\/em> esitteli Gunstin sanoin &#8221;Maamme ensimm\u00e4inen kansainv\u00e4list\u00e4 mainetta saavuttanut lopputeht\u00e4v\u00e4nlaatija.&#8221; H\u00e4n oli tiett\u00e4v\u00e4sti ensimm\u00e4inen lopputeht\u00e4vien laatijamme, joka sai ulkomaisessa kilpailussa palkinnon.<\/p>\n\n\n\n<p>Gunst julkaisi vajaat 60 lopputeht\u00e4v\u00e4\u00e4 ja jonkin verran mattiteht\u00e4vi\u00e4. Kansallisen teht\u00e4v\u00e4mestarin arvon h\u00e4n sai vuonna 1955 ja vuonna 1957 kansainv\u00e4lisen teht\u00e4v\u00e4tuomarin arvon, p\u00e4tevyysalueena lopputeht\u00e4v\u00e4t. FIDE-albumeihin h\u00e4n sai seitsem\u00e4n lopputeht\u00e4v\u00e4\u00e4, albumipisteit\u00e4 kertyi siis 11,67.<\/p>\n\n\n\n<p>Julius Gunst kuoli Helsingiss\u00e4 13.4.1958. ST:n j\u00e4senmoniste 1\/1958 kertoi Gunstin kuolemasta ja toteaa, ett\u00e4 &#8221;h\u00e4n oli sek\u00e4 kansallisesti ett\u00e4 kansainv\u00e4lisesti katsoen merkitt\u00e4vimpi\u00e4 laatijoitamme. Ennen kaikkea oli Gunst kuitenkin suuri ihminen: vaatimaton ja aina valmis auttamaan.&#8221;<\/p>\n\n\n\n<p>N\u00e4yteteht\u00e4v\u00e4 esitt\u00e4\u00e4 asemalliseen tasapeliin p\u00e4\u00e4ttyv\u00e4n hienon heilurin. Kirjan <em>123 suomalaista lopputeht\u00e4v\u00e4\u00e4<\/em> sanoin &#8221;suuren luokan teht\u00e4v\u00e4, jonka harmoninen kokonaisuus ei voi olla tehoamatta.&#8221;<\/p>\n\n\n\n<p><\/p>\n\n\n\n<br>\n\n\n<script type=\"text\/javascript\" src=\"\/py2web\/jquery-1.11.1.js\"><\/script>\n<script type=\"text\/javascript\" src=\"\/py2web\/py2web.js\"><\/script>\n<link href=\"\/py2web\/py2web.css\" rel=\"stylesheet\" type=\"text\/css\">\n\n<div style=\"overflow-x:auto;\">\n\n    <table cellspacing=\"3\" cellpadding=\"0\" border=\"0\">\n      <tbody><tr>  \n    <td valign=\"top\" align=\"center\"> <b>Julius Gunst<\/b><br>\n3. palkinto Luigi Centurini MT<br>1951-1952<br>\n<div class=\"p2w-diagram\" id=\"esim\" glyphs=\"{&quot;d&quot;:&quot;q&quot;,&quot;t&quot;:&quot;r&quot;,&quot;l&quot;:&quot;b&quot;,&quot;r&quot;:&quot;s&quot;}\"> \nWhite   Kd5 Tb4 Tg2 Lc2 Rg8\nBlack   Ke3 Da8 Lb8 Rc1 Rh6 Pb7 Pd7\n<\/div>\n        tasapeli (=)<br>\n<\/td>\n      <td valign=\"top\"> \n        <div class=\"p2w-solution\" style=\"white-space: pre;\" target=\"esim\">\n1.Tb4-e4+! { (1.Ta4? La7 2.Te4+ Kf3) }  Ke3-f3 2.Te4-a4 Lb8-a7 { (2.- Dxa4 3.Lxa4 Kxg2 4.Rxh6 =)<br>} 3.Lc2-e4+ Kf3-f4! { (3.- Ke3? 4.Ta3+ Kf4 5.Tf3#) } 4.Le4-g6+! Kf4-e3 5.Ta4-e4+! { (Ei 5.Ta3+? Rd3! 6.Txd3+ Kf4)<br> }\n Ke3-f3 6.Te4-e8! La7-b8 7.Lg6-e4+ Kf3-e3! { (7.- Kf4? 8.Tf8+ Ke3 9.Tf3#) } 8.Le4-c2+! Ke3-f4 9.Te8-e4+\n {<br> (Ei 9.Tf8+? Rf5! 10.Txf5+ Ke3) } Kf4-f3 10.Te4-a4! { tasapeli}\n        <\/div>\n     <\/td>\n   <\/tr>\n   <\/tbody><\/table>\n<\/div>\n\n\n\n\n<p><\/p>\n\n\n\n<p><\/p>\n\n\n\n<p><\/p>\n","protected":false},"excerpt":{"rendered":"<p>Teht\u00e4v\u00e4mestareita: Julius Gunst Kahdestoista kansallisen teht\u00e4v\u00e4mestarin arvon saanut suomalaislaatija oli Pietarissa 11.4.1896 syntynyt Julius Gunst. Aarne Dunderin ja Arnold Hindsin teos 111 suomalaista lopputeht\u00e4v\u00e4\u00e4, Kokoelma valioteht\u00e4vi\u00e4 vuosilta 1890\u20131946 esitteli Gunstin sanoin &#8221;Maamme ensimm\u00e4inen kansainv\u00e4list\u00e4 mainetta saavuttanut lopputeht\u00e4v\u00e4nlaatija.&#8221; H\u00e4n oli tiett\u00e4v\u00e4sti ensimm\u00e4inen lopputeht\u00e4vien laatijamme, joka sai ulkomaisessa kilpailussa palkinnon. Gunst julkaisi&#8230; <a class=\"continue-reading-link\" href=\"https:\/\/www.tehtavaniekat.fi\/index.php\/ratk68\/\">Jatka lukemista<\/a><\/p>\n","protected":false},"author":1,"featured_media":0,"parent":0,"menu_order":0,"comment_status":"closed","ping_status":"closed","template":"templates\/template-onecolumn.php","meta":{"footnotes":""},"class_list":["post-4003","page","type-page","status-publish","hentry"],"_links":{"self":[{"href":"https:\/\/www.tehtavaniekat.fi\/index.php\/wp-json\/wp\/v2\/pages\/4003","targetHints":{"allow":["GET"]}}],"collection":[{"href":"https:\/\/www.tehtavaniekat.fi\/index.php\/wp-json\/wp\/v2\/pages"}],"about":[{"href":"https:\/\/www.tehtavaniekat.fi\/index.php\/wp-json\/wp\/v2\/types\/page"}],"author":[{"embeddable":true,"href":"https:\/\/www.tehtavaniekat.fi\/index.php\/wp-json\/wp\/v2\/users\/1"}],"replies":[{"embeddable":true,"href":"https:\/\/www.tehtavaniekat.fi\/index.php\/wp-json\/wp\/v2\/comments?post=4003"}],"version-history":[{"count":34,"href":"https:\/\/www.tehtavaniekat.fi\/index.php\/wp-json\/wp\/v2\/pages\/4003\/revisions"}],"predecessor-version":[{"id":4054,"href":"https:\/\/www.tehtavaniekat.fi\/index.php\/wp-json\/wp\/v2\/pages\/4003\/revisions\/4054"}],"wp:attachment":[{"href":"https:\/\/www.tehtavaniekat.fi\/index.php\/wp-json\/wp\/v2\/media?parent=4003"}],"curies":[{"name":"wp","href":"https:\/\/api.w.org\/{rel}","templated":true}]}}