{"id":3977,"date":"2026-02-18T23:00:43","date_gmt":"2026-02-18T21:00:43","guid":{"rendered":"https:\/\/www.tehtavaniekat.fi\/?page_id=3977"},"modified":"2026-02-22T14:35:30","modified_gmt":"2026-02-22T12:35:30","slug":"ratkaisemisen-sm-2026","status":"publish","type":"page","link":"https:\/\/www.tehtavaniekat.fi\/index.php\/ratkaisemisen-sm-2026\/","title":{"rendered":"Ratkaisemisen SM 2026"},"content":{"rendered":"\n<h1 class=\"wp-block-heading\">SHAKKITEHT\u00c4VIEN RATKAISEMISEN 47. SUOMEN MESTARUUSKILPAILU<\/h1>\n\n\n\n<p><\/p>\n\n\n\n<p>Kilpailu k\u00e4ytiin 14.2.2026 Shakkiareenalla Helsingiss\u00e4.<br><strong>Neal Turner <\/strong>oli valinnut teht\u00e4v\u00e4t ja toimi tuomarina. Ratkaistavana oli 12 teht\u00e4v\u00e4\u00e4 ja niihin aikaa kolme tuntia. Kilpailu kuuluu <a href=\"https:\/\/solving.wfcc.ch\/wsc\/2024-2025\/info.html\" target=\"_blank\" rel=\"noreferrer noopener\">World Solving Cup 2025\/2026<\/a>-sarjaan.<\/p>\n\n\n\n<p>A-ryhm\u00e4ss\u00e4 oli 15 ratkaisijaa ja k\u00e4rkikolmikko oli Kari Karhunen, Jorma Paavilainen ja Martynas Limontas (LTU). SM-pronssin sai nelj\u00e4nneksi sijoittunut Henry Tanner.<br \/>B-ryhm\u00e4ss\u00e4 oli yhdeks\u00e4n teht\u00e4v\u00e4\u00e4 ja kaksi ratkaisijaa ja sen voitti Eero Wilen pistein 35\/45, toisena Vilho Virkkala 20.<\/p>\n<p style=\"clear: left;\">(<a href=\"https:\/\/www.tehtavaniekat.fi\/index.php\/pikaratkaisemisen-sm-mitalistit\/\" target=\"_blank\" rel=\"noreferrer noopener\">Kaikki vanhat mitalistit<\/a>)<\/p>\n\n\n\n<p><style>\ntable {border-collapse: collapse;}\ntd  {padding: 2px ! important;  font-size: small ! important;}\nth {font-color: white! important;  background-color: blue ! important;}\n<\/style><\/p>\n<figure class=\"wp-block-table is-style-stripes\">\n<table style=\"width: 100%; height: 576px;\" border=\"1\" cellpadding=\"2\">\n<tbody>\n<tr style=\"height: 23px;\">\n<td style=\"width: 6.54762%; height: 23px;\">\u00a0<\/td>\n<td style=\"width: 20.119%; height: 23px;\">\u00a0<\/td>\n<td style=\"width: 3.69048%; height: 23px;\">1<\/td>\n<td style=\"width: 5%; height: 23px;\">2<\/td>\n<td style=\"width: 5%; height: 23px;\">3<\/td>\n<td style=\"width: 5%; height: 23px;\">4<\/td>\n<td style=\"width: 5%; height: 23px;\">5<\/td>\n<td style=\"width: 5%; height: 23px;\">6<\/td>\n<td style=\"width: 5%; height: 23px;\">7<\/td>\n<td style=\"width: 5%; height: 23px;\">8<\/td>\n<td style=\"width: 5.71429%; height: 23px;\">9<\/td>\n<td style=\"width: 5.71429%; height: 23px;\">10<\/td>\n<td style=\"width: 5.2381%; height: 23px;\">11<\/td>\n<td style=\"width: 5.2381%; height: 23px;\">12<\/td>\n<td style=\"width: 6.19048%; height: 23px;\">\u00a0<\/td>\n<td style=\"width: 6.30952%; height: 23px;\">\u00a0<\/td>\n<\/tr>\n<tr style=\"height: 23px;\">\n<td style=\"width: 6.54762%; height: 23px;\">Sija<\/td>\n<td style=\"width: 20.119%; height: 23px;\">\u00a0<\/td>\n<td style=\"width: 3.69048%; height: 23px;\">2#<\/td>\n<td style=\"width: 5%; height: 23px;\">2#<\/td>\n<td style=\"width: 5%; height: 23px;\">3#<\/td>\n<td style=\"width: 5%; height: 23px;\">3#<\/td>\n<td style=\"width: 5%; height: 23px;\">4#<\/td>\n<td style=\"width: 5%; height: 23px;\">6#<\/td>\n<td style=\"width: 5%; height: 23px;\">+<\/td>\n<td style=\"width: 5%; height: 23px;\">+<\/td>\n<td style=\"width: 5.71429%; height: 23px;\">a#2<\/td>\n<td style=\"width: 5.71429%; height: 23px;\">a#4<\/td>\n<td style=\"width: 5.2381%; height: 23px;\">i#2<\/td>\n<td style=\"width: 5.2381%; height: 23px;\">i#4<\/td>\n<td style=\"width: 6.19048%; height: 23px;\">Yht.<\/td>\n<td style=\"width: 6.30952%; height: 23px;\">Aika<\/td>\n<\/tr>\n<tr style=\"height: 23px;\">\n<td style=\"width: 6.54762%; height: 23px;\">I<\/td>\n<td style=\"width: 20.119%; height: 23px;\">Kari Karhunen<\/td>\n<td style=\"width: 3.69048%; height: 23px;\">5<\/td>\n<td style=\"width: 5%; height: 23px;\">5<\/td>\n<td style=\"width: 5%; height: 23px;\">5<\/td>\n<td style=\"width: 5%; height: 23px;\">4,5<\/td>\n<td style=\"width: 5%; height: 23px;\">5<\/td>\n<td style=\"width: 5%; height: 23px;\">5<\/td>\n<td style=\"width: 5%; height: 23px;\">5<\/td>\n<td style=\"width: 5%; height: 23px;\">5<\/td>\n<td style=\"width: 5.71429%; height: 23px;\">5<\/td>\n<td style=\"width: 5.71429%; height: 23px;\">5<\/td>\n<td style=\"width: 5.2381%; height: 23px;\">5<\/td>\n<td style=\"width: 5.2381%; height: 23px;\">5<\/td>\n<td style=\"width: 6.19048%; height: 23px;\">59,5<\/td>\n<td style=\"width: 6.30952%; height: 23px;\">180<\/td>\n<\/tr>\n<tr style=\"height: 23px;\">\n<td style=\"width: 6.54762%; height: 23px;\">II<\/td>\n<td style=\"width: 20.119%; height: 23px;\">Jorma Paavilainen<\/td>\n<td style=\"width: 3.69048%; height: 23px;\">5<\/td>\n<td style=\"width: 5%; height: 23px;\">5<\/td>\n<td style=\"width: 5%; height: 23px;\">5<\/td>\n<td style=\"width: 5%; height: 23px;\">0<\/td>\n<td style=\"width: 5%; height: 23px;\">5<\/td>\n<td style=\"width: 5%; height: 23px;\">5<\/td>\n<td style=\"width: 5%; height: 23px;\">5<\/td>\n<td style=\"width: 5%; height: 23px;\">4<\/td>\n<td style=\"width: 5.71429%; height: 23px;\">5<\/td>\n<td style=\"width: 5.71429%; height: 23px;\">2,5<\/td>\n<td style=\"width: 5.2381%; height: 23px;\">5<\/td>\n<td style=\"width: 5.2381%; height: 23px;\">5<\/td>\n<td style=\"width: 6.19048%; height: 23px;\">51,5<\/td>\n<td style=\"width: 6.30952%; height: 23px;\">180<\/td>\n<\/tr>\n<tr style=\"height: 23px;\">\n<td style=\"width: 6.54762%; height: 23px;\">III<\/td>\n<td style=\"width: 20.119%; height: 23px;\">Martynas Limontas\u00a0(LTU)<\/td>\n<td style=\"width: 3.69048%; height: 23px;\">5<\/td>\n<td style=\"width: 5%; height: 23px;\">5<\/td>\n<td style=\"width: 5%; height: 23px;\">5<\/td>\n<td style=\"width: 5%; height: 23px;\">3,5<\/td>\n<td style=\"width: 5%; height: 23px;\">5<\/td>\n<td style=\"width: 5%; height: 23px;\">5<\/td>\n<td style=\"width: 5%; height: 23px;\">5<\/td>\n<td style=\"width: 5%; height: 23px;\">5<\/td>\n<td style=\"width: 5.71429%; height: 23px;\">5<\/td>\n<td style=\"width: 5.71429%; height: 23px;\">&#8211;<\/td>\n<td style=\"width: 5.2381%; height: 23px;\">5<\/td>\n<td style=\"width: 5.2381%; height: 23px;\">0<\/td>\n<td style=\"width: 6.19048%; height: 23px;\">48,5<\/td>\n<td style=\"width: 6.30952%; height: 23px;\">180<\/td>\n<\/tr>\n<tr style=\"height: 23px;\">\n<td style=\"width: 6.54762%; height: 23px;\">4<\/td>\n<td style=\"width: 20.119%; height: 23px;\">Henry Tanner<\/td>\n<td style=\"width: 3.69048%; height: 23px;\">5<\/td>\n<td style=\"width: 5%; height: 23px;\">5<\/td>\n<td style=\"width: 5%; height: 23px;\">&#8211;<\/td>\n<td style=\"width: 5%; height: 23px;\">&#8211;<\/td>\n<td style=\"width: 5%; height: 23px;\">&#8211;<\/td>\n<td style=\"width: 5%; height: 23px;\">5<\/td>\n<td style=\"width: 5%; height: 23px;\">5<\/td>\n<td style=\"width: 5%; height: 23px;\">5<\/td>\n<td style=\"width: 5.71429%; height: 23px;\">5<\/td>\n<td style=\"width: 5.71429%; height: 23px;\">&#8211;<\/td>\n<td style=\"width: 5.2381%; height: 23px;\">5<\/td>\n<td style=\"width: 5.2381%; height: 23px;\">3,5<\/td>\n<td style=\"width: 6.19048%; height: 23px;\">38,5<\/td>\n<td style=\"width: 6.30952%; height: 23px;\">180<\/td>\n<\/tr>\n<tr style=\"height: 23px;\">\n<td style=\"width: 6.54762%; height: 23px;\">5<\/td>\n<td style=\"width: 20.119%; height: 23px;\">Terho Marlo<\/td>\n<td style=\"width: 3.69048%; height: 23px;\">5<\/td>\n<td style=\"width: 5%; height: 23px;\">5<\/td>\n<td style=\"width: 5%; height: 23px;\">5<\/td>\n<td style=\"width: 5%; height: 23px;\">&#8211;<\/td>\n<td style=\"width: 5%; height: 23px;\">5<\/td>\n<td style=\"width: 5%; height: 23px;\">5<\/td>\n<td style=\"width: 5%; height: 23px;\">0<\/td>\n<td style=\"width: 5%; height: 23px;\">1<\/td>\n<td style=\"width: 5.71429%; height: 23px;\">5<\/td>\n<td style=\"width: 5.71429%; height: 23px;\">&#8211;<\/td>\n<td style=\"width: 5.2381%; height: 23px;\">5<\/td>\n<td style=\"width: 5.2381%; height: 23px;\">&#8211;<\/td>\n<td style=\"width: 6.19048%; height: 23px;\">36<\/td>\n<td style=\"width: 6.30952%; height: 23px;\">175<\/td>\n<\/tr>\n<tr style=\"height: 23px;\">\n<td style=\"width: 6.54762%; height: 23px;\">6-7<\/td>\n<td style=\"width: 20.119%; height: 23px;\">Arvydas Mockus (LTU)<\/td>\n<td style=\"width: 3.69048%; height: 23px;\">5<\/td>\n<td style=\"width: 5%; height: 23px;\">5<\/td>\n<td style=\"width: 5%; height: 23px;\">&#8211;<\/td>\n<td style=\"width: 5%; height: 23px;\">&#8211;<\/td>\n<td style=\"width: 5%; height: 23px;\">&#8211;<\/td>\n<td style=\"width: 5%; height: 23px;\">&#8211;<\/td>\n<td style=\"width: 5%; height: 23px;\">5<\/td>\n<td style=\"width: 5%; height: 23px;\">1<\/td>\n<td style=\"width: 5.71429%; height: 23px;\">1,5<\/td>\n<td style=\"width: 5.71429%; height: 23px;\">2,5<\/td>\n<td style=\"width: 5.2381%; height: 23px;\">5<\/td>\n<td style=\"width: 5.2381%; height: 23px;\">&#8211;<\/td>\n<td style=\"width: 6.19048%; height: 23px;\">25<\/td>\n<td style=\"width: 6.30952%; height: 23px;\">180<\/td>\n<\/tr>\n<tr style=\"height: 23px;\">\n<td style=\"width: 6.54762%; height: 23px;\">6-7<\/td>\n<td style=\"width: 20.119%; height: 23px;\">Janne Syv\u00e4niemi<\/td>\n<td style=\"width: 3.69048%; height: 23px;\">5<\/td>\n<td style=\"width: 5%; height: 23px;\">5<\/td>\n<td style=\"width: 5%; height: 23px;\">&#8211;<\/td>\n<td style=\"width: 5%; height: 23px;\">&#8211;<\/td>\n<td style=\"width: 5%; height: 23px;\">&#8211;<\/td>\n<td style=\"width: 5%; height: 23px;\">0<\/td>\n<td style=\"width: 5%; height: 23px;\">&#8211;<\/td>\n<td style=\"width: 5%; height: 23px;\">&#8211;<\/td>\n<td style=\"width: 5.71429%; height: 23px;\">5<\/td>\n<td style=\"width: 5.71429%; height: 23px;\">5<\/td>\n<td style=\"width: 5.2381%; height: 23px;\">5<\/td>\n<td style=\"width: 5.2381%; height: 23px;\">&#8211;<\/td>\n<td style=\"width: 6.19048%; height: 23px;\">25<\/td>\n<td style=\"width: 6.30952%; height: 23px;\">180<\/td>\n<\/tr>\n<tr style=\"height: 23px;\">\n<td style=\"width: 6.54762%; height: 23px;\">8<\/td>\n<td style=\"width: 20.119%; height: 23px;\">Hannu Harkola<\/td>\n<td style=\"width: 3.69048%; height: 23px;\">5<\/td>\n<td style=\"width: 5%; height: 23px;\">5<\/td>\n<td style=\"width: 5%; height: 23px;\">&#8211;<\/td>\n<td style=\"width: 5%; height: 23px;\">&#8211;<\/td>\n<td style=\"width: 5%; height: 23px;\">&#8211;<\/td>\n<td style=\"width: 5%; height: 23px;\">&#8211;<\/td>\n<td style=\"width: 5%; height: 23px;\">5<\/td>\n<td style=\"width: 5%; height: 23px;\">3<\/td>\n<td style=\"width: 5.71429%; height: 23px;\">5<\/td>\n<td style=\"width: 5.71429%; height: 23px;\">&#8211;<\/td>\n<td style=\"width: 5.2381%; height: 23px;\">0<\/td>\n<td style=\"width: 5.2381%; height: 23px;\">&#8211;<\/td>\n<td style=\"width: 6.19048%; height: 23px;\">23<\/td>\n<td style=\"width: 6.30952%; height: 23px;\">180<\/td>\n<\/tr>\n<tr style=\"height: 23px;\">\n<td style=\"width: 6.54762%; height: 23px;\">9<\/td>\n<td style=\"width: 20.119%; height: 23px;\">Ari M\u00f6tt\u00f6nen<\/td>\n<td style=\"width: 3.69048%; height: 23px;\">5<\/td>\n<td style=\"width: 5%; height: 23px;\">5<\/td>\n<td style=\"width: 5%; height: 23px;\">&#8211;<\/td>\n<td style=\"width: 5%; height: 23px;\">&#8211;<\/td>\n<td style=\"width: 5%; height: 23px;\">&#8211;<\/td>\n<td style=\"width: 5%; height: 23px;\">&#8211;<\/td>\n<td style=\"width: 5%; height: 23px;\">0<\/td>\n<td style=\"width: 5%; height: 23px;\">1<\/td>\n<td style=\"width: 5.71429%; height: 23px;\">2,5<\/td>\n<td style=\"width: 5.71429%; height: 23px;\">&#8211;<\/td>\n<td style=\"width: 5.2381%; height: 23px;\">5<\/td>\n<td style=\"width: 5.2381%; height: 23px;\">&#8211;<\/td>\n<td style=\"width: 6.19048%; height: 23px;\">18,5<\/td>\n<td style=\"width: 6.30952%; height: 23px;\">179<\/td>\n<\/tr>\n<tr style=\"height: 23px;\">\n<td style=\"width: 6.54762%; height: 23px;\">10<\/td>\n<td style=\"width: 20.119%; height: 23px;\">Petteri Paronen<\/td>\n<td style=\"width: 3.69048%; height: 23px;\">5<\/td>\n<td style=\"width: 5%; height: 23px;\">5<\/td>\n<td style=\"width: 5%; height: 23px;\">0<\/td>\n<td style=\"width: 5%; height: 23px;\">&#8211;<\/td>\n<td style=\"width: 5%; height: 23px;\">&#8211;<\/td>\n<td style=\"width: 5%; height: 23px;\">&#8211;<\/td>\n<td style=\"width: 5%; height: 23px;\">2<\/td>\n<td style=\"width: 5%; height: 23px;\">0<\/td>\n<td style=\"width: 5.71429%; height: 23px;\">5<\/td>\n<td style=\"width: 5.71429%; height: 23px;\">&#8211;<\/td>\n<td style=\"width: 5.2381%; height: 23px;\">0<\/td>\n<td style=\"width: 5.2381%; height: 23px;\">&#8211;<\/td>\n<td style=\"width: 6.19048%; height: 23px;\">17<\/td>\n<td style=\"width: 6.30952%; height: 23px;\">175<\/td>\n<\/tr>\n<tr style=\"height: 23px;\">\n<td style=\"width: 6.54762%; height: 23px;\">11<\/td>\n<td style=\"width: 20.119%; height: 23px;\">Jukka Tuovinen<\/td>\n<td style=\"width: 3.69048%; height: 23px;\">0<\/td>\n<td style=\"width: 5%; height: 23px;\">0<\/td>\n<td style=\"width: 5%; height: 23px;\">&#8211;<\/td>\n<td style=\"width: 5%; height: 23px;\">&#8211;<\/td>\n<td style=\"width: 5%; height: 23px;\">&#8211;<\/td>\n<td style=\"width: 5%; height: 23px;\">&#8211;<\/td>\n<td style=\"width: 5%; height: 23px;\">5<\/td>\n<td style=\"width: 5%; height: 23px;\">1<\/td>\n<td style=\"width: 5.71429%; height: 23px;\">5<\/td>\n<td style=\"width: 5.71429%; height: 23px;\">&#8211;<\/td>\n<td style=\"width: 5.2381%; height: 23px;\">5<\/td>\n<td style=\"width: 5.2381%; height: 23px;\">&#8211;<\/td>\n<td style=\"width: 6.19048%; height: 23px;\">16<\/td>\n<td style=\"width: 6.30952%; height: 23px;\">175<\/td>\n<\/tr>\n<tr style=\"height: 23px;\">\n<td style=\"width: 6.54762%; height: 23px;\">12<\/td>\n<td style=\"width: 20.119%; height: 23px;\">Mikael Gr\u00f6nroos<\/td>\n<td style=\"width: 3.69048%; height: 23px;\">5<\/td>\n<td style=\"width: 5%; height: 23px;\">5<\/td>\n<td style=\"width: 5%; height: 23px;\">&#8211;<\/td>\n<td style=\"width: 5%; height: 23px;\">&#8211;<\/td>\n<td style=\"width: 5%; height: 23px;\">&#8211;<\/td>\n<td style=\"width: 5%; height: 23px;\">&#8211;<\/td>\n<td style=\"width: 5%; height: 23px;\">0<\/td>\n<td style=\"width: 5%; height: 23px;\">&#8211;<\/td>\n<td style=\"width: 5.71429%; height: 23px;\">2,5<\/td>\n<td style=\"width: 5.71429%; height: 23px;\">&#8211;<\/td>\n<td style=\"width: 5.2381%; height: 23px;\">0<\/td>\n<td style=\"width: 5.2381%; height: 23px;\">&#8211;<\/td>\n<td style=\"width: 6.19048%; height: 23px;\">12,5<\/td>\n<td style=\"width: 6.30952%; height: 23px;\">179<\/td>\n<\/tr>\n<tr style=\"height: 23px;\">\n<td style=\"width: 6.54762%; height: 23px;\">13<\/td>\n<td style=\"width: 20.119%; height: 23px;\">Rayan Mashhadi Aghajan<\/td>\n<td style=\"width: 3.69048%; height: 23px;\">5<\/td>\n<td style=\"width: 5%; height: 23px;\">0<\/td>\n<td style=\"width: 5%; height: 23px;\">0<\/td>\n<td style=\"width: 5%; height: 23px;\">0<\/td>\n<td style=\"width: 5%; height: 23px;\">0<\/td>\n<td style=\"width: 5%; height: 23px;\">0<\/td>\n<td style=\"width: 5%; height: 23px;\">4<\/td>\n<td style=\"width: 5%; height: 23px;\">1<\/td>\n<td style=\"width: 5.71429%; height: 23px;\">1,5<\/td>\n<td style=\"width: 5.71429%; height: 23px;\">&#8211;<\/td>\n<td style=\"width: 5.2381%; height: 23px;\">0<\/td>\n<td style=\"width: 5.2381%; height: 23px;\">&#8211;<\/td>\n<td style=\"width: 6.19048%; height: 23px;\">11,5<\/td>\n<td style=\"width: 6.30952%; height: 23px;\">175<\/td>\n<\/tr>\n<tr style=\"height: 23px;\">\n<td style=\"width: 6.54762%; height: 23px;\">14<\/td>\n<td style=\"width: 20.119%; height: 23px;\">Matti Rasilainen<\/td>\n<td style=\"width: 3.69048%; height: 23px;\">5<\/td>\n<td style=\"width: 5%; height: 23px;\">0<\/td>\n<td style=\"width: 5%; height: 23px;\">0<\/td>\n<td style=\"width: 5%; height: 23px;\">0<\/td>\n<td style=\"width: 5%; height: 23px;\">0<\/td>\n<td style=\"width: 5%; height: 23px;\">0<\/td>\n<td style=\"width: 5%; height: 23px;\">0<\/td>\n<td style=\"width: 5%; height: 23px;\">0<\/td>\n<td style=\"width: 5.71429%; height: 23px;\">2,5<\/td>\n<td style=\"width: 5.71429%; height: 23px;\">&#8211;<\/td>\n<td style=\"width: 5.2381%; height: 23px;\">0<\/td>\n<td style=\"width: 5.2381%; height: 23px;\">&#8211;<\/td>\n<td style=\"width: 6.19048%; height: 23px;\">7,5<\/td>\n<td style=\"width: 6.30952%; height: 23px;\">176<\/td>\n<\/tr>\n<tr style=\"height: 23px;\">\n<td style=\"width: 6.54762%; height: 23px;\">15<\/td>\n<td style=\"width: 20.119%; height: 23px;\">Oliver Wartiovaara<\/td>\n<td style=\"width: 3.69048%; height: 23px;\">0<\/td>\n<td style=\"width: 5%; height: 23px;\">0<\/td>\n<td style=\"width: 5%; height: 23px;\">0<\/td>\n<td style=\"width: 5%; height: 23px;\">0<\/td>\n<td style=\"width: 5%; height: 23px;\">&#8211;<\/td>\n<td style=\"width: 5%; height: 23px;\">&#8211;<\/td>\n<td style=\"width: 5%; height: 23px;\">&#8211;<\/td>\n<td style=\"width: 5%; height: 23px;\">&#8211;<\/td>\n<td style=\"width: 5.71429%; height: 23px;\">&#8211;<\/td>\n<td style=\"width: 5.71429%; height: 23px;\">&#8211;<\/td>\n<td style=\"width: 5.2381%; height: 23px;\">&#8211;<\/td>\n<td style=\"width: 5.2381%; height: 23px;\">&#8211;<\/td>\n<td style=\"width: 6.19048%; height: 23px;\">0<\/td>\n<td style=\"width: 6.30952%; height: 23px;\">180<\/td>\n<\/tr>\n<tr style=\"height: 23px;\">\n<td style=\"width: 6.54762%; height: 23px;\">\u00a0<\/td>\n<td style=\"width: 20.119%; height: 23px;\">keskiarvo<\/td>\n<td style=\"width: 3.69048%; height: 23px;\">4,3<\/td>\n<td style=\"width: 5%; height: 23px;\">3,7<\/td>\n<td style=\"width: 5%; height: 23px;\">1,3<\/td>\n<td style=\"width: 5%; height: 23px;\">0,5<\/td>\n<td style=\"width: 5%; height: 23px;\">1,3<\/td>\n<td style=\"width: 5%; height: 23px;\">1,7<\/td>\n<td style=\"width: 5%; height: 23px;\">2,7<\/td>\n<td style=\"width: 5%; height: 23px;\">1,8<\/td>\n<td style=\"width: 5.71429%; height: 23px;\">3,7<\/td>\n<td style=\"width: 5.71429%; height: 23px;\">1,0<\/td>\n<td style=\"width: 5.2381%; height: 23px;\">3,0<\/td>\n<td style=\"width: 5.2381%; height: 23px;\">0,9<\/td>\n<td style=\"width: 6.19048%; height: 23px;\">\u00a0<\/td>\n<td style=\"width: 6.30952%; height: 23px;\">\u00a0<\/td>\n<\/tr>\n<\/tbody>\n<\/table>\n<\/figure>\n\n\n\n<p><a href=\"\/vanhat\/pika26t.htm\">Teht\u00e4v\u00e4t<\/a> | <a href=\"https:\/\/www.tehtavaniekat.fi\/index.php\/pika26r\/\" target=\"_blank\" rel=\"noreferrer noopener\">ratkaisut<\/a><\/p>\n\n\n\n<p><\/p>\n","protected":false},"excerpt":{"rendered":"<p>SHAKKITEHT\u00c4VIEN RATKAISEMISEN 47. SUOMEN MESTARUUSKILPAILU Kilpailu k\u00e4ytiin 14.2.2026 Shakkiareenalla Helsingiss\u00e4.Neal Turner oli valinnut teht\u00e4v\u00e4t ja toimi tuomarina. Ratkaistavana oli 12 teht\u00e4v\u00e4\u00e4 ja niihin aikaa kolme tuntia. Kilpailu kuuluu World Solving Cup 2025\/2026-sarjaan. A-ryhm\u00e4ss\u00e4 oli 15 ratkaisijaa ja k\u00e4rkikolmikko oli Kari Karhunen, Jorma Paavilainen ja Martynas Limontas (LTU). SM-pronssin sai nelj\u00e4nneksi&#8230; <a class=\"continue-reading-link\" href=\"https:\/\/www.tehtavaniekat.fi\/index.php\/ratkaisemisen-sm-2026\/\">Jatka lukemista<\/a><\/p>\n","protected":false},"author":1,"featured_media":0,"parent":0,"menu_order":0,"comment_status":"closed","ping_status":"closed","template":"","meta":{"footnotes":""},"class_list":["post-3977","page","type-page","status-publish","hentry"],"_links":{"self":[{"href":"https:\/\/www.tehtavaniekat.fi\/index.php\/wp-json\/wp\/v2\/pages\/3977","targetHints":{"allow":["GET"]}}],"collection":[{"href":"https:\/\/www.tehtavaniekat.fi\/index.php\/wp-json\/wp\/v2\/pages"}],"about":[{"href":"https:\/\/www.tehtavaniekat.fi\/index.php\/wp-json\/wp\/v2\/types\/page"}],"author":[{"embeddable":true,"href":"https:\/\/www.tehtavaniekat.fi\/index.php\/wp-json\/wp\/v2\/users\/1"}],"replies":[{"embeddable":true,"href":"https:\/\/www.tehtavaniekat.fi\/index.php\/wp-json\/wp\/v2\/comments?post=3977"}],"version-history":[{"count":11,"href":"https:\/\/www.tehtavaniekat.fi\/index.php\/wp-json\/wp\/v2\/pages\/3977\/revisions"}],"predecessor-version":[{"id":4001,"href":"https:\/\/www.tehtavaniekat.fi\/index.php\/wp-json\/wp\/v2\/pages\/3977\/revisions\/4001"}],"wp:attachment":[{"href":"https:\/\/www.tehtavaniekat.fi\/index.php\/wp-json\/wp\/v2\/media?parent=3977"}],"curies":[{"name":"wp","href":"https:\/\/api.w.org\/{rel}","templated":true}]}}