{"id":3876,"date":"2025-11-23T16:13:19","date_gmt":"2025-11-23T14:13:19","guid":{"rendered":"https:\/\/www.tehtavaniekat.fi\/?page_id=3876"},"modified":"2025-11-23T16:13:19","modified_gmt":"2025-11-23T14:13:19","slug":"isc-2026-kutsu","status":"publish","type":"page","link":"https:\/\/www.tehtavaniekat.fi\/index.php\/isc-2026-kutsu\/","title":{"rendered":"ISC 2026 kutsu"},"content":{"rendered":"\n<h2 class=\"wp-block-heading\">22. KANSAINV\u00c4LINEN RATKAISUKILPAILU 25.1.2026<\/h2>\n\n\n\n<p><\/p>\n\n\n\n<p>Kansainv\u00e4lisen ratkaisukilpailun (International Solving Contest, ISC) Suomen osuus pidet\u00e4\u00e4n sunnuntaina 25.1.2026 alkaen klo 12 Helsingin Shakkiareenalla, Hiomotie 10, 00380 Helsinki.<br>Kilpailussa on kolme ryhm\u00e4\u00e4:<br>1) Kokeneet ratkaisijat. Kaksi kahden tunnin jaksoa, kummassakin kuusi teht\u00e4v\u00e4\u00e4 (2-, 3- ja monisiirtoinen mattiteht\u00e4v\u00e4, lopputeht\u00e4v\u00e4, apumatti ja itsematti). Tulokset vaikuttavat ratkaisijoiden vahvuuslukuihin.<br>2) Alle 2000 rating-pisteen olevat tai luokittelemattomat ratkaisijat. Kaksi kahden tunnin jaksoa, kummassakin kuusi teht\u00e4v\u00e4\u00e4. (Ensimm\u00e4isess\u00e4 jaksossa 2 x 2#, 3#, monisiirtoinen mattiteht\u00e4v\u00e4, lopputeht\u00e4v\u00e4 ja itsematti, toisessa jaksossa 2#, 2 x 3#, monisiirtoinen mattiteht\u00e4v\u00e4, lopputeht\u00e4v\u00e4 ja apumatti). Tulokset vaikuttavat ratkaisijoiden vahvuuslukuihin.<br>3) 31.12.2012 j\u00e4lkeen syntyneet. Ratkaisuaika on kaksi tuntia, ratkaistavana on kuusi teht\u00e4v\u00e4\u00e4: nelj\u00e4 kahden siirron mattia, yksi kolmen siirron matti ja yksi lopputeht\u00e4v\u00e4.<br>Ryhmiss\u00e4 1) ja 2) on noin puolen tunnin tauko jaksojen v\u00e4liss\u00e4.<br>Suomen osuuden johtajana toimii Neal Turner, jolta saa lis\u00e4tietoa (nealturnerfinland@hotmail.com). Kilpailuun ei tarvitse ilmoittautua ennakolta.<br>Kilpailun kansainv\u00e4linen julistus on WFCC:n sivulla <a href=\"https:\/\/www.wfcc.ch\/wp-content\/uploads\/ISC-2026-Announcement.pdf\">https:\/\/www.wfcc.ch\/wp-content\/uploads\/ISC-2026-Announcement.pdf<\/a><\/p>\n","protected":false},"excerpt":{"rendered":"<p>22. KANSAINV\u00c4LINEN RATKAISUKILPAILU 25.1.2026 Kansainv\u00e4lisen ratkaisukilpailun (International Solving Contest, ISC) Suomen osuus pidet\u00e4\u00e4n sunnuntaina 25.1.2026 alkaen klo 12 Helsingin Shakkiareenalla, Hiomotie 10, 00380 Helsinki.Kilpailussa on kolme ryhm\u00e4\u00e4:1) Kokeneet ratkaisijat. Kaksi kahden tunnin jaksoa, kummassakin kuusi teht\u00e4v\u00e4\u00e4 (2-, 3- ja monisiirtoinen mattiteht\u00e4v\u00e4, lopputeht\u00e4v\u00e4, apumatti ja itsematti). Tulokset vaikuttavat ratkaisijoiden vahvuuslukuihin.2) Alle&#8230; <a class=\"continue-reading-link\" href=\"https:\/\/www.tehtavaniekat.fi\/index.php\/isc-2026-kutsu\/\">Jatka lukemista<\/a><\/p>\n","protected":false},"author":1,"featured_media":0,"parent":0,"menu_order":0,"comment_status":"closed","ping_status":"closed","template":"","meta":{"footnotes":""},"class_list":["post-3876","page","type-page","status-publish","hentry"],"_links":{"self":[{"href":"https:\/\/www.tehtavaniekat.fi\/index.php\/wp-json\/wp\/v2\/pages\/3876","targetHints":{"allow":["GET"]}}],"collection":[{"href":"https:\/\/www.tehtavaniekat.fi\/index.php\/wp-json\/wp\/v2\/pages"}],"about":[{"href":"https:\/\/www.tehtavaniekat.fi\/index.php\/wp-json\/wp\/v2\/types\/page"}],"author":[{"embeddable":true,"href":"https:\/\/www.tehtavaniekat.fi\/index.php\/wp-json\/wp\/v2\/users\/1"}],"replies":[{"embeddable":true,"href":"https:\/\/www.tehtavaniekat.fi\/index.php\/wp-json\/wp\/v2\/comments?post=3876"}],"version-history":[{"count":3,"href":"https:\/\/www.tehtavaniekat.fi\/index.php\/wp-json\/wp\/v2\/pages\/3876\/revisions"}],"predecessor-version":[{"id":3879,"href":"https:\/\/www.tehtavaniekat.fi\/index.php\/wp-json\/wp\/v2\/pages\/3876\/revisions\/3879"}],"wp:attachment":[{"href":"https:\/\/www.tehtavaniekat.fi\/index.php\/wp-json\/wp\/v2\/media?parent=3876"}],"curies":[{"name":"wp","href":"https:\/\/api.w.org\/{rel}","templated":true}]}}