{"id":3813,"date":"2025-09-03T12:40:30","date_gmt":"2025-09-03T10:40:30","guid":{"rendered":"https:\/\/www.tehtavaniekat.fi\/?page_id=3813"},"modified":"2025-09-04T10:49:03","modified_gmt":"2025-09-04T08:49:03","slug":"ratk62-2","status":"publish","type":"page","link":"https:\/\/www.tehtavaniekat.fi\/index.php\/ratk62-2\/","title":{"rendered":"ratk62"},"content":{"rendered":"\n<h1 class=\"wp-block-heading\">Suomen teht\u00e4v\u00e4niekat 90 vuotta<\/h1>\n\n\n\n<p><\/p>\n\n\n\n<h5 class=\"wp-block-heading\"><strong>Erkki A. Wirtanen<\/strong><\/h5>\n\n\n\n<p><\/p>\n\n\n\n<p>Helsinkil\u00e4inen Erkki A. Wirtanen (11.4.1911\u20133.10.1979) oli yksi menestyneimpi\u00e4 suomalaisia shakkiteht\u00e4vien laatijoita. EAW:n \u2013 kuten h\u00e4nen nimens\u00e4 teht\u00e4v\u00e4shakkiyhteyksiss\u00e4 usein lyhennettiin \u2013 laadintaura kesti l\u00e4hes 50 vuotta (1930\u20131979), ja h\u00e4nen julkaistujen teht\u00e4viens\u00e4 m\u00e4\u00e4r\u00e4, yli 1500 teht\u00e4v\u00e4\u00e4, nousi ep\u00e4tavallisen suureksi.<\/p>\n\n\n\n<p>Wirtasen teht\u00e4vist\u00e4 moni my\u00f6s menestyi kansainv\u00e4lisiss\u00e4 kilpailuissa, mik\u00e4 n\u00e4kyy mm. h\u00e4nelle my\u00f6nnetyss\u00e4 kansainv\u00e4lisen teht\u00e4v\u00e4mestarin arvossa (1979) ja Fide-albumeihin valittujen teht\u00e4vien m\u00e4\u00e4r\u00e4ss\u00e4 (26).<\/p>\n\n\n\n<p>Suurin osa EAW:n teht\u00e4v\u00e4tuotannosta oli kaksi- tai kolmisiirtoisia mattiteht\u00e4vi\u00e4, mutta n\u00e4iden lis\u00e4ksi h\u00e4n laati my\u00f6s itse- ja apumatteja.<\/p>\n\n\n\n<p>Suomen Teht\u00e4v\u00e4niekat julkaisi vuonna 1983 Matti Myllyniemen ja Veikko Hyn\u00f6sen toimittaman kokoelman nimelt\u00e4 <em>EAW. Valikoima Erkki A. Wirtasen shakkiteht\u00e4vi\u00e4<\/em>. Sen pdf-versio vuodelta 2013 on ladattavissa ST:n internet-sivuilta osoitteesta <a href=\"https:\/\/www.tehtavaniekat.fi\/index.php\/tehtavashakkikirjallisuutta\/\">https:\/\/www.tehtavaniekat.fi\/index.php\/tehtavashakkikirjallisuutta\/<\/a>. Teos sis\u00e4lt\u00e4\u00e4 kommentoituina 152 EAW:n teht\u00e4v\u00e4\u00e4. N\u00e4ist\u00e4 osa on Myllyniemen korjaamia versioita.<\/p>\n\n\n\n<p><\/p>\n\n\n\n<p><\/p>\n\n\n\n<p><\/p>\n\n\n\n<br>\n\n\n<script type=\"text\/javascript\" src=\"\/py2web\/jquery-1.11.1.js\"><\/script>\n<script type=\"text\/javascript\" src=\"\/py2web\/py2web.js\"><\/script>\n<link href=\"\/py2web\/py2web.css\" rel=\"stylesheet\" type=\"text\/css\">\n\n<div style=\"overflow-x:auto;\">\n\n    <table cellspacing=\"3\" cellpadding=\"0\" border=\"0\">\n      <tbody><tr>  \n    <td valign=\"top\" align=\"center\"> <b>Erkki A. Wirtanen<\/b><br>\n<em>La Settimana Enigmistica<\/em>, 29.6.1935<br>\n<div class=\"p2w-diagram\" id=\"esim\" glyphs=\"{&quot;d&quot;:&quot;q&quot;,&quot;t&quot;:&quot;r&quot;,&quot;l&quot;:&quot;b&quot;,&quot;r&quot;:&quot;s&quot;}\"> \nWhite   Ka1 Db4 Tc7 Ld8 Lf5 Rh4\nBlack   Ke5 Ld5 Lh8 Pe3\n<\/div>\n        2 siirron matti (2#)<br>\n<\/td>\n      <td valign=\"top\"> \n        <div class=\"p2w-solution\" style=\"white-space: pre;\" target=\"esim\">\n   1.Db4-b8 ! threat: 2.Tc7-c4 #\n      1...Ke5-f4 + 2.Tc7-g7 #\n      1...Ke5-d6 + 2.Tc7-c3 #\n      1...Ke5-d4 2.Db8-b2 #\n      1...Ld5-a2 2.Tc7-d7 #\n           <\/div>\n      <\/td>\n    <\/tr>\n    <\/tbody><\/table>\n<\/div>\n\n\n\n\n<p>Jo 1930-luvulla julkaistu n\u00e4yteteht\u00e4v\u00e4mme lukeutuu siis Wirtasen varhaistuotantoon, mutta se on silti erityisen onnistunut teht\u00e4v\u00e4. Alkusiirto antaa mustan kuninkaalle kolme pakoruutua, joista kahteen siirtyess\u00e4\u00e4n mK shakkaa l\u00e4hettipatterilla. Kun alkusiirron uhkana on 2.Tc4#, kaikki mLd5:n siirrot ovat puolustuksia; niit\u00e4 kaikkia seuraa 2.Td7#, koska vT pystyy nyt valvomaan d4-ruutua (ja juuri vapautunutta pakoruutua d5) ruudusta d7. Uhka mukaan lukien vT tekee matin nelj\u00e4ll\u00e4 eri siirrolla; n\u00e4ist\u00e4 kahta, 2.Tc3# ja 2.Tg7#, nimitet\u00e4\u00e4n ristishakeiksi, koska ne ovat vastauksia mustan shakkeihin (1.- Kd6+ ja 1.- Kf4+).<\/p>\n\n\n\n<p>T\u00e4ss\u00e4 valkosotilaattomassa teht\u00e4v\u00e4ss\u00e4 on vain kymmenen nappulaa, joten se kuuluu ns. Meredith-muotoisiin teht\u00e4viin, joiden nappulaluku on 8\u201312.<\/p>\n\n\n\n<p><em>La Settimana Enigmistica<\/em> on italialainen, vuonna 1932 ilmestymisens\u00e4 aloittanut ja edelleen ilmestyv\u00e4 sanaristikkolehti, jonka teht\u00e4v\u00e4shakkikilpailut vuosina 1932\u20131937 olivat erityisen tasokkaita. Tuonkin j\u00e4lkeen lehdess\u00e4 on julkaistu shakkiteht\u00e4vi\u00e4, mutta kenties useimmiten j\u00e4lkipainoksina.<\/p>\n\n\n\n<p><\/p>\n\n\n\n<p>Henry Tanner<\/p>\n","protected":false},"excerpt":{"rendered":"<p>Suomen teht\u00e4v\u00e4niekat 90 vuotta Erkki A. Wirtanen Helsinkil\u00e4inen Erkki A. Wirtanen (11.4.1911\u20133.10.1979) oli yksi menestyneimpi\u00e4 suomalaisia shakkiteht\u00e4vien laatijoita. EAW:n \u2013 kuten h\u00e4nen nimens\u00e4 teht\u00e4v\u00e4shakkiyhteyksiss\u00e4 usein lyhennettiin \u2013 laadintaura kesti l\u00e4hes 50 vuotta (1930\u20131979), ja h\u00e4nen julkaistujen teht\u00e4viens\u00e4 m\u00e4\u00e4r\u00e4, yli 1500 teht\u00e4v\u00e4\u00e4, nousi ep\u00e4tavallisen suureksi. Wirtasen teht\u00e4vist\u00e4 moni my\u00f6s menestyi kansainv\u00e4lisiss\u00e4&#8230; <a class=\"continue-reading-link\" href=\"https:\/\/www.tehtavaniekat.fi\/index.php\/ratk62-2\/\">Jatka lukemista<\/a><\/p>\n","protected":false},"author":1,"featured_media":0,"parent":0,"menu_order":0,"comment_status":"closed","ping_status":"closed","template":"templates\/template-onecolumn.php","meta":{"footnotes":""},"class_list":["post-3813","page","type-page","status-publish","hentry"],"_links":{"self":[{"href":"https:\/\/www.tehtavaniekat.fi\/index.php\/wp-json\/wp\/v2\/pages\/3813","targetHints":{"allow":["GET"]}}],"collection":[{"href":"https:\/\/www.tehtavaniekat.fi\/index.php\/wp-json\/wp\/v2\/pages"}],"about":[{"href":"https:\/\/www.tehtavaniekat.fi\/index.php\/wp-json\/wp\/v2\/types\/page"}],"author":[{"embeddable":true,"href":"https:\/\/www.tehtavaniekat.fi\/index.php\/wp-json\/wp\/v2\/users\/1"}],"replies":[{"embeddable":true,"href":"https:\/\/www.tehtavaniekat.fi\/index.php\/wp-json\/wp\/v2\/comments?post=3813"}],"version-history":[{"count":2,"href":"https:\/\/www.tehtavaniekat.fi\/index.php\/wp-json\/wp\/v2\/pages\/3813\/revisions"}],"predecessor-version":[{"id":3830,"href":"https:\/\/www.tehtavaniekat.fi\/index.php\/wp-json\/wp\/v2\/pages\/3813\/revisions\/3830"}],"wp:attachment":[{"href":"https:\/\/www.tehtavaniekat.fi\/index.php\/wp-json\/wp\/v2\/media?parent=3813"}],"curies":[{"name":"wp","href":"https:\/\/api.w.org\/{rel}","templated":true}]}}