{"id":3671,"date":"2025-03-14T15:16:37","date_gmt":"2025-03-14T13:16:37","guid":{"rendered":"https:\/\/www.tehtavaniekat.fi\/?page_id=3671"},"modified":"2025-11-23T18:19:37","modified_gmt":"2025-11-23T16:19:37","slug":"vk25","status":"publish","type":"page","link":"https:\/\/www.tehtavaniekat.fi\/index.php\/vk25\/","title":{"rendered":"Vuosikokous 2025"},"content":{"rendered":"\n<h2 class=\"wp-block-heading\">SUOMEN TEHT\u00c4V\u00c4NIEKKAIN VUOSIKOKOUS 2025<\/h2>\n\n\n\n<p><\/p>\n\n\n\n<p>pidettiin lauantaina 15.2. Helsingin Shakkiareenalla. Kokoukseen osallistui 11 henke\u00e4. T\u00e4rkeimpi\u00e4 p\u00e4\u00e4t\u00f6ksi\u00e4:<\/p>\n\n\n\n<ul class=\"wp-block-list\">\n<li>Vahvistettiin vuoden 2024 tilinp\u00e4\u00e4t\u00f6s, joka osoitti ylij\u00e4\u00e4m\u00e4\u00e4 303,40 euroa.<\/li>\n\n\n\n<li>Johtokunnalle my\u00f6nnettiin vastuuvapaus vuodelta 2024<\/li>\n\n\n\n<li>Johtokuntaan vuodeksi 2025 valittiin edelleen:\n<ul class=\"wp-block-list\">\n<li>puheenjohtaja Jorma Paavilainen<\/li>\n\n\n\n<li>varapuheenjohtaja Mikael Gr\u00f6nroos<\/li>\n\n\n\n<li>sihteeri Kari Karhunen<\/li>\n\n\n\n<li>taloudenhoitaja Hannu Harkola<\/li>\n\n\n\n<li>kirjastonhoitaja Neal Turner<\/li>\n\n\n\n<li>varaj\u00e4senet Terho Marlo ja Janne Syv\u00e4niemi<\/li>\n<\/ul>\n<\/li>\n\n\n\n<li>Toiminnantarkastajiksi valittiin Timo Kallio ja Ari M\u00f6tt\u00f6nen, varalle Teemu Miettinen<\/li>\n\n\n\n<li>Muut valinnat:\n<ul class=\"wp-block-list\">\n<li>matrikkelinhoitajat Henry Tanner ja Marko Tauriainen,<\/li>\n\n\n\n<li>teht\u00e4v\u00e4shakillinen toimikunta Per Olin, Pauli Perkonoja, Henry Tanner ja Marko Tauriainen<\/li>\n\n\n\n<li>Edustaja Maailman teht\u00e4v\u00e4shakkiliitossa (WFCC) Neal Turner<\/li>\n\n\n\n<li>edustaja Suomen Shakkiliitossa Jorma Paavilainen,<\/li>\n<\/ul>\n<\/li>\n\n\n\n<li>J\u00e4senmaksu pidettiin ennallaan 30 eurossa.<\/li>\n\n\n\n<li>Hyv\u00e4ksyttiin johtokunnan valmistelema toimintasuunnitelma ja talousarvio vuodelle 2025. <em>Teht\u00e4v\u00e4niekka<\/em>-lehte\u00e4 julkaistaan my\u00f6s vuonna 2025 nelj\u00e4 numeroa.<\/li>\n\n\n\n<li><a href=\"https:\/\/www.tehtavaniekat.fi\/index.php\/valve-2\/\" target=\"_blank\" rel=\"noreferrer noopener\">Leo Valven kiertopalkinto<\/a> p\u00e4\u00e4tettiin antaa vuodeksi Neal Turnerille.<\/li>\n<\/ul>\n","protected":false},"excerpt":{"rendered":"<p>SUOMEN TEHT\u00c4V\u00c4NIEKKAIN VUOSIKOKOUS 2025 pidettiin lauantaina 15.2. Helsingin Shakkiareenalla. Kokoukseen osallistui 11 henke\u00e4. T\u00e4rkeimpi\u00e4 p\u00e4\u00e4t\u00f6ksi\u00e4: <a class=\"continue-reading-link\" href=\"https:\/\/www.tehtavaniekat.fi\/index.php\/vk25\/\">Jatka lukemista<\/a><\/p>\n","protected":false},"author":1,"featured_media":0,"parent":0,"menu_order":0,"comment_status":"closed","ping_status":"closed","template":"","meta":{"footnotes":""},"class_list":["post-3671","page","type-page","status-publish","hentry"],"_links":{"self":[{"href":"https:\/\/www.tehtavaniekat.fi\/index.php\/wp-json\/wp\/v2\/pages\/3671","targetHints":{"allow":["GET"]}}],"collection":[{"href":"https:\/\/www.tehtavaniekat.fi\/index.php\/wp-json\/wp\/v2\/pages"}],"about":[{"href":"https:\/\/www.tehtavaniekat.fi\/index.php\/wp-json\/wp\/v2\/types\/page"}],"author":[{"embeddable":true,"href":"https:\/\/www.tehtavaniekat.fi\/index.php\/wp-json\/wp\/v2\/users\/1"}],"replies":[{"embeddable":true,"href":"https:\/\/www.tehtavaniekat.fi\/index.php\/wp-json\/wp\/v2\/comments?post=3671"}],"version-history":[{"count":1,"href":"https:\/\/www.tehtavaniekat.fi\/index.php\/wp-json\/wp\/v2\/pages\/3671\/revisions"}],"predecessor-version":[{"id":3672,"href":"https:\/\/www.tehtavaniekat.fi\/index.php\/wp-json\/wp\/v2\/pages\/3671\/revisions\/3672"}],"wp:attachment":[{"href":"https:\/\/www.tehtavaniekat.fi\/index.php\/wp-json\/wp\/v2\/media?parent=3671"}],"curies":[{"name":"wp","href":"https:\/\/api.w.org\/{rel}","templated":true}]}}