{"id":3598,"date":"2025-02-17T23:42:26","date_gmt":"2025-02-17T21:42:26","guid":{"rendered":"https:\/\/www.tehtavaniekat.fi\/?page_id=3598"},"modified":"2026-02-20T15:06:54","modified_gmt":"2026-02-20T13:06:54","slug":"ratkaisemisen-sm-2025","status":"publish","type":"page","link":"https:\/\/www.tehtavaniekat.fi\/index.php\/ratkaisemisen-sm-2025\/","title":{"rendered":"Ratkaisemisen SM 2025"},"content":{"rendered":"\n<h1 class=\"wp-block-heading\">SHAKKITEHT\u00c4VIEN RATKAISEMISEN 46. SUOMEN MESTARUUSKILPAILU<\/h1>\n\n\n<p><img fetchpriority=\"high\" decoding=\"async\" class=\"wp-image-3610 aligncenter\" src=\"https:\/\/www.tehtavaniekat.fi\/wp-content\/uploads\/sm2025b-300x167.jpg\" alt=\"\" width=\"586\" height=\"326\" srcset=\"https:\/\/www.tehtavaniekat.fi\/wp-content\/uploads\/sm2025b-300x167.jpg 300w, https:\/\/www.tehtavaniekat.fi\/wp-content\/uploads\/sm2025b-768x427.jpg 768w, https:\/\/www.tehtavaniekat.fi\/wp-content\/uploads\/sm2025b-629x350.jpg 629w, https:\/\/www.tehtavaniekat.fi\/wp-content\/uploads\/sm2025b-150x83.jpg 150w, https:\/\/www.tehtavaniekat.fi\/wp-content\/uploads\/sm2025b.jpg 996w\" sizes=\"(max-width: 586px) 100vw, 586px\" \/><\/p>\n\n\n<p>Kilpailu k\u00e4ytiin 15.2.2025 Shakkiareenalla Helsingiss\u00e4.<br><strong>Neal Turner <\/strong>oli valinnut teht\u00e4v\u00e4t ja toimi tuomarina. Ratkaistavana oli 12 teht\u00e4v\u00e4\u00e4 ja niihin aikaa kolme tuntia. Kilpailu kuuluu <a href=\"https:\/\/solving.wfcc.ch\/wsc\/2024-2025\/info.html\" target=\"_blank\" rel=\"noreferrer noopener\">World Solving Cup 2024\/2025<\/a>-sarjaan.<\/p>\n\n\n\n<p><br><img decoding=\"async\" class=\"\" style=\"float: left; margin: 20px;\" src=\"https:\/\/www.tehtavaniekat.fi\/wp-content\/uploads\/mitalistit-300x196.jpg\" alt=\"\" width=\"344\" height=\"225\"><br>A-ryhm\u00e4ss\u00e4 oli 16 ratkaisijaa ja k\u00e4rkikolmikko oli Jorma Paavilainen, Kari Karhunen ja Kevinas Kuznecovas (LTU). SM-pronssin sai viidenneksi sijoittunut Paavo Tikka.<br>B-ryhm\u00e4ss\u00e4 oli yhdeks\u00e4n teht\u00e4v\u00e4\u00e4 ja nelj\u00e4 ratkaisijaa ja sen voitti Eero Wilen.<\/p>\n<p style=\"clear: left;\">(<a href=\"https:\/\/www.tehtavaniekat.fi\/index.php\/pikaratkaisemisen-sm-mitalistit\/\" target=\"_blank\" rel=\"noreferrer noopener\">Kaikki vanhat mitalistit<\/a>)<\/p>\n\n\n\n<p><style>\ntable {border-collapse: collapse;}\ntd  {padding: 2px ! important;  font-size: small ! important;}\nth {font-color: white! important;  background-color: blue ! important;}\n<\/style><\/p>\n<figure class=\"wp-block-table is-style-stripes\">\n<table style=\"width: 100%; height: 576px;\" border=\"1\" cellpadding=\"2\">\n<tbody>\n<tr style=\"height: 23px;\">\n<td style=\"width: 7.7381%; height: 23px;\">\u00a0<\/td>\n<td style=\"width: 17.619%; height: 23px;\">\u00a0<\/td>\n<td style=\"width: 5%; height: 23px;\">1<\/td>\n<td style=\"width: 5%; height: 23px;\">2<\/td>\n<td style=\"width: 5%; height: 23px;\">3<\/td>\n<td style=\"width: 5%; height: 23px;\">4<\/td>\n<td style=\"width: 5%; height: 23px;\">5<\/td>\n<td style=\"width: 5%; height: 23px;\">6<\/td>\n<td style=\"width: 5%; height: 23px;\">7<\/td>\n<td style=\"width: 5%; height: 23px;\">8<\/td>\n<td style=\"width: 5.71429%; height: 23px;\">9<\/td>\n<td style=\"width: 5.71429%; height: 23px;\">10<\/td>\n<td style=\"width: 5.2381%; height: 23px;\">11<\/td>\n<td style=\"width: 5.2381%; height: 23px;\">12<\/td>\n<td style=\"width: 6.19048%; height: 23px;\">\u00a0<\/td>\n<td style=\"width: 6.30952%; height: 23px;\">\u00a0<\/td>\n<\/tr>\n<tr style=\"height: 23px;\">\n<td style=\"width: 7.7381%; height: 23px;\">Sija<\/td>\n<td style=\"width: 17.619%; height: 23px;\">\u00a0<\/td>\n<td style=\"width: 5%; height: 23px;\">2#<\/td>\n<td style=\"width: 5%; height: 23px;\">2#<\/td>\n<td style=\"width: 5%; height: 23px;\">3#<\/td>\n<td style=\"width: 5%; height: 23px;\">3#<\/td>\n<td style=\"width: 5%; height: 23px;\">4#<\/td>\n<td style=\"width: 5%; height: 23px;\">4#<\/td>\n<td style=\"width: 5%; height: 23px;\">+<\/td>\n<td style=\"width: 5%; height: 23px;\">+<\/td>\n<td style=\"width: 5.71429%; height: 23px;\">a#3<\/td>\n<td style=\"width: 5.71429%; height: 23px;\">a#4<\/td>\n<td style=\"width: 5.2381%; height: 23px;\">i#3<\/td>\n<td style=\"width: 5.2381%; height: 23px;\">i#4<\/td>\n<td style=\"width: 6.19048%; height: 23px;\">Yht.<\/td>\n<td style=\"width: 6.30952%; height: 23px;\">Aika<\/td>\n<\/tr>\n<tr style=\"height: 23px;\">\n<td style=\"width: 7.7381%; height: 23px;\">I<\/td>\n<td style=\"width: 17.619%; height: 23px;\">Jorma Paavilainen<\/td>\n<td style=\"width: 5%; height: 23px;\">5<\/td>\n<td style=\"width: 5%; height: 23px;\">5<\/td>\n<td style=\"width: 5%; height: 23px;\">5<\/td>\n<td style=\"width: 5%; height: 23px;\">5<\/td>\n<td style=\"width: 5%; height: 23px;\">5<\/td>\n<td style=\"width: 5%; height: 23px;\">5<\/td>\n<td style=\"width: 5%; height: 23px;\">5<\/td>\n<td style=\"width: 5%; height: 23px;\">5<\/td>\n<td style=\"width: 5.71429%; height: 23px;\">5<\/td>\n<td style=\"width: 5.71429%; height: 23px;\">5<\/td>\n<td style=\"width: 5.2381%; height: 23px;\">5<\/td>\n<td style=\"width: 5.2381%; height: 23px;\">5<\/td>\n<td style=\"width: 6.19048%; height: 23px;\">60<\/td>\n<td style=\"width: 6.30952%; height: 23px;\">162<\/td>\n<\/tr>\n<tr style=\"height: 23px;\">\n<td style=\"width: 7.7381%; height: 23px;\">II<\/td>\n<td style=\"width: 17.619%; height: 23px;\">Kari Karhunen<\/td>\n<td style=\"width: 5%; height: 23px;\">5<\/td>\n<td style=\"width: 5%; height: 23px;\">5<\/td>\n<td style=\"width: 5%; height: 23px;\">5<\/td>\n<td style=\"width: 5%; height: 23px;\">5<\/td>\n<td style=\"width: 5%; height: 23px;\">5<\/td>\n<td style=\"width: 5%; height: 23px;\">5<\/td>\n<td style=\"width: 5%; height: 23px;\">5<\/td>\n<td style=\"width: 5%; height: 23px;\">5<\/td>\n<td style=\"width: 5.71429%; height: 23px;\">5<\/td>\n<td style=\"width: 5.71429%; height: 23px;\">5<\/td>\n<td style=\"width: 5.2381%; height: 23px;\">5<\/td>\n<td style=\"width: 5.2381%; height: 23px;\">5<\/td>\n<td style=\"width: 6.19048%; height: 23px;\">60<\/td>\n<td style=\"width: 6.30952%; height: 23px;\">180<\/td>\n<\/tr>\n<tr style=\"height: 70px;\">\n<td style=\"width: 7.7381%; height: 70px;\">III<\/td>\n<td style=\"width: 17.619%; height: 70px;\">Kevinas Kuznecovas (LTU)<\/td>\n<td style=\"width: 5%; height: 70px;\">5<\/td>\n<td style=\"width: 5%; height: 70px;\">5<\/td>\n<td style=\"width: 5%; height: 70px;\">5<\/td>\n<td style=\"width: 5%; height: 70px;\">4<\/td>\n<td style=\"width: 5%; height: 70px;\">5<\/td>\n<td style=\"width: 5%; height: 70px;\">5<\/td>\n<td style=\"width: 5%; height: 70px;\">5<\/td>\n<td style=\"width: 5%; height: 70px;\">5<\/td>\n<td style=\"width: 5.71429%; height: 70px;\">5<\/td>\n<td style=\"width: 5.71429%; height: 70px;\">5<\/td>\n<td style=\"width: 5.2381%; height: 70px;\">5<\/td>\n<td style=\"width: 5.2381%; height: 70px;\">5<\/td>\n<td style=\"width: 6.19048%; height: 70px;\">59<\/td>\n<td style=\"width: 6.30952%; height: 70px;\">155<\/td>\n<\/tr>\n<tr style=\"height: 46px;\">\n<td style=\"width: 7.7381%; height: 46px;\">4<\/td>\n<td style=\"width: 17.619%; height: 46px;\">Martynas Limontas (LTU)<\/td>\n<td style=\"width: 5%; height: 46px;\">5<\/td>\n<td style=\"width: 5%; height: 46px;\">5<\/td>\n<td style=\"width: 5%; height: 46px;\">5<\/td>\n<td style=\"width: 5%; height: 46px;\">3,5<\/td>\n<td style=\"width: 5%; height: 46px;\">5<\/td>\n<td style=\"width: 5%; height: 46px;\">5<\/td>\n<td style=\"width: 5%; height: 46px;\">5<\/td>\n<td style=\"width: 5%; height: 46px;\">5<\/td>\n<td style=\"width: 5.71429%; height: 46px;\">5<\/td>\n<td style=\"width: 5.71429%; height: 46px;\">2,5<\/td>\n<td style=\"width: 5.2381%; height: 46px;\">5<\/td>\n<td style=\"width: 5.2381%; height: 46px;\">5<\/td>\n<td style=\"width: 6.19048%; height: 46px;\">56<\/td>\n<td style=\"width: 6.30952%; height: 46px;\">180<\/td>\n<\/tr>\n<tr style=\"height: 23px;\">\n<td style=\"width: 7.7381%; height: 23px;\">5<\/td>\n<td style=\"width: 17.619%; height: 23px;\">Paavo Tikka<\/td>\n<td style=\"width: 5%; height: 23px;\">5<\/td>\n<td style=\"width: 5%; height: 23px;\">5<\/td>\n<td style=\"width: 5%; height: 23px;\">5<\/td>\n<td style=\"width: 5%; height: 23px;\">&#8211;<\/td>\n<td style=\"width: 5%; height: 23px;\">5<\/td>\n<td style=\"width: 5%; height: 23px;\">5<\/td>\n<td style=\"width: 5%; height: 23px;\">4<\/td>\n<td style=\"width: 5%; height: 23px;\">1<\/td>\n<td style=\"width: 5.71429%; height: 23px;\">2,5<\/td>\n<td style=\"width: 5.71429%; height: 23px;\">2,5<\/td>\n<td style=\"width: 5.2381%; height: 23px;\">5<\/td>\n<td style=\"width: 5.2381%; height: 23px;\">4<\/td>\n<td style=\"width: 6.19048%; height: 23px;\">44<\/td>\n<td style=\"width: 6.30952%; height: 23px;\">180<\/td>\n<\/tr>\n<tr style=\"height: 23px;\">\n<td style=\"width: 7.7381%; height: 23px;\">6<\/td>\n<td style=\"width: 17.619%; height: 23px;\">Terho Marlo<\/td>\n<td style=\"width: 5%; height: 23px;\">5<\/td>\n<td style=\"width: 5%; height: 23px;\">5<\/td>\n<td style=\"width: 5%; height: 23px;\">2,5<\/td>\n<td style=\"width: 5%; height: 23px;\">2,5<\/td>\n<td style=\"width: 5%; height: 23px;\">5<\/td>\n<td style=\"width: 5%; height: 23px;\">4<\/td>\n<td style=\"width: 5%; height: 23px;\">5<\/td>\n<td style=\"width: 5%; height: 23px;\">1<\/td>\n<td style=\"width: 5.71429%; height: 23px;\">5<\/td>\n<td style=\"width: 5.71429%; height: 23px;\">2,5<\/td>\n<td style=\"width: 5.2381%; height: 23px;\">&#8211;<\/td>\n<td style=\"width: 5.2381%; height: 23px;\">&#8211;<\/td>\n<td style=\"width: 6.19048%; height: 23px;\">37,5<\/td>\n<td style=\"width: 6.30952%; height: 23px;\">179<\/td>\n<\/tr>\n<tr style=\"height: 23px;\">\n<td style=\"width: 7.7381%; height: 23px;\">7-8<\/td>\n<td style=\"width: 17.619%; height: 23px;\">Henry Tanner<\/td>\n<td style=\"width: 5%; height: 23px;\">0<\/td>\n<td style=\"width: 5%; height: 23px;\">5<\/td>\n<td style=\"width: 5%; height: 23px;\">5<\/td>\n<td style=\"width: 5%; height: 23px;\">&#8211;<\/td>\n<td style=\"width: 5%; height: 23px;\">5<\/td>\n<td style=\"width: 5%; height: 23px;\">1,5<\/td>\n<td style=\"width: 5%; height: 23px;\">5<\/td>\n<td style=\"width: 5%; height: 23px;\">5<\/td>\n<td style=\"width: 5.71429%; height: 23px;\">&#8211;<\/td>\n<td style=\"width: 5.71429%; height: 23px;\">&#8211;<\/td>\n<td style=\"width: 5.2381%; height: 23px;\">5<\/td>\n<td style=\"width: 5.2381%; height: 23px;\">2,5<\/td>\n<td style=\"width: 6.19048%; height: 23px;\">34<\/td>\n<td style=\"width: 6.30952%; height: 23px;\">180<\/td>\n<\/tr>\n<tr style=\"height: 23px;\">\n<td style=\"width: 7.7381%; height: 23px;\">7-8<\/td>\n<td style=\"width: 17.619%; height: 23px;\">Janne Syv\u00e4niemi<\/td>\n<td style=\"width: 5%; height: 23px;\">5<\/td>\n<td style=\"width: 5%; height: 23px;\">5<\/td>\n<td style=\"width: 5%; height: 23px;\">5<\/td>\n<td style=\"width: 5%; height: 23px;\">&#8211;<\/td>\n<td style=\"width: 5%; height: 23px;\">&#8211;<\/td>\n<td style=\"width: 5%; height: 23px;\">&#8211;<\/td>\n<td style=\"width: 5%; height: 23px;\">&#8211;<\/td>\n<td style=\"width: 5%; height: 23px;\">&#8211;<\/td>\n<td style=\"width: 5.71429%; height: 23px;\">5<\/td>\n<td style=\"width: 5.71429%; height: 23px;\">5<\/td>\n<td style=\"width: 5.2381%; height: 23px;\">5<\/td>\n<td style=\"width: 5.2381%; height: 23px;\">4<\/td>\n<td style=\"width: 6.19048%; height: 23px;\">34<\/td>\n<td style=\"width: 6.30952%; height: 23px;\">180<\/td>\n<\/tr>\n<tr style=\"height: 23px;\">\n<td style=\"width: 7.7381%; height: 23px;\">9<\/td>\n<td style=\"width: 17.619%; height: 23px;\">Jukka Tuovinen<\/td>\n<td style=\"width: 5%; height: 23px;\">5<\/td>\n<td style=\"width: 5%; height: 23px;\">5<\/td>\n<td style=\"width: 5%; height: 23px;\">0<\/td>\n<td style=\"width: 5%; height: 23px;\">&#8211;<\/td>\n<td style=\"width: 5%; height: 23px;\">4<\/td>\n<td style=\"width: 5%; height: 23px;\">&#8211;<\/td>\n<td style=\"width: 5%; height: 23px;\">5<\/td>\n<td style=\"width: 5%; height: 23px;\">&#8211;<\/td>\n<td style=\"width: 5.71429%; height: 23px;\">5<\/td>\n<td style=\"width: 5.71429%; height: 23px;\">&#8211;<\/td>\n<td style=\"width: 5.2381%; height: 23px;\">&#8211;<\/td>\n<td style=\"width: 5.2381%; height: 23px;\">&#8211;<\/td>\n<td style=\"width: 6.19048%; height: 23px;\">24<\/td>\n<td style=\"width: 6.30952%; height: 23px;\">175<\/td>\n<\/tr>\n<tr style=\"height: 23px;\">\n<td style=\"width: 7.7381%; height: 23px;\">10<\/td>\n<td style=\"width: 17.619%; height: 23px;\">Hannu Harkola<\/td>\n<td style=\"width: 5%; height: 23px;\">5<\/td>\n<td style=\"width: 5%; height: 23px;\">5<\/td>\n<td style=\"width: 5%; height: 23px;\">&#8211;<\/td>\n<td style=\"width: 5%; height: 23px;\">&#8211;<\/td>\n<td style=\"width: 5%; height: 23px;\">3<\/td>\n<td style=\"width: 5%; height: 23px;\">&#8211;<\/td>\n<td style=\"width: 5%; height: 23px;\">5<\/td>\n<td style=\"width: 5%; height: 23px;\">0<\/td>\n<td style=\"width: 5.71429%; height: 23px;\">&#8211;<\/td>\n<td style=\"width: 5.71429%; height: 23px;\">-.<\/td>\n<td style=\"width: 5.2381%; height: 23px;\">&#8211;<\/td>\n<td style=\"width: 5.2381%; height: 23px;\">&#8211;<\/td>\n<td style=\"width: 6.19048%; height: 23px;\">18<\/td>\n<td style=\"width: 6.30952%; height: 23px;\">180<\/td>\n<\/tr>\n<tr style=\"height: 23px;\">\n<td style=\"width: 7.7381%; height: 23px;\">11<\/td>\n<td style=\"width: 17.619%; height: 23px;\">Mikael Gr\u00f6nroos<\/td>\n<td style=\"width: 5%; height: 23px;\">5<\/td>\n<td style=\"width: 5%; height: 23px;\">5<\/td>\n<td style=\"width: 5%; height: 23px;\">&#8211;<\/td>\n<td style=\"width: 5%; height: 23px;\">&#8211;<\/td>\n<td style=\"width: 5%; height: 23px;\">&#8211;<\/td>\n<td style=\"width: 5%; height: 23px;\">&#8211;<\/td>\n<td style=\"width: 5%; height: 23px;\">&#8211;<\/td>\n<td style=\"width: 5%; height: 23px;\">0<\/td>\n<td style=\"width: 5.71429%; height: 23px;\">5<\/td>\n<td style=\"width: 5.71429%; height: 23px;\">2,5<\/td>\n<td style=\"width: 5.2381%; height: 23px;\">&#8211;<\/td>\n<td style=\"width: 5.2381%; height: 23px;\">&#8211;<\/td>\n<td style=\"width: 6.19048%; height: 23px;\">17,5<\/td>\n<td style=\"width: 6.30952%; height: 23px;\">174<\/td>\n<\/tr>\n<tr style=\"height: 23px;\">\n<td style=\"width: 7.7381%; height: 23px;\">12<\/td>\n<td style=\"width: 17.619%; height: 23px;\">Petteri Paronen<\/td>\n<td style=\"width: 5%; height: 23px;\">0<\/td>\n<td style=\"width: 5%; height: 23px;\">5<\/td>\n<td style=\"width: 5%; height: 23px;\">1,5<\/td>\n<td style=\"width: 5%; height: 23px;\">0<\/td>\n<td style=\"width: 5%; height: 23px;\">&#8211;<\/td>\n<td style=\"width: 5%; height: 23px;\">&#8211;<\/td>\n<td style=\"width: 5%; height: 23px;\">5<\/td>\n<td style=\"width: 5%; height: 23px;\">5<\/td>\n<td style=\"width: 5.71429%; height: 23px;\">0<\/td>\n<td style=\"width: 5.71429%; height: 23px;\">&#8211;<\/td>\n<td style=\"width: 5.2381%; height: 23px;\">&#8211;<\/td>\n<td style=\"width: 5.2381%; height: 23px;\">&#8211;<\/td>\n<td style=\"width: 6.19048%; height: 23px;\">16,5<\/td>\n<td style=\"width: 6.30952%; height: 23px;\">174<\/td>\n<\/tr>\n<tr style=\"height: 23px;\">\n<td style=\"width: 7.7381%; height: 23px;\">13-14<\/td>\n<td style=\"width: 17.619%; height: 23px;\">Ari M\u00f6tt\u00f6nen<\/td>\n<td style=\"width: 5%; height: 23px;\">5<\/td>\n<td style=\"width: 5%; height: 23px;\">5<\/td>\n<td style=\"width: 5%; height: 23px;\">&#8211;<\/td>\n<td style=\"width: 5%; height: 23px;\">&#8211;<\/td>\n<td style=\"width: 5%; height: 23px;\">&#8211;<\/td>\n<td style=\"width: 5%; height: 23px;\">&#8211;<\/td>\n<td style=\"width: 5%; height: 23px;\">5<\/td>\n<td style=\"width: 5%; height: 23px;\">0<\/td>\n<td style=\"width: 5.71429%; height: 23px;\">&#8211;<\/td>\n<td style=\"width: 5.71429%; height: 23px;\">&#8211;<\/td>\n<td style=\"width: 5.2381%; height: 23px;\">&#8211;<\/td>\n<td style=\"width: 5.2381%; height: 23px;\">&#8211;<\/td>\n<td style=\"width: 6.19048%; height: 23px;\">15<\/td>\n<td style=\"width: 6.30952%; height: 23px;\">175<\/td>\n<\/tr>\n<tr style=\"height: 23px;\">\n<td style=\"width: 7.7381%; height: 23px;\">13-14<\/td>\n<td style=\"width: 17.619%; height: 23px;\">Juha Saukkola<\/td>\n<td style=\"width: 5%; height: 23px;\">5<\/td>\n<td style=\"width: 5%; height: 23px;\">5<\/td>\n<td style=\"width: 5%; height: 23px;\">&#8211;<\/td>\n<td style=\"width: 5%; height: 23px;\">&#8211;<\/td>\n<td style=\"width: 5%; height: 23px;\">&#8211;<\/td>\n<td style=\"width: 5%; height: 23px;\">&#8211;<\/td>\n<td style=\"width: 5%; height: 23px;\">5<\/td>\n<td style=\"width: 5%; height: 23px;\">0<\/td>\n<td style=\"width: 5.71429%; height: 23px;\">&#8211;<\/td>\n<td style=\"width: 5.71429%; height: 23px;\">&#8211;<\/td>\n<td style=\"width: 5.2381%; height: 23px;\">&#8211;<\/td>\n<td style=\"width: 5.2381%; height: 23px;\">&#8211;<\/td>\n<td style=\"width: 6.19048%; height: 23px;\">15<\/td>\n<td style=\"width: 6.30952%; height: 23px;\">175<\/td>\n<\/tr>\n<tr style=\"height: 23px;\">\n<td style=\"width: 7.7381%; height: 23px;\">15<\/td>\n<td style=\"width: 17.619%; height: 23px;\">Matti Rasilainen<\/td>\n<td style=\"width: 5%; height: 23px;\">5<\/td>\n<td style=\"width: 5%; height: 23px;\">5<\/td>\n<td style=\"width: 5%; height: 23px;\">&#8211;<\/td>\n<td style=\"width: 5%; height: 23px;\">0<\/td>\n<td style=\"width: 5%; height: 23px;\">4<\/td>\n<td style=\"width: 5%; height: 23px;\">0<\/td>\n<td style=\"width: 5%; height: 23px;\">0<\/td>\n<td style=\"width: 5%; height: 23px;\">1<\/td>\n<td style=\"width: 5.71429%; height: 23px;\">&#8211;<\/td>\n<td style=\"width: 5.71429%; height: 23px;\">&#8211;<\/td>\n<td style=\"width: 5.2381%; height: 23px;\">0<\/td>\n<td style=\"width: 5.2381%; height: 23px;\">&#8211;<\/td>\n<td style=\"width: 6.19048%; height: 23px;\">15<\/td>\n<td style=\"width: 6.30952%; height: 23px;\">178<\/td>\n<\/tr>\n<tr style=\"height: 23px;\">\n<td style=\"width: 7.7381%; height: 23px;\">16<\/td>\n<td style=\"width: 17.619%; height: 23px;\">Ismo Vihtola<\/td>\n<td style=\"width: 5%; height: 23px;\">5<\/td>\n<td style=\"width: 5%; height: 23px;\">5<\/td>\n<td style=\"width: 5%; height: 23px;\">&#8211;<\/td>\n<td style=\"width: 5%; height: 23px;\">&#8211;<\/td>\n<td style=\"width: 5%; height: 23px;\">&#8211;<\/td>\n<td style=\"width: 5%; height: 23px;\">&#8211;<\/td>\n<td style=\"width: 5%; height: 23px;\">4<\/td>\n<td style=\"width: 5%; height: 23px;\">&#8211;<\/td>\n<td style=\"width: 5.71429%; height: 23px;\">&#8211;<\/td>\n<td style=\"width: 5.71429%; height: 23px;\">&#8211;<\/td>\n<td style=\"width: 5.2381%; height: 23px;\">&#8211;<\/td>\n<td style=\"width: 5.2381%; height: 23px;\">&#8211;<\/td>\n<td style=\"width: 6.19048%; height: 23px;\">14<\/td>\n<td style=\"width: 6.30952%; height: 23px;\">176<\/td>\n<\/tr>\n<tr style=\"height: 23px;\">\n<td style=\"width: 7.7381%; height: 23px;\">\u00a0<\/td>\n<td style=\"width: 17.619%; height: 23px;\">keskiarvo<\/td>\n<td style=\"width: 5%; height: 23px;\">4,4<\/td>\n<td style=\"width: 5%; height: 23px;\">5,0<\/td>\n<td style=\"width: 5%; height: 23px;\">2,4<\/td>\n<td style=\"width: 5%; height: 23px;\">1,3<\/td>\n<td style=\"width: 5%; height: 23px;\">2,9<\/td>\n<td style=\"width: 5%; height: 23px;\">1,9<\/td>\n<td style=\"width: 5%; height: 23px;\">3,9<\/td>\n<td style=\"width: 5%; height: 23px;\">2,1<\/td>\n<td style=\"width: 5.71429%; height: 23px;\">2,7<\/td>\n<td style=\"width: 5.71429%; height: 23px;\">1,9<\/td>\n<td style=\"width: 5.2381%; height: 23px;\">2,2<\/td>\n<td style=\"width: 5.2381%; height: 23px;\">1,9<\/td>\n<td style=\"width: 6.19048%; height: 23px;\">\u00a0<\/td>\n<td style=\"width: 6.30952%; height: 23px;\">\u00a0<\/td>\n<\/tr>\n<\/tbody>\n<\/table>\n<\/figure>\n\n\n\n<p><a href=\"\/vanhat\/pika25t.htm\">Teht\u00e4v\u00e4t<\/a> | <a href=\"https:\/\/www.tehtavaniekat.fi\/index.php\/pika25r\/\" target=\"_blank\" rel=\"noreferrer noopener\">ratkaisut<\/a><\/p>\n","protected":false},"excerpt":{"rendered":"<p>SHAKKITEHT\u00c4VIEN RATKAISEMISEN 46. SUOMEN MESTARUUSKILPAILU Kilpailu k\u00e4ytiin 15.2.2025 Shakkiareenalla Helsingiss\u00e4.Neal Turner oli valinnut teht\u00e4v\u00e4t ja toimi tuomarina. Ratkaistavana oli 12 teht\u00e4v\u00e4\u00e4 ja niihin aikaa kolme tuntia. Kilpailu kuuluu World Solving Cup 2024\/2025-sarjaan. A-ryhm\u00e4ss\u00e4 oli 16 ratkaisijaa ja k\u00e4rkikolmikko oli Jorma Paavilainen, Kari Karhunen ja Kevinas Kuznecovas (LTU). SM-pronssin sai viidenneksi&#8230; <a class=\"continue-reading-link\" href=\"https:\/\/www.tehtavaniekat.fi\/index.php\/ratkaisemisen-sm-2025\/\">Jatka lukemista<\/a><\/p>\n","protected":false},"author":1,"featured_media":0,"parent":0,"menu_order":0,"comment_status":"closed","ping_status":"closed","template":"","meta":{"footnotes":""},"class_list":["post-3598","page","type-page","status-publish","hentry"],"_links":{"self":[{"href":"https:\/\/www.tehtavaniekat.fi\/index.php\/wp-json\/wp\/v2\/pages\/3598","targetHints":{"allow":["GET"]}}],"collection":[{"href":"https:\/\/www.tehtavaniekat.fi\/index.php\/wp-json\/wp\/v2\/pages"}],"about":[{"href":"https:\/\/www.tehtavaniekat.fi\/index.php\/wp-json\/wp\/v2\/types\/page"}],"author":[{"embeddable":true,"href":"https:\/\/www.tehtavaniekat.fi\/index.php\/wp-json\/wp\/v2\/users\/1"}],"replies":[{"embeddable":true,"href":"https:\/\/www.tehtavaniekat.fi\/index.php\/wp-json\/wp\/v2\/comments?post=3598"}],"version-history":[{"count":15,"href":"https:\/\/www.tehtavaniekat.fi\/index.php\/wp-json\/wp\/v2\/pages\/3598\/revisions"}],"predecessor-version":[{"id":3996,"href":"https:\/\/www.tehtavaniekat.fi\/index.php\/wp-json\/wp\/v2\/pages\/3598\/revisions\/3996"}],"wp:attachment":[{"href":"https:\/\/www.tehtavaniekat.fi\/index.php\/wp-json\/wp\/v2\/media?parent=3598"}],"curies":[{"name":"wp","href":"https:\/\/api.w.org\/{rel}","templated":true}]}}