{"id":3543,"date":"2025-02-01T15:07:23","date_gmt":"2025-02-01T12:07:23","guid":{"rendered":"https:\/\/www.tehtavaniekat.fi\/?page_id=3543"},"modified":"2025-08-08T17:05:18","modified_gmt":"2025-08-08T15:05:18","slug":"isc-2025-2","status":"publish","type":"page","link":"https:\/\/www.tehtavaniekat.fi\/index.php\/isc-2025-2\/","title":{"rendered":"ISC 2025"},"content":{"rendered":"\n<h1 class=\"wp-block-heading\">21. KANSAINV\u00c4LINEN RATKAISUKILPAILU 19.1.2025<\/h1>\n\n\n\n<p><\/p>\n\n\n\n<p>Kansainv\u00e4linen ratkaisukilpailu (International Solving Contest &#8211; ISC) j\u00e4rjestettiin 19.1. j\u00e4lleen samaan aikaan eri maissa. Helsingiss\u00e4 sen vaikeampaan 1-ryhm\u00e4\u00e4n osallistui Suomessa 9 ratkaisijaa ja kaikkiaan ratkaisijoita oli ryhm\u00e4ss\u00e4 180.<br>Kummallakin kierroksella oli kuusi teht\u00e4v\u00e4\u00e4. Maksimipistem\u00e4\u00e4r\u00e4 oli 60 ja ratkaisuaikaa 2 + 2 tuntia. <br>Jorma Paavilainen oli 15. sijalla ja seniorien toinen. <\/p>\n\n\n\n<p>Helpommassa 2-ryhm\u00e4ss\u00e4 oli 254 ratkaisijaa. Hannu Harkola oli sijalla 20. <\/p>\n\n\n\n<p>Juniorien 3-ryhm\u00e4ss\u00e4 oli 292 ratkaisijaa ja 15 kilpailun ulkopuolella.<\/p>\n\n\n\n<p>Tuomarina toimi Neal Turner.<\/p>\n\n\n\n<p>Lopulliset tulokset tulevat WFCC:n sivuille ja <a href=\"http:\/\/solving.matplus.net\/isca\">MatPlus-sivustolle<\/a>. Teht\u00e4v\u00e4t ja niiden ratkaisut saa MatPlus-sivulla n\u00e4kyviin valinnan &#8221;expanded&#8221; avulla.<\/p>\n\n\n\n<p>Tuloksiin tehtiin kuudesta maasta vastalause. WFCC:n kokous p\u00e4\u00e4tti hein\u00e4kuussa niiden ja kilpailun johtajan lausunnon perusteella hyl\u00e4t\u00e4 A-ryhm\u00e4ss\u00e4 nelj\u00e4n azerbaid\u017eanilaisen ratkaisijan tulokset.<\/p>\n\n\n\n<p>K\u00e4rjess\u00e4 ovat 1-ryhm\u00e4ss\u00e4:  1) Kacper Piorun (POL) 52,75, 2) Klemen \u0160ivic (SLO) 38,25, 3) Ilija Serafimovi\u0107 (SRB) 38,00, 4) Eddy Van Beers (BEL) 37,75, 5)&nbsp; Andy Ooms (BEL) 37,25<\/p>\n\n\n\n<p>Suomalaisten tulokset:<\/p>\n\n\n\n<p><style>\ntable {border-collapse: collapse;}\ntd  {padding: 2px ! important;  font-size: small ! important;}\nth {font-color: white! important;  background-color: blue ! important;}\n<\/style><\/p>\n\n<figure class=\"wp-block-table is-style-stripes\"><table>\n<tr>\n<td>1-ryhm\u00e4<\/td>\n<td>1<\/td>\n<td>2<\/td>\n<td>3<\/td>\n<td>4<\/td>\n<td>5<\/td>\n<td>6<\/td>\n<td>Yht.<\/td>\n<td>7<\/td>\n<td>8<\/td>\n<td>9<\/td>\n<td>10<\/td>\n<td>11<\/td>\n<td>12<\/td>\n<td>Yht.<\/td>\n<td>Pist.<\/td>\n<td>Aika<\/td>\n<td>Sija<\/td>\n<td>Kv. Sija<\/td>\n<\/tr>\n<tr>\n<td>&nbsp;<\/td>\n<td>2#<\/td>\n<td>3#<\/td>\n<td>6#<\/td>\n<td>+<\/td>\n<td>a#4<\/td>\n<td>i#3<\/td>\n<td>(30)<\/td>\n<td>2#<\/td>\n<td>3#<\/td>\n<td>4#<\/td>\n<td>+<\/td>\n<td>a#3<\/td>\n<td>i#5<\/td>\n<td>(30)<\/td>\n<td>(60)<\/td>\n<td>(240)<\/td>\n<td>&nbsp;<\/td>\n<td>&nbsp;<\/td>\n<\/tr>\n<tr>\n<td>Paavilainen, Jorma&nbsp;<\/td>\n<td>5<\/td>\n<td>5<\/td>\n<td>4<\/td>\n<td>0,5<\/td>\n<td>2,5<\/td>\n<td>3<\/td>\n<td>20<\/td>\n<td>5<\/td>\n<td>3,5<\/td>\n<td>1,5<\/td>\n<td>0<\/td>\n<td>2,5<\/td>\n<td>&#8211;<\/td>\n<td>12,5<\/td>\n<td>32,50<\/td>\n<td>240&nbsp;<\/td>\n<td>1&nbsp;<\/td>\n<td>15&nbsp;<\/td>\n<\/tr>\n<tr>\n<td>Tikka, Paavo&nbsp;<\/td>\n<td>5<\/td>\n<td>0<\/td>\n<td>4<\/td>\n<td>0<\/td>\n<td>2,5<\/td>\n<td>0<\/td>\n<td>11,5<\/td>\n<td>5<\/td>\n<td>1<\/td>\n<td>0<\/td>\n<td>0<\/td>\n<td>3,75<\/td>\n<td>&#8211;<\/td>\n<td>9,75<\/td>\n<td>21,25<\/td>\n<td>240&nbsp;<\/td>\n<td>2&nbsp;<\/td>\n<td>50-53&nbsp;<\/td>\n<\/tr>\n<tr>\n<td>Karhunen, Kari&nbsp;<\/td>\n<td>5<\/td>\n<td>0<\/td>\n<td>0<\/td>\n<td>&#8211;<\/td>\n<td>&#8211;<\/td>\n<td>1<\/td>\n<td>6<\/td>\n<td>5<\/td>\n<td>5<\/td>\n<td>0<\/td>\n<td>1<\/td>\n<td>2,5<\/td>\n<td>0<\/td>\n<td>13,5<\/td>\n<td>19,50<\/td>\n<td>240&nbsp;<\/td>\n<td>3&nbsp;<\/td>\n<td>63-65&nbsp;<\/td>\n<\/tr>\n<tr>\n<td>Syvaniemi, Janne&nbsp;<\/td>\n<td>5<\/td>\n<td>&#8211;<\/td>\n<td>0<\/td>\n<td>&#8211;<\/td>\n<td>5<\/td>\n<td>2<\/td>\n<td>12<\/td>\n<td>5<\/td>\n<td>&#8211;<\/td>\n<td>&#8211;<\/td>\n<td>&#8211;<\/td>\n<td>2,5<\/td>\n<td>0<\/td>\n<td>7,5<\/td>\n<td>19,50<\/td>\n<td>240&nbsp;<\/td>\n<td>4&nbsp;<\/td>\n<td>63-65&nbsp;<\/td>\n<\/tr>\n<tr>\n<td>Tuovinen, Jukka&nbsp;<\/td>\n<td>5<\/td>\n<td>0<\/td>\n<td>0<\/td>\n<td>0<\/td>\n<td>5<\/td>\n<td>&#8211;<\/td>\n<td>10<\/td>\n<td>5<\/td>\n<td>&#8211;<\/td>\n<td>&#8211;<\/td>\n<td>0<\/td>\n<td>2,5<\/td>\n<td>0<\/td>\n<td>7,5<\/td>\n<td>17,50<\/td>\n<td>237&nbsp;<\/td>\n<td>5&nbsp;<\/td>\n<td>71&nbsp;<\/td>\n<\/tr>\n<tr>\n<td>Paronen, Petteri&nbsp;<\/td>\n<td>5<\/td>\n<td>0<\/td>\n<td>0<\/td>\n<td>0,5<\/td>\n<td>&#8211;<\/td>\n<td>&#8211;<\/td>\n<td>5,5<\/td>\n<td>5<\/td>\n<td>0<\/td>\n<td>&#8211;<\/td>\n<td>0<\/td>\n<td>3,75<\/td>\n<td>&#8211;<\/td>\n<td>8,75<\/td>\n<td>14,25<\/td>\n<td>233&nbsp;<\/td>\n<td>6&nbsp;<\/td>\n<td>89&nbsp;<\/td>\n<\/tr>\n<tr>\n<td>Marlo, Terho&nbsp;<\/td>\n<td>0<\/td>\n<td>0<\/td>\n<td>&#8211;<\/td>\n<td>&#8211;<\/td>\n<td>&#8211;<\/td>\n<td>0<\/td>\n<td>0<\/td>\n<td>5<\/td>\n<td>&#8211;<\/td>\n<td>&#8211;<\/td>\n<td>0<\/td>\n<td>2,5<\/td>\n<td>&#8211;<\/td>\n<td>7,5<\/td>\n<td>7,50<\/td>\n<td>230&nbsp;<\/td>\n<td>7&nbsp;<\/td>\n<td>135&nbsp;<\/td>\n<\/tr>\n<tr>\n<td>Rasilainen, Matti&nbsp;<\/td>\n<td>0<\/td>\n<td>0<\/td>\n<td>0<\/td>\n<td>0<\/td>\n<td>&#8211;<\/td>\n<td>0<\/td>\n<td>0<\/td>\n<td>5<\/td>\n<td>1,5<\/td>\n<td>0<\/td>\n<td>0<\/td>\n<td>&#8211;<\/td>\n<td>0<\/td>\n<td>6,5<\/td>\n<td>6,50<\/td>\n<td>240&nbsp;<\/td>\n<td>8&nbsp;<\/td>\n<td>139&nbsp;<\/td>\n<\/tr>\n<tr>\n<td>Parkkinen, Antti&nbsp;<\/td>\n<td>0<\/td>\n<td>0<\/td>\n<td>&#8211;<\/td>\n<td>0,5<\/td>\n<td>&#8211;<\/td>\n<td>&#8211;<\/td>\n<td>0,5<\/td>\n<td>&#8211;<\/td>\n<td>&#8211;<\/td>\n<td>&#8211;<\/td>\n<td>&#8211;<\/td>\n<td>&#8211;<\/td>\n<td>&#8211;<\/td>\n<td>0<\/td>\n<td>0,50<\/td>\n<td>231&nbsp;<\/td>\n<td>9&nbsp;<\/td>\n<td>163&nbsp;<\/td>\n<\/tr>\n<\/tbody>\n<\/table>\n\n\n\n<p><\/p>\n\n\n\n<p><style>\ntable {border-collapse: collapse;}\ntd  {padding: 2px ! important;  font-size: small ! important;}\nth {font-color: white! important;  background-color: blue ! important;}\n<\/style><\/p>\n\n<figure class=\"wp-block-table is-style-stripes\"><table>\n<tbody>\n<tr>\n<td>2-ryhm\u00e4<\/td>\n<td>1<\/td>\n<td>2<\/td>\n<td>3<\/td>\n<td>4<\/td>\n<td>5<\/td>\n<td>6<\/td>\n<td>Yht.<\/td>\n<td>7<\/td>\n<td>8<\/td>\n<td>9<\/td>\n<td>10<\/td>\n<td>11<\/td>\n<td>12<\/td>\n<td>Yht.<\/td>\n<td>Pist.<\/td>\n<td>Aika<\/td>\n<td>Sija<\/td>\n<td>Kv. sija<\/td>\n<\/tr>\n<tr>\n<td>&nbsp;<\/td>\n<td>2#<\/td>\n<td>2#<\/td>\n<td>3#<\/td>\n<td>4#<\/td>\n<td>+<\/td>\n<td>a#2<\/td>\n<td>(30)<\/td>\n<td>2#<\/td>\n<td>3#<\/td>\n<td>3#<\/td>\n<td>5#<\/td>\n<td>=<\/td>\n<td>i#2<\/td>\n<td>(30)<\/td>\n<td>(60)<\/td>\n<td>(240)<\/td>\n<td>&nbsp;<\/td>\n<td>&nbsp;<\/td>\n<\/tr>\n<tr>\n<td>Harkola, Hannu&nbsp;<\/td>\n<td>5<\/td>\n<td>5<\/td>\n<td>0<\/td>\n<td>0<\/td>\n<td>3<\/td>\n<td>5<\/td>\n<td>18<\/td>\n<td>5<\/td>\n<td>5<\/td>\n<td>5<\/td>\n<td>0<\/td>\n<td>5<\/td>\n<td>4<\/td>\n<td>24<\/td>\n<td>42<\/td>\n<td>239<\/td>\n<td>1<\/td>\n<td>20<\/td>\n<\/tr>\n<tr>\n<td>Vihtola, Ismo&nbsp;<\/td>\n<td>5<\/td>\n<td>0<\/td>\n<td>5<\/td>\n<td>0<\/td>\n<td>0<\/td>\n<td>5<\/td>\n<td>15<\/td>\n<td>5<\/td>\n<td>2<\/td>\n<td>5<\/td>\n<td>5<\/td>\n<td>0<\/td>\n<td>3,5<\/td>\n<td>20,5<\/td>\n<td>35,5<\/td>\n<td>239<\/td>\n<td>2<\/td>\n<td>32<\/td>\n<\/tr>\n<tr>\n<td>Wilen, Eero&nbsp;<\/td>\n<td>5<\/td>\n<td>5<\/td>\n<td>3,75<\/td>\n<td>0<\/td>\n<td>0<\/td>\n<td>0<\/td>\n<td>13,75<\/td>\n<td>5<\/td>\n<td>3<\/td>\n<td>5<\/td>\n<td>0<\/td>\n<td>0<\/td>\n<td>1,5<\/td>\n<td>14,5<\/td>\n<td>28,25<\/td>\n<td>240<\/td>\n<td>3<\/td>\n<td>55<\/td>\n<\/tr>\n<\/tbody>\n<\/table>\n","protected":false},"excerpt":{"rendered":"<p>21. KANSAINV\u00c4LINEN RATKAISUKILPAILU 19.1.2025 Kansainv\u00e4linen ratkaisukilpailu (International Solving Contest &#8211; ISC) j\u00e4rjestettiin 19.1. j\u00e4lleen samaan aikaan eri maissa. Helsingiss\u00e4 sen vaikeampaan 1-ryhm\u00e4\u00e4n osallistui Suomessa 9 ratkaisijaa ja kaikkiaan ratkaisijoita oli ryhm\u00e4ss\u00e4 180.Kummallakin kierroksella oli kuusi teht\u00e4v\u00e4\u00e4. Maksimipistem\u00e4\u00e4r\u00e4 oli 60 ja ratkaisuaikaa 2 + 2 tuntia. Jorma Paavilainen oli 15. sijalla&#8230; <a class=\"continue-reading-link\" href=\"https:\/\/www.tehtavaniekat.fi\/index.php\/isc-2025-2\/\">Jatka lukemista<\/a><\/p>\n","protected":false},"author":1,"featured_media":0,"parent":0,"menu_order":0,"comment_status":"closed","ping_status":"closed","template":"","meta":{"footnotes":""},"class_list":["post-3543","page","type-page","status-publish","hentry"],"_links":{"self":[{"href":"https:\/\/www.tehtavaniekat.fi\/index.php\/wp-json\/wp\/v2\/pages\/3543","targetHints":{"allow":["GET"]}}],"collection":[{"href":"https:\/\/www.tehtavaniekat.fi\/index.php\/wp-json\/wp\/v2\/pages"}],"about":[{"href":"https:\/\/www.tehtavaniekat.fi\/index.php\/wp-json\/wp\/v2\/types\/page"}],"author":[{"embeddable":true,"href":"https:\/\/www.tehtavaniekat.fi\/index.php\/wp-json\/wp\/v2\/users\/1"}],"replies":[{"embeddable":true,"href":"https:\/\/www.tehtavaniekat.fi\/index.php\/wp-json\/wp\/v2\/comments?post=3543"}],"version-history":[{"count":10,"href":"https:\/\/www.tehtavaniekat.fi\/index.php\/wp-json\/wp\/v2\/pages\/3543\/revisions"}],"predecessor-version":[{"id":3789,"href":"https:\/\/www.tehtavaniekat.fi\/index.php\/wp-json\/wp\/v2\/pages\/3543\/revisions\/3789"}],"wp:attachment":[{"href":"https:\/\/www.tehtavaniekat.fi\/index.php\/wp-json\/wp\/v2\/media?parent=3543"}],"curies":[{"name":"wp","href":"https:\/\/api.w.org\/{rel}","templated":true}]}}