{"id":3462,"date":"2024-10-30T19:24:02","date_gmt":"2024-10-30T16:24:02","guid":{"rendered":"https:\/\/www.tehtavaniekat.fi\/?page_id=3462"},"modified":"2024-10-30T19:24:02","modified_gmt":"2024-10-30T16:24:02","slug":"parkkinen-jt","status":"publish","type":"page","link":"https:\/\/www.tehtavaniekat.fi\/index.php\/parkkinen-jt\/","title":{"rendered":"Parkkinen JT"},"content":{"rendered":"\n<h1 class=\"wp-block-heading\">Antti Parkkinen 60 JT<\/h1>\n\n\n\n<p><br>Kilpailu on apupattiteht\u00e4ville (a=n), joissa ei ole yht\u00e4\u00e4n ly\u00f6nti\u00e4. Siirtolukurajoitusta ei ole, mutta teht\u00e4vien tulee olla tietokonetarkastettuja (C+). Satuehdot eiv\u00e4t ole sallittuja, satunappuloista sallittuja (mutta eiv\u00e4t pakollisia) ovat aiturit, hein\u00e4sirkat ja kamelit. Teht\u00e4v\u00e4t, joissa on useampi ratkaisu tai muoto, ovat etusijalla. Juhlija tuomitsee. Yhdelt\u00e4 laatijalta korkeintaan kaksi teht\u00e4v\u00e4\u00e4, yhteisteht\u00e4v\u00e4t mukaan luettuna, viimeist\u00e4\u00e4n 12.3.2025 luottamusmies Neal Turnerille: <a href=\"mailto:nealturnerfinland@hotmail.com\">nealturnerfinland@hotmail.com<\/a><\/p>\n\n\n\n<p>The composing tourney is for helpstalemate problems (h=n) without captures. No restriction concerning the length of the problems, but they need to be computer-checked (C+). Fairy conditions are not allowed, but the following fairy pieces are accepted (though not required): nightriders, grasshoppers and camels. Problems with multiple solutions or twinning are preferred to problems with only one solution. Antti Parkkinen will be the judge. Entries, not more than two from one composer, joint entries included, are to be sent to the tournament director Neal Turner: <a href=\"mailto:nealturnerfinland@hotmail.com\">nealturnerfinland@hotmail.com<\/a> The deadline is March 12, 2025.<\/p>\n","protected":false},"excerpt":{"rendered":"<p>Antti Parkkinen 60 JT Kilpailu on apupattiteht\u00e4ville (a=n), joissa ei ole yht\u00e4\u00e4n ly\u00f6nti\u00e4. Siirtolukurajoitusta ei ole, mutta teht\u00e4vien tulee olla tietokonetarkastettuja (C+). Satuehdot eiv\u00e4t ole sallittuja, satunappuloista sallittuja (mutta eiv\u00e4t pakollisia) ovat aiturit, hein\u00e4sirkat ja kamelit. Teht\u00e4v\u00e4t, joissa on useampi ratkaisu tai muoto, ovat etusijalla. Juhlija tuomitsee. Yhdelt\u00e4 laatijalta korkeintaan&#8230; <a class=\"continue-reading-link\" href=\"https:\/\/www.tehtavaniekat.fi\/index.php\/parkkinen-jt\/\">Jatka lukemista<\/a><\/p>\n","protected":false},"author":1,"featured_media":0,"parent":0,"menu_order":0,"comment_status":"closed","ping_status":"closed","template":"","meta":{"footnotes":""},"class_list":["post-3462","page","type-page","status-publish","hentry"],"_links":{"self":[{"href":"https:\/\/www.tehtavaniekat.fi\/index.php\/wp-json\/wp\/v2\/pages\/3462","targetHints":{"allow":["GET"]}}],"collection":[{"href":"https:\/\/www.tehtavaniekat.fi\/index.php\/wp-json\/wp\/v2\/pages"}],"about":[{"href":"https:\/\/www.tehtavaniekat.fi\/index.php\/wp-json\/wp\/v2\/types\/page"}],"author":[{"embeddable":true,"href":"https:\/\/www.tehtavaniekat.fi\/index.php\/wp-json\/wp\/v2\/users\/1"}],"replies":[{"embeddable":true,"href":"https:\/\/www.tehtavaniekat.fi\/index.php\/wp-json\/wp\/v2\/comments?post=3462"}],"version-history":[{"count":4,"href":"https:\/\/www.tehtavaniekat.fi\/index.php\/wp-json\/wp\/v2\/pages\/3462\/revisions"}],"predecessor-version":[{"id":3466,"href":"https:\/\/www.tehtavaniekat.fi\/index.php\/wp-json\/wp\/v2\/pages\/3462\/revisions\/3466"}],"wp:attachment":[{"href":"https:\/\/www.tehtavaniekat.fi\/index.php\/wp-json\/wp\/v2\/media?parent=3462"}],"curies":[{"name":"wp","href":"https:\/\/api.w.org\/{rel}","templated":true}]}}