{"id":3398,"date":"2024-08-20T18:49:09","date_gmt":"2024-08-20T15:49:09","guid":{"rendered":"https:\/\/www.tehtavaniekat.fi\/?page_id=3398"},"modified":"2024-08-20T18:49:10","modified_gmt":"2024-08-20T15:49:10","slug":"ratk53","status":"publish","type":"page","link":"https:\/\/www.tehtavaniekat.fi\/index.php\/ratk53\/","title":{"rendered":"ratk53"},"content":{"rendered":"\n<h1 class=\"wp-block-heading\">Paavo Tikka 75 vuotta<\/h1>\n\n\n\n<p><\/p>\n\n\n\n<p>Muutama vuosi sitten paluun aktiiviseksi laatijaksi, ratkaisijaksi ja teht\u00e4v\u00e4iltojen osallistujaksi tehnyt Paavo Tikka t\u00e4ytti 75 vuotta 10.8.2024. H\u00e4n on lis\u00e4ksi kunnostautunut teht\u00e4v\u00e4historian tutkijana sek\u00e4 virheellisten teht\u00e4vien korjaajana. Tunnustuksena monipuolisesta ty\u00f6st\u00e4\u00e4n Paavo sai Leo Valven kiertopalkinnon vuonna 2023.<\/p>\n\n\n\n<p>N\u00e4yteteht\u00e4v\u00e4 esitt\u00e4\u00e4 siev\u00e4t uraukset valkealle kuningattarelle sek\u00e4 houkutuksessa ett\u00e4 ratkaisussa.<\/p>\n\n\n\n<br>\n\n\n<script type=\"text\/javascript\" src=\"\/py2web\/jquery-1.11.1.js\"><\/script>\n<script type=\"text\/javascript\" src=\"\/py2web\/py2web.js\"><\/script>\n<link href=\"\/py2web\/py2web.css\" rel=\"stylesheet\" type=\"text\/css\">\n\n<div style=\"overflow-x:auto;\">\n\n    <table cellspacing=\"3\" cellpadding=\"0\" border=\"0\">\n      <tbody><tr>  \n    <td valign=\"top\" align=\"center\"> <b>Paavo Tikka<\/b><br>\n     Yleisradio Teksti-TV 5.4.1984<br>\n           <div class=\"p2w-diagram\" id=\"esim\" glyphs=\"{&quot;d&quot;:&quot;q&quot;,&quot;t&quot;:&quot;r&quot;,&quot;l&quot;:&quot;b&quot;,&quot;r&quot;:&quot;s&quot;}\"> \nWhite   Kb1 Da8 Tb8 Lb7 Le1 Pa5\nBlack   Ka3 Pa4 Pb3 Pc5 Pg3\n<\/div>\n        2 siirron matti (2#)<br>\n<\/td>\n      <td valign=\"top\"> \n        <div class=\"p2w-solution\" style=\"white-space: pre;\" target=\"esim\">\n    1.Tb8-g8 ? {siirtopakko} \n      1...c5-c4\n          2.Da8-f8 #\n      1...b3-b2\n          2.Tg8*g3 #\n    but\n      1...g3-g2 !\n   1.Lb7-g2 !  {siirtopakko}\n      1...b3-b2\n          2.Da8-f3 #\n      1...c5-c4\n          2.Le1-b4 #\n\n           <\/div>\n      <\/td>\n    <\/tr>\n    <\/tbody><\/table>\n<\/div>\n\n","protected":false},"excerpt":{"rendered":"<p>Paavo Tikka 75 vuotta Muutama vuosi sitten paluun aktiiviseksi laatijaksi, ratkaisijaksi ja teht\u00e4v\u00e4iltojen osallistujaksi tehnyt Paavo Tikka t\u00e4ytti 75 vuotta 10.8.2024. H\u00e4n on lis\u00e4ksi kunnostautunut teht\u00e4v\u00e4historian tutkijana sek\u00e4 virheellisten teht\u00e4vien korjaajana. Tunnustuksena monipuolisesta ty\u00f6st\u00e4\u00e4n Paavo sai Leo Valven kiertopalkinnon vuonna 2023. N\u00e4yteteht\u00e4v\u00e4 esitt\u00e4\u00e4 siev\u00e4t uraukset valkealle kuningattarelle sek\u00e4 houkutuksessa ett\u00e4&#8230; <a class=\"continue-reading-link\" href=\"https:\/\/www.tehtavaniekat.fi\/index.php\/ratk53\/\">Jatka lukemista<\/a><\/p>\n","protected":false},"author":1,"featured_media":0,"parent":0,"menu_order":0,"comment_status":"closed","ping_status":"closed","template":"templates\/template-onecolumn.php","meta":{"footnotes":""},"class_list":["post-3398","page","type-page","status-publish","hentry"],"_links":{"self":[{"href":"https:\/\/www.tehtavaniekat.fi\/index.php\/wp-json\/wp\/v2\/pages\/3398","targetHints":{"allow":["GET"]}}],"collection":[{"href":"https:\/\/www.tehtavaniekat.fi\/index.php\/wp-json\/wp\/v2\/pages"}],"about":[{"href":"https:\/\/www.tehtavaniekat.fi\/index.php\/wp-json\/wp\/v2\/types\/page"}],"author":[{"embeddable":true,"href":"https:\/\/www.tehtavaniekat.fi\/index.php\/wp-json\/wp\/v2\/users\/1"}],"replies":[{"embeddable":true,"href":"https:\/\/www.tehtavaniekat.fi\/index.php\/wp-json\/wp\/v2\/comments?post=3398"}],"version-history":[{"count":6,"href":"https:\/\/www.tehtavaniekat.fi\/index.php\/wp-json\/wp\/v2\/pages\/3398\/revisions"}],"predecessor-version":[{"id":3404,"href":"https:\/\/www.tehtavaniekat.fi\/index.php\/wp-json\/wp\/v2\/pages\/3398\/revisions\/3404"}],"wp:attachment":[{"href":"https:\/\/www.tehtavaniekat.fi\/index.php\/wp-json\/wp\/v2\/media?parent=3398"}],"curies":[{"name":"wp","href":"https:\/\/api.w.org\/{rel}","templated":true}]}}