{"id":3386,"date":"2024-08-10T20:15:19","date_gmt":"2024-08-10T17:15:19","guid":{"rendered":"https:\/\/www.tehtavaniekat.fi\/?page_id=3386"},"modified":"2024-08-10T20:15:19","modified_gmt":"2024-08-10T17:15:19","slug":"em-ratkaisukilpailu-2024","status":"publish","type":"page","link":"https:\/\/www.tehtavaniekat.fi\/index.php\/em-ratkaisukilpailu-2024\/","title":{"rendered":"EM-ratkaisukilpailu 2024"},"content":{"rendered":"\n<h1 class=\"wp-block-heading\">EM-ratkaisukilpailu 2024<\/h1>\n\n\n\n<p>Saksan Hagenissa 20.-21.4.2024 pidettyyn 17. ratkaisemisen Euroopan mestaruuskilpailuun osallistui 15 joukkuetta. Ratkaisijoita oli kaikkiaan 69 (ja 2 kilpailun ulkopuolella) 16 eri maasta. Kilpailu k\u00e4ytiin MM-kilpailun tapaan, mutta 4-henkisten joukkueiden tuloksissa kullakin kierroksella otettiin huomioon kolmen parhaan ratkaisijan pisteet.<\/p>\n\n\n\n<p>Voittajaksi selviytyi j\u00e4lleen Puola. Suomi j\u00e4i sijalle 13 vain kaksimiehisell\u00e4 joukkueella Kari Karhunen ja Jorma Paavilainen.<\/p>\n\n\n\n<p>Henkil\u00f6kohtainen mestari oli edelleen Puolan Kacper Piorun.<\/p>\n\n\n\n<p>T\u00e4ydelliset tulokset, teht\u00e4v\u00e4t ja niiden ratkaisut l\u00f6ytyv\u00e4t <a href=\"https:\/\/www.ecsc2024.de\/ecsc\/\" target=\"_blank\" rel=\"noreferrer noopener\">WFCC:n verkkosivuilta<\/a>.<\/p>\n\n\n\n<h3 class=\"wp-block-heading\">JOUKKUEKILPAILU<\/h3>\n\n\n\n<p>1. Puola 246 (914 min)<br>2. Serbia 239 (853)<br>3. Liettua 224,25 (1003)<br>4. Saksa 1 210 (982)<br>5. Iso-Britannia 200,25 (984)<br>6. Alankomaat 198,5 (999)<br>7. Kreikka 197,5 (1029)<br>8. Sveitsi 191 (924)<br>9. Romania 188 (1026)<br>10. Slovakia 178 (988)<br>11. Saksa 2 154,5 (1058)<br>12. Israel 146,5 (987)<br>13. <strong>Suomi <\/strong>128,75 (650)<br>14. T\u0161ekin tasavalta 120 (1036)<br>15. Belgia 119,5 (700)<\/p>\n\n\n\n<figure class=\"wp-block-table is-style-stripes\"><\/figure>\n\n\n\n<h3 class=\"wp-block-heading\">HENKIL\u00d6KOHTAINEN KILPAILU<\/h3>\n\n\n\n<p>1. Piorun, Kacper (POL) 83,75\/288<br>2. Vu\u010dkovi\u0107, Bojan (SRB) 83,5\/295<br>3. Marciniszyn, Jakub (POL) 82\/360<br>4. Costachi, Mihnea (ROU) 79,5\/306<br>5. Murdzia, Piotr (POL) 79\/286<br>6. Podini\u0107, Vladimir (SRB) 78,5\/275<br>7. Sidiropoulos, Nikos (GRE) 77,5\/326<br>8. Kova\u010devi\u0107, Marjan (SRB) 76\/322<br>9. Serafimovi\u0107, Ilija (SRB) 74,5\/333<br>10. Limontas, Martynas (LTU) 73,75\/358<br>11. Kuznecovas, Kevinas (LTU) 72\/319<br>12. Zude, Arno (GER) 71\/302<br>13. Van Beers, Eddy (BEL) 70\/340<br>14. \u010ea\u010duk, Vasil (SVK) 69,5\/317<br>15. Baier, Roland (SUI) 68,5\/283<br>16. Hodge, David (GBR) 68,5\/331<br>17. Pfannkuche, Michael (GER) 68,5\/341<br>18. Satkus, Vidmantas (LTU) 66,25\/352<br>19. Uitenbroek, Hans (NED) 66\/312<br>20. <strong>Paavilainen, Jorma<\/strong> (FIN) 66\/315<br>21. Friedland, Omer (ISR) 65\/327<br>22. Caillaud, Michel (FRA) 65\/336<br>23. Tummes, Boris (GER) 65\/360<br>24. Mestel, Jonathan (GBR) 64,75\/299<br>25. Ott, Roland (SUI) 64\/316<br>26. Michielsen, Joost (NED) 63,5\/349<br>27. Mladenovi\u0107, Miodrag (SRB) 63\/286<br>28. Konidaris, Panagiotis (GRE) 63\/343<br>29. <strong>Karhunen, Kari<\/strong> (FIN) 62,75\/335<br>30. Chocenka, Dmitrijus (LTU) 62\/334<br>31. Kopyl, Valery (UKR) 62\/338<br>32. Kueh, Audrey (GBR) 62\/354<br>33. Markovcij, Vasil (CZE) 59,5\/360<br>34. Maeder, Thomas (SUI) 58,5\/325<br>35. G\u00f3rski, Piotr (POL) 58,5\/340<br>36. Wissmann, Dolf (NED) 58\/338<br>37. Kol\u010d\u00e1k, Marek (SVK) 57,5\/354<br>38. \u0160ivic, Klemen (SLO) 56\/329<br>39. Mihalcescu, Alexandru (ROU) 55\/360<br>40. Leck, Jakob (GER) 54,5\/316<br>41. Richter, Frank (GER) 53,5\/305<br>42. Sch\u00e4fer, Ronald (GER) 53,5\/350<br>43. Cri\u0219an, Vlaicu (ROU) 53,5\/360<br>44. Glanzspiegel, Lev (ISR) 51,5\/341<br>45. Boer, Johan de (NED) 50\/355<br>46. Dobi\u00e1\u0161, Richard (SVK) 49,75\/317<br>47. Ooms, Andy (BEL) 49,5\/360<br>48. Voracek, Miroslav (CZE) 47,5\/316<br>49. Borst, Dirk (NED) 47,5\/360<br>50. Mendrinos, Nikos (GRE) 47\/360<br>51. Neef, Wilfried (GER) 45\/353<br>52. Rein, Andreas (GER) 42\/357<br>53-54. Hryshchenko, Kamila (GBR) 42\/360<br>53-54. Piliczewski, Bogusz (POL) 42\/360<br>55. Czeremin, Claus (GER) 41\/357<br>56. Rijn, Wouter van (NED) 37\/352<br>57. Steponavi\u010dius, Stasys (LTU) 36\/360<br>58. Sihnevich, Mikalai (FID) 34,5\/360<br>59. Mihal\u010do, Oto (SVK) 33,5\/359<br>60. Dvoeglazova, Daria (ISR) 30\/319<br>61. Satkus, Vilimantas (LTU) 26\/360<br>62. Dimitriadis, Alexandros (GRE) 22\/360<br>63. Craciun, Ovidiu (ROU) 20,5\/360<br>64. Reinhold, Frank (GER) 19,5\/360<br>65. \u0160ala\u0161ovs, Mihails (LAT) 18,5\/355<br>66. \u0160ir\u00e1\u0148, \u013dubom\u00edr (SVK) 17\/360<br>67. Henrych, Miroslav (CZE) 13\/360<br>68. Erokhin, Vadim (FID) 9,5\/360<br>69. Cook, Brian (GBR) 7,5\/360<br>-. Mockus, Arvydas* (LTU) 35\/329<br>-. Paliulionis, Viktoras* (LTU) 32,5\/360<\/p>\n","protected":false},"excerpt":{"rendered":"<p>EM-ratkaisukilpailu 2024 Saksan Hagenissa 20.-21.4.2024 pidettyyn 17. ratkaisemisen Euroopan mestaruuskilpailuun osallistui 15 joukkuetta. Ratkaisijoita oli kaikkiaan 69 (ja 2 kilpailun ulkopuolella) 16 eri maasta. Kilpailu k\u00e4ytiin MM-kilpailun tapaan, mutta 4-henkisten joukkueiden tuloksissa kullakin kierroksella otettiin huomioon kolmen parhaan ratkaisijan pisteet. Voittajaksi selviytyi j\u00e4lleen Puola. Suomi j\u00e4i sijalle 13 vain kaksimiehisell\u00e4&#8230; <a class=\"continue-reading-link\" href=\"https:\/\/www.tehtavaniekat.fi\/index.php\/em-ratkaisukilpailu-2024\/\">Jatka lukemista<\/a><\/p>\n","protected":false},"author":1,"featured_media":0,"parent":0,"menu_order":0,"comment_status":"closed","ping_status":"closed","template":"","meta":{"footnotes":""},"class_list":["post-3386","page","type-page","status-publish","hentry"],"_links":{"self":[{"href":"https:\/\/www.tehtavaniekat.fi\/index.php\/wp-json\/wp\/v2\/pages\/3386","targetHints":{"allow":["GET"]}}],"collection":[{"href":"https:\/\/www.tehtavaniekat.fi\/index.php\/wp-json\/wp\/v2\/pages"}],"about":[{"href":"https:\/\/www.tehtavaniekat.fi\/index.php\/wp-json\/wp\/v2\/types\/page"}],"author":[{"embeddable":true,"href":"https:\/\/www.tehtavaniekat.fi\/index.php\/wp-json\/wp\/v2\/users\/1"}],"replies":[{"embeddable":true,"href":"https:\/\/www.tehtavaniekat.fi\/index.php\/wp-json\/wp\/v2\/comments?post=3386"}],"version-history":[{"count":3,"href":"https:\/\/www.tehtavaniekat.fi\/index.php\/wp-json\/wp\/v2\/pages\/3386\/revisions"}],"predecessor-version":[{"id":3389,"href":"https:\/\/www.tehtavaniekat.fi\/index.php\/wp-json\/wp\/v2\/pages\/3386\/revisions\/3389"}],"wp:attachment":[{"href":"https:\/\/www.tehtavaniekat.fi\/index.php\/wp-json\/wp\/v2\/media?parent=3386"}],"curies":[{"name":"wp","href":"https:\/\/api.w.org\/{rel}","templated":true}]}}