{"id":3361,"date":"2024-06-17T20:31:32","date_gmt":"2024-06-17T17:31:32","guid":{"rendered":"https:\/\/www.tehtavaniekat.fi\/?page_id=3361"},"modified":"2024-06-17T20:31:32","modified_gmt":"2024-06-17T17:31:32","slug":"ratk52","status":"publish","type":"page","link":"https:\/\/www.tehtavaniekat.fi\/index.php\/ratk52\/","title":{"rendered":"ratk52"},"content":{"rendered":"\n<h1 class=\"wp-block-heading\">Heikki Lukkarinen<\/h1>\n\n\n\n<p><\/p>\n\n\n\n<p>Kirjan <em><a href=\"https:\/\/www.tehtavaniekat.fi\/index.php\/lukkarinen\/\" target=\"_blank\" rel=\"noreferrer noopener\">Heikki Lukkarinen, Shakkiteht\u00e4v\u00e4t \/ Chess Compositions<\/a><\/em> teht\u00e4v\u00e4 16.<\/p>\n\n\n\n<br>\n\n\n<script type=\"text\/javascript\" src=\"\/py2web\/jquery-1.11.1.js\"><\/script>\n<script type=\"text\/javascript\" src=\"\/py2web\/py2web.js\"><\/script>\n<link href=\"\/py2web\/py2web.css\" rel=\"stylesheet\" type=\"text\/css\">\n\n<div style=\"overflow-x:auto;\">\n\n    <table cellspacing=\"3\" cellpadding=\"0\" border=\"0\">\n      <tbody><tr>  \n    <td valign=\"top\" align=\"center\"> <b>Heikki Lukkarinen<\/b><br>\n     2. p. Suomen Shakkiliitto 1934<br>\n   <em>Helsingin Sanomat<\/em> 26.8.1934<br>\n        <div class=\"p2w-diagram\" id=\"esim\" glyphs=\"{&quot;d&quot;:&quot;q&quot;,&quot;t&quot;:&quot;r&quot;,&quot;l&quot;:&quot;b&quot;,&quot;r&quot;:&quot;s&quot;}\"> \n        White   Ke8 De1 Ta4 Te6 Lg8 Rd7\nBlack   Kd5 Dg2 Te3 Tf1 La5 Rf2 Rg3 pb5 pd3 pd4\n<\/div>\n        2 siirron matti (2#)<br>\n<\/td>\n      <td valign=\"top\"> \n        <div class=\"p2w-solution\" style=\"white-space: pre;\" target=\"esim\">\n   1.Ta4-c4 ! threat:\n          2.Tc4-c5 #\n      1...Rf2-e4          2.Te6-f6 #\n      1...Rg3-e4          2.Te6-g6 #\n      1...Kd5*c4          2.Te6-e4 #\n      1...b5*c4          2.De1*a5 #\n      1...Te3*e6 +        2.De1*e6 #\n      1...La5-b4          2.Rd7-b6 #\n      1...La5-b6          2.Rd7*b6 #\n           <\/div>\n      <\/td>\n    <\/tr>\n    <\/tbody><\/table>\n<\/div>\n\n\n\n\n<p>1.Tc4! (2.Tc5#)<br>1.-Rfe4\/Rge4\/Kxc4\/bxc4\/Txe6+\/Lb4,Lb6 <br>2.Tf6\/Tg6\/Te4\/Dxa5\/Dxe6\/R(x)b6#<br>Valkosotilaaton asema, hyv\u00e4 uhrausalkusiirto ja etenkin muunnelmat 1.-Rge4\/Rfe4 j\u00e4\u00e4v\u00e4t mieleen. Klassista kauneutta!<br>No white pawns, a good sacrificial key and memorable variations 1.-Sge4\/Sfe4. A nice combination of classical elements!<br>\u00a0<br>Bi-valve<br>Pakoruudun antava alkusiirto<br>Pelle-siirto<br>Valkosotilaaton<br>\u2013 \u2013 \u2013<br>Tuomio\/Award: <em>Uusi Suomi<\/em> 23.6.1935<\/p>\n","protected":false},"excerpt":{"rendered":"<p>Heikki Lukkarinen Kirjan Heikki Lukkarinen, Shakkiteht\u00e4v\u00e4t \/ Chess Compositions teht\u00e4v\u00e4 16. 1.Tc4! (2.Tc5#)1.-Rfe4\/Rge4\/Kxc4\/bxc4\/Txe6+\/Lb4,Lb6 2.Tf6\/Tg6\/Te4\/Dxa5\/Dxe6\/R(x)b6#Valkosotilaaton asema, hyv\u00e4 uhrausalkusiirto ja etenkin muunnelmat 1.-Rge4\/Rfe4 j\u00e4\u00e4v\u00e4t mieleen. Klassista kauneutta!No white pawns, a good sacrificial key and memorable variations 1.-Sge4\/Sfe4. A nice combination of classical elements!\u00a0Bi-valvePakoruudun antava alkusiirtoPelle-siirtoValkosotilaaton\u2013 \u2013 \u2013Tuomio\/Award: Uusi Suomi 23.6.1935 <a class=\"continue-reading-link\" href=\"https:\/\/www.tehtavaniekat.fi\/index.php\/ratk52\/\">Jatka lukemista<\/a><\/p>\n","protected":false},"author":1,"featured_media":0,"parent":0,"menu_order":0,"comment_status":"closed","ping_status":"closed","template":"templates\/template-onecolumn.php","meta":{"footnotes":""},"class_list":["post-3361","page","type-page","status-publish","hentry"],"_links":{"self":[{"href":"https:\/\/www.tehtavaniekat.fi\/index.php\/wp-json\/wp\/v2\/pages\/3361","targetHints":{"allow":["GET"]}}],"collection":[{"href":"https:\/\/www.tehtavaniekat.fi\/index.php\/wp-json\/wp\/v2\/pages"}],"about":[{"href":"https:\/\/www.tehtavaniekat.fi\/index.php\/wp-json\/wp\/v2\/types\/page"}],"author":[{"embeddable":true,"href":"https:\/\/www.tehtavaniekat.fi\/index.php\/wp-json\/wp\/v2\/users\/1"}],"replies":[{"embeddable":true,"href":"https:\/\/www.tehtavaniekat.fi\/index.php\/wp-json\/wp\/v2\/comments?post=3361"}],"version-history":[{"count":4,"href":"https:\/\/www.tehtavaniekat.fi\/index.php\/wp-json\/wp\/v2\/pages\/3361\/revisions"}],"predecessor-version":[{"id":3367,"href":"https:\/\/www.tehtavaniekat.fi\/index.php\/wp-json\/wp\/v2\/pages\/3361\/revisions\/3367"}],"wp:attachment":[{"href":"https:\/\/www.tehtavaniekat.fi\/index.php\/wp-json\/wp\/v2\/media?parent=3361"}],"curies":[{"name":"wp","href":"https:\/\/api.w.org\/{rel}","templated":true}]}}