{"id":3201,"date":"2024-02-22T00:25:59","date_gmt":"2024-02-21T21:25:59","guid":{"rendered":"https:\/\/www.tehtavaniekat.fi\/?page_id=3201"},"modified":"2024-02-28T18:35:25","modified_gmt":"2024-02-28T15:35:25","slug":"pika24r","status":"publish","type":"page","link":"https:\/\/www.tehtavaniekat.fi\/index.php\/pika24r\/","title":{"rendered":"Pika24r"},"content":{"rendered":"\n<h2 class=\"wp-block-heading\"><strong>Ratkaisemisen 45. SM-kilpailun 17.2.2024 teht\u00e4vien laatijat, l\u00e4hteet ja ratkaisut<\/strong><\/h2>\n\n\n<p>\u00a0<\/p>\n<p>Suluissa alkusiirroista tai ratkaisuista annetut pisteet.<\/p>\n<p><strong>1) K. A. K. Larsen<\/strong><br \/>1. palk. <em>Sydsvenska Dagbladet Sn\u00e4llposten<\/em> 1921<br \/>1.Db3\/Df7? 1.- Lxf5\/Ld6! <strong>1.Dc6!<\/strong> (5)<\/p>\n<p><strong>2) Jacques Savournin<\/strong><br \/>2. palk. <em>Troll <\/em>1997<br \/>1.Dc4\/Rg1\/Le2\/Lc4\/Tf8?<br \/>1.- gxh3\/Kf4\/gxf3\/gxh3\/Rf7!<br \/><strong>1.Df7!<\/strong> (5)<\/p>\n<p><strong>3) Nikolai Glinskih<\/strong><br \/>1. sija Candidates Tournament 1991<br \/><strong>1.Lf5!<\/strong><br \/><strong>1.- ~ 2.Dxc3<\/strong> @ ~ 3.e4\/Dc5#<br \/><strong>1.- Lxd4 2.e4+<\/strong> @ Kxe5 3.Dh2#<br \/><strong>1.- Lb4 2.Dg2+<\/strong> @ Kc4 3.Da2#<br \/><strong>1.- Tc7 2.Da2+<\/strong> @ ~ 3.Dg2#<br \/>(@ 1 \u2192 2,5 \u2192 4 \u2192 5)<\/p>\n<p><strong>4) Mykola Kul\u0456g\u0456n<\/strong><br \/>kum. <em>Sakk\u00e9let <\/em>1995<br \/><strong>1.De7!<\/strong><br \/><strong>1.- ~ 2.Td2+<\/strong> @ Ke3 3.Rg4#<br \/><strong>1.- Te4 2.Lxe4+<\/strong> @ Kc4 3.Dxe6#<br \/><strong>1.- Td4 2.Dxe6<\/strong> @<br \/><strong>1.- Lxc3 2.Rc1+<\/strong> @ Kd4 3.Te4#<br \/><strong>1.- Tg5 2.Le4+<\/strong> @ Txe4 3.Rc1#<br \/><strong>1.- Te5 2.Rc1+<\/strong> @ Kxc3 3.Lxe5#<br \/>(@ 1 \u2192 1,5 \u2192 2,5 \u2192 3,5 \u2192 4 \u2192 5)<\/p>\n<p><strong>5) Viktor Vovnejko, Valeri Rezinkin<\/strong><br \/><em>\u0160ahmaty i \u0161a\u0161ki v BSSR<\/em>\u00a01980<br \/><strong>1.Da5!<\/strong><br \/><strong>1.- ~ 2.Tc4+ Dxc4 3.De5+<\/strong> @ Txe5 4.Tf4#<br \/><strong>1.- Df1 2.De5+ Txe5 3.Tf4+<\/strong> @ Dxf4 4.Tc4#<br \/><strong>1.- Tf1 2.Tf4+ Txf4 3.Tc4+<\/strong> @ Dxc4 4.De5#<br \/>(@ 1,5 \u2192 2,5 \u2192 4 \u2192 5)<\/p>\n<p><strong>6) Vladim\u00edr Pachman<\/strong><br \/>2. palk. <em>Schweizerische Schachzeitung<\/em> 1973<br \/><strong>1.Le8!<\/strong> sp.<br \/><strong>1.- a5 2.Lc6 a4 3.Lf3 gxf3+ 4.Kh3<\/strong> @ ~ 5.g4#<br \/><strong>1.- a6 2.Lxf6 a5 3.Lh4 a4 4.f6<\/strong> @ gxf6 5.g7#, <strong>2.- gxf6 3.g7+ Kg5 4.g8D+<\/strong> @ Kxf5 5.Dd5# <br \/>(@ 1,5 \u2192 3,5 \u2192 5)<\/p>\n<p><strong>7) David Gurgenidze<\/strong><br \/>main. F. Bonderenko MT 1994<br \/><strong>1.Db8+ Kh4<\/strong> (1) <strong>2.Dh2+ Dh3+ 3.Rxh3 g3 4.Dg2 Lf3 5.Dxf3<\/strong> (2) <strong>g2+ 6.Kxf2 g1D+ 7.Rxg1 Tf5 8.Kg2 Txf3 9.Rxf3#<\/strong> (2)<\/p>\n<p><strong>8) Steffen Slumstrup Nielsen<br \/><\/strong>ensipainos <em>Teht\u00e4v\u00e4niekka<\/em> 1\/2024<strong><br \/><\/strong><strong> 1.f4<\/strong> (1) <strong>Lxf4 2. Lg2+ Kf2 3. <\/strong><strong>Rd3+ Ke3 4. Rxf4 <\/strong><strong>Ld7+ <\/strong>\u00a0<strong>5. Re6 !! <\/strong>(1) <strong>Lxe6+ 6. Kg3 h4+ 7. Kxh4 Kf4 8. Le4!<\/strong> (1) <strong>Lf5<\/strong>\u00a0 <strong>9. Lf3!<\/strong> (1) <strong>Kxf3 10. Kg5 Kg2 11. h4 Kg3 12. h5<\/strong> (1)<\/p>\n<p><strong>9) Christer Jonsson<\/strong><br \/>10087, <em>Die Schwalbe<\/em> 172, VIII1998<br \/><strong>1.Lxh6 Lxc8 2.Lxd2 Lxe6 3.Lc1 Lxg4#<\/strong> @<br \/><strong>1.Lxa6 Th7 2.Lxc4 Ta7 3.Le2 Ta1#<\/strong> @<br \/><strong>1.Txb4 Tf6 2.Txc4 Tf1 3.Tc2 Rf3#<\/strong> @<br \/><strong>1.Lb7 Tf6 2.Ld5 cxd5 3.Kxe1 Tf1#<\/strong> @<br \/>(@ 1,5 \u2192 2,5 \u2192 4 \u2192 5)<\/p>\n<p><strong>10) Dieter M\u00fcller<\/strong><br \/>1. sija Baijeri \u2013 Saksi 1995\u20131997<br \/><strong>1.Ke5 Tc6 2.Le6 Lh7 3.Ld5 Tg6 4.Ke4 Te6#<\/strong><br \/><strong>1.Kd7 Ld5 2.Rde6 Th8 3.Rc7 Lg8 4.Kc8 Le6#<\/strong> <br \/>(2 x 2,5)<\/p>\n<p><strong>11) Peter Sickinger<\/strong><br \/>2. kum. <em>Problem-Forum<\/em> 2001<br \/><strong>1.Le8!<\/strong><br \/><strong>1.- ~ 2.Rfd2+<\/strong>Txd2#<br \/><strong>1.- Kxf3 2.Lc6+<\/strong> Te4#<br \/><strong>1.- Dxf3 2.Rd2+<\/strong> Txd2#<br \/><strong>1.- Df4 2.Dd5+<\/strong> exd5#<br \/><strong>1.- Df5 2.De3+<\/strong> Txe3# (5 x 1)<\/p>\n<p><strong>12) Waldemar Tura<\/strong><br \/>1. palk. <em>Buletin Problemistic<\/em> 1991<br \/><strong>1.Dh7!<\/strong><br \/><strong>1.- ~ 2.Tf6+ Dxf6 3.Rf8+ Dxf8 4.Df5+<\/strong> @ Dxf5#<br \/><strong>1.- Rf3 2.Rc7+ Kf7 3.Ra6+ Ke6 4.Rc5+<\/strong> @ Rxc5#<br \/><strong>1.- Tf3 2.Ld7+ Kf7 3.Lc6+ Ke6 4.Ld5+<\/strong> @ Lxd5#<br \/>(@ 1,5 \u2192 3,5 \u2192 5)<\/p>\n<p>\u00a0<\/p>","protected":false},"excerpt":{"rendered":"<p>Ratkaisemisen 45. SM-kilpailun 17.2.2024 teht\u00e4vien laatijat, l\u00e4hteet ja ratkaisut \u00a0 Suluissa alkusiirroista tai ratkaisuista annetut pisteet. 1) K. A. K. Larsen1. palk. Sydsvenska Dagbladet Sn\u00e4llposten 19211.Db3\/Df7? 1.- Lxf5\/Ld6! 1.Dc6! (5) 2) Jacques Savournin2. palk. Troll 19971.Dc4\/Rg1\/Le2\/Lc4\/Tf8?1.- gxh3\/Kf4\/gxf3\/gxh3\/Rf7!1.Df7! (5) 3) Nikolai Glinskih1. sija Candidates Tournament 19911.Lf5!1.- ~ 2.Dxc3 @ ~ 3.e4\/Dc5#1.-&#8230; <a class=\"continue-reading-link\" href=\"https:\/\/www.tehtavaniekat.fi\/index.php\/pika24r\/\">Jatka lukemista<\/a><\/p>\n","protected":false},"author":1,"featured_media":0,"parent":0,"menu_order":0,"comment_status":"closed","ping_status":"closed","template":"","meta":{"footnotes":""},"class_list":["post-3201","page","type-page","status-publish","hentry"],"_links":{"self":[{"href":"https:\/\/www.tehtavaniekat.fi\/index.php\/wp-json\/wp\/v2\/pages\/3201","targetHints":{"allow":["GET"]}}],"collection":[{"href":"https:\/\/www.tehtavaniekat.fi\/index.php\/wp-json\/wp\/v2\/pages"}],"about":[{"href":"https:\/\/www.tehtavaniekat.fi\/index.php\/wp-json\/wp\/v2\/types\/page"}],"author":[{"embeddable":true,"href":"https:\/\/www.tehtavaniekat.fi\/index.php\/wp-json\/wp\/v2\/users\/1"}],"replies":[{"embeddable":true,"href":"https:\/\/www.tehtavaniekat.fi\/index.php\/wp-json\/wp\/v2\/comments?post=3201"}],"version-history":[{"count":2,"href":"https:\/\/www.tehtavaniekat.fi\/index.php\/wp-json\/wp\/v2\/pages\/3201\/revisions"}],"predecessor-version":[{"id":3243,"href":"https:\/\/www.tehtavaniekat.fi\/index.php\/wp-json\/wp\/v2\/pages\/3201\/revisions\/3243"}],"wp:attachment":[{"href":"https:\/\/www.tehtavaniekat.fi\/index.php\/wp-json\/wp\/v2\/media?parent=3201"}],"curies":[{"name":"wp","href":"https:\/\/api.w.org\/{rel}","templated":true}]}}