{"id":3193,"date":"2024-02-23T16:39:27","date_gmt":"2024-02-23T13:39:27","guid":{"rendered":"https:\/\/www.tehtavaniekat.fi\/?page_id=3193"},"modified":"2024-02-23T16:39:28","modified_gmt":"2024-02-23T13:39:28","slug":"ratkaisemisen-sm-2024","status":"publish","type":"page","link":"https:\/\/www.tehtavaniekat.fi\/index.php\/ratkaisemisen-sm-2024\/","title":{"rendered":"Ratkaisemisen SM 2024"},"content":{"rendered":"\n<h1 class=\"wp-block-heading\">SHAKKITEHT\u00c4VIEN RATKAISEMISEN 45. SUOMEN MESTARUUSKILPAILU<\/h1>\n\n\n\n<p><\/p>\n\n\n<p><img decoding=\"async\" src=\"https:\/\/www.tehtavaniekat.fi\/wp-content\/uploads\/100_4451c.jpg\" alt=\"\" \/><\/p>\n\n\n<p>Kilpailu k\u00e4ytiin 17.2.2024 Shakkiareenalla Helsingiss\u00e4.<br><strong>Neal Turner <\/strong>oli valinnut teht\u00e4v\u00e4t ja toimi tuomarina. Ratkaistavana oli 12 teht\u00e4v\u00e4\u00e4 ja niihin aikaa kolme tuntia. Kilpailu kuuluu <a href=\"https:\/\/solving.wfcc.ch\/wsc\/2023-2024\/info.html\" target=\"_blank\" rel=\"noreferrer noopener\">World Solving Cup 2023\/2024<\/a>-sarjaan.<\/p>\n\n\n<div>\n<p><img decoding=\"async\" style=\"float: left; margin: 20px;\" src=\"https:\/\/www.tehtavaniekat.fi\/wp-content\/uploads\/Mitalistit_c.jpg\" alt=\"\" \/><\/p>\n<p>Ratkaisijoita osallistui 16, kaikki suomalaisia. K\u00e4rki oli odotettu: 1) <strong>Jorma Paavilainen<\/strong>, 2) <strong>Kari Karhunen<\/strong>, mutta pronssia sai ensikertalainen <strong>Paavo Tikka<\/strong>.<\/p>\n<p style=\"clear: left;\">(<a href=\"https:\/\/www.tehtavaniekat.fi\/index.php\/pikaratkaisemisen-sm-mitalistit\/\" target=\"_blank\" rel=\"noreferrer noopener\">Kaikki vanhat mitalistit<\/a>)<\/p>\n<\/div>\n\n\n<p><style>\ntable {border-collapse: collapse;}\ntd  {padding: 2px ! important;  font-size: small ! important;}\nth {font-color: white! important;  background-color: blue ! important;}\n<\/style><\/p>\n<figure class=\"wp-block-table is-style-stripes\"><table><tbody><tr><td>&nbsp;<\/td><td>&nbsp;<\/td><td>1<\/td><td>2<\/td><td>3<\/td><td>4<\/td><td>5<\/td><td>6<\/td><td>7<\/td><td>8<\/td><td>9<\/td><td>10<\/td><td>11<\/td><td>12<\/td><td>&nbsp;<\/td><td>&nbsp;<\/td><\/tr><tr><td>Sija<\/td><td>Nimi<\/td><td>2#<\/td><td>2#<\/td><td>3#<\/td><td>3#<\/td><td>4#<\/td><td>5#<\/td><td>+<\/td><td>=<\/td><td>a#3<\/td><td>a#4<\/td><td>i#2<\/td><td>i#4<\/td><td>Yht.<\/td><td>Aika<\/td><\/tr><tr><td>I<\/td><td>Jorma Paavilainen<\/td><td>5<\/td><td>5<\/td><td>5<\/td><td>4<\/td><td>5<\/td><td>5<\/td><td>5<\/td><td>0<\/td><td>5<\/td><td>5<\/td><td>5<\/td><td>5<\/td><td>54<\/td><td>180<\/td><\/tr><tr><td>II<\/td><td>Kari Karhunen&nbsp;<\/td><td>5<\/td><td>5<\/td><td>5<\/td><td>5<\/td><td>0<\/td><td>5<\/td><td>5<\/td><td>3<\/td><td>4<\/td><td>5<\/td><td>5<\/td><td>5<\/td><td>52<\/td><td>180<\/td><\/tr><tr><td>III<\/td><td>Paavo Tikka<\/td><td>5<\/td><td>5<\/td><td>5<\/td><td>5<\/td><td>2,5<\/td><td>5<\/td><td>1<\/td><td>1<\/td><td>4<\/td><td>5<\/td><td>4<\/td><td>5<\/td><td>47,5<\/td><td>180<\/td><\/tr><tr><td>4<\/td><td>Joose Norri<\/td><td>5<\/td><td>5<\/td><td>5<\/td><td>4<\/td><td>0<\/td><td>5<\/td><td>1<\/td><td>1<\/td><td>5<\/td><td>5<\/td><td>5<\/td><td>5<\/td><td>46<\/td><td>178<\/td><\/tr><tr><td>5<\/td><td>Henry Tanner&nbsp;<\/td><td>5<\/td><td>5<\/td><td>5<\/td><td>1,5<\/td><td>0<\/td><td>5<\/td><td>5<\/td><td><\/td><td>5<\/td><td>5<\/td><td>5<\/td><td><\/td><td>41,5<\/td><td>180<\/td><\/tr><tr><td>6<\/td><td>Janne Syv\u00e4niemi&nbsp;<\/td><td>5<\/td><td>5<\/td><td>4<\/td><td>1<\/td><td><\/td><td>5<\/td><td><\/td><td><\/td><td>4<\/td><td>5<\/td><td>4<\/td><td>5<\/td><td>38<\/td><td>180<\/td><\/tr><tr><td>7<\/td><td>Terho Marlo<\/td><td>5<\/td><td>0<\/td><td>5<\/td><td>5<\/td><td>0<\/td><td>5<\/td><td>1<\/td><td>1<\/td><td>5<\/td><td>5<\/td><td>5<\/td><td>0<\/td><td>37<\/td><td>178<\/td><\/tr><tr><td>8<\/td><td>Timo Kallio<\/td><td>5<\/td><td>5<\/td><td><\/td><td><\/td><td><\/td><td>5<\/td><td><\/td><td><\/td><td>5<\/td><td>5<\/td><td>4<\/td><td><\/td><td>29<\/td><td>175<\/td><\/tr><tr><td>9<\/td><td>Jukka Tuovinen<\/td><td>5<\/td><td>5<\/td><td><\/td><td>3,5<\/td><td><\/td><td>5<\/td><td>1<\/td><td><\/td><td>4<\/td><td><\/td><td>4<\/td><td><\/td><td>27,5<\/td><td>177<\/td><\/tr><tr><td>10<\/td><td>Mikael Gr\u00f6nroos&nbsp;<\/td><td>5<\/td><td>5<\/td><td><\/td><td><\/td><td><\/td><td><\/td><td>1<\/td><td><\/td><td>5<\/td><td>5<\/td><td>5<\/td><td><\/td><td>26<\/td><td>176<\/td><\/tr><tr><td>11<\/td><td>Petteri Paronen<\/td><td>5<\/td><td>0<\/td><td>4<\/td><td><\/td><td><\/td><td><\/td><td>3<\/td><td>1<\/td><td>4<\/td><td><\/td><td>4<\/td><td><\/td><td>21<\/td><td>180<\/td><\/tr><tr><td>12<\/td><td>Hannu Harkola<\/td><td>5<\/td><td>5<\/td><td><\/td><td><\/td><td><\/td><td>0<\/td><td>0<\/td><td><\/td><td>4<\/td><td>5<\/td><td>0<\/td><td><\/td><td>19<\/td><td>180<\/td><\/tr><tr><td>13<\/td><td>Juha Saukkola&nbsp;<\/td><td>0<\/td><td>5<\/td><td><\/td><td><\/td><td><\/td><td>0<\/td><td>1<\/td><td>0<\/td><td>2,5<\/td><td>5<\/td><td>5<\/td><td><\/td><td>18,5<\/td><td>179<\/td><\/tr><tr><td>14<\/td><td>Ismo Vihtola<\/td><td>5<\/td><td>0<\/td><td>4<\/td><td><\/td><td><\/td><td>0<\/td><td>1<\/td><td>1<\/td><td>4<\/td><td>2,5<\/td><td>0<\/td><td><\/td><td>17,5<\/td><td>180<\/td><\/tr><tr><td>15<\/td><td>Matti Rasilainen&nbsp;<\/td><td>5<\/td><td>0<\/td><td><\/td><td><\/td><td><\/td><td>0<\/td><td>1<\/td><td>1<\/td><td>2,5<\/td><td><\/td><td>4<\/td><td>0<\/td><td>13,5<\/td><td>180<\/td><\/tr><tr><td>16<\/td><td>Ari M\u00f6tt\u00f6nen<\/td><td>0<\/td><td>0<\/td><td><\/td><td><\/td><td><\/td><td>0<\/td><td>1<\/td><td>1<\/td><td><\/td><td><\/td><td>1<\/td><td><\/td><td>3<\/td><td>180<\/td><\/tr><tr><td>&nbsp;<\/td><td>keskiarvo<\/td><td>4,4<\/td><td>3,4<\/td><td>2,6<\/td><td>1,8<\/td><td>0,5<\/td><td>2,8<\/td><td>1,7<\/td><td>0,6<\/td><td>3,9<\/td><td>3,6<\/td><td>3,8<\/td><td>1,6<\/td><td>&nbsp;<\/td><td>&nbsp;<\/td><\/tr><\/tbody><\/table><\/figure>\n\n\n\n<p><a href=\"\/vanhat\/pika24t.htm\">Teht\u00e4v\u00e4t<\/a> | <a href=\"https:\/\/www.tehtavaniekat.fi\/index.php\/pika24r\/\" target=\"_blank\" rel=\"noreferrer noopener\">ratkaisut<\/a> <\/p>\n","protected":false},"excerpt":{"rendered":"<p>SHAKKITEHT\u00c4VIEN RATKAISEMISEN 45. SUOMEN MESTARUUSKILPAILU Kilpailu k\u00e4ytiin 17.2.2024 Shakkiareenalla Helsingiss\u00e4.Neal Turner oli valinnut teht\u00e4v\u00e4t ja toimi tuomarina. Ratkaistavana oli 12 teht\u00e4v\u00e4\u00e4 ja niihin aikaa kolme tuntia. Kilpailu kuuluu World Solving Cup 2023\/2024-sarjaan. Ratkaisijoita osallistui 16, kaikki suomalaisia. K\u00e4rki oli odotettu: 1) Jorma Paavilainen, 2) Kari Karhunen, mutta pronssia sai ensikertalainen&#8230; <a class=\"continue-reading-link\" href=\"https:\/\/www.tehtavaniekat.fi\/index.php\/ratkaisemisen-sm-2024\/\">Jatka lukemista<\/a><\/p>\n","protected":false},"author":1,"featured_media":0,"parent":0,"menu_order":0,"comment_status":"closed","ping_status":"closed","template":"","meta":{"footnotes":""},"class_list":["post-3193","page","type-page","status-publish","hentry"],"_links":{"self":[{"href":"https:\/\/www.tehtavaniekat.fi\/index.php\/wp-json\/wp\/v2\/pages\/3193","targetHints":{"allow":["GET"]}}],"collection":[{"href":"https:\/\/www.tehtavaniekat.fi\/index.php\/wp-json\/wp\/v2\/pages"}],"about":[{"href":"https:\/\/www.tehtavaniekat.fi\/index.php\/wp-json\/wp\/v2\/types\/page"}],"author":[{"embeddable":true,"href":"https:\/\/www.tehtavaniekat.fi\/index.php\/wp-json\/wp\/v2\/users\/1"}],"replies":[{"embeddable":true,"href":"https:\/\/www.tehtavaniekat.fi\/index.php\/wp-json\/wp\/v2\/comments?post=3193"}],"version-history":[{"count":28,"href":"https:\/\/www.tehtavaniekat.fi\/index.php\/wp-json\/wp\/v2\/pages\/3193\/revisions"}],"predecessor-version":[{"id":3233,"href":"https:\/\/www.tehtavaniekat.fi\/index.php\/wp-json\/wp\/v2\/pages\/3193\/revisions\/3233"}],"wp:attachment":[{"href":"https:\/\/www.tehtavaniekat.fi\/index.php\/wp-json\/wp\/v2\/media?parent=3193"}],"curies":[{"name":"wp","href":"https:\/\/api.w.org\/{rel}","templated":true}]}}