{"id":3128,"date":"2024-01-28T02:45:37","date_gmt":"2024-01-27T23:45:37","guid":{"rendered":"https:\/\/www.tehtavaniekat.fi\/?page_id=3128"},"modified":"2024-01-30T18:44:11","modified_gmt":"2024-01-30T15:44:11","slug":"isc-2024","status":"publish","type":"page","link":"https:\/\/www.tehtavaniekat.fi\/index.php\/isc-2024\/","title":{"rendered":"ISC 2024"},"content":{"rendered":"\n<h1 class=\"wp-block-heading\">20. KANSAINV\u00c4LINEN RATKAISUKILPAILU 21.1.2024<\/h1>\n\n\n\n<p><\/p>\n\n\n\n<p>Kansainv\u00e4linen ratkaisukilpailu (International Solving Contest &#8211; ISC) j\u00e4rjestettiin 21.1. j\u00e4lleen samaan aikaan eri maissa. Helsingiss\u00e4 sen vaikeampaan 1-ryhm\u00e4\u00e4n osallistui Suomessa 9 ratkaisijaa ja kaikkiaan ratkaisijoita oli ryhm\u00e4ss\u00e4 171.<br>Kummallakin kierroksella oli kuusi teht\u00e4v\u00e4\u00e4. Maksimipistem\u00e4\u00e4r\u00e4 oli 60 ja ratkaisuaikaa 2 + 2 tuntia. <br>Jorma Paavilainen oli 15. sijalla ja seniorien nelj\u00e4s. <\/p>\n\n\n\n<p>Helpommassa 2-ryhm\u00e4ss\u00e4 oli 236 ratkaisijaa. Ismo Vihtola oli sijalla 13-14. <\/p>\n\n\n\n<p>Juniorien 3-ryhm\u00e4ss\u00e4 oli 238 ratkaisijaa ja 24 kilpailun ulkopuolella.<\/p>\n\n\n\n<p>Tuomarina toimi Neal Turner.<\/p>\n\n\n\n<p>Lopulliset tulokset tulevat WFCC:n sivuille ja <a href=\"http:\/\/solving.matplus.net\/isca\">MatPlus-sivustolla<\/a>. Teht\u00e4v\u00e4t ja niiden ratkaisut saa MatPlus-sivulla n\u00e4kyviin valinnan &#8221;expanded&#8221; avulla.<\/p>\n\n\n\n<p>K\u00e4rjess\u00e4 ovat 1-ryhm\u00e4ss\u00e4: 1) Andrei Selivanov (FID) 60,00, 2) Danila Pavlov (FID) 56,00, 3) John Nunn (GBR) 55,00, 4) Eddy Van Beers (BEL) 53,50, 5)&nbsp; Valeri Kopyl (UKR) 53,00<\/p>\n\n\n\n<p>Suomalaisten tulokset:<\/p>\n\n\n\n<p><style>\ntable {border-collapse: collapse;}\ntd  {padding: 2px ! important;  font-size: small ! important;}\nth {font-color: white! important;  background-color: blue ! important;}\n<\/style><\/p>\n\n<figure class=\"wp-block-table is-style-stripes\"><table><tbody><tr><td>1-ryhm\u00e4<\/td><td>1<\/td><td>2<\/td><td>3<\/td><td>4<\/td><td>5<\/td><td>6<\/td><td>Yht.<\/td><td>7<\/td><td>8<\/td><td>9<\/td><td>10<\/td><td>11<\/td><td>12<\/td><td>Yht.<\/td><td>Pist.<\/td><td>Aika<\/td><td>Sija<\/td><td>Kv. sija<\/td><\/tr><tr><td><\/td><td>2#<\/td><td>3#<\/td><td>4#<\/td><td>=<\/td><td>a#3<\/td><td>i#5<\/td><td>(30)<\/td><td>2#<\/td><td>3#<\/td><td>5#<\/td><td>=<\/td><td>a#4<\/td><td>i#4<\/td><td>(30)<\/td><td>(60)<\/td><td>(240)<\/td><td><\/td><td><\/td><\/tr><tr><td>Paavilainen, Jorma&nbsp;<\/td><td>5<\/td><td>2<\/td><td>4<\/td><td>5<\/td><td>5<\/td><td>3,5<\/td><td>24,5<\/td><td>5<\/td><td>5<\/td><td>&#8211;<\/td><td>1<\/td><td>5<\/td><td>5<\/td><td>21<\/td><td>45,5<\/td><td>240<\/td><td>1<\/td><td>15&nbsp;<\/td><\/tr><tr><td>Karhunen, Kari&nbsp;<\/td><td>5<\/td><td>4<\/td><td>5<\/td><td>1<\/td><td>5<\/td><td>0<\/td><td>20<\/td><td>5<\/td><td>5<\/td><td>0<\/td><td>1<\/td><td>5<\/td><td>0<\/td><td>16<\/td><td>36<\/td><td>238<\/td><td>2<\/td><td>36&nbsp;<\/td><\/tr><tr><td>Marlo, Terho&nbsp;<\/td><td>5<\/td><td>3,5<\/td><td>3<\/td><td>1<\/td><td>4<\/td><td>1,5<\/td><td>18<\/td><td>5<\/td><td>5<\/td><td>5<\/td><td>&#8211;<\/td><td>&#8211;<\/td><td>&#8211;<\/td><td>15<\/td><td>33<\/td><td>235<\/td><td>3<\/td><td>43&nbsp;<\/td><\/tr><tr><td>Paronen, Petteri<\/td><td>0<\/td><td>0<\/td><td>&#8211;<\/td><td>5<\/td><td>5<\/td><td>&#8211;<\/td><td>10<\/td><td>5<\/td><td>0<\/td><td>0<\/td><td>0<\/td><td>5<\/td><td>&#8211;<\/td><td>10<\/td><td>20<\/td><td>238<\/td><td>4<\/td><td>92&nbsp;<\/td><\/tr><tr><td>Syv\u00e4niemi, Janne<\/td><td>5<\/td><td>0<\/td><td>&#8211;<\/td><td>1<\/td><td>4<\/td><td>&#8211;<\/td><td>10<\/td><td>5<\/td><td>0<\/td><td>0<\/td><td>&#8211;<\/td><td>5<\/td><td>0<\/td><td>10<\/td><td>20<\/td><td>240<\/td><td>5<\/td><td>93-95&nbsp;<\/td><\/tr><tr><td>Rasilainen, Matti<\/td><td>0<\/td><td>0<\/td><td>0<\/td><td>1<\/td><td>4<\/td><td>0<\/td><td>5<\/td><td>5<\/td><td>5<\/td><td>0<\/td><td>0<\/td><td>1<\/td><td>&#8211;<\/td><td>6<\/td><td>11<\/td><td>239<\/td><td>6<\/td><td>138-140&nbsp;<\/td><\/tr><tr><td>Tuovinen, Jukka<\/td><td>0<\/td><td>0<\/td><td>&#8211;<\/td><td>0<\/td><td>1<\/td><td>&#8211;<\/td><td>1<\/td><td>5<\/td><td>&#8211;<\/td><td>5<\/td><td>0<\/td><td>&#8211;<\/td><td>&#8211;<\/td><td>10<\/td><td>11<\/td><td>239<\/td><td>7<\/td><td>138-140&nbsp;<\/td><\/tr><tr><td>Wilen, Eero<\/td><td>5<\/td><td>0<\/td><td>&#8211;<\/td><td>1<\/td><td>&#8211;<\/td><td>&#8211;<\/td><td>6<\/td><td>5<\/td><td>&#8211;<\/td><td>0<\/td><td>&#8211;<\/td><td>&#8211;<\/td><td>&#8211;<\/td><td>5<\/td><td>11<\/td><td>240<\/td><td>8<\/td><td>141-144&nbsp;<\/td><\/tr><tr><td>Saukkola, Juha<\/td><td>5<\/td><td>&#8211;<\/td><td>&#8211;<\/td><td>1<\/td><td>4<\/td><td>0<\/td><td>10<\/td><td>0<\/td><td>&#8211;<\/td><td>&#8211;<\/td><td>&#8211;<\/td><td>0<\/td><td>&#8211;<\/td><td>0<\/td><td>10<\/td><td>240<\/td><td>9<\/td><td>145-147&nbsp;<\/td><\/tr><\/tbody><\/table><\/figure>\n\n\n\n<p><style>\ntable {border-collapse: collapse;}\ntd  {padding: 2px ! important;  font-size: small ! important;}\nth {font-color: white! important;  background-color: blue ! important;}\n<\/style><\/p>\n\n<figure class=\"wp-block-table is-style-stripes\"><table><tbody><tr><td>2-ryhm\u00e4<\/td><td>1<\/td><td>2<\/td><td>3<\/td><td>4<\/td><td>5<\/td><td>6<\/td><td>Yht.<\/td><td>7<\/td><td>8<\/td><td>9<\/td><td>10<\/td><td>11<\/td><td>12<\/td><td>Yht.<\/td><td>Pist.<\/td><td>Aika<\/td><td>Sija<\/td><td>Kv. sija<\/td><\/tr><tr><td><\/td><td>2#<\/td><td>2#<\/td><td>3#<\/td><td>5#<\/td><td>+<\/td><td>a#2<\/td><td>(30)<\/td><td>2#<\/td><td>3#<\/td><td>3#<\/td><td>4#<\/td><td>=<\/td><td>i#2<\/td><td>(30)<\/td><td>(60)<\/td><td>(240)<\/td><td><\/td><td><\/td><\/tr><tr><td>Vihtola, Ismo<\/td><td>5<\/td><td>5<\/td><td>0<\/td><td>0<\/td><td>5<\/td><td>4<\/td><td>19<\/td><td>5<\/td><td>1<\/td><td>&#8211;<\/td><td>5<\/td><td>0<\/td><td>5<\/td><td>16<\/td><td>35<\/td><td>240<\/td><td>1<\/td><td>13-14&nbsp;<\/td><\/tr><tr><td>Harkola, Hannu&nbsp;<\/td><td>5<\/td><td>5<\/td><td>&#8211;<\/td><td>0<\/td><td>2<\/td><td>5<\/td><td>17<\/td><td>0<\/td><td>&#8211;<\/td><td>&#8211;<\/td><td>5<\/td><td>1<\/td><td>5<\/td><td>11<\/td><td>28<\/td><td>239<\/td><td>2<\/td><td>36&nbsp;<\/td><\/tr><tr><td>M\u00f6tt\u00f6nen, Ari&nbsp;<\/td><td>5<\/td><td>5<\/td><td>&#8211;<\/td><td>0<\/td><td>5<\/td><td>5<\/td><td>20<\/td><td>0<\/td><td>&#8211;<\/td><td>&#8211;<\/td><td>&#8211;<\/td><td>0<\/td><td>3,5<\/td><td>3,5<\/td><td>23,5<\/td><td>236<\/td><td>3<\/td><td>48&nbsp;<\/td><\/tr><tr><td>Lantta, Tommi&nbsp;<\/td><td>5<\/td><td>5<\/td><td>&#8211;<\/td><td>&#8211;<\/td><td>&#8211;<\/td><td>5<\/td><td>15<\/td><td>0<\/td><td>&#8211;<\/td><td>&#8211;<\/td><td>&#8211;<\/td><td>&#8211;<\/td><td>5<\/td><td>5<\/td><td>20<\/td><td>240<\/td><td>4<\/td><td>65-69 <\/td><\/tr><\/tbody><\/table><\/figure>\n","protected":false},"excerpt":{"rendered":"<p>20. KANSAINV\u00c4LINEN RATKAISUKILPAILU 21.1.2024 Kansainv\u00e4linen ratkaisukilpailu (International Solving Contest &#8211; ISC) j\u00e4rjestettiin 21.1. j\u00e4lleen samaan aikaan eri maissa. Helsingiss\u00e4 sen vaikeampaan 1-ryhm\u00e4\u00e4n osallistui Suomessa 9 ratkaisijaa ja kaikkiaan ratkaisijoita oli ryhm\u00e4ss\u00e4 171.Kummallakin kierroksella oli kuusi teht\u00e4v\u00e4\u00e4. Maksimipistem\u00e4\u00e4r\u00e4 oli 60 ja ratkaisuaikaa 2 + 2 tuntia. Jorma Paavilainen oli 15. sijalla&#8230; <a class=\"continue-reading-link\" href=\"https:\/\/www.tehtavaniekat.fi\/index.php\/isc-2024\/\">Jatka lukemista<\/a><\/p>\n","protected":false},"author":1,"featured_media":0,"parent":0,"menu_order":0,"comment_status":"closed","ping_status":"closed","template":"","meta":{"footnotes":""},"class_list":["post-3128","page","type-page","status-publish","hentry"],"_links":{"self":[{"href":"https:\/\/www.tehtavaniekat.fi\/index.php\/wp-json\/wp\/v2\/pages\/3128","targetHints":{"allow":["GET"]}}],"collection":[{"href":"https:\/\/www.tehtavaniekat.fi\/index.php\/wp-json\/wp\/v2\/pages"}],"about":[{"href":"https:\/\/www.tehtavaniekat.fi\/index.php\/wp-json\/wp\/v2\/types\/page"}],"author":[{"embeddable":true,"href":"https:\/\/www.tehtavaniekat.fi\/index.php\/wp-json\/wp\/v2\/users\/1"}],"replies":[{"embeddable":true,"href":"https:\/\/www.tehtavaniekat.fi\/index.php\/wp-json\/wp\/v2\/comments?post=3128"}],"version-history":[{"count":20,"href":"https:\/\/www.tehtavaniekat.fi\/index.php\/wp-json\/wp\/v2\/pages\/3128\/revisions"}],"predecessor-version":[{"id":3158,"href":"https:\/\/www.tehtavaniekat.fi\/index.php\/wp-json\/wp\/v2\/pages\/3128\/revisions\/3158"}],"wp:attachment":[{"href":"https:\/\/www.tehtavaniekat.fi\/index.php\/wp-json\/wp\/v2\/media?parent=3128"}],"curies":[{"name":"wp","href":"https:\/\/api.w.org\/{rel}","templated":true}]}}