{"id":3107,"date":"2023-12-21T20:03:32","date_gmt":"2023-12-21T17:03:32","guid":{"rendered":"https:\/\/www.tehtavaniekat.fi\/?page_id=3107"},"modified":"2023-12-22T21:38:12","modified_gmt":"2023-12-22T18:38:12","slug":"ratk50","status":"publish","type":"page","link":"https:\/\/www.tehtavaniekat.fi\/index.php\/ratk50\/","title":{"rendered":"ratk50"},"content":{"rendered":"\n<h1 class=\"wp-block-heading\">Ratkaisu esimerkkiteht\u00e4v\u00e4\u00e4n<\/h1>\n\n\n\n\n\n<script type=\"text\/javascript\" src=\"\/py2web\/jquery-1.11.1.js\"><\/script>\n<script type=\"text\/javascript\" src=\"\/py2web\/py2web.js\"><\/script>\n<link href=\"\/py2web\/py2web.css\" rel=\"stylesheet\" type=\"text\/css\">\n\n<div style=\"overflow-x:auto;\">\n\n    <table cellspacing=\"3\" cellpadding=\"0\" border=\"0\">\n      <tbody><tr>  \n    <td valign=\"top\" align=\"center\"> <b>Neal Turner<\/b><br>\n     3. palk. <em>The Problemist<\/em> 1990<br>\n   \n        <div class=\"p2w-diagram\" id=\"esim\" glyphs=\"{&quot;d&quot;:&quot;q&quot;,&quot;t&quot;:&quot;r&quot;,&quot;l&quot;:&quot;b&quot;,&quot;r&quot;:&quot;s&quot;}\"> \n        White   Kd5 Lf7 Rg7\nBlack   Kd3 Lg4\n<\/div>\n        4\u00bd siirron apumatti (h#4\u00bd)<br>\n<\/td>\n      <td valign=\"top\"> \n        <div class=\"p2w-solution\" style=\"white-space: pre;\" target=\"esim\">\n      1...Lf7-e8   2.Kd3-e3 Rg7-f5 +   3.Ke3-f4 Kd5-e6   4.Kf4-g5 Ke6-f7   5.Kg5-h5 Kf7-f6 #\n           <\/div>\n      <\/td>\n    <\/tr>\n    <\/tbody><\/table>\n<\/div>\n\n\n\n\n<p>ST:n kirjastonhoitaja ja edustaja WFCC:ss\u00e4 Neal Turner t\u00e4ytti 75 vuotta 19.12.2023. Viime vuosina h\u00e4n on siirtynyt enemm\u00e4n satushakin alueelle. Teht\u00e4v\u00e4niekat saavat h\u00e4mm\u00e4stell\u00e4 h\u00e4nen hein\u00e4sirkkakuninkaitaan SAT-satuehdon sis\u00e4lt\u00e4viss\u00e4 itsemateissa. Luottamusmiehen\u00e4 toimiminen, ratkaisukilpailujen j\u00e4rjest\u00e4minen, lehden avustaminen ja teht\u00e4v\u00e4iltojen tarjoilun hoitaminen ovat Nealin harteilla.<\/p>\n","protected":false},"excerpt":{"rendered":"<p>Ratkaisu esimerkkiteht\u00e4v\u00e4\u00e4n ST:n kirjastonhoitaja ja edustaja WFCC:ss\u00e4 Neal Turner t\u00e4ytti 75 vuotta 19.12.2023. Viime vuosina h\u00e4n on siirtynyt enemm\u00e4n satushakin alueelle. Teht\u00e4v\u00e4niekat saavat h\u00e4mm\u00e4stell\u00e4 h\u00e4nen hein\u00e4sirkkakuninkaitaan SAT-satuehdon sis\u00e4lt\u00e4viss\u00e4 itsemateissa. Luottamusmiehen\u00e4 toimiminen, ratkaisukilpailujen j\u00e4rjest\u00e4minen, lehden avustaminen ja teht\u00e4v\u00e4iltojen tarjoilun hoitaminen ovat Nealin harteilla. <a class=\"continue-reading-link\" href=\"https:\/\/www.tehtavaniekat.fi\/index.php\/ratk50\/\">Jatka lukemista<\/a><\/p>\n","protected":false},"author":1,"featured_media":0,"parent":0,"menu_order":0,"comment_status":"closed","ping_status":"closed","template":"","meta":{"footnotes":""},"class_list":["post-3107","page","type-page","status-publish","hentry"],"_links":{"self":[{"href":"https:\/\/www.tehtavaniekat.fi\/index.php\/wp-json\/wp\/v2\/pages\/3107","targetHints":{"allow":["GET"]}}],"collection":[{"href":"https:\/\/www.tehtavaniekat.fi\/index.php\/wp-json\/wp\/v2\/pages"}],"about":[{"href":"https:\/\/www.tehtavaniekat.fi\/index.php\/wp-json\/wp\/v2\/types\/page"}],"author":[{"embeddable":true,"href":"https:\/\/www.tehtavaniekat.fi\/index.php\/wp-json\/wp\/v2\/users\/1"}],"replies":[{"embeddable":true,"href":"https:\/\/www.tehtavaniekat.fi\/index.php\/wp-json\/wp\/v2\/comments?post=3107"}],"version-history":[{"count":3,"href":"https:\/\/www.tehtavaniekat.fi\/index.php\/wp-json\/wp\/v2\/pages\/3107\/revisions"}],"predecessor-version":[{"id":3111,"href":"https:\/\/www.tehtavaniekat.fi\/index.php\/wp-json\/wp\/v2\/pages\/3107\/revisions\/3111"}],"wp:attachment":[{"href":"https:\/\/www.tehtavaniekat.fi\/index.php\/wp-json\/wp\/v2\/media?parent=3107"}],"curies":[{"name":"wp","href":"https:\/\/api.w.org\/{rel}","templated":true}]}}