{"id":2980,"date":"2023-08-29T14:43:53","date_gmt":"2023-08-29T11:43:53","guid":{"rendered":"https:\/\/www.tehtavaniekat.fi\/?page_id=2980"},"modified":"2024-02-12T14:18:03","modified_gmt":"2024-02-12T11:18:03","slug":"kv-muistokilpailu","status":"publish","type":"page","link":"https:\/\/www.tehtavaniekat.fi\/index.php\/kv-muistokilpailu\/","title":{"rendered":"kv-muistokilpailu"},"content":{"rendered":"\n<h1 class=\"wp-block-heading\">Kauko Virtasen muistokilpailu<\/h1>\n\n\n\n<p><\/p>\n\n\n\n<p>Suomen Teht\u00e4v\u00e4niekat ry julistaa Kauko Virtasen (25.12.1931 \u2013 24.7.2023) muistokilpailun kolmen tai useamman siirron mattiteht\u00e4ville, joissa esiintyy v\u00e4hint\u00e4\u00e4n yksi kaukotukinta. Teht\u00e4v\u00e4t viimeist\u00e4\u00e4n 29.2.2024 s\u00e4hk\u00f6postilla luottamusmies Neal Turnerille: nealturnerfinland(at)hotmail.com<br>Korkeintaan kolme teht\u00e4v\u00e4\u00e4 yhdelt\u00e4 laatijalta, yhteisteht\u00e4v\u00e4t mukaan luettuina.<br>Kilpailun tuomari on Kari Valtonen.<\/p>\n","protected":false},"excerpt":{"rendered":"<p>Kauko Virtasen muistokilpailu Suomen Teht\u00e4v\u00e4niekat ry julistaa Kauko Virtasen (25.12.1931 \u2013 24.7.2023) muistokilpailun kolmen tai useamman siirron mattiteht\u00e4ville, joissa esiintyy v\u00e4hint\u00e4\u00e4n yksi kaukotukinta. Teht\u00e4v\u00e4t viimeist\u00e4\u00e4n 29.2.2024 s\u00e4hk\u00f6postilla luottamusmies Neal Turnerille: nealturnerfinland(at)hotmail.comKorkeintaan kolme teht\u00e4v\u00e4\u00e4 yhdelt\u00e4 laatijalta, yhteisteht\u00e4v\u00e4t mukaan luettuina.Kilpailun tuomari on Kari Valtonen. <a class=\"continue-reading-link\" href=\"https:\/\/www.tehtavaniekat.fi\/index.php\/kv-muistokilpailu\/\">Jatka lukemista<\/a><\/p>\n","protected":false},"author":1,"featured_media":0,"parent":0,"menu_order":0,"comment_status":"closed","ping_status":"closed","template":"","meta":{"footnotes":""},"class_list":["post-2980","page","type-page","status-publish","hentry"],"_links":{"self":[{"href":"https:\/\/www.tehtavaniekat.fi\/index.php\/wp-json\/wp\/v2\/pages\/2980","targetHints":{"allow":["GET"]}}],"collection":[{"href":"https:\/\/www.tehtavaniekat.fi\/index.php\/wp-json\/wp\/v2\/pages"}],"about":[{"href":"https:\/\/www.tehtavaniekat.fi\/index.php\/wp-json\/wp\/v2\/types\/page"}],"author":[{"embeddable":true,"href":"https:\/\/www.tehtavaniekat.fi\/index.php\/wp-json\/wp\/v2\/users\/1"}],"replies":[{"embeddable":true,"href":"https:\/\/www.tehtavaniekat.fi\/index.php\/wp-json\/wp\/v2\/comments?post=2980"}],"version-history":[{"count":4,"href":"https:\/\/www.tehtavaniekat.fi\/index.php\/wp-json\/wp\/v2\/pages\/2980\/revisions"}],"predecessor-version":[{"id":3186,"href":"https:\/\/www.tehtavaniekat.fi\/index.php\/wp-json\/wp\/v2\/pages\/2980\/revisions\/3186"}],"wp:attachment":[{"href":"https:\/\/www.tehtavaniekat.fi\/index.php\/wp-json\/wp\/v2\/media?parent=2980"}],"curies":[{"name":"wp","href":"https:\/\/api.w.org\/{rel}","templated":true}]}}