{"id":2884,"date":"2023-06-21T16:47:00","date_gmt":"2023-06-21T13:47:00","guid":{"rendered":"https:\/\/www.tehtavaniekat.fi\/?page_id=2884"},"modified":"2023-06-21T16:47:01","modified_gmt":"2023-06-21T13:47:01","slug":"em-ratkaisukilpailu-2023","status":"publish","type":"page","link":"https:\/\/www.tehtavaniekat.fi\/index.php\/em-ratkaisukilpailu-2023\/","title":{"rendered":"EM-ratkaisukilpailu 2023"},"content":{"rendered":"\n<h1 class=\"wp-block-heading\">EM-ratkaisukilpailu 2023<\/h1>\n\n\n\n<p>Bratislavassa 2.-4.6.2023 pidettyyn 16. ratkaisemisen Euroopan mestaruuskilpailuun osallistui 14 joukkuetta. Ratkaisijoita oli kaikkiaan 75 (2 kilpailun ulkopuolella) 18 eri maasta. Kilpailu k\u00e4ytiin MM-kilpailun tapaan, mutta 4-henkisten joukkueiden tuloksissa kullakin kierroksella otettiin huomioon kolmen parhaan ratkaisijan pisteet.<\/p>\n\n\n\n<p>Ven\u00e4j\u00e4 ja Valko-Ven\u00e4j\u00e4 oli edelleen suljettu kilpailusta ja voittajaksi selviytyi j\u00e4lleen Puola. Suomi j\u00e4i sijalle 10 joukkueella Kari Karhunen, Terho Marlo ja Jorma Paavilainen.<\/p>\n\n\n\n<p>Henkil\u00f6kohtainen mestari oli Puolan Kacper Piorun.<\/p>\n\n\n\n<p>T\u00e4ydelliset tulokset, teht\u00e4v\u00e4t ja niiden ratkaisut l\u00f6ytyv\u00e4t <a rel=\"noreferrer noopener\" href=\"https:\/\/www.wfcc.ch\/competitions\/solving\/16th-ecsc-results\/\" target=\"_blank\">W<\/a><a rel=\"noreferrer noopener\" href=\"https:\/\/www.wfcc.ch\/competitions\/solving\/16th-ecsc-results\/\" target=\"_blank\">F<\/a><a rel=\"noreferrer noopener\" href=\"https:\/\/www.wfcc.ch\/competitions\/solving\/16th-ecsc-results\/\" target=\"_blank\">C<\/a><a rel=\"noreferrer noopener\" href=\"https:\/\/www.wfcc.ch\/competitions\/solving\/16th-ecsc-results\/\" target=\"_blank\">C<\/a><a rel=\"noreferrer noopener\" href=\"https:\/\/www.wfcc.ch\/competitions\/solving\/16th-ecsc-results\/\" target=\"_blank\">:<\/a><a rel=\"noreferrer noopener\" href=\"https:\/\/www.wfcc.ch\/competitions\/solving\/16th-ecsc-results\/\" target=\"_blank\">n<\/a><a rel=\"noreferrer noopener\" href=\"https:\/\/www.wfcc.ch\/competitions\/solving\/16th-ecsc-results\/\" target=\"_blank\"> <\/a><a rel=\"noreferrer noopener\" href=\"https:\/\/www.wfcc.ch\/competitions\/solving\/16th-ecsc-results\/\" target=\"_blank\">verkkosivuilta<\/a>.<\/p>\n\n\n\n<h3 class=\"wp-block-heading\">JOUKKUEKILPAILU<\/h3>\n\n\n\n<ol class=\"wp-block-list\"><li>Puola 260 (819 min)<\/li><li>Liettua 237 (988)<\/li><li>Slovakia 1 227,75 (1035)<\/li><li>Serbia 221,5 (831)<\/li><li>Saksa 221 (994)<\/li><li>Iso-Britannia 215,5 (953)<\/li><li>Israel 186,25 (1060)<\/li><li>Alankomaat 182 (1033)<\/li><li>Ukraina 175,25 (1044)<\/li><li><strong>Suomi <\/strong>172,5 (1058)<\/li><li>Romania 167,5 (1057)<\/li><li>T\u0161ekin tasavalta 158 (1080)<\/li><li>Kreikka 145,5 (1031)<\/li><li>Slovakia 2 106 (1068)<\/li><\/ol>\n\n\n\n<h3 class=\"wp-block-heading\">HENKIL\u00d6KOHTAINEN KILPAILU<\/h3>\n\n\n\n<p>1. Piorun, Kacper (POL) 87,5\/259<br \/>2. Murdzia, Piotr (POL) 86\/250<br \/>3. Van Beers, Eddy (BEL) 85\/305<br \/>4. Voigt, Ulrich (GER) 81,5\/303<br \/>5. Satkus, Vidmantas (LTU) 80\/319<br \/>6. Kuznecovas, Kevinas (LTU) 79,5\/312<br \/>7. Filipovi\u0107, Marko (CRO) 78,5\/323<br \/>8. Peitl, Tom\u00e1\u0161 (SVK) 76,5\/329<br \/>9. G\u00f3rski, Piotr (POL) 76\/339<br \/>10. Sidiropoulos, Nikos (GRE) 74,5\/327<br \/>11. Selivanov, Andrey (FID) 73,5\/320<br \/>12. Hodge, David (GBR) 72,5\/320<br \/>13. Mestel, Jonathan (GBR) 72\/329<br \/>14. <strong>Paavilainen, Jorma<\/strong> (FIN) 71,5\/353<br \/>15. Voracek, Miroslav (CZE) 69,75\/360<br \/>16. Podini\u0107, Vladimir (SRB) 69,5\/261<br \/>17. Dobi\u00e1\u0161, Richard (SVK) 68,5\/360<br \/>18. Marciniszyn, Jakub (POL) 68\/331<br \/>19. Tummes, Boris (GER) 68\/337<br \/>20. Friedland, Omer (ISR) 67,25\/347<br \/>21. \u0160ivic, Klemen (SLO) 67,25\/353<br \/>22. Serafimovi\u0107, Ilija (SRB) 67\/321<br \/>23. Limontas, Martynas (LTU) 67\/357<br \/>24. Kova\u010devi\u0107, Marjan (SRB) 66,5\/339<br \/>25. Mladenovi\u0107, Miodrag (SRB) 66\/263<br \/>26. Costachi, Mihnea (ROU) 65,75\/344<br \/>27. Erenburg, Mark (ISR) 65\/353<br \/>28. L\u00f6rinc, Juraj (SVK) 63,75\/353<br \/>29. Ott, Roland (SUI) 63,5\/357<br \/>30. Rein, Andreas (GER) 62,5\/357<br \/>31. <strong>Karhunen, Kari<\/strong> (FIN) 62\/351<br \/>32. Heuvel, Peter van den (NED) 61,5\/353<br \/>33. Wissmann, Dolf (NED) 61\/332<br \/>34. Pogorelov, Vladimir (UKR) 61\/339<br \/>35. Uitenbroek, Hans (NED) 59,5\/348<br \/>36. Kol\u010d\u00e1k, Marek (SVK) 58,5\/342<br \/>37. Hryshchenko, Kamila (GBR) 58\/300<br \/>38. Cri\u0219an, Vlaicu (ROU) 57,25\/357<br \/>39. Kopyl, Valery (UKR) 57\/356<br \/>40. Koziorowicz, Micha\u0142 (POL) 56,75\/311<br \/>41. Piliczewski, Bogusz (POL) 56,5\/360<br \/>42. Paliulionis, Viktoras (LTU) 55\/360<br \/>43. Chovnik, Mordechay (ISR) 50\/360<br \/>44. Lo\u017eaji\u0107, Marko (SRB) 49,75\/337<br \/>45. Konidaris, Panagiotis (GRE) 48,5\/344<br \/>46. Sch\u00e4fer, Ronald (GER) 47,75\/357<br \/>47. Watson, Ian (GBR) 47,75\/360<br \/>48. Rudenko, Taras (UKR) 44,75\/350<br \/>49. Mihal\u010do, Oto (SVK) 44\/353<br \/>50. Chocenka, Dmitrijus (LTU) 43,5\/357<br \/>51. Vanka, Miloslav (CZE) 43,5\/360<br \/>52. Gorbenko, Rustem (UKR) 40\/359<br \/>53. Bucur, Denisa-Andreea (ROU) 39,5\/360<br \/>54. Satkus, Vilimantas (LTU) 39,25\/359<br \/>55. <strong>Marlo, Terho<\/strong> (FIN) 39\/354<br \/>56. Markovcij, Vasill (CZE) 34,75\/360<br \/>57. Libi\u0161, Zden\u011bk (CZE) 31,25\/360<br \/>58. Udov\u010di\u0107, Branko (CRO) 27,5\/360<br \/>59. Svr\u010dek, Milan (SVK) 26,5\/360<br \/>60. Kobolka, Jozef (SVK) 24\/360<br \/>61. \u0160ir\u00e1\u0148, \u013dubom\u00edr (SVK) 23,25\/354<br \/>62. Fougiaxis, Harry (GRE) 22,5\/360<br \/>63. Petras, Milan (CZE) 22,25\/360<br \/>64. Craciun, Ovidiu (ROU) 20,25\/356<br \/>65. Dvoeglazova, Daria (ISR) 16,25\/360<br \/>66. Sheldon, Tim (GBR) 15\/360<br \/>67. Cook, Brian (GBR) 14\/360<br \/>68. Sedl\u00e1k, Lud\u011bk (CZE) 12,5\/358<br \/>69. Kov\u00e1\u010dov\u00e1, Zuzana (SVK) 11,5\/360<br \/>70. Mandak, Miroslav (SVK) 11\/360<br \/>71. \u0160ala\u0161ovs, Mihails (LAT) 10\/359<br \/>72. Leib, Britta (GER) 9\/353<br \/>73. Burda, Josef (CZE) 7,5\/360<br \/>Steponavi\u010dius, Stasys* (LTU) 49,5\/360<br \/>Mockus, Arvydas* (LTU) 49\/355<\/p>\n","protected":false},"excerpt":{"rendered":"<p>EM-ratkaisukilpailu 2023 Bratislavassa 2.-4.6.2023 pidettyyn 16. ratkaisemisen Euroopan mestaruuskilpailuun osallistui 14 joukkuetta. Ratkaisijoita oli kaikkiaan 75 (2 kilpailun ulkopuolella) 18 eri maasta. Kilpailu k\u00e4ytiin MM-kilpailun tapaan, mutta 4-henkisten joukkueiden tuloksissa kullakin kierroksella otettiin huomioon kolmen parhaan ratkaisijan pisteet. Ven\u00e4j\u00e4 ja Valko-Ven\u00e4j\u00e4 oli edelleen suljettu kilpailusta ja voittajaksi selviytyi j\u00e4lleen Puola&#8230;. <a class=\"continue-reading-link\" href=\"https:\/\/www.tehtavaniekat.fi\/index.php\/em-ratkaisukilpailu-2023\/\">Jatka lukemista<\/a><\/p>\n","protected":false},"author":1,"featured_media":0,"parent":0,"menu_order":0,"comment_status":"closed","ping_status":"closed","template":"","meta":{"footnotes":""},"class_list":["post-2884","page","type-page","status-publish","hentry"],"_links":{"self":[{"href":"https:\/\/www.tehtavaniekat.fi\/index.php\/wp-json\/wp\/v2\/pages\/2884","targetHints":{"allow":["GET"]}}],"collection":[{"href":"https:\/\/www.tehtavaniekat.fi\/index.php\/wp-json\/wp\/v2\/pages"}],"about":[{"href":"https:\/\/www.tehtavaniekat.fi\/index.php\/wp-json\/wp\/v2\/types\/page"}],"author":[{"embeddable":true,"href":"https:\/\/www.tehtavaniekat.fi\/index.php\/wp-json\/wp\/v2\/users\/1"}],"replies":[{"embeddable":true,"href":"https:\/\/www.tehtavaniekat.fi\/index.php\/wp-json\/wp\/v2\/comments?post=2884"}],"version-history":[{"count":4,"href":"https:\/\/www.tehtavaniekat.fi\/index.php\/wp-json\/wp\/v2\/pages\/2884\/revisions"}],"predecessor-version":[{"id":2888,"href":"https:\/\/www.tehtavaniekat.fi\/index.php\/wp-json\/wp\/v2\/pages\/2884\/revisions\/2888"}],"wp:attachment":[{"href":"https:\/\/www.tehtavaniekat.fi\/index.php\/wp-json\/wp\/v2\/media?parent=2884"}],"curies":[{"name":"wp","href":"https:\/\/api.w.org\/{rel}","templated":true}]}}