{"id":2765,"date":"2023-02-24T01:02:21","date_gmt":"2023-02-23T22:02:21","guid":{"rendered":"https:\/\/www.tehtavaniekat.fi\/?page_id=2765"},"modified":"2023-02-24T01:11:25","modified_gmt":"2023-02-23T22:11:25","slug":"vk23","status":"publish","type":"page","link":"https:\/\/www.tehtavaniekat.fi\/index.php\/vk23\/","title":{"rendered":"Vuosikokous 2023"},"content":{"rendered":"\n<h2 class=\"wp-block-heading\">SUOMEN TEHT\u00c4V\u00c4NIEKKAIN VUOSIKOKOUS 2023<\/h2>\n\n\n\n<p><\/p>\n\n\n\n<p>pidettiin lauantaina 18.2. Helsingin Shakkiareenalla. Kokoukseen osallistui 9 henke\u00e4. T\u00e4rkeimpi\u00e4 p\u00e4\u00e4t\u00f6ksi\u00e4:<\/p>\n\n\n\n<ul class=\"wp-block-list\"><li>Vahvistettiin vuoden 2022 tilinp\u00e4\u00e4t\u00f6s, joka osoitti alij\u00e4\u00e4m\u00e4\u00e4 513,33 euroa.<\/li><li>Johtokunnalle my\u00f6nnettiin vastuuvapaus vuodelta 2022<\/li><li>Johtokuntaan vuodeksi 2023 valittiin edelleen:<ul><li>puheenjohtaja Jorma Paavilainen<\/li><li>varapuheenjohtaja Mikael Gr\u00f6nroos<\/li><li>sihteeri Kari Karhunen<\/li><li>taloudenhoitaja Hannu Harkola<\/li><li>kirjastonhoitaja Neal Turner<\/li><li>varaj\u00e4senet Terho Marlo ja Janne Syv\u00e4niemi<\/li><\/ul><\/li><li>Toiminnantarkastajiksi valittiin Timo Kallio ja Ari M\u00f6tt\u00f6nen, varalle Teemu Miettinen<\/li><li>Muut valinnat:<ul><li>matrikkelinhoitajat Henry Tanner ja Marko Tauriainen,<\/li><li>teht\u00e4v\u00e4shakillinen toimikunta Per Olin, Pauli Perkonoja, Henry Tanner ja Marko Tauriainen<\/li><li>Edustaja Maailman teht\u00e4v\u00e4shakkiliitossa (WFCC) Neal Turner<\/li><li>edustaja Suomen Shakkiliitossa Jorma Paavilainen,<\/li><\/ul><\/li><li>J\u00e4senmaksu p\u00e4\u00e4tettiin pit\u00e4\u00e4 nostaa 30 euroon.<\/li><li>Hyv\u00e4ksyttiin johtokunnan valmistelema toimintasuunnitelma ja talousarvio vuodelle 2023. <em>Teht\u00e4v\u00e4niekka<\/em>-lehte\u00e4 julkaistaan my\u00f6s vuonna 2023 nelj\u00e4 numeroa.<\/li><li><a rel=\"noreferrer noopener\" href=\"https:\/\/www.tehtavaniekat.fi\/index.php\/valve-2\/\" target=\"_blank\">Leo Valven kiertopalkinto<\/a> p\u00e4\u00e4tettiin antaa vuodeksi Paavo Tikalle.<\/li><\/ul>\n","protected":false},"excerpt":{"rendered":"<p>SUOMEN TEHT\u00c4V\u00c4NIEKKAIN VUOSIKOKOUS 2023 pidettiin lauantaina 18.2. Helsingin Shakkiareenalla. Kokoukseen osallistui 9 henke\u00e4. T\u00e4rkeimpi\u00e4 p\u00e4\u00e4t\u00f6ksi\u00e4: Vahvistettiin vuoden 2022 tilinp\u00e4\u00e4t\u00f6s, joka osoitti alij\u00e4\u00e4m\u00e4\u00e4 513,33 euroa. Johtokunnalle my\u00f6nnettiin vastuuvapaus vuodelta 2022 Johtokuntaan vuodeksi 2023 valittiin edelleen: puheenjohtaja Jorma Paavilainen varapuheenjohtaja Mikael Gr\u00f6nroos sihteeri Kari Karhunen taloudenhoitaja Hannu Harkola kirjastonhoitaja Neal Turner varaj\u00e4senet&#8230; <a class=\"continue-reading-link\" href=\"https:\/\/www.tehtavaniekat.fi\/index.php\/vk23\/\">Jatka lukemista<\/a><\/p>\n","protected":false},"author":1,"featured_media":0,"parent":0,"menu_order":0,"comment_status":"closed","ping_status":"closed","template":"","meta":{"footnotes":""},"class_list":["post-2765","page","type-page","status-publish","hentry"],"_links":{"self":[{"href":"https:\/\/www.tehtavaniekat.fi\/index.php\/wp-json\/wp\/v2\/pages\/2765","targetHints":{"allow":["GET"]}}],"collection":[{"href":"https:\/\/www.tehtavaniekat.fi\/index.php\/wp-json\/wp\/v2\/pages"}],"about":[{"href":"https:\/\/www.tehtavaniekat.fi\/index.php\/wp-json\/wp\/v2\/types\/page"}],"author":[{"embeddable":true,"href":"https:\/\/www.tehtavaniekat.fi\/index.php\/wp-json\/wp\/v2\/users\/1"}],"replies":[{"embeddable":true,"href":"https:\/\/www.tehtavaniekat.fi\/index.php\/wp-json\/wp\/v2\/comments?post=2765"}],"version-history":[{"count":2,"href":"https:\/\/www.tehtavaniekat.fi\/index.php\/wp-json\/wp\/v2\/pages\/2765\/revisions"}],"predecessor-version":[{"id":2767,"href":"https:\/\/www.tehtavaniekat.fi\/index.php\/wp-json\/wp\/v2\/pages\/2765\/revisions\/2767"}],"wp:attachment":[{"href":"https:\/\/www.tehtavaniekat.fi\/index.php\/wp-json\/wp\/v2\/media?parent=2765"}],"curies":[{"name":"wp","href":"https:\/\/api.w.org\/{rel}","templated":true}]}}