{"id":2751,"date":"2023-02-21T19:17:35","date_gmt":"2023-02-21T16:17:35","guid":{"rendered":"https:\/\/www.tehtavaniekat.fi\/?page_id=2751"},"modified":"2023-02-21T19:21:39","modified_gmt":"2023-02-21T16:21:39","slug":"kevatpaivat-2023","status":"publish","type":"page","link":"https:\/\/www.tehtavaniekat.fi\/index.php\/kevatpaivat-2023\/","title":{"rendered":"Kev\u00e4tp\u00e4iv\u00e4t 2023"},"content":{"rendered":"\t\t<div data-elementor-type=\"wp-page\" data-elementor-id=\"2751\" class=\"elementor elementor-2751\">\n\t\t\t\t\t\t<section class=\"elementor-section elementor-top-section elementor-element elementor-element-1466768 elementor-section-boxed elementor-section-height-default elementor-section-height-default\" data-id=\"1466768\" data-element_type=\"section\" data-e-type=\"section\">\n\t\t\t\t\t\t<div class=\"elementor-container elementor-column-gap-default\">\n\t\t\t\t\t<div class=\"elementor-column elementor-col-100 elementor-top-column elementor-element elementor-element-8183ce0\" data-id=\"8183ce0\" data-element_type=\"column\" data-e-type=\"column\">\n\t\t\t<div class=\"elementor-widget-wrap elementor-element-populated\">\n\t\t\t\t\t\t<div class=\"elementor-element elementor-element-f111a99 elementor-widget elementor-widget-heading\" data-id=\"f111a99\" data-element_type=\"widget\" data-e-type=\"widget\" data-widget_type=\"heading.default\">\n\t\t\t\t<div class=\"elementor-widget-container\">\n\t\t\t\t\t<h2 class=\"elementor-heading-title elementor-size-default\">Kev\u00e4tp\u00e4iv\u00e4t 6.\u20137.5.2023<\/h2>\t\t\t\t<\/div>\n\t\t\t\t<\/div>\n\t\t\t\t\t<\/div>\n\t\t<\/div>\n\t\t\t\t\t<\/div>\n\t\t<\/section>\n\t\t\t\t<section class=\"elementor-section elementor-top-section elementor-element elementor-element-158dcb1 elementor-section-boxed elementor-section-height-default elementor-section-height-default\" data-id=\"158dcb1\" data-element_type=\"section\" data-e-type=\"section\">\n\t\t\t\t\t\t<div class=\"elementor-container elementor-column-gap-default\">\n\t\t\t\t\t<div class=\"elementor-column elementor-col-66 elementor-top-column elementor-element elementor-element-59d2770\" data-id=\"59d2770\" data-element_type=\"column\" data-e-type=\"column\">\n\t\t\t<div class=\"elementor-widget-wrap elementor-element-populated\">\n\t\t\t\t\t\t<div class=\"elementor-element elementor-element-aa44296 elementor-widget elementor-widget-text-editor\" data-id=\"aa44296\" data-element_type=\"widget\" data-e-type=\"widget\" data-widget_type=\"text-editor.default\">\n\t\t\t\t<div class=\"elementor-widget-container\">\n\t\t\t\t\t\t\t\t\t<p>Yhdistyksen kev\u00e4tp\u00e4iv\u00e4t pidet\u00e4\u00e4n perinteisess\u00e4 paikassa, Kokem\u00e4ell\u00e4 Anttilan tilalla 6.\u20137.5.2023. Tapahtuma alkaa lauantaina klo 12 ja p\u00e4\u00e4ttyy sunnuntaina noin klo 16. Tarkempi ohjelma l\u00e4hetet\u00e4\u00e4n ilmoittautuneille ennen tapahtumaa.<\/p><p>Tiedossa on ainakin laadintaa, ratkaisemista, esitelmi\u00e4 ja keskusteluja. T\u00e4ysihoito maksaa 70\u201375 EUR ja sis\u00e4lt\u00e4\u00e4 majoituksen, saunan, ruokailut ja kahvit. Yhteiskuljetuksiin on mahdollisuus ainakin p\u00e4\u00e4kaupunkiseudulta ja Tampereen suunnalta.<\/p><p>Ilmoittautumiset viimeist\u00e4\u00e4n maanantaina 1.5.2023 yhdistyksen\u00a0sihteeri Kari Karhuselle: puh. nollaviisinolla 4641068, kari.karhunen1-t\u00e4h\u00e4n at-gmail,piste,c.o.m.<\/p><p>Tervetuloa!<\/p>\t\t\t\t\t\t\t\t<\/div>\n\t\t\t\t<\/div>\n\t\t\t\t\t<\/div>\n\t\t<\/div>\n\t\t\t\t<div class=\"elementor-column elementor-col-33 elementor-top-column elementor-element elementor-element-c958caf\" data-id=\"c958caf\" data-element_type=\"column\" data-e-type=\"column\">\n\t\t\t<div class=\"elementor-widget-wrap elementor-element-populated\">\n\t\t\t\t\t\t<div class=\"elementor-element elementor-element-3e51883 elementor-widget elementor-widget-google_maps\" data-id=\"3e51883\" data-element_type=\"widget\" data-e-type=\"widget\" data-widget_type=\"google_maps.default\">\n\t\t\t\t<div class=\"elementor-widget-container\">\n\t\t\t\t\t\t\t<div class=\"elementor-custom-embed\">\n\t\t\t<iframe loading=\"lazy\"\n\t\t\t\t\tsrc=\"https:\/\/maps.google.com\/maps?q=Anttilan%20tila%2C%20Kokem%C3%A4ki&#038;t=m&#038;z=10&#038;output=embed&#038;iwloc=near\"\n\t\t\t\t\ttitle=\"Anttilan tila, Kokem\u00e4ki\"\n\t\t\t\t\taria-label=\"Anttilan tila, Kokem\u00e4ki\"\n\t\t\t><\/iframe>\n\t\t<\/div>\n\t\t\t\t\t\t<\/div>\n\t\t\t\t<\/div>\n\t\t\t\t\t<\/div>\n\t\t<\/div>\n\t\t\t\t\t<\/div>\n\t\t<\/section>\n\t\t\t\t<\/div>\n\t\t","protected":false},"excerpt":{"rendered":"<p>Kev\u00e4tp\u00e4iv\u00e4t 6.\u20137.5.2023 Yhdistyksen kev\u00e4tp\u00e4iv\u00e4t pidet\u00e4\u00e4n perinteisess\u00e4 paikassa, Kokem\u00e4ell\u00e4 Anttilan tilalla 6.\u20137.5.2023. Tapahtuma alkaa lauantaina klo 12 ja p\u00e4\u00e4ttyy sunnuntaina noin klo 16. Tarkempi ohjelma l\u00e4hetet\u00e4\u00e4n ilmoittautuneille ennen tapahtumaa. Tiedossa on ainakin laadintaa, ratkaisemista, esitelmi\u00e4 ja keskusteluja. T\u00e4ysihoito maksaa 70\u201375 EUR ja sis\u00e4lt\u00e4\u00e4 majoituksen, saunan, ruokailut ja kahvit. Yhteiskuljetuksiin on mahdollisuus&#8230; <a class=\"continue-reading-link\" href=\"https:\/\/www.tehtavaniekat.fi\/index.php\/kevatpaivat-2023\/\">Jatka lukemista<\/a><\/p>\n","protected":false},"author":1,"featured_media":0,"parent":0,"menu_order":0,"comment_status":"closed","ping_status":"closed","template":"","meta":{"footnotes":""},"class_list":["post-2751","page","type-page","status-publish","hentry"],"_links":{"self":[{"href":"https:\/\/www.tehtavaniekat.fi\/index.php\/wp-json\/wp\/v2\/pages\/2751","targetHints":{"allow":["GET"]}}],"collection":[{"href":"https:\/\/www.tehtavaniekat.fi\/index.php\/wp-json\/wp\/v2\/pages"}],"about":[{"href":"https:\/\/www.tehtavaniekat.fi\/index.php\/wp-json\/wp\/v2\/types\/page"}],"author":[{"embeddable":true,"href":"https:\/\/www.tehtavaniekat.fi\/index.php\/wp-json\/wp\/v2\/users\/1"}],"replies":[{"embeddable":true,"href":"https:\/\/www.tehtavaniekat.fi\/index.php\/wp-json\/wp\/v2\/comments?post=2751"}],"version-history":[{"count":3,"href":"https:\/\/www.tehtavaniekat.fi\/index.php\/wp-json\/wp\/v2\/pages\/2751\/revisions"}],"predecessor-version":[{"id":2754,"href":"https:\/\/www.tehtavaniekat.fi\/index.php\/wp-json\/wp\/v2\/pages\/2751\/revisions\/2754"}],"wp:attachment":[{"href":"https:\/\/www.tehtavaniekat.fi\/index.php\/wp-json\/wp\/v2\/media?parent=2751"}],"curies":[{"name":"wp","href":"https:\/\/api.w.org\/{rel}","templated":true}]}}