{"id":2727,"date":"2023-02-20T18:17:24","date_gmt":"2023-02-20T15:17:24","guid":{"rendered":"https:\/\/www.tehtavaniekat.fi\/?page_id=2727"},"modified":"2023-02-24T21:30:29","modified_gmt":"2023-02-24T18:30:29","slug":"ratkaisemisen-sm-2023","status":"publish","type":"page","link":"https:\/\/www.tehtavaniekat.fi\/index.php\/ratkaisemisen-sm-2023\/","title":{"rendered":"Ratkaisemisen SM 2023"},"content":{"rendered":"\n<h1 class=\"wp-block-heading\">SHAKKITEHT\u00c4VIEN RATKAISEMISEN 44. SUOMEN MESTARUUSKILPAILU<\/h1>\n\n\n\n<p><\/p>\n\n\n\n<p><img fetchpriority=\"high\" decoding=\"async\" class=\"alignnone wp-image-2731 size-full\" src=\"https:\/\/www.tehtavaniekat.fi\/wp-content\/uploads\/fin_2023_1b.jpg\" alt=\"\" width=\"830\" height=\"553\" srcset=\"https:\/\/www.tehtavaniekat.fi\/wp-content\/uploads\/fin_2023_1b.jpg 830w, https:\/\/www.tehtavaniekat.fi\/wp-content\/uploads\/fin_2023_1b-300x200.jpg 300w, https:\/\/www.tehtavaniekat.fi\/wp-content\/uploads\/fin_2023_1b-768x512.jpg 768w, https:\/\/www.tehtavaniekat.fi\/wp-content\/uploads\/fin_2023_1b-525x350.jpg 525w, https:\/\/www.tehtavaniekat.fi\/wp-content\/uploads\/fin_2023_1b-150x100.jpg 150w\" sizes=\"(max-width: 830px) 100vw, 830px\" \/><\/p>\n<p>Kilpailu k\u00e4ytiin 18.2.2023 Shakkiareenalla Helsingiss\u00e4.<br \/><strong>Neal Turner <\/strong>oli valinnut teht\u00e4v\u00e4t ja toimi tuomarina. Ratkaistavana oli 12 teht\u00e4v\u00e4\u00e4 ja niihin aikaa kolme tuntia. Kilpailu kuuluu <a href=\"https:\/\/www.wfcc.ch\/competitions\/solving\/wsc\/\">World Solving Cup 2022\/2023<\/a>-sarjaan. My\u00f6s <a href=\"https:\/\/fide.com\/news\/2251\" target=\"_blank\" rel=\"noopener\">FIDE:n sivuilla<\/a> on raportti tapahtumasta.<\/p>\n<p>Ratkaisijoita osallistui 18, joista viisi ulkomaalaista. Voittaja oli hollantilainen ratkaisemisen suurmestari <strong>Dolf Wissmann<\/strong>. Liettuan <strong>Martynas Limontas<\/strong> jakoi kakkossijan <strong>Jorma Paavilaisen<\/strong> kanssa.<\/p>\n<div id=\"attachment_2732\" style=\"width: 840px\" class=\"wp-caption alignleft\"><img decoding=\"async\" aria-describedby=\"caption-attachment-2732\" class=\"wp-image-2732 size-full\" src=\"https:\/\/www.tehtavaniekat.fi\/wp-content\/uploads\/fin_2023_4b.jpg\" alt=\"\" width=\"830\" height=\"553\" srcset=\"https:\/\/www.tehtavaniekat.fi\/wp-content\/uploads\/fin_2023_4b.jpg 830w, https:\/\/www.tehtavaniekat.fi\/wp-content\/uploads\/fin_2023_4b-300x200.jpg 300w, https:\/\/www.tehtavaniekat.fi\/wp-content\/uploads\/fin_2023_4b-768x512.jpg 768w, https:\/\/www.tehtavaniekat.fi\/wp-content\/uploads\/fin_2023_4b-525x350.jpg 525w, https:\/\/www.tehtavaniekat.fi\/wp-content\/uploads\/fin_2023_4b-150x100.jpg 150w\" sizes=\"(max-width: 830px) 100vw, 830px\" \/><p id=\"caption-attachment-2732\" class=\"wp-caption-text\">Paavilainen, Wissmann ja Limontas<\/dd><br \/><dd><\/p><\/div>\n\n\n\n<p>Suomen mestaruuden voitti Paavilainen, jolle mestaruus oli yhdestoista. SM-hopeaa sai <strong>Kari Karhunen<\/strong>, joka j\u00e4i vain pisteen p\u00e4\u00e4h\u00e4n mestaruudesta, kolmanneksi ratkaisi kokenut <strong>Henry Tanner<\/strong>.<\/p>\n\n\n\n<p>(<a rel=\"noreferrer noopener\" href=\"https:\/\/www.tehtavaniekat.fi\/index.php\/pikaratkaisemisen-sm-mitalistit\/\" target=\"_blank\">Kaikki mitalistit<\/a>)<\/p>\n\n\n\n<p><style>\ntable {border-collapse: collapse;}\ntd  {padding: 2px ! important;  font-size: small ! important;}\nth {font-color: white! important;  background-color: blue ! important;}\n<\/style><\/p>\n<figure class=\"wp-block-table is-style-stripes\">\n<table width=\"750\">\n<tbody>\n<tr>\n<td style=\"text-align: center;\" width=\"35\">\u00a0<\/td>\n<td style=\"text-align: center;\" width=\"189\">\u00a0<\/td>\n<td style=\"text-align: center;\" width=\"37\"><strong>1<\/strong><\/td>\n<td style=\"text-align: center;\" width=\"37\"><strong>2<\/strong><\/td>\n<td style=\"text-align: center;\" width=\"37\"><strong>3<\/strong><\/td>\n<td style=\"text-align: center;\" width=\"37\"><strong>4<\/strong><\/td>\n<td style=\"text-align: center;\" width=\"37\"><strong>5<\/strong><\/td>\n<td style=\"text-align: center;\" width=\"37\"><strong>6<\/strong><\/td>\n<td style=\"text-align: center;\" width=\"37\"><strong>7<\/strong><\/td>\n<td style=\"text-align: center;\" width=\"37\"><strong>8<\/strong><\/td>\n<td style=\"text-align: center;\" width=\"37\"><strong>9<\/strong><\/td>\n<td style=\"text-align: center;\" width=\"37\"><strong>10<\/strong><\/td>\n<td style=\"text-align: center;\" width=\"37\"><strong>11<\/strong><\/td>\n<td style=\"text-align: center;\" width=\"37\"><strong>12<\/strong><\/td>\n<td style=\"text-align: center;\" width=\"41\">\u00a0<\/td>\n<td style=\"text-align: center;\" width=\"41\">\u00a0<\/td>\n<\/tr>\n<tr>\n<td><strong>Sija<\/strong><\/td>\n<td><strong>Nimi<\/strong><\/td>\n<td style=\"text-align: center;\"><strong>2#<\/strong><\/td>\n<td style=\"text-align: center;\"><strong>2#<\/strong><\/td>\n<td style=\"text-align: center;\"><strong>3#<\/strong><\/td>\n<td style=\"text-align: center;\"><strong>3#<\/strong><\/td>\n<td style=\"text-align: center;\"><strong>4#<\/strong><\/td>\n<td style=\"text-align: center;\"><strong>8#<\/strong><\/td>\n<td style=\"text-align: center;\"><strong>+<\/strong><\/td>\n<td style=\"text-align: center;\"><strong>+<\/strong><\/td>\n<td style=\"text-align: center;\"><strong>a#2<\/strong><\/td>\n<td style=\"text-align: center;\"><strong>a#4<\/strong><\/td>\n<td style=\"text-align: center;\"><strong>i#3<\/strong><\/td>\n<td style=\"text-align: center;\"><strong>i#4<\/strong><\/td>\n<td style=\"text-align: center;\"><strong>Yht.<\/strong><\/td>\n<td style=\"text-align: center;\"><strong>Aika<\/strong><\/td>\n<\/tr>\n<tr>\n<td>I<\/td>\n<td>Dolf Wissmann (NED)\u00a0<\/td>\n<td style=\"text-align: center;\">5<\/td>\n<td style=\"text-align: center;\">5<\/td>\n<td style=\"text-align: center;\">5<\/td>\n<td style=\"text-align: center;\">5<\/td>\n<td style=\"text-align: center;\">4,5<\/td>\n<td style=\"text-align: center;\">5<\/td>\n<td style=\"text-align: center;\">4<\/td>\n<td style=\"text-align: center;\">5<\/td>\n<td style=\"text-align: center;\">5<\/td>\n<td style=\"text-align: center;\">5<\/td>\n<td style=\"text-align: center;\">5<\/td>\n<td style=\"text-align: center;\">5<\/td>\n<td>58,5<\/td>\n<td>166<\/td>\n<\/tr>\n<tr>\n<td>II\/III<\/td>\n<td>Martynas Limontas (LTU)<\/td>\n<td style=\"text-align: center;\">5<\/td>\n<td style=\"text-align: center;\">5<\/td>\n<td style=\"text-align: center;\">5<\/td>\n<td style=\"text-align: center;\">4<\/td>\n<td style=\"text-align: center;\">3<\/td>\n<td style=\"text-align: center;\">5<\/td>\n<td style=\"text-align: center;\">5<\/td>\n<td style=\"text-align: center;\">5<\/td>\n<td style=\"text-align: center;\">5<\/td>\n<td style=\"text-align: center;\">5<\/td>\n<td style=\"text-align: center;\">5<\/td>\n<td style=\"text-align: center;\">5<\/td>\n<td>57<\/td>\n<td>180<\/td>\n<\/tr>\n<tr>\n<td>II\/III<\/td>\n<td>Jorma Paavilainen<\/td>\n<td style=\"text-align: center;\">5<\/td>\n<td style=\"text-align: center;\">5<\/td>\n<td style=\"text-align: center;\">5<\/td>\n<td style=\"text-align: center;\">4<\/td>\n<td style=\"text-align: center;\">4,5<\/td>\n<td style=\"text-align: center;\">5<\/td>\n<td style=\"text-align: center;\">5<\/td>\n<td style=\"text-align: center;\">5<\/td>\n<td style=\"text-align: center;\">5<\/td>\n<td style=\"text-align: center;\">5<\/td>\n<td style=\"text-align: center;\">5<\/td>\n<td style=\"text-align: center;\">3,5<\/td>\n<td>57<\/td>\n<td>180<\/td>\n<\/tr>\n<tr>\n<td>4<\/td>\n<td>Kari Karhunen\u00a0<\/td>\n<td style=\"text-align: center;\">5<\/td>\n<td style=\"text-align: center;\">5<\/td>\n<td style=\"text-align: center;\">5<\/td>\n<td style=\"text-align: center;\">4<\/td>\n<td style=\"text-align: center;\">5<\/td>\n<td style=\"text-align: center;\">5<\/td>\n<td style=\"text-align: center;\">3<\/td>\n<td style=\"text-align: center;\">5<\/td>\n<td style=\"text-align: center;\">4<\/td>\n<td style=\"text-align: center;\">5<\/td>\n<td style=\"text-align: center;\">5<\/td>\n<td style=\"text-align: center;\">5<\/td>\n<td>56<\/td>\n<td>180<\/td>\n<\/tr>\n<tr>\n<td>5<\/td>\n<td>Kevinas Kuznecovas (LTU)<\/td>\n<td style=\"text-align: center;\">5<\/td>\n<td style=\"text-align: center;\">5<\/td>\n<td style=\"text-align: center;\">5<\/td>\n<td style=\"text-align: center;\">4<\/td>\n<td style=\"text-align: center;\">5<\/td>\n<td style=\"text-align: center;\">5<\/td>\n<td style=\"text-align: center;\">3<\/td>\n<td style=\"text-align: center;\">2<\/td>\n<td style=\"text-align: center;\">5<\/td>\n<td style=\"text-align: center;\">5<\/td>\n<td style=\"text-align: center;\">5<\/td>\n<td style=\"text-align: center;\">5<\/td>\n<td>54<\/td>\n<td>142<\/td>\n<\/tr>\n<tr>\n<td>6<\/td>\n<td>Vidmantas Satkus (LTU)<\/td>\n<td style=\"text-align: center;\">5<\/td>\n<td style=\"text-align: center;\">0<\/td>\n<td style=\"text-align: center;\">5<\/td>\n<td style=\"text-align: center;\">5<\/td>\n<td style=\"text-align: center;\">3<\/td>\n<td style=\"text-align: center;\">5<\/td>\n<td style=\"text-align: center;\">4<\/td>\n<td style=\"text-align: center;\">5<\/td>\n<td style=\"text-align: center;\">4<\/td>\n<td style=\"text-align: center;\">\u00a0<\/td>\n<td style=\"text-align: center;\">5<\/td>\n<td style=\"text-align: center;\">5<\/td>\n<td>46<\/td>\n<td>180<\/td>\n<\/tr>\n<tr>\n<td>7<\/td>\n<td>Henry Tanner\u00a0<\/td>\n<td style=\"text-align: center;\">5<\/td>\n<td style=\"text-align: center;\">5<\/td>\n<td style=\"text-align: center;\">5<\/td>\n<td style=\"text-align: center;\">4<\/td>\n<td style=\"text-align: center;\">1,5<\/td>\n<td style=\"text-align: center;\">5<\/td>\n<td style=\"text-align: center;\">3<\/td>\n<td style=\"text-align: center;\">5<\/td>\n<td style=\"text-align: center;\">5<\/td>\n<td style=\"text-align: center;\">\u00a0<\/td>\n<td style=\"text-align: center;\">5<\/td>\n<td style=\"text-align: center;\">\u00a0<\/td>\n<td>43,5<\/td>\n<td>180<\/td>\n<\/tr>\n<tr>\n<td>8<\/td>\n<td>Arvydas Mockus (LTU)<\/td>\n<td style=\"text-align: center;\">5<\/td>\n<td style=\"text-align: center;\">5<\/td>\n<td style=\"text-align: center;\">5<\/td>\n<td style=\"text-align: center;\">5<\/td>\n<td style=\"text-align: center;\">\u00a0<\/td>\n<td style=\"text-align: center;\">\u00a0<\/td>\n<td style=\"text-align: center;\">3<\/td>\n<td style=\"text-align: center;\">2<\/td>\n<td style=\"text-align: center;\">5<\/td>\n<td style=\"text-align: center;\">\u00a0<\/td>\n<td style=\"text-align: center;\">5<\/td>\n<td style=\"text-align: center;\">\u00a0<\/td>\n<td>35<\/td>\n<td>180<\/td>\n<\/tr>\n<tr>\n<td>9<\/td>\n<td>Ismo Vihtola\u00a0<\/td>\n<td style=\"text-align: center;\">5<\/td>\n<td style=\"text-align: center;\">5<\/td>\n<td style=\"text-align: center;\">5<\/td>\n<td style=\"text-align: center;\">\u00a0<\/td>\n<td style=\"text-align: center;\">\u00a0<\/td>\n<td style=\"text-align: center;\">5<\/td>\n<td style=\"text-align: center;\">3<\/td>\n<td style=\"text-align: center;\">\u00a0<\/td>\n<td style=\"text-align: center;\">5<\/td>\n<td style=\"text-align: center;\">\u00a0<\/td>\n<td style=\"text-align: center;\">\u00a0<\/td>\n<td style=\"text-align: center;\">\u00a0<\/td>\n<td>28<\/td>\n<td>180<\/td>\n<\/tr>\n<tr>\n<td>10<\/td>\n<td>Petteri Paronen\u00a0<\/td>\n<td style=\"text-align: center;\">5<\/td>\n<td style=\"text-align: center;\">5<\/td>\n<td style=\"text-align: center;\">5<\/td>\n<td style=\"text-align: center;\">2,5<\/td>\n<td style=\"text-align: center;\">\u00a0<\/td>\n<td style=\"text-align: center;\">0<\/td>\n<td style=\"text-align: center;\">2<\/td>\n<td style=\"text-align: center;\">2<\/td>\n<td style=\"text-align: center;\">5<\/td>\n<td style=\"text-align: center;\">\u00a0<\/td>\n<td style=\"text-align: center;\">\u00a0<\/td>\n<td style=\"text-align: center;\">\u00a0<\/td>\n<td>26,5<\/td>\n<td>180<\/td>\n<\/tr>\n<tr>\n<td>11<\/td>\n<td>Juha Saukkola\u00a0<\/td>\n<td style=\"text-align: center;\">5<\/td>\n<td style=\"text-align: center;\">5<\/td>\n<td style=\"text-align: center;\">5<\/td>\n<td style=\"text-align: center;\">\u00a0<\/td>\n<td style=\"text-align: center;\">\u00a0<\/td>\n<td style=\"text-align: center;\">0<\/td>\n<td style=\"text-align: center;\">\u00a0<\/td>\n<td style=\"text-align: center;\">1<\/td>\n<td style=\"text-align: center;\">5<\/td>\n<td style=\"text-align: center;\">\u00a0<\/td>\n<td style=\"text-align: center;\">\u00a0<\/td>\n<td style=\"text-align: center;\">\u00a0<\/td>\n<td>21<\/td>\n<td>175<\/td>\n<\/tr>\n<tr>\n<td>12<\/td>\n<td>Jukka Tuovinen<\/td>\n<td style=\"text-align: center;\">0<\/td>\n<td style=\"text-align: center;\">5<\/td>\n<td style=\"text-align: center;\">5<\/td>\n<td style=\"text-align: center;\">\u00a0<\/td>\n<td style=\"text-align: center;\">\u00a0<\/td>\n<td style=\"text-align: center;\">0<\/td>\n<td style=\"text-align: center;\">3<\/td>\n<td style=\"text-align: center;\">2<\/td>\n<td style=\"text-align: center;\">5<\/td>\n<td style=\"text-align: center;\">\u00a0<\/td>\n<td style=\"text-align: center;\">0<\/td>\n<td style=\"text-align: center;\">\u00a0<\/td>\n<td>20<\/td>\n<td>180<\/td>\n<\/tr>\n<tr>\n<td>13<\/td>\n<td>Hannu Harkola\u00a0<\/td>\n<td style=\"text-align: center;\">5<\/td>\n<td style=\"text-align: center;\">5<\/td>\n<td style=\"text-align: center;\">\u00a0<\/td>\n<td style=\"text-align: center;\">\u00a0<\/td>\n<td style=\"text-align: center;\">\u00a0<\/td>\n<td style=\"text-align: center;\">0<\/td>\n<td style=\"text-align: center;\">2<\/td>\n<td style=\"text-align: center;\">\u00a0<\/td>\n<td style=\"text-align: center;\">4<\/td>\n<td style=\"text-align: center;\">\u00a0<\/td>\n<td style=\"text-align: center;\">\u00a0<\/td>\n<td style=\"text-align: center;\">\u00a0<\/td>\n<td>16<\/td>\n<td>180<\/td>\n<\/tr>\n<tr>\n<td>14<\/td>\n<td>Janne Syv\u00e4niemi\u00a0<\/td>\n<td style=\"text-align: center;\">5<\/td>\n<td style=\"text-align: center;\">0<\/td>\n<td style=\"text-align: center;\">\u00a0<\/td>\n<td style=\"text-align: center;\">\u00a0<\/td>\n<td style=\"text-align: center;\">\u00a0<\/td>\n<td style=\"text-align: center;\">\u00a0<\/td>\n<td style=\"text-align: center;\">\u00a0<\/td>\n<td style=\"text-align: center;\">\u00a0<\/td>\n<td style=\"text-align: center;\">5<\/td>\n<td style=\"text-align: center;\">5<\/td>\n<td style=\"text-align: center;\">\u00a0<\/td>\n<td style=\"text-align: center;\">\u00a0<\/td>\n<td>15<\/td>\n<td>180<\/td>\n<\/tr>\n<tr>\n<td>15<\/td>\n<td>Matti Rasilainen\u00a0<\/td>\n<td style=\"text-align: center;\">5<\/td>\n<td style=\"text-align: center;\">5<\/td>\n<td style=\"text-align: center;\">0<\/td>\n<td style=\"text-align: center;\">\u00a0<\/td>\n<td style=\"text-align: center;\">\u00a0<\/td>\n<td style=\"text-align: center;\">0<\/td>\n<td style=\"text-align: center;\">1<\/td>\n<td style=\"text-align: center;\">0<\/td>\n<td style=\"text-align: center;\">2,5<\/td>\n<td style=\"text-align: center;\">\u00a0<\/td>\n<td style=\"text-align: center;\">\u00a0<\/td>\n<td style=\"text-align: center;\">\u00a0<\/td>\n<td>13,5<\/td>\n<td>180<\/td>\n<\/tr>\n<tr>\n<td>16<\/td>\n<td>Olli Heimo<\/td>\n<td style=\"text-align: center;\">5<\/td>\n<td style=\"text-align: center;\">5<\/td>\n<td style=\"text-align: center;\">\u00a0<\/td>\n<td style=\"text-align: center;\">\u00a0<\/td>\n<td style=\"text-align: center;\">\u00a0<\/td>\n<td style=\"text-align: center;\">0<\/td>\n<td style=\"text-align: center;\">\u00a0<\/td>\n<td style=\"text-align: center;\">0<\/td>\n<td style=\"text-align: center;\">\u00a0<\/td>\n<td style=\"text-align: center;\">\u00a0<\/td>\n<td style=\"text-align: center;\">\u00a0<\/td>\n<td style=\"text-align: center;\">\u00a0<\/td>\n<td>10<\/td>\n<td>180<\/td>\n<\/tr>\n<tr>\n<td>17<\/td>\n<td>Ari M\u00f6tt\u00f6nen<\/td>\n<td style=\"text-align: center;\">0<\/td>\n<td style=\"text-align: center;\">5<\/td>\n<td style=\"text-align: center;\">\u00a0<\/td>\n<td style=\"text-align: center;\">\u00a0<\/td>\n<td style=\"text-align: center;\">\u00a0<\/td>\n<td style=\"text-align: center;\">\u00a0<\/td>\n<td style=\"text-align: center;\">3<\/td>\n<td style=\"text-align: center;\">1<\/td>\n<td style=\"text-align: center;\">\u00a0<\/td>\n<td style=\"text-align: center;\">\u00a0<\/td>\n<td style=\"text-align: center;\">\u00a0<\/td>\n<td style=\"text-align: center;\">\u00a0<\/td>\n<td>9<\/td>\n<td>177<\/td>\n<\/tr>\n<tr>\n<td>18<\/td>\n<td>Mikael Gr\u00f6nroos\u00a0<\/td>\n<td style=\"text-align: center;\">0<\/td>\n<td style=\"text-align: center;\">0<\/td>\n<td style=\"text-align: center;\">\u00a0<\/td>\n<td style=\"text-align: center;\">\u00a0<\/td>\n<td style=\"text-align: center;\">\u00a0<\/td>\n<td style=\"text-align: center;\">0<\/td>\n<td style=\"text-align: center;\">\u00a0<\/td>\n<td style=\"text-align: center;\">\u00a0<\/td>\n<td style=\"text-align: center;\">4<\/td>\n<td style=\"text-align: center;\">\u00a0<\/td>\n<td style=\"text-align: center;\">\u00a0<\/td>\n<td style=\"text-align: center;\">\u00a0<\/td>\n<td>4<\/td>\n<td>180<\/td>\n<\/tr>\n<tr>\n<td>\u00a0<\/td>\n<td>keskiarvo<\/td>\n<td style=\"text-align: center;\">4,2<\/td>\n<td style=\"text-align: center;\">4,2<\/td>\n<td style=\"text-align: center;\">3,3<\/td>\n<td style=\"text-align: center;\">2,1<\/td>\n<td style=\"text-align: center;\">1,5<\/td>\n<td style=\"text-align: center;\">2,2<\/td>\n<td style=\"text-align: center;\">2,4<\/td>\n<td style=\"text-align: center;\">2,2<\/td>\n<td style=\"text-align: center;\">4,1<\/td>\n<td style=\"text-align: center;\">1,7<\/td>\n<td style=\"text-align: center;\">2,2<\/td>\n<td style=\"text-align: center;\">1,6<\/td>\n<td>\u00a0<\/td>\n<td>\u00a0<\/td>\n<\/tr>\n<\/tbody>\n<\/table>\n<\/figure>\n\n\n\n<p><a href=\"\/vanhat\/pika23t.htm\">Teht\u00e4v\u00e4t<\/a> | <a href=\"https:\/\/www.tehtavaniekat.fi\/index.php\/pika23r\/\" target=\"_blank\" rel=\"noreferrer noopener\">ratkaisut<\/a> <\/p>\n","protected":false},"excerpt":{"rendered":"<p>SHAKKITEHT\u00c4VIEN RATKAISEMISEN 44. SUOMEN MESTARUUSKILPAILU Kilpailu k\u00e4ytiin 18.2.2023 Shakkiareenalla Helsingiss\u00e4.Neal Turner oli valinnut teht\u00e4v\u00e4t ja toimi tuomarina. Ratkaistavana oli 12 teht\u00e4v\u00e4\u00e4 ja niihin aikaa kolme tuntia. Kilpailu kuuluu World Solving Cup 2022\/2023-sarjaan. My\u00f6s FIDE:n sivuilla on raportti tapahtumasta. Ratkaisijoita osallistui 18, joista viisi ulkomaalaista. Voittaja oli hollantilainen ratkaisemisen suurmestari Dolf&#8230; <a class=\"continue-reading-link\" href=\"https:\/\/www.tehtavaniekat.fi\/index.php\/ratkaisemisen-sm-2023\/\">Jatka lukemista<\/a><\/p>\n","protected":false},"author":1,"featured_media":0,"parent":0,"menu_order":0,"comment_status":"closed","ping_status":"closed","template":"","meta":{"footnotes":""},"class_list":["post-2727","page","type-page","status-publish","hentry"],"_links":{"self":[{"href":"https:\/\/www.tehtavaniekat.fi\/index.php\/wp-json\/wp\/v2\/pages\/2727","targetHints":{"allow":["GET"]}}],"collection":[{"href":"https:\/\/www.tehtavaniekat.fi\/index.php\/wp-json\/wp\/v2\/pages"}],"about":[{"href":"https:\/\/www.tehtavaniekat.fi\/index.php\/wp-json\/wp\/v2\/types\/page"}],"author":[{"embeddable":true,"href":"https:\/\/www.tehtavaniekat.fi\/index.php\/wp-json\/wp\/v2\/users\/1"}],"replies":[{"embeddable":true,"href":"https:\/\/www.tehtavaniekat.fi\/index.php\/wp-json\/wp\/v2\/comments?post=2727"}],"version-history":[{"count":6,"href":"https:\/\/www.tehtavaniekat.fi\/index.php\/wp-json\/wp\/v2\/pages\/2727\/revisions"}],"predecessor-version":[{"id":3210,"href":"https:\/\/www.tehtavaniekat.fi\/index.php\/wp-json\/wp\/v2\/pages\/2727\/revisions\/3210"}],"wp:attachment":[{"href":"https:\/\/www.tehtavaniekat.fi\/index.php\/wp-json\/wp\/v2\/media?parent=2727"}],"curies":[{"name":"wp","href":"https:\/\/api.w.org\/{rel}","templated":true}]}}