{"id":2699,"date":"2023-02-08T18:00:13","date_gmt":"2023-02-08T15:00:13","guid":{"rendered":"https:\/\/www.tehtavaniekat.fi\/?page_id=2699"},"modified":"2023-02-08T18:00:14","modified_gmt":"2023-02-08T15:00:14","slug":"isc-2007","status":"publish","type":"page","link":"https:\/\/www.tehtavaniekat.fi\/index.php\/isc-2007\/","title":{"rendered":"ISC 2007"},"content":{"rendered":"\n<h1 class=\"wp-block-heading\">3. KANSAINV\u00c4LINEN RATKAISUKILPAILU 21.1.2007<\/h1>\n\n\n\n<p><\/p>\n\n\n\n<table style=\"border-collapse: collapse; width: 100%; height: 227px;\">\n<tbody>\n<tr style=\"height: 201px;\">\n<td style=\"width: 33.3333%; height: 201px;\"><img fetchpriority=\"high\" decoding=\"async\" class=\"aligncenter\" src=\"https:\/\/www.tehtavaniekat.fi\/wp-content\/uploads\/terho.jpg\" alt=\"\" width=\"200\" height=\"259\" \/><\/td>\n<td style=\"width: 33.3333%; height: 201px;\"><img decoding=\"async\" class=\"aligncenter\" src=\"https:\/\/www.tehtavaniekat.fi\/wp-content\/uploads\/tanner07.jpg\" alt=\"\" width=\"200\" height=\"257\" \/><\/td>\n<td style=\"width: 33.3333%; height: 201px;\"><img decoding=\"async\" class=\"aligncenter wp-image-2702\" src=\"https:\/\/www.tehtavaniekat.fi\/wp-content\/uploads\/norri.jpg\" alt=\"\" width=\"200\" height=\"259\" srcset=\"https:\/\/www.tehtavaniekat.fi\/wp-content\/uploads\/norri.jpg 150w, https:\/\/www.tehtavaniekat.fi\/wp-content\/uploads\/norri-116x150.jpg 116w\" sizes=\"(max-width: 200px) 100vw, 200px\" \/><\/td>\n<\/tr>\n<tr style=\"height: 26px;\">\n<td style=\"width: 33.3333%; text-align: center; height: 26px;\"><span style=\"font-size: 12pt;\">Terho Marlo<\/span><\/td>\n<td style=\"width: 33.3333%; height: 26px; text-align: center;\"><span style=\"font-size: 12pt;\">Henry Tanner<\/span><\/td>\n<td style=\"width: 33.3333%; height: 26px; text-align: center;\"><span style=\"font-size: 12pt;\">Joose Norri<\/span><\/td>\n<\/tr>\n<\/tbody>\n<\/table>\n\n\n\n<p>Samanaikaisesti eri maissa kolmannen kerran j\u00e4rjestetyss\u00e4 ratkaisukilpailussa oli Helsingiss\u00e4 11 ratkaisijaa ja Tampereella 3.<br>Teht\u00e4vi\u00e4 oli kummallakin kierroksella kuusi. Maksimipistem\u00e4\u00e4r\u00e4 oli 60 ja ratkaisuaikaa 2 x 2 tuntia.<\/p>\n\n\n\n<p>Suomalaisten tulokset:<\/p>\n\n\n\n<p><style>\ntable {border-collapse: collapse;}\ntd  {padding: 2px ! important;  font-size: small ! important;}\nth {font-color: white! important;  background-color: blue ! important;}\n<\/style><\/p>\n\n<figure class=\"wp-block-table is-style-stripes\"><table><tbody><tr><td><\/td><td><strong>1<\/strong><\/td><td><strong>2<\/strong><\/td><td><strong>3<\/strong><\/td><td><strong>4<\/strong><\/td><td><strong>5<\/strong><\/td><td><strong>6<\/strong><\/td><td><\/td><td><strong>7<\/strong><\/td><td><strong>8<\/strong><\/td><td><strong>9<\/strong><\/td><td><strong>10<\/strong><\/td><td><strong>11<\/strong><\/td><td><strong>12<\/strong><\/td><td><\/td><td><strong>Yht.<\/strong><\/td><td><strong>Aika<\/strong><\/td><td><strong>Sija<\/strong><\/td><\/tr><tr><td><strong>Nimi<\/strong><\/td><td><strong>2#<\/strong><\/td><td><strong>3#<\/strong><\/td><td><strong>6#<\/strong><\/td><td><strong>+<\/strong><\/td><td><strong>a#3<\/strong><\/td><td><strong>i#5<\/strong><\/td><td><\/td><td><strong>2#<\/strong><\/td><td><strong>3#<\/strong><\/td><td><strong>4#<\/strong><\/td><td><strong>+<\/strong><\/td><td><strong>a#5<\/strong><\/td><td><strong>i#3<\/strong><\/td><td>&nbsp;<\/td><td>&nbsp;<\/td><td>&nbsp;<\/td><td>&nbsp;<\/td><\/tr><tr><td><strong>HELSINKI:<\/strong><\/td><td><\/td><td><\/td><td><\/td><td><\/td><td><\/td><td><\/td><td><\/td><td><\/td><td><\/td><td><\/td><td><\/td><td><\/td><td><\/td><td><\/td><td><\/td><td><\/td><td><\/td><\/tr><tr><td>Jorma Paavilainen<\/td><td>5<\/td><td>4<\/td><td>5<\/td><td>0<\/td><td>2,5<\/td><td>0<\/td><td><\/td><td>5<\/td><td>5<\/td><td>4<\/td><td>5<\/td><td>2,5<\/td><td>5<\/td><td><\/td><td>43,0<\/td><td>240<\/td><td>1<\/td><\/tr><tr><td>Joose Norri<\/td><td>5<\/td><td>4<\/td><td>5<\/td><td>0<\/td><td>2,5<\/td><td>&nbsp;<\/td><td><\/td><td>5<\/td><td>5<\/td><td>3<\/td><td>5<\/td><td>2,5<\/td><td>5<\/td><td><\/td><td>42,0<\/td><td>240<\/td><td>2<\/td><\/tr><tr><td>Harri Hurme<\/td><td>5<\/td><td>5<\/td><td>5<\/td><td>0<\/td><td>&nbsp;<\/td><td>0<\/td><td><\/td><td>5<\/td><td>5<\/td><td>3<\/td><td>5<\/td><td>2,5&nbsp;<\/td><td>4<\/td><td><\/td><td>39,5<\/td><td>238<\/td><td>3<\/td><\/tr><tr><td>Terho Marlo<\/td><td>5<\/td><td>4<\/td><td>5<\/td><td>0<\/td><td>0<\/td><td>0<\/td><td><\/td><td>5<\/td><td>5<\/td><td>4<\/td><td>5<\/td><td>&nbsp;&nbsp;<\/td><td>4<\/td><td><\/td><td>37,0<\/td><td>236<\/td><td>4<\/td><\/tr><tr><td>Kari Karhunen<\/td><td>5<\/td><td>5&nbsp;<\/td><td>5<\/td><td>0<\/td><td>&nbsp;&nbsp;<\/td><td>0<\/td><td><\/td><td>5<\/td><td>5<\/td><td>2<\/td><td>5<\/td><td>2,5&nbsp;<\/td><td>0<\/td><td><\/td><td>34,5<\/td><td>240<\/td><td>5<\/td><\/tr><tr><td>Henry Tanner<\/td><td>5<\/td><td>4<\/td><td>5&nbsp;<\/td><td>2<\/td><td>5&nbsp;<\/td><td>0<\/td><td><\/td><td>0<\/td><td>5<\/td><td>&nbsp;<\/td><td>5<\/td><td>2,5<\/td><td>&nbsp;<\/td><td><\/td><td>33,5<\/td><td>239<\/td><td>6<\/td><\/tr><tr><td>Petteri Paronen<\/td><td>5<\/td><td>5<\/td><td>0<\/td><td>0<\/td><td>2,5<\/td><td>&nbsp;<\/td><td><\/td><td>5<\/td><td>5<\/td><td>0&nbsp;<\/td><td>2<\/td><td>&nbsp;<\/td><td>&nbsp;<\/td><td><\/td><td>24,5<\/td><td>232<\/td><td>7<\/td><\/tr><tr><td>Janne Syv\u00e4niemi<\/td><td>5<\/td><td>&nbsp;<\/td><td>&nbsp;<\/td><td>&nbsp;&nbsp;<\/td><td>5&nbsp;<\/td><td>0<\/td><td><\/td><td>5<\/td><td>2<\/td><td>&nbsp;<\/td><td>&nbsp;&nbsp;&nbsp;<\/td><td>&nbsp;&nbsp;<\/td><td>&nbsp;&nbsp;<\/td><td><\/td><td>17,0<\/td><td>240<\/td><td>8<\/td><\/tr><tr><td>Tommi Lantta<\/td><td>5<\/td><td>5<\/td><td>&nbsp;<\/td><td>&nbsp;<\/td><td>&nbsp;&nbsp;<\/td><td>&nbsp;&nbsp;<\/td><td><\/td><td>&nbsp;<\/td><td>&nbsp;<\/td><td>&nbsp;<\/td><td>&nbsp;<\/td><td>&nbsp;<\/td><td>&nbsp;&nbsp;&nbsp;<\/td><td><\/td><td>10,0<\/td><td>238<\/td><td>9<\/td><\/tr><tr><td>Hannu Harkola<\/td><td>5<\/td><td>&nbsp;&nbsp;<\/td><td>&nbsp;&nbsp;<\/td><td>&nbsp;<\/td><td>&nbsp;<\/td><td>0<\/td><td><\/td><td>0<\/td><td>&nbsp;&nbsp;<\/td><td>&nbsp;&nbsp;<\/td><td>1<\/td><td>2,5<\/td><td>&nbsp;<\/td><td><\/td><td>8,5<\/td><td>237<\/td><td>10<\/td><\/tr><tr><td>Arto Heimonen<\/td><td>5<\/td><td>0&nbsp;<\/td><td>&nbsp;<\/td><td>&nbsp;<\/td><td>0<\/td><td>&nbsp;<\/td><td><\/td><td>0<\/td><td>0<\/td><td>&nbsp;<\/td><td>&nbsp;<\/td><td>&nbsp;<\/td><td>&nbsp;<\/td><td><\/td><td>5,0<\/td><td>236&nbsp;<\/td><td>11&nbsp;<\/td><\/tr><tr><td><strong>TAMPERE:<\/strong><\/td><td><\/td><td><\/td><td><\/td><td><\/td><td><\/td><td><\/td><td><\/td><td><\/td><td><\/td><td><\/td><td><\/td><td><\/td><td><\/td><td><\/td><td><\/td><td><\/td><td><\/td><\/tr><tr><td>Kari Valtonen<\/td><td>5<\/td><td>5<\/td><td>5<\/td><td>0<\/td><td>&nbsp;<\/td><td>0<\/td><td><\/td><td>5<\/td><td>5<\/td><td>4<\/td><td>5<\/td><td>2,5<\/td><td>4<\/td><td><\/td><td>40,5<\/td><td>240<\/td><td>1<\/td><\/tr><tr><td>Jyrki Kiltti<\/td><td>5<\/td><td>&nbsp;<\/td><td>&nbsp;<\/td><td>0<\/td><td>&nbsp;<\/td><td>0<\/td><td><\/td><td>5<\/td><td>5<\/td><td>&nbsp;<\/td><td>1<\/td><td>2,5<\/td><td>0<\/td><td><\/td><td>18,5<\/td><td>224<\/td><td>2<\/td><\/tr><tr><td>Hannu Salokangas<\/td><td>5<\/td><td>1<\/td><td>0<\/td><td>0<\/td><td>&nbsp;<\/td><td>&nbsp;<\/td><td><\/td><td>5<\/td><td>&nbsp;<\/td><td>&nbsp;<\/td><td>0<\/td><td>&nbsp;<\/td><td>&nbsp;<\/td><td><\/td><td>11,0<\/td><td>240<\/td><td>3<\/td><\/tr><tr><td>keskiarvo<\/td><td>5,0<\/td><td>3,0<\/td><td>2,5<\/td><td>0,0<\/td><td>1,3<\/td><td>0,0<\/td><td><\/td><td>3,6<\/td><td>3,4<\/td><td>1,4<\/td><td>2,8<\/td><td>1,4<\/td><td>1,6<\/td><td><\/td><td><\/td><td><\/td><td><\/td><\/tr><\/tbody><\/table><\/figure>\n\n\n\n<p>Osanottajia oli 26 maasta kaikkiaan 261, joista 219 oli 1-ryhm\u00e4ss\u00e4 ja 42 aloittelijoiden 2-ryhm\u00e4ss\u00e4.<\/p>\n\n\n\n<p>Alustavien tulosten mukaiset 20 parasta:<br>Vuckovic, Bojan Serbia 54<br>Nunn, John Iso Britannia 52<br>Lebedev, Aleksey Ven\u00e4j\u00e4 51<br>Baier, Roland Sveitsi 50,5<br>Tummes, Boris Saksa 50<br>Nicula, Dinu-Ioan Romania 49,5<br>Azhusin, Alexandr Ven\u00e4j\u00e4 49<br>Comay, Ofer Israel 47<br>Caillaud, Michel Ranska 46,5<br>Zude, Arno Saksa 46,5<br>van Beers, Eddy Belgia 45<br>Piliczewski, Bogusz Puola 45<br>Prentos, Kostas Kreikka 45<br>Pletnev Dimitrij Ven\u00e4j\u00e4 43,5<br><strong>Paavilainen, Jorma<\/strong> Suomi 43<br>Velimirovic, Milan Serbia 42,5<br>Yamada, Kohey Japani 42,5<br>Pedrag, Nikola Kroatia 42<br>Watson, Ian Iso Britannia 42<br>Mukoseev, Anatoly Ven\u00e4j\u00e4 42<br><strong>Norri, Joose<\/strong> Suomi 42<\/p>\n\n\n\n<p><\/p>\n\n\n\n<p><\/p>\n\n\n\n<p><\/p>\n\n\n\n<p><\/p>\n","protected":false},"excerpt":{"rendered":"<p>3. KANSAINV\u00c4LINEN RATKAISUKILPAILU 21.1.2007 Terho Marlo Henry Tanner Joose Norri Samanaikaisesti eri maissa kolmannen kerran j\u00e4rjestetyss\u00e4 ratkaisukilpailussa oli Helsingiss\u00e4 11 ratkaisijaa ja Tampereella 3.Teht\u00e4vi\u00e4 oli kummallakin kierroksella kuusi. Maksimipistem\u00e4\u00e4r\u00e4 oli 60 ja ratkaisuaikaa 2 x 2 tuntia. Suomalaisten tulokset: 1 2 3 4 5 6 7 8 9 10 11&#8230; <a class=\"continue-reading-link\" href=\"https:\/\/www.tehtavaniekat.fi\/index.php\/isc-2007\/\">Jatka lukemista<\/a><\/p>\n","protected":false},"author":1,"featured_media":0,"parent":0,"menu_order":0,"comment_status":"closed","ping_status":"closed","template":"","meta":{"footnotes":""},"class_list":["post-2699","page","type-page","status-publish","hentry"],"_links":{"self":[{"href":"https:\/\/www.tehtavaniekat.fi\/index.php\/wp-json\/wp\/v2\/pages\/2699","targetHints":{"allow":["GET"]}}],"collection":[{"href":"https:\/\/www.tehtavaniekat.fi\/index.php\/wp-json\/wp\/v2\/pages"}],"about":[{"href":"https:\/\/www.tehtavaniekat.fi\/index.php\/wp-json\/wp\/v2\/types\/page"}],"author":[{"embeddable":true,"href":"https:\/\/www.tehtavaniekat.fi\/index.php\/wp-json\/wp\/v2\/users\/1"}],"replies":[{"embeddable":true,"href":"https:\/\/www.tehtavaniekat.fi\/index.php\/wp-json\/wp\/v2\/comments?post=2699"}],"version-history":[{"count":3,"href":"https:\/\/www.tehtavaniekat.fi\/index.php\/wp-json\/wp\/v2\/pages\/2699\/revisions"}],"predecessor-version":[{"id":2705,"href":"https:\/\/www.tehtavaniekat.fi\/index.php\/wp-json\/wp\/v2\/pages\/2699\/revisions\/2705"}],"wp:attachment":[{"href":"https:\/\/www.tehtavaniekat.fi\/index.php\/wp-json\/wp\/v2\/media?parent=2699"}],"curies":[{"name":"wp","href":"https:\/\/api.w.org\/{rel}","templated":true}]}}