{"id":2695,"date":"2023-02-08T17:38:56","date_gmt":"2023-02-08T14:38:56","guid":{"rendered":"https:\/\/www.tehtavaniekat.fi\/?page_id=2695"},"modified":"2023-02-08T17:38:57","modified_gmt":"2023-02-08T14:38:57","slug":"isc-2009","status":"publish","type":"page","link":"https:\/\/www.tehtavaniekat.fi\/index.php\/isc-2009\/","title":{"rendered":"ISC 2009"},"content":{"rendered":"\n<h1 class=\"wp-block-heading\">5. KANSAINV\u00c4LINEN RATKAISUKILPAILU 25.1.2009<\/h1>\n\n\n\n<p><\/p>\n\n\n\n<p>T\u00e4m\u00e4n vuoden kansainv\u00e4liseen ratkaisukilpailuun osallistui Helsingiss\u00e4 11 ratkaisijaa ryhm\u00e4\u00e4n 1 ja yksi ratkaisija helpompaan ryhm\u00e4\u00e4n 2.<\/p>\n\n\n\n<p>Ryhm\u00e4ss\u00e4 1 oli kummallakin kierroksella kuusi teht\u00e4v\u00e4\u00e4. Maksimipistem\u00e4\u00e4r\u00e4 oli 60 ja ratkaisuaikaa 2 x 2 tuntia.<\/p>\n\n\n\n<p>Kaikkiaan 224 ratkaisijaa 32 maasta. Lopulliset suomalaistulokset:<\/p>\n\n\n\n<p><style>\ntable {border-collapse: collapse;}\ntd  {padding: 2px ! important;  font-size: small ! important;}\nth {font-color: white! important;  background-color: blue ! important;}\n<\/style><\/p>\n\n<figure class=\"wp-block-table is-style-stripes\"><table><tbody><tr><td><\/td><td><strong>1<\/strong><\/td><td><strong>2<\/strong><\/td><td><strong>3<\/strong><\/td><td><strong>4<\/strong><\/td><td><strong>5<\/strong><\/td><td><strong>6<\/strong><\/td><td><strong><\/strong><\/td><td><strong>7<\/strong><\/td><td><strong>8<\/strong><\/td><td><strong>9<\/strong><\/td><td><strong>10<\/strong><\/td><td><strong>11<\/strong><\/td><td><strong>12<\/strong><\/td><td><strong><\/strong><\/td><td><strong>Yht.<\/strong><\/td><td><strong>Aika<\/strong><\/td><td><strong>Sija<\/strong><\/td><td><strong>Kok.<\/strong><\/td><\/tr><tr><td>&nbsp;<\/td><td><strong>2#<\/strong><\/td><td><strong>3#<\/strong><\/td><td><strong>6#<\/strong><\/td><td>=<\/td><td><strong>a#3<\/strong><\/td><td><strong>i#5<\/strong><\/td><td><\/td><td><strong>2#<\/strong><\/td><td><strong>3#<\/strong><\/td><td><strong>4#<\/strong><\/td><td><strong>+<\/strong><\/td><td><strong>a#5<\/strong><\/td><td><strong>i#3<\/strong><\/td><td>&nbsp;<\/td><td>&nbsp;<\/td><td>&nbsp;<\/td><td>&nbsp;<\/td><td><strong>sija<\/strong><\/td><\/tr><tr><td>Terho Marlo<\/td><td>5<\/td><td>5<\/td><td>5<\/td><td>0<\/td><td>5<\/td><td>1<\/td><td><\/td><td>5<\/td><td>3<\/td><td>5<\/td><td>4<\/td><td>5<\/td><td>4<\/td><td><\/td><td>47<\/td><td>208<\/td><td>1<\/td><td>17<\/td><\/tr><tr><td>Jorma Paavilainen<\/td><td>5<\/td><td>5<\/td><td>5<\/td><td>1<\/td><td>3<\/td><td>3<\/td><td><\/td><td>5<\/td><td>5<\/td><td>5<\/td><td>5<\/td><td><\/td><td>5<\/td><td><\/td><td>47<\/td><td>240<\/td><td>2<\/td><td>19<\/td><\/tr><tr><td>Harri Hurme<\/td><td>5<\/td><td>5<\/td><td>5<\/td><td>1<\/td><td>1,5<\/td><td>0<\/td><td><\/td><td>5<\/td><td>5<\/td><td>5<\/td><td>4<\/td><td>5<\/td><td>5<\/td><td><\/td><td>46,5<\/td><td>233<\/td><td>3<\/td><td>21<\/td><\/tr><tr><td>Kari Karhunen<\/td><td>5<\/td><td>0<\/td><td>0<\/td><td>5<\/td><td>5<\/td><td>0<\/td><td><\/td><td>5<\/td><td>5<\/td><td>5<\/td><td>4<\/td><td><\/td><td>5<\/td><td><\/td><td>39<\/td><td>240<\/td><td>4<\/td><td>50<\/td><\/tr><tr><td>Henry Tanner<\/td><td>5<\/td><td>5<\/td><td>5<\/td><td>1<\/td><td>5<\/td><td><\/td><td><\/td><td>5<\/td><td>5<\/td><td><\/td><td>1<\/td><td><\/td><td>4<\/td><td><\/td><td>36<\/td><td>237<\/td><td>5<\/td><td>60<\/td><\/tr><tr><td>Hannu Harkola<\/td><td>5<\/td><td><\/td><td>0<\/td><td>1<\/td><td>3<\/td><td><\/td><td><\/td><td>5<\/td><td><\/td><td>5<\/td><td><\/td><td>5<\/td><td>3<\/td><td><\/td><td>27<\/td><td>224<\/td><td>6<\/td><td>100<\/td><\/tr><tr><td>Petteri Paronen<\/td><td>5<\/td><td>5<\/td><td>0<\/td><td>1<\/td><td><\/td><td><\/td><td><\/td><td>5<\/td><td>4<\/td><td>0<\/td><td>0<\/td><td><\/td><td><\/td><td><\/td><td>20<\/td><td>237<\/td><td>7<\/td><td>137<\/td><\/tr><tr><td>Janne Syv\u00e4niemi<\/td><td>5<\/td><td>&nbsp;&nbsp;<\/td><td><\/td><td><\/td><td>1,5<\/td><td>&nbsp;<\/td><td><\/td><td>5<\/td><td>0<\/td><td>&nbsp;&nbsp;<\/td><td><\/td><td>5<\/td><td>3,5<\/td><td><\/td><td>20<\/td><td>240<\/td><td>8<\/td><td>139<\/td><\/tr><tr><td>Ari M\u00f6tt\u00f6nen<\/td><td>5<\/td><td><\/td><td><\/td><td>1<\/td><td><\/td><td><\/td><td><\/td><td>5<\/td><td>2<\/td><td>5<\/td><td>0<\/td><td><\/td><td><\/td><td><\/td><td>18<\/td><td>240<\/td><td>9<\/td><td>149<\/td><\/tr><tr><td>Juha Saukkola<\/td><td>0<\/td><td>0<\/td><td>0<\/td><td>0<\/td><td>5<\/td><td><\/td><td><\/td><td>5<\/td><td><\/td><td>5<\/td><td>0<\/td><td><\/td><td><\/td><td><\/td><td>15<\/td><td>240<\/td><td>10<\/td><td>170<\/td><\/tr><tr><td>Tommi Lantta<\/td><td><\/td><td><\/td><td><\/td><td><\/td><td><\/td><td><\/td><td><\/td><td>5<\/td><td>5<\/td><td><\/td><td><\/td><td><\/td><td><\/td><td><\/td><td>10<\/td><td>239<\/td><td>11<\/td><td>213<\/td><\/tr><tr><td>keskiarvo<\/td><td>4,1<\/td><td>2,3<\/td><td>1,8<\/td><td>1,0<\/td><td>2,6<\/td><td>0,4<\/td><td><\/td><td>5,0<\/td><td>3,2<\/td><td>3,2<\/td><td>1,6<\/td><td>1,8<\/td><td>2,7<\/td><td><\/td><td><\/td><td><\/td><td><\/td><td><\/td><\/tr><\/tbody><\/table><\/figure>\n\n\n\n<p>Ryhm\u00e4ss\u00e4 2 Matti Rasilainen sai 27 pistett\u00e4 (maksimi 40) ja oli sijalla 31 kaikkiaan 141 ratkaisijan joukossa.<\/p>\n\n\n\n<p><\/p>\n\n\n\n<p><\/p>\n\n\n\n<p><\/p>\n\n\n\n<p><\/p>\n","protected":false},"excerpt":{"rendered":"<p>5. KANSAINV\u00c4LINEN RATKAISUKILPAILU 25.1.2009 T\u00e4m\u00e4n vuoden kansainv\u00e4liseen ratkaisukilpailuun osallistui Helsingiss\u00e4 11 ratkaisijaa ryhm\u00e4\u00e4n 1 ja yksi ratkaisija helpompaan ryhm\u00e4\u00e4n 2. Ryhm\u00e4ss\u00e4 1 oli kummallakin kierroksella kuusi teht\u00e4v\u00e4\u00e4. Maksimipistem\u00e4\u00e4r\u00e4 oli 60 ja ratkaisuaikaa 2 x 2 tuntia. Kaikkiaan 224 ratkaisijaa 32 maasta. Lopulliset suomalaistulokset: 1 2 3 4 5 6 7&#8230; <a class=\"continue-reading-link\" href=\"https:\/\/www.tehtavaniekat.fi\/index.php\/isc-2009\/\">Jatka lukemista<\/a><\/p>\n","protected":false},"author":1,"featured_media":0,"parent":0,"menu_order":0,"comment_status":"closed","ping_status":"closed","template":"","meta":{"footnotes":""},"class_list":["post-2695","page","type-page","status-publish","hentry"],"_links":{"self":[{"href":"https:\/\/www.tehtavaniekat.fi\/index.php\/wp-json\/wp\/v2\/pages\/2695","targetHints":{"allow":["GET"]}}],"collection":[{"href":"https:\/\/www.tehtavaniekat.fi\/index.php\/wp-json\/wp\/v2\/pages"}],"about":[{"href":"https:\/\/www.tehtavaniekat.fi\/index.php\/wp-json\/wp\/v2\/types\/page"}],"author":[{"embeddable":true,"href":"https:\/\/www.tehtavaniekat.fi\/index.php\/wp-json\/wp\/v2\/users\/1"}],"replies":[{"embeddable":true,"href":"https:\/\/www.tehtavaniekat.fi\/index.php\/wp-json\/wp\/v2\/comments?post=2695"}],"version-history":[{"count":1,"href":"https:\/\/www.tehtavaniekat.fi\/index.php\/wp-json\/wp\/v2\/pages\/2695\/revisions"}],"predecessor-version":[{"id":2696,"href":"https:\/\/www.tehtavaniekat.fi\/index.php\/wp-json\/wp\/v2\/pages\/2695\/revisions\/2696"}],"wp:attachment":[{"href":"https:\/\/www.tehtavaniekat.fi\/index.php\/wp-json\/wp\/v2\/media?parent=2695"}],"curies":[{"name":"wp","href":"https:\/\/api.w.org\/{rel}","templated":true}]}}