{"id":2692,"date":"2023-02-08T17:30:21","date_gmt":"2023-02-08T14:30:21","guid":{"rendered":"https:\/\/www.tehtavaniekat.fi\/?page_id=2692"},"modified":"2023-02-08T17:30:22","modified_gmt":"2023-02-08T14:30:22","slug":"isc-2010","status":"publish","type":"page","link":"https:\/\/www.tehtavaniekat.fi\/index.php\/isc-2010\/","title":{"rendered":"ISC 2010"},"content":{"rendered":"\n<h1 class=\"wp-block-heading\">6. KANSAINV\u00c4LINEN RATKAISUKILPAILU 24.1.2010<\/h1>\n\n\n\n<p><\/p>\n\n\n\n<p>T\u00e4m\u00e4n vuoden kansainv\u00e4liseen ratkaisukilpailuun osallistui Helsingiss\u00e4 12 ratkaisijaa.<\/p>\n\n\n\n<figure class=\"wp-block-image size-full\"><img fetchpriority=\"high\" decoding=\"async\" width=\"600\" height=\"334\" src=\"https:\/\/www.tehtavaniekat.fi\/wp-content\/uploads\/isc2010.jpg\" alt=\"\" class=\"wp-image-2693\" srcset=\"https:\/\/www.tehtavaniekat.fi\/wp-content\/uploads\/isc2010.jpg 600w, https:\/\/www.tehtavaniekat.fi\/wp-content\/uploads\/isc2010-300x167.jpg 300w, https:\/\/www.tehtavaniekat.fi\/wp-content\/uploads\/isc2010-150x84.jpg 150w\" sizes=\"(max-width: 600px) 100vw, 600px\" \/><\/figure>\n\n\n\n<p>Kummallakin kierroksella oli kuusi teht\u00e4v\u00e4\u00e4. Maksimipistem\u00e4\u00e4r\u00e4 oli 60 ja ratkaisuaikaa 2 x 2 tuntia. Kaikkiaan ratkaisijoita oli 30 maasta 198. Aloittelijoiden 2-ryhm\u00e4ss\u00e4 oli 83 ratkaisijaa.<\/p>\n\n\n\n<p>Lopulliset tulokset:<\/p>\n\n\n\n<p><style>\ntable {border-collapse: collapse;}\ntd  {padding: 2px ! important;  font-size: small ! important;}\nth {font-color: white! important;  background-color: blue ! important;}\n<\/style><\/p>\n\n<figure class=\"wp-block-table is-style-stripes\"><table><tbody><tr><td><\/td><td>&nbsp;<\/td><td><strong>1<\/strong><\/td><td><strong>2<\/strong><\/td><td><strong>3<\/strong><\/td><td><strong>4<\/strong><\/td><td><strong>5<\/strong><\/td><td><strong>6<\/strong><\/td><td><strong>Yht.<\/strong><\/td><td><strong>Aika<\/strong><\/td><td><strong><\/strong><\/td><td><strong>7<\/strong><\/td><td><strong>8<\/strong><\/td><td><strong>9<\/strong><\/td><td><strong>10<\/strong><\/td><td><strong>11<\/strong><\/td><td><strong>12<\/strong><\/td><td><strong>Yht.<\/strong><\/td><td><strong>Aika<\/strong><\/td><td><strong><\/strong><\/td><td><strong>Yht.<\/strong><\/td><td><strong>Aika<\/strong><\/td><td><strong>Sija<\/strong><\/td><td><strong>Kok.<\/strong><\/td><\/tr><tr><td>&nbsp;<\/td><td>&nbsp;<\/td><td><strong>2#<\/strong><\/td><td><strong>3#<\/strong><\/td><td><strong>6#<\/strong><\/td><td>+<\/td><td><strong>a#4<\/strong><\/td><td><strong>i#4<\/strong><\/td><td><strong>(30)<\/strong><\/td><td><strong>(120)<\/strong><\/td><td><\/td><td><strong>2#<\/strong><\/td><td><strong>3#<\/strong><\/td><td><strong>4#<\/strong><\/td><td><strong>+<\/strong><\/td><td><strong>a#3<\/strong><\/td><td><strong>i#5<\/strong><\/td><td><strong>(30)<\/strong><\/td><td><strong>(120)<\/strong><\/td><td><\/td><td><strong>(60)<\/strong><\/td><td><strong>(240)<\/strong><\/td><td>&nbsp;<\/td><td><strong>sija<\/strong><\/td><\/tr><tr><td>Harri Hurme<\/td><td>&nbsp;<\/td><td>5<\/td><td>5<\/td><td>5<\/td><td>5<\/td><td>5<\/td><td>5<\/td><td>30<\/td><td>82<\/td><td><\/td><td>5<\/td><td>5<\/td><td>5<\/td><td>5<\/td><td>3,5<\/td><td>0<\/td><td>23,5<\/td><td>120<\/td><td><\/td><td>53,5<\/td><td>202<\/td><td>1<\/td><td>8<\/td><\/tr><tr><td>Kari Karhunen<\/td><td>&nbsp;<\/td><td>5<\/td><td>5<\/td><td>5<\/td><td>1<\/td><td>5<\/td><td>5<\/td><td>26<\/td><td>120<\/td><td>&nbsp;<\/td><td>5<\/td><td>4<\/td><td><strong>5<\/strong><\/td><td>5<\/td><td>1,5<\/td><td>0<\/td><td>20,5<\/td><td>120<\/td><td><\/td><td>46,5<\/td><td>240<\/td><td>2<\/td><td>25<\/td><\/tr><tr><td>Jorma Paavilainen<\/td><td>&nbsp;<\/td><td>5<\/td><td>5<\/td><td>5<\/td><td>5<\/td><td>&#8211;<\/td><td>&#8211;<\/td><td>20<\/td><td>120<\/td><td>&nbsp;<\/td><td>5<\/td><td>5<\/td><td>0<\/td><td>5<\/td><td>1,5<\/td><td>0<\/td><td>16,5<\/td><td>120<\/td><td><\/td><td>36,5<\/td><td>240<\/td><td>3<\/td><td>59<\/td><\/tr><tr><td>Juha R\u00f6nnman<\/td><td>&nbsp;<\/td><td>5<\/td><td>5<\/td><td>4<\/td><td>5<\/td><td>5<\/td><td>&#8211;<\/td><td>24<\/td><td>120<\/td><td>&nbsp;<\/td><td>5<\/td><td>0<\/td><td>&#8211;<\/td><td>5<\/td><td>1,5<\/td><td>&#8211;<\/td><td>11,5<\/td><td>120<\/td><td><\/td><td>35,5<\/td><td>240<\/td><td>4<\/td><td>64<\/td><\/tr><tr><td>Terho Marlo<\/td><td>&nbsp;<\/td><td>5<\/td><td>0<\/td><td>5<\/td><td>0<\/td><td>5<\/td><td>5<\/td><td>20<\/td><td>120<\/td><td>&nbsp;<\/td><td>5<\/td><td>5<\/td><td>0<\/td><td>5<\/td><td>&#8211;<\/td><td>&#8211;<\/td><td>15<\/td><td>116<\/td><td><\/td><td>35<\/td><td>236<\/td><td>5<\/td><td>65<\/td><\/tr><tr><td>Henry Tanner<\/td><td>&nbsp;<\/td><td>5<\/td><td>0<\/td><td>0<\/td><td>1<\/td><td>5<\/td><td>&#8211;<\/td><td>11<\/td><td>120<\/td><td>&nbsp;<\/td><td>5<\/td><td>5<\/td><td>&#8211;<\/td><td>5<\/td><td>1,5<\/td><td>&#8211;<\/td><td>16,5<\/td><td>119<\/td><td><\/td><td>27,5<\/td><td>239<\/td><td>6<\/td><td>85<\/td><\/tr><tr><td>Hannu Harkola<\/td><td>&nbsp;<\/td><td>5<\/td><td>&#8211;<\/td><td>0<\/td><td>&#8211;<\/td><td>5<\/td><td>5<\/td><td>15<\/td><td>120<\/td><td>&nbsp;<\/td><td>5<\/td><td>&#8211;<\/td><td>&#8211;<\/td><td>5<\/td><td>1,5<\/td><td>&#8211;<\/td><td>11,5<\/td><td>120<\/td><td><\/td><td>26,5<\/td><td>240<\/td><td>7<\/td><td>90<\/td><\/tr><tr><td>Petteri Paronen<\/td><td>&nbsp;<\/td><td>0<\/td><td>5<\/td><td>4<\/td><td>1<\/td><td>&#8211;<\/td><td>&#8211;<\/td><td>10<\/td><td>117<\/td><td>&nbsp;<\/td><td>5<\/td><td>4<\/td><td>1,5<\/td><td>5<\/td><td>&#8211;<\/td><td>&#8211;<\/td><td>15,5<\/td><td>117<\/td><td><\/td><td>25,5<\/td><td>234<\/td><td>8<\/td><td>94<\/td><\/tr><tr><td>Janne Syv\u00e4niemi<\/td><td>&nbsp;<\/td><td>5<\/td><td>0<\/td><td>0<\/td><td>0<\/td><td>5<\/td><td>0<\/td><td>10<\/td><td>120<\/td><td>&nbsp;<\/td><td>5<\/td><td>0<\/td><td>&#8211;<\/td><td>&#8211;<\/td><td>5<\/td><td>&#8211;<\/td><td>10<\/td><td>120<\/td><td><\/td><td>20<\/td><td>240<\/td><td>9<\/td><td>120<\/td><\/tr><tr><td>Tommi Lantta<\/td><td>&nbsp;<\/td><td>5<\/td><td>&#8211;<\/td><td>&#8211;<\/td><td>&#8211;<\/td><td>5<\/td><td>5<\/td><td>15<\/td><td>117<\/td><td>&nbsp;<\/td><td>&#8211;<\/td><td>&#8211;<\/td><td>&#8211;<\/td><td>&#8211;<\/td><td>&#8211;<\/td><td>&#8211;<\/td><td>0<\/td><td>120<\/td><td><\/td><td>15<\/td><td>237<\/td><td>10<\/td><td>139<\/td><\/tr><tr><td>Ari M\u00f6tt\u00f6nen<\/td><td>&nbsp;<\/td><td>0<\/td><td>0<\/td><td>0<\/td><td>3<\/td><td>&#8211;<\/td><td>&#8211;<\/td><td>3<\/td><td>120<\/td><td>&nbsp;<\/td><td>5<\/td><td>0<\/td><td>&#8211;<\/td><td>2<\/td><td>&#8211;<\/td><td>0<\/td><td>7<\/td><td>120<\/td><td><\/td><td>10<\/td><td>240<\/td><td>11<\/td><td>164<\/td><\/tr><tr><td>Arto Heimonen<\/td><td>&nbsp;<\/td><td>0<\/td><td>0<\/td><td>0<\/td><td>0<\/td><td>0<\/td><td>0<\/td><td>0<\/td><td>113<\/td><td>&nbsp;<\/td><td>5<\/td><td>1<\/td><td>&#8211;<\/td><td>&#8211;<\/td><td>1,5<\/td><td>&#8211;<\/td><td>7,5<\/td><td>120<\/td><td><\/td><td>7,5<\/td><td>233<\/td><td>12<\/td><td>173<\/td><\/tr><tr><td>keskiarvo<\/td><td>&nbsp;<\/td><td>3,8<\/td><td>2,1<\/td><td>2,3<\/td><td>1,8<\/td><td>3,3<\/td><td>2,1<\/td><td><\/td><td><\/td><td>&nbsp;<\/td><td>4,6<\/td><td>2,4<\/td><td>0,9<\/td><td>3,5<\/td><td>1,5<\/td><td>0,0<\/td><td><\/td><td><\/td><td><\/td><td><\/td><td><\/td><td><\/td><td><\/td><\/tr><\/tbody><\/table><\/figure>\n\n\n\n<p><\/p>\n\n\n\n<p><\/p>\n\n\n\n<p><\/p>\n\n\n\n<p><\/p>\n","protected":false},"excerpt":{"rendered":"<p>6. KANSAINV\u00c4LINEN RATKAISUKILPAILU 24.1.2010 T\u00e4m\u00e4n vuoden kansainv\u00e4liseen ratkaisukilpailuun osallistui Helsingiss\u00e4 12 ratkaisijaa. Kummallakin kierroksella oli kuusi teht\u00e4v\u00e4\u00e4. Maksimipistem\u00e4\u00e4r\u00e4 oli 60 ja ratkaisuaikaa 2 x 2 tuntia. Kaikkiaan ratkaisijoita oli 30 maasta 198. Aloittelijoiden 2-ryhm\u00e4ss\u00e4 oli 83 ratkaisijaa. Lopulliset tulokset: &nbsp; 1 2 3 4 5 6 Yht. Aika 7 8&#8230; <a class=\"continue-reading-link\" href=\"https:\/\/www.tehtavaniekat.fi\/index.php\/isc-2010\/\">Jatka lukemista<\/a><\/p>\n","protected":false},"author":1,"featured_media":0,"parent":0,"menu_order":0,"comment_status":"closed","ping_status":"closed","template":"","meta":{"footnotes":""},"class_list":["post-2692","page","type-page","status-publish","hentry"],"_links":{"self":[{"href":"https:\/\/www.tehtavaniekat.fi\/index.php\/wp-json\/wp\/v2\/pages\/2692","targetHints":{"allow":["GET"]}}],"collection":[{"href":"https:\/\/www.tehtavaniekat.fi\/index.php\/wp-json\/wp\/v2\/pages"}],"about":[{"href":"https:\/\/www.tehtavaniekat.fi\/index.php\/wp-json\/wp\/v2\/types\/page"}],"author":[{"embeddable":true,"href":"https:\/\/www.tehtavaniekat.fi\/index.php\/wp-json\/wp\/v2\/users\/1"}],"replies":[{"embeddable":true,"href":"https:\/\/www.tehtavaniekat.fi\/index.php\/wp-json\/wp\/v2\/comments?post=2692"}],"version-history":[{"count":1,"href":"https:\/\/www.tehtavaniekat.fi\/index.php\/wp-json\/wp\/v2\/pages\/2692\/revisions"}],"predecessor-version":[{"id":2694,"href":"https:\/\/www.tehtavaniekat.fi\/index.php\/wp-json\/wp\/v2\/pages\/2692\/revisions\/2694"}],"wp:attachment":[{"href":"https:\/\/www.tehtavaniekat.fi\/index.php\/wp-json\/wp\/v2\/media?parent=2692"}],"curies":[{"name":"wp","href":"https:\/\/api.w.org\/{rel}","templated":true}]}}