{"id":2689,"date":"2023-02-08T17:24:01","date_gmt":"2023-02-08T14:24:01","guid":{"rendered":"https:\/\/www.tehtavaniekat.fi\/?page_id=2689"},"modified":"2023-02-08T17:24:01","modified_gmt":"2023-02-08T14:24:01","slug":"isc-2011","status":"publish","type":"page","link":"https:\/\/www.tehtavaniekat.fi\/index.php\/isc-2011\/","title":{"rendered":"ISC 2011"},"content":{"rendered":"\n<h1 class=\"wp-block-heading\">7. KANSAINV\u00c4LINEN RATKAISUKILPAILU 23.1.2011<\/h1>\n\n\n\n<p><\/p>\n\n\n\n<p>T\u00e4m\u00e4n vuoden kansainv\u00e4liseen ratkaisukilpailuun osallistui Helsingiss\u00e4 j\u00e4lleen 12 ratkaisijaa.<\/p>\n\n\n\n<p>Kummallakin kierroksella oli kuusi teht\u00e4v\u00e4\u00e4. Maksimipistem\u00e4\u00e4r\u00e4 oli 60 ja ratkaisuaikaa 2 x 2 tuntia.<\/p>\n\n\n\n<p>Lopulliset tulokset:<\/p>\n\n\n\n<p><style>\ntable {border-collapse: collapse;}\ntd  {padding: 2px ! important;  font-size: small ! important;}\nth {font-color: white! important;  background-color: blue ! important;}\n<\/style><\/p>\n\n<figure class=\"wp-block-table is-style-stripes\"><table><tbody><tr><td><\/td><td>&nbsp;<\/td><td><strong>1<\/strong><\/td><td><strong>2<\/strong><\/td><td><strong>3<\/strong><\/td><td><strong>4<\/strong><\/td><td><strong>5<\/strong><\/td><td><strong>6<\/strong><\/td><td><strong>Yht.<\/strong><\/td><td><strong>Aika<\/strong><\/td><td><strong><\/strong><\/td><td><strong>7<\/strong><\/td><td><strong>8<\/strong><\/td><td><strong>9<\/strong><\/td><td><strong>10<\/strong><\/td><td><strong>11<\/strong><\/td><td><strong>12<\/strong><\/td><td><strong>Yht.<\/strong><\/td><td><strong>Aika<\/strong><\/td><td><strong><\/strong><\/td><td><strong>Pist.<\/strong><\/td><td><strong>Aika<\/strong><\/td><td><strong>Sija<\/strong><\/td><td><strong>Kv. sija<\/strong><\/td><\/tr><tr><td>&nbsp;<\/td><td>&nbsp;<\/td><td><strong>2#<\/strong><\/td><td><strong>3#<\/strong><\/td><td><strong>4#<\/strong><\/td><td>+<\/td><td><strong>a#6<\/strong><\/td><td><strong>i#3<\/strong><\/td><td><strong>(30)<\/strong><\/td><td><strong>(120)<\/strong><\/td><td><\/td><td><strong>2#<\/strong><\/td><td><strong>3#<\/strong><\/td><td><strong>5#<\/strong><\/td><td>=<\/td><td><strong>a#3<\/strong><\/td><td><strong>i#5<\/strong><\/td><td><strong>(30)<\/strong><\/td><td><strong>(120)<\/strong><\/td><td><\/td><td><strong>(60)<\/strong><\/td><td><strong>(240)<\/strong><\/td><td>&nbsp;<\/td><td><\/td><\/tr><tr><td>Kari Karhunen<\/td><td>&nbsp;<\/td><td>5<\/td><td>5<\/td><td>5<\/td><td>3<\/td><td>5<\/td><td>4<\/td><td>27<\/td><td>120<\/td><td><\/td><td>5<\/td><td>5<\/td><td>5<\/td><td>3<\/td><td>5<\/td><td>2,5<\/td><td>25,5<\/td><td>120<\/td><td><\/td><td>52,5<\/td><td>240<\/td><td>1<\/td><td>7<\/td><\/tr><tr><td>Jorma Paavilainen<\/td><td>&nbsp;<\/td><td>5<\/td><td>5<\/td><td>5<\/td><td>1<\/td><td>5<\/td><td>5<\/td><td>26<\/td><td>120<\/td><td>&nbsp;<\/td><td>5<\/td><td>5<\/td><td>0<\/td><td>4<\/td><td>5<\/td><td>5<\/td><td>24<\/td><td>120<\/td><td><\/td><td>50<\/td><td>240<\/td><td>2<\/td><td>11<\/td><\/tr><tr><td>Joose Norri<\/td><td>&nbsp;<\/td><td>5<\/td><td>5<\/td><td>5<\/td><td>1<\/td><td>5<\/td><td>5<\/td><td>26<\/td><td>115<\/td><td>&nbsp;<\/td><td>5<\/td><td>5<\/td><td>3<\/td><td>1<\/td><td>5<\/td><td>2,5<\/td><td>21,5<\/td><td>120<\/td><td><\/td><td>47,5<\/td><td>235<\/td><td>3<\/td><td>17<\/td><\/tr><tr><td>Harri Hurme<\/td><td>&nbsp;<\/td><td>5<\/td><td>5<\/td><td>5<\/td><td>0<\/td><td>&#8211;<\/td><td>4<\/td><td>19<\/td><td>120<\/td><td>&nbsp;<\/td><td>5<\/td><td>5<\/td><td>3<\/td><td>5<\/td><td>5<\/td><td>5<\/td><td>28<\/td><td>105<\/td><td><\/td><td>47<\/td><td>225<\/td><td>4<\/td><td>20<\/td><\/tr><tr><td>Terho Marlo<\/td><td>&nbsp;<\/td><td>5<\/td><td>4,5<\/td><td>5<\/td><td>&#8211;<\/td><td>2,5<\/td><td>4<\/td><td>21<\/td><td>118<\/td><td>&nbsp;<\/td><td>5<\/td><td>4<\/td><td>3<\/td><td>1<\/td><td>&#8211;<\/td><td>&#8211;<\/td><td>13<\/td><td>118<\/td><td><\/td><td>34<\/td><td>236<\/td><td>5<\/td><td>69<\/td><\/tr><tr><td>Petteri Paronen<\/td><td>&nbsp;<\/td><td>5<\/td><td>5<\/td><td>0<\/td><td>0<\/td><td>2,5<\/td><td>&#8211;<\/td><td>12,5<\/td><td>115<\/td><td>&nbsp;<\/td><td>5<\/td><td>5<\/td><td>&#8211;<\/td><td><strong>2<\/strong><\/td><td>&#8211;<\/td><td>&#8211;<\/td><td>12<\/td><td>116<\/td><td><\/td><td>24,5<\/td><td>231<\/td><td>6<\/td><td>103<\/td><\/tr><tr><td>Hannu Harkola<\/td><td>&nbsp;<\/td><td>5<\/td><td>&#8211;<\/td><td>&#8211;<\/td><td>0<\/td><td>2,5<\/td><td>&#8211;<\/td><td>7,5<\/td><td>120<\/td><td>&nbsp;<\/td><td>5<\/td><td>&#8211;<\/td><td>&#8211;<\/td><td>&#8211;<\/td><td>5<\/td><td>5<\/td><td>15<\/td><td>117<\/td><td><\/td><td>22,5<\/td><td>237<\/td><td>7<\/td><td>111<\/td><\/tr><tr><td>Janne Syv\u00e4niemi<\/td><td>&nbsp;<\/td><td>5<\/td><td>&#8211;<\/td><td>&#8211;<\/td><td>&#8211;<\/td><td>2,5<\/td><td>3<\/td><td>10,5<\/td><td>120<\/td><td>&nbsp;<\/td><td>5<\/td><td>0<\/td><td>&#8211;<\/td><td>&#8211;<\/td><td>5<\/td><td>&#8211;<\/td><td>10<\/td><td>120<\/td><td><\/td><td>20,5<\/td><td>240<\/td><td>8<\/td><td>116<\/td><\/tr><tr><td>Tommi Lantta<\/td><td>&nbsp;<\/td><td>5<\/td><td>&#8211;<\/td><td>&#8211;<\/td><td>&#8211;<\/td><td>&#8211;<\/td><td>&#8211;<\/td><td>5<\/td><td>116<\/td><td>&nbsp;<\/td><td>5<\/td><td>0<\/td><td>&#8211;<\/td><td>0<\/td><td>&#8211;<\/td><td>&#8211;<\/td><td>10<\/td><td>120<\/td><td><\/td><td>10<\/td><td>236<\/td><td>9<\/td><td>165<\/td><\/tr><tr><td>Ari M\u00f6tt\u00f6nen<\/td><td>&nbsp;<\/td><td>0<\/td><td>3<\/td><td>0<\/td><td>0<\/td><td>0<\/td><td>0<\/td><td>3<\/td><td>120<\/td><td>&nbsp;<\/td><td>5<\/td><td>0<\/td><td>0<\/td><td>1<\/td><td>0<\/td><td>0<\/td><td>6<\/td><td>120<\/td><td><\/td><td>9<\/td><td>240<\/td><td>10<\/td><td>179<\/td><\/tr><tr><td>Kenneth Solja<\/td><td>&nbsp;<\/td><td>0<\/td><td>2<\/td><td>&#8211;<\/td><td>0<\/td><td>&#8211;<\/td><td>&#8211;<\/td><td>2<\/td><td>120<\/td><td>&nbsp;<\/td><td>5<\/td><td>0<\/td><td>&#8211;<\/td><td>1<\/td><td>&#8211;<\/td><td>&#8211;<\/td><td>6<\/td><td>119<\/td><td><\/td><td>8<\/td><td>239<\/td><td>11<\/td><td>183<\/td><\/tr><tr><td>Arto Heimonen<\/td><td>&nbsp;<\/td><td>0<\/td><td>&#8211;<\/td><td>&#8211;<\/td><td>0<\/td><td>0<\/td><td>0<\/td><td>0<\/td><td>120<\/td><td>&nbsp;<\/td><td>5<\/td><td>&#8211;<\/td><td>&#8211;<\/td><td><strong>1<\/strong><\/td><td>0<\/td><td>&#8211;<\/td><td>6<\/td><td>120<\/td><td><\/td><td>6<\/td><td>240<\/td><td>12<\/td><td>191<\/td><\/tr><tr><td>keskiarvo<\/td><td>&nbsp;<\/td><td>3,8<\/td><td>2,9<\/td><td>2,1<\/td><td>0,4<\/td><td>2,1<\/td><td>2,1<\/td><td><\/td><td><\/td><td>&nbsp;<\/td><td>5,0<\/td><td>2,4<\/td><td>1,2<\/td><td>1,6<\/td><td>2,5<\/td><td>1,7<\/td><td><\/td><td><\/td><td><\/td><td><\/td><td><\/td><td><\/td><td><\/td><\/tr><\/tbody><\/table><\/figure>\n\n\n\n<p>Parhaat kaikkiaan 211 ratkaisijasta: 1. John Nunn 55 (196 min), 2.Miodrag Mladenovic 55 (221), 3. Eddy van Beers 54.<\/p>\n\n\n\n<p><\/p>\n\n\n\n<p><\/p>\n\n\n\n<p><\/p>\n","protected":false},"excerpt":{"rendered":"<p>7. KANSAINV\u00c4LINEN RATKAISUKILPAILU 23.1.2011 T\u00e4m\u00e4n vuoden kansainv\u00e4liseen ratkaisukilpailuun osallistui Helsingiss\u00e4 j\u00e4lleen 12 ratkaisijaa. Kummallakin kierroksella oli kuusi teht\u00e4v\u00e4\u00e4. Maksimipistem\u00e4\u00e4r\u00e4 oli 60 ja ratkaisuaikaa 2 x 2 tuntia. Lopulliset tulokset: &nbsp; 1 2 3 4 5 6 Yht. Aika 7 8 9 10 11 12 Yht. Aika Pist. Aika Sija Kv&#8230;. <a class=\"continue-reading-link\" href=\"https:\/\/www.tehtavaniekat.fi\/index.php\/isc-2011\/\">Jatka lukemista<\/a><\/p>\n","protected":false},"author":1,"featured_media":0,"parent":0,"menu_order":0,"comment_status":"closed","ping_status":"closed","template":"","meta":{"footnotes":""},"class_list":["post-2689","page","type-page","status-publish","hentry"],"_links":{"self":[{"href":"https:\/\/www.tehtavaniekat.fi\/index.php\/wp-json\/wp\/v2\/pages\/2689","targetHints":{"allow":["GET"]}}],"collection":[{"href":"https:\/\/www.tehtavaniekat.fi\/index.php\/wp-json\/wp\/v2\/pages"}],"about":[{"href":"https:\/\/www.tehtavaniekat.fi\/index.php\/wp-json\/wp\/v2\/types\/page"}],"author":[{"embeddable":true,"href":"https:\/\/www.tehtavaniekat.fi\/index.php\/wp-json\/wp\/v2\/users\/1"}],"replies":[{"embeddable":true,"href":"https:\/\/www.tehtavaniekat.fi\/index.php\/wp-json\/wp\/v2\/comments?post=2689"}],"version-history":[{"count":1,"href":"https:\/\/www.tehtavaniekat.fi\/index.php\/wp-json\/wp\/v2\/pages\/2689\/revisions"}],"predecessor-version":[{"id":2690,"href":"https:\/\/www.tehtavaniekat.fi\/index.php\/wp-json\/wp\/v2\/pages\/2689\/revisions\/2690"}],"wp:attachment":[{"href":"https:\/\/www.tehtavaniekat.fi\/index.php\/wp-json\/wp\/v2\/media?parent=2689"}],"curies":[{"name":"wp","href":"https:\/\/api.w.org\/{rel}","templated":true}]}}