{"id":2686,"date":"2023-02-08T17:17:58","date_gmt":"2023-02-08T14:17:58","guid":{"rendered":"https:\/\/www.tehtavaniekat.fi\/?page_id=2686"},"modified":"2023-02-08T17:17:58","modified_gmt":"2023-02-08T14:17:58","slug":"isc-2012","status":"publish","type":"page","link":"https:\/\/www.tehtavaniekat.fi\/index.php\/isc-2012\/","title":{"rendered":"ISC 2012"},"content":{"rendered":"\n<h1 class=\"wp-block-heading\">8. KANSAINV\u00c4LINEN RATKAISUKILPAILU 29.1.2012<\/h1>\n\n\n\n<p><\/p>\n\n\n\n<p>T\u00e4m\u00e4n vuoden kansainv\u00e4liseen ratkaisukilpailuun osallistui Helsingiss\u00e4 10 ratkaisijaa.<br>Kummallakin kierroksella oli kuusi teht\u00e4v\u00e4\u00e4. Maksimipistem\u00e4\u00e4r\u00e4 oli 60 ja ratkaisuaikaa 2 x 2 tuntia.<br>Tuomarina toimi Neal Turner.<\/p>\n\n\n\n<p>Lopulliset tulokset:<\/p>\n\n\n\n<p><style>\ntable {border-collapse: collapse;}\ntd  {padding: 2px ! important;  font-size: small ! important;}\nth {font-color: white! important;  background-color: blue ! important;}\n<\/style><\/p>\n\n<figure class=\"wp-block-table is-style-stripes\"><table><tbody><tr><td><\/td><td>&nbsp;<\/td><td><strong>1<\/strong><\/td><td><strong>2<\/strong><\/td><td><strong>3<\/strong><\/td><td><strong>4<\/strong><\/td><td><strong>5<\/strong><\/td><td><strong>6<\/strong><\/td><td><strong>Yht.<\/strong><\/td><td><strong>Aika<\/strong><\/td><td><strong><\/strong><\/td><td><strong>7<\/strong><\/td><td><strong>8<\/strong><\/td><td><strong>9<\/strong><\/td><td><strong>10<\/strong><\/td><td><strong>11<\/strong><\/td><td><strong>12<\/strong><\/td><td><strong>Yht.<\/strong><\/td><td><strong>Aika<\/strong><\/td><td><strong><\/strong><\/td><td><strong>Pist.<\/strong><\/td><td><strong>Aika<\/strong><\/td><td><strong>Sija<\/strong><\/td><td><strong>Kv. sija<\/strong><\/td><\/tr><tr><td>&nbsp;<\/td><td>&nbsp;<\/td><td><strong>2#<\/strong><\/td><td><strong>3#<\/strong><\/td><td><strong>4#<\/strong><\/td><td>+<\/td><td><strong>a#5<\/strong><\/td><td><strong>i#3<\/strong><\/td><td><strong>(30)<\/strong><\/td><td><strong>(120)<\/strong><\/td><td><\/td><td><strong>2#<\/strong><\/td><td><strong>3#<\/strong><\/td><td><strong>6#<\/strong><\/td><td>=<\/td><td><strong>a#3<\/strong><\/td><td><strong>i#5<\/strong><\/td><td><strong>(30)<\/strong><\/td><td><strong>(120)<\/strong><\/td><td><\/td><td><strong>(60)<\/strong><\/td><td><strong>(240)<\/strong><\/td><td>&nbsp;<\/td><td><\/td><\/tr><tr><td><strong>Jorma Paavilainen<\/strong><\/td><td>&nbsp;<\/td><td>5<\/td><td>4,5<\/td><td>5<\/td><td>2<\/td><td>2,5<\/td><td>5<\/td><td><strong>24<\/strong><\/td><td>120<\/td><td><\/td><td>5<\/td><td>5<\/td><td>0<\/td><td>0<\/td><td>1<\/td><td>5<\/td><td><strong>16<\/strong><\/td><td>120<\/td><td><\/td><td><strong>40<\/strong><\/td><td>240<\/td><td>1<\/td><td>23-25<\/td><\/tr><tr><td><strong>Harri Hurme<\/strong><\/td><td>&nbsp;<\/td><td>5<\/td><td>5<\/td><td>5<\/td><td>2<\/td><td>2,5<\/td><td>0<\/td><td><strong>19,5<\/strong><\/td><td>120<\/td><td>&nbsp;<\/td><td>5<\/td><td>5<\/td><td>0<\/td><td>&#8211;<\/td><td>3<\/td><td>&#8211;<\/td><td><strong>13<\/strong><\/td><td>120<\/td><td><\/td><td><strong>32,5<\/strong><\/td><td>240<\/td><td>2-3<\/td><td>49-52<\/td><\/tr><tr><td><strong>Kari Karhunen<\/strong><\/td><td>&nbsp;<\/td><td>5<\/td><td>0<\/td><td>5<\/td><td>2<\/td><td>2,5<\/td><td>5<\/td><td><strong>19,5<\/strong><\/td><td>120<\/td><td>&nbsp;<\/td><td>5<\/td><td>5<\/td><td>0<\/td><td>&#8211;<\/td><td>3<\/td><td>0<\/td><td><strong>13<\/strong><\/td><td>120<\/td><td><\/td><td><strong>32,5<\/strong><\/td><td>240<\/td><td>2-3<\/td><td>49-52<\/td><\/tr><tr><td><strong>Terho Marlo<\/strong><\/td><td>&nbsp;<\/td><td>5<\/td><td>4<\/td><td>0<\/td><td>&#8211;<\/td><td>2,5<\/td><td>0<\/td><td><strong>11,5<\/strong><\/td><td><\/td><td>&nbsp;<\/td><td>5<\/td><td>3<\/td><td>&#8211;<\/td><td>&#8211;<\/td><td>1<\/td><td>5<\/td><td><strong>14<\/strong><\/td><td><\/td><td><\/td><td><strong>25,5<\/strong><\/td><td>239<\/td><td>4<\/td><td>85<\/td><\/tr><tr><td><strong>Hannu Harkola<\/strong><\/td><td>&nbsp;<\/td><td>5<\/td><td>&#8211;<\/td><td>&#8211;<\/td><td>0<\/td><td>5<\/td><td>0<\/td><td><strong>10<\/strong><\/td><td>120<\/td><td>&nbsp;<\/td><td>5<\/td><td>&#8211;<\/td><td>&#8211;<\/td><td>&#8211;<\/td><td>5<\/td><td>&#8211;<\/td><td><strong>10<\/strong><\/td><td>119<\/td><td><\/td><td><strong>20<\/strong><\/td><td>239<\/td><td>5<\/td><td>117<\/td><\/tr><tr><td><strong>Petteri Paronen<\/strong><\/td><td>&nbsp;<\/td><td>5<\/td><td>0<\/td><td>2,5<\/td><td>2<\/td><td>&#8211;<\/td><td>&#8211;<\/td><td><strong>9,5<\/strong><\/td><td><\/td><td>&nbsp;<\/td><td>5<\/td><td><strong>2<\/strong><\/td><td>0<\/td><td>&#8211;<\/td><td>3<\/td><td>&#8211;<\/td><td><strong>9<\/strong><\/td><td><\/td><td><\/td><td><strong>19,5<\/strong><\/td><td>234<\/td><td>6<\/td><td>121<\/td><\/tr><tr><td><strong>Janne Syv\u00e4niemi<\/strong><\/td><td>&nbsp;<\/td><td>5<\/td><td>&#8211;<\/td><td>&#8211;<\/td><td>&#8211;<\/td><td>2,5<\/td><td>0<\/td><td><strong>7,5<\/strong><\/td><td>120<\/td><td>&nbsp;<\/td><td>5<\/td><td>0<\/td><td>0<\/td><td>&#8211;<\/td><td>5<\/td><td>&#8211;<\/td><td><strong>10<\/strong><\/td><td>120<\/td><td><\/td><td><strong>17,5<\/strong><\/td><td>240<\/td><td>7<\/td><td>134-137<\/td><\/tr><tr><td><strong>Ari M\u00f6tt\u00f6nen<\/strong><\/td><td>&nbsp;<\/td><td>5<\/td><td>2,5<\/td><td>&#8211;<\/td><td>&#8211;<\/td><td>&#8211;<\/td><td>&#8211;<\/td><td><strong>7,5<\/strong><\/td><td>120<\/td><td>&nbsp;<\/td><td>5<\/td><td>1<\/td><td>0<\/td><td>1<\/td><td>&#8211;<\/td><td>&#8211;<\/td><td><strong>7<\/strong><\/td><td>120<\/td><td><\/td><td><strong>14,5<\/strong><\/td><td>240<\/td><td>8<\/td><td>155-158<\/td><\/tr><tr><td><strong>Arto Heimonen<\/strong><\/td><td>&nbsp;<\/td><td>5<\/td><td>0<\/td><td>&#8211;<\/td><td>2<\/td><td>&#8211;<\/td><td>&#8211;<\/td><td><strong>7<\/strong><\/td><td><\/td><td>&nbsp;<\/td><td>5<\/td><td>&#8211;<\/td><td>0<\/td><td>1<\/td><td>&#8211;<\/td><td>&#8211;<\/td><td><strong>6<\/strong><\/td><td><\/td><td><\/td><td><strong>13<\/strong><\/td><td>236<\/td><td>9<\/td><td>170<\/td><\/tr><tr><td><strong>Kenneth Solja<\/strong><\/td><td>&nbsp;<\/td><td>5<\/td><td>0<\/td><td>&#8211;<\/td><td>&#8211;<\/td><td>&#8211;<\/td><td>0<\/td><td><strong>5<\/strong><\/td><td><\/td><td>&nbsp;<\/td><td>0<\/td><td>&#8211;<\/td><td>&#8211;<\/td><td>&#8211;<\/td><td>&#8211;<\/td><td>&#8211;<\/td><td><strong>0<\/strong><\/td><td><\/td><td><\/td><td><strong>5<\/strong><\/td><td>235<\/td><td>10<\/td><td>216<\/td><\/tr><tr><td>keskiarvo<\/td><td><\/td><td>5,0<\/td><td>1,6<\/td><td>1,8<\/td><td>1,0<\/td><td>1,8<\/td><td>1,0<\/td><td><\/td><td><\/td><td><\/td><td>4,5<\/td><td>2,0<\/td><td>0,0<\/td><td>0,2<\/td><td>2,1<\/td><td>1,0<\/td><td><\/td><td><\/td><td><\/td><td><\/td><td><\/td><td><\/td><td><\/td><\/tr><\/tbody><\/table><\/figure>\n\n\n\n<p>Parhaat kaikkiaan 211 ratkaisijasta:<br>1. Eddy van Beers (BEL) 54<br>2. Vladimir Pogorelov (UKR) 53,5<br>3. Piotr Murdzia (POL) 53<br>4. Jonathan Mestel (GBR) 52,5<br>5. Bojan Vuckovic (SRB) 51,5.<\/p>\n\n\n\n<p><\/p>\n\n\n\n<p><\/p>\n\n\n\n<p><\/p>\n\n\n\n<p><\/p>\n\n\n\n<p><\/p>\n","protected":false},"excerpt":{"rendered":"<p>8. KANSAINV\u00c4LINEN RATKAISUKILPAILU 29.1.2012 T\u00e4m\u00e4n vuoden kansainv\u00e4liseen ratkaisukilpailuun osallistui Helsingiss\u00e4 10 ratkaisijaa.Kummallakin kierroksella oli kuusi teht\u00e4v\u00e4\u00e4. Maksimipistem\u00e4\u00e4r\u00e4 oli 60 ja ratkaisuaikaa 2 x 2 tuntia.Tuomarina toimi Neal Turner. Lopulliset tulokset: &nbsp; 1 2 3 4 5 6 Yht. Aika 7 8 9 10 11 12 Yht. Aika Pist. Aika Sija&#8230; <a class=\"continue-reading-link\" href=\"https:\/\/www.tehtavaniekat.fi\/index.php\/isc-2012\/\">Jatka lukemista<\/a><\/p>\n","protected":false},"author":1,"featured_media":0,"parent":0,"menu_order":0,"comment_status":"closed","ping_status":"closed","template":"","meta":{"footnotes":""},"class_list":["post-2686","page","type-page","status-publish","hentry"],"_links":{"self":[{"href":"https:\/\/www.tehtavaniekat.fi\/index.php\/wp-json\/wp\/v2\/pages\/2686","targetHints":{"allow":["GET"]}}],"collection":[{"href":"https:\/\/www.tehtavaniekat.fi\/index.php\/wp-json\/wp\/v2\/pages"}],"about":[{"href":"https:\/\/www.tehtavaniekat.fi\/index.php\/wp-json\/wp\/v2\/types\/page"}],"author":[{"embeddable":true,"href":"https:\/\/www.tehtavaniekat.fi\/index.php\/wp-json\/wp\/v2\/users\/1"}],"replies":[{"embeddable":true,"href":"https:\/\/www.tehtavaniekat.fi\/index.php\/wp-json\/wp\/v2\/comments?post=2686"}],"version-history":[{"count":1,"href":"https:\/\/www.tehtavaniekat.fi\/index.php\/wp-json\/wp\/v2\/pages\/2686\/revisions"}],"predecessor-version":[{"id":2687,"href":"https:\/\/www.tehtavaniekat.fi\/index.php\/wp-json\/wp\/v2\/pages\/2686\/revisions\/2687"}],"wp:attachment":[{"href":"https:\/\/www.tehtavaniekat.fi\/index.php\/wp-json\/wp\/v2\/media?parent=2686"}],"curies":[{"name":"wp","href":"https:\/\/api.w.org\/{rel}","templated":true}]}}