{"id":2676,"date":"2023-02-08T16:59:14","date_gmt":"2023-02-08T13:59:14","guid":{"rendered":"https:\/\/www.tehtavaniekat.fi\/?page_id=2676"},"modified":"2023-02-08T16:59:15","modified_gmt":"2023-02-08T13:59:15","slug":"isc-2015","status":"publish","type":"page","link":"https:\/\/www.tehtavaniekat.fi\/index.php\/isc-2015\/","title":{"rendered":"ISC 2015"},"content":{"rendered":"\n<h1 class=\"wp-block-heading\">11. KANSAINV\u00c4LINEN RATKAISUKILPAILU 25.1.2015<\/h1>\n\n\n\n<p><\/p>\n\n\n\n<p>T\u00e4m\u00e4n vuoden kansainv\u00e4liseen ratkaisukilpailuun Helsingiss\u00e4 osallistui vaikeampaan 1-ryhm\u00e4\u00e4n 12 ratkaisijaa ja helpompaan 2-ryhm\u00e4\u00e4n 2 ratkaisijaa.<br>Kummallakin kierroksella oli kuusi (2-ryhm\u00e4ss\u00e4 4) teht\u00e4v\u00e4\u00e4. Maksimipistem\u00e4\u00e4r\u00e4 oli 60 (40) ja ratkaisuaikaa 2 x 2 tuntia.<br>Tuomarina toimi Neal Turner.<\/p>\n\n\n\n<p>1-ryhm\u00e4ss\u00e4 oli 239 ratkaisijaa. Parhaiten ratkaisi puolalainen Piotr Murdzia, joka sai 58 pistett\u00e4 60:st\u00e4. Toinen oli Serbian Bojan Vuckovic 56 ja kolmas Puolan Kacper Piorun 53. Suomalaisten sijoitukset olivat tavallista heikompia.<\/p>\n\n\n\n<p>Lopulliset tulokset:<\/p>\n\n\n\n<p><style>\ntable {border-collapse: collapse;}\ntd  {padding: 2px ! important;  font-size: small ! important;}\nth {font-color: white! important;  background-color: blue ! important;}\n<\/style><\/p>\n\n<figure class=\"wp-block-table is-style-stripes\"><table><tbody><tr><td><\/td><td>&nbsp;<\/td><td><strong>1<\/strong><\/td><td><strong>2<\/strong><\/td><td><strong>3<\/strong><\/td><td><strong>4<\/strong><\/td><td><strong>5<\/strong><\/td><td><strong>6<\/strong><\/td><td><strong>Yht.<\/strong><\/td><td><strong>Aika<\/strong><\/td><td><strong><\/strong><\/td><td><strong>7<\/strong><\/td><td><strong>8<\/strong><\/td><td><strong>9<\/strong><\/td><td><strong>10<\/strong><\/td><td><strong>11<\/strong><\/td><td><strong>12<\/strong><\/td><td><strong>Yht.<\/strong><\/td><td><strong>Aika<\/strong><\/td><td><strong><\/strong><\/td><td><strong>Pist.<\/strong><\/td><td><strong>Aika<\/strong><\/td><td><strong>Sija<\/strong><\/td><td><strong>Kv. sija<\/strong><\/td><\/tr><tr><td>&nbsp;<\/td><td>&nbsp;<\/td><td><strong>2#<\/strong><\/td><td><strong>3#<\/strong><\/td><td><strong>5#<\/strong><\/td><td>+<\/td><td><strong>a#4<\/strong><\/td><td><strong>i#4<\/strong><\/td><td><strong>(30)<\/strong><\/td><td><strong>(120)<\/strong><\/td><td><\/td><td><strong>2#<\/strong><\/td><td><strong>3#<\/strong><\/td><td><strong>6#<\/strong><\/td><td>+<\/td><td><strong>a#2<\/strong><\/td><td><strong>i#5<\/strong><\/td><td><strong>(30)<\/strong><\/td><td><strong>(120)<\/strong><\/td><td><\/td><td><strong>(60)<\/strong><\/td><td><strong>(240)<\/strong><\/td><td>&nbsp;<\/td><td><\/td><\/tr><tr><td><strong>Kari Karhunen<\/strong><\/td><td>&nbsp;<\/td><td>5<\/td><td>5<\/td><td>5<\/td><td>0<\/td><td>&#8211;<\/td><td>5<\/td><td><strong>20<\/strong><\/td><td>120<\/td><td>&nbsp;<\/td><td>5<\/td><td>5<\/td><td>0<\/td><td>2<\/td><td>3<\/td><td>0<\/td><td><strong>15<\/strong><\/td><td>120<\/td><td><\/td><td><strong>35<\/strong><\/td><td>240<\/td><td>1<\/td><td>55<\/td><\/tr><tr><td><strong>Harri Hurme<\/strong><\/td><td>&nbsp;<\/td><td>5<\/td><td>5<\/td><td>&#8211;<\/td><td>0<\/td><td>2,5<\/td><td>2,5<\/td><td><strong>15<\/strong><\/td><td>120<\/td><td><\/td><td>5<\/td><td>4<\/td><td>&#8211;<\/td><td>4<\/td><td>3<\/td><td>2,5<\/td><td><strong>18,5<\/strong><\/td><td>120<\/td><td><\/td><td><strong>33,5<\/strong><\/td><td>240<\/td><td>2<\/td><td>64-67<\/td><\/tr><tr><td><strong>Terho Marlo<\/strong><\/td><td>&nbsp;<\/td><td>5<\/td><td>5<\/td><td>&#8211;<\/td><td>0<\/td><td>2,5<\/td><td>2,5<\/td><td><strong>15<\/strong><\/td><td>120<\/td><td>&nbsp;<\/td><td>5<\/td><td>&#8211;<\/td><td>&#8211;<\/td><td>2<\/td><td>5<\/td><td>2,5<\/td><td><strong>14,5<\/strong><\/td><td>119<\/td><td><\/td><td><strong>29,5<\/strong><\/td><td>239<\/td><td>3<\/td><td>84<\/td><\/tr><tr><td><strong>Juha Saukkola<\/strong><\/td><td>&nbsp;<\/td><td>5<\/td><td>3<\/td><td>0<\/td><td>0<\/td><td>5<\/td><td>0<\/td><td><strong>13<\/strong><\/td><td>116<\/td><td>&nbsp;<\/td><td>5<\/td><td>0<\/td><td>0<\/td><td>2<\/td><td>5<\/td><td>0<\/td><td><strong>12<\/strong><\/td><td>116<\/td><td><\/td><td><strong>25<\/strong><\/td><td>232<\/td><td>4<\/td><td>111<\/td><\/tr><tr><td><strong>Janne Syv\u00e4niemi<\/strong><\/td><td>&nbsp;<\/td><td>5<\/td><td>5<\/td><td>0<\/td><td>0<\/td><td>2,5<\/td><td>0<\/td><td><strong>12,5<\/strong><\/td><td>120<\/td><td>&nbsp;<\/td><td>5<\/td><td>&#8211;<\/td><td>&#8211;<\/td><td>&#8211;<\/td><td>5<\/td><td>2,5<\/td><td><strong>12,5<\/strong><\/td><td>120<\/td><td><\/td><td><strong>25<\/strong><\/td><td>240<\/td><td>5<\/td><td>114-116<\/td><\/tr><tr><td><strong>Petteri Paronen<\/strong><\/td><td>&nbsp;<\/td><td>5<\/td><td>4<\/td><td>&#8211;<\/td><td>0<\/td><td>2,5<\/td><td>&#8211;<\/td><td><strong>11,5<\/strong><\/td><td>116<\/td><td>&nbsp;<\/td><td>5<\/td><td>0<\/td><td>&#8211;<\/td><td>2<\/td><td>5<\/td><td>&#8211;<\/td><td><strong>12<\/strong><\/td><td>116<\/td><td><\/td><td><strong>23,5<\/strong><\/td><td>232<\/td><td>6<\/td><td>123<\/td><\/tr><tr><td><strong>Hannu Harkola<\/strong><\/td><td>&nbsp;<\/td><td>5<\/td><td>5<\/td><td>&#8211;<\/td><td>0<\/td><td>&#8211;<\/td><td>1,25<\/td><td><strong>11,25<\/strong><\/td><td>120<\/td><td>&nbsp;<\/td><td>5<\/td><td>&#8211;<\/td><td>&#8211;<\/td><td>1<\/td><td>5<\/td><td>&#8211;<\/td><td><strong>11<\/strong><\/td><td>119<\/td><td><\/td><td><strong>22,25<\/strong><\/td><td>239<\/td><td>7<\/td><td>135<\/td><\/tr><tr><td><strong>Joose Norri<\/strong><\/td><td>&nbsp;<\/td><td>5<\/td><td>2<\/td><td>&#8211;<\/td><td>&#8211;<\/td><td>2,5<\/td><td>&#8211;<\/td><td><strong>9,5<\/strong><\/td><td>120<\/td><td>&nbsp;<\/td><td>5<\/td><td>2<\/td><td>&#8211;<\/td><td>&#8211;<\/td><td>1,5<\/td><td>&#8211;<\/td><td><strong>8,5<\/strong><\/td><td>118<\/td><td><\/td><td><strong>18<\/strong><\/td><td>238<\/td><td>8<\/td><td>175-176<\/td><\/tr><tr><td><strong>Ari M\u00f6tt\u00f6nen<\/strong><\/td><td>&nbsp;<\/td><td>5<\/td><td>0<\/td><td>&#8211;<\/td><td>0<\/td><td>&#8211;<\/td><td>&#8211;<\/td><td><strong>5<\/strong><\/td><td>120<\/td><td>&nbsp;<\/td><td>5<\/td><td>3<\/td><td>&#8211;<\/td><td>0<\/td><td>&#8211;<\/td><td>&#8211;<\/td><td><strong>9<\/strong><\/td><td>120<\/td><td><\/td><td><strong>13<\/strong><\/td><td>240<\/td><td>9<\/td><td>199-203<\/td><\/tr><tr><td><strong>Matti Rasilainen<\/strong><\/td><td>&nbsp;<\/td><td>5<\/td><td>0<\/td><td>0<\/td><td>0<\/td><td>&#8211;<\/td><td>0<\/td><td><strong>5<\/strong><\/td><td>120<\/td><td><\/td><td>5<\/td><td>0<\/td><td>0<\/td><td>0<\/td><td>3<\/td><td>0<\/td><td><strong>8<\/strong><\/td><td>120<\/td><td><\/td><td><strong>13<\/strong><\/td><td>240<\/td><td>10<\/td><td>199-203<\/td><\/tr><tr><td><strong>Arto Heimonen<\/strong><\/td><td>&nbsp;<\/td><td>5<\/td><td>1<\/td><td>0<\/td><td>0<\/td><td>&#8211;<\/td><td>&#8211;<\/td><td><strong>6<\/strong><\/td><td>117<\/td><td><\/td><td>0<\/td><td>0<\/td><td>&#8211;<\/td><td>2<\/td><td>1,5<\/td><td>&#8211;<\/td><td><strong>3,5<\/strong><\/td><td>117<\/td><td><\/td><td><strong>9,5<\/strong><\/td><td>134<\/td><td>11<\/td><td>219<\/td><\/tr><tr><td><strong>Jukka Peltonen<\/strong><\/td><td>&nbsp;<\/td><td>5<\/td><td>0<\/td><td>0<\/td><td>0<\/td><td>&#8211;<\/td><td>&#8211;<\/td><td><strong>5<\/strong><\/td><td>120<\/td><td><\/td><td>0<\/td><td>0<\/td><td>&#8211;<\/td><td>0<\/td><td>&#8211;<\/td><td>&#8211;<\/td><td><strong>0<\/strong><\/td><td>119<\/td><td><\/td><td><strong>5<\/strong><\/td><td>139<\/td><td>12<\/td><td>232<\/td><\/tr><tr><td>keskiarvo<\/td><td><\/td><td>5,0<\/td><td>2,9<\/td><td>0,4<\/td><td>0,0<\/td><td>1,5<\/td><td>0,9<\/td><td><\/td><td>&nbsp;<\/td><td><\/td><td>4,2<\/td><td>1,2<\/td><td>0,0<\/td><td>1,3<\/td><td>3,1<\/td><td>0,6<\/td><td><\/td><td>&nbsp;<\/td><td><\/td><td><\/td><td><\/td><td><\/td><td><\/td><\/tr><\/tbody><\/table><\/figure>\n\n\n\n<p>Hollannissa ratkaisivat Jorma Paavilainen 43,75 pistett\u00e4 ja 25.-26. sija sek\u00e4 Antti Parkkinen 18,5 pistett\u00e4 ja sija 171.-174.<br>2-ryhm\u00e4ss\u00e4 ratkaisivat 13. Eero Wilen 31\/40 ja 63. Mikko O. Aaltonen 15. Osanottajia oli 100.<br>3-ryhm\u00e4ss\u00e4 oli 164 alle 12-vuotiasta ratkaisijaa.<\/p>\n\n\n\n<p><\/p>\n\n\n\n<p><\/p>\n","protected":false},"excerpt":{"rendered":"<p>11. KANSAINV\u00c4LINEN RATKAISUKILPAILU 25.1.2015 T\u00e4m\u00e4n vuoden kansainv\u00e4liseen ratkaisukilpailuun Helsingiss\u00e4 osallistui vaikeampaan 1-ryhm\u00e4\u00e4n 12 ratkaisijaa ja helpompaan 2-ryhm\u00e4\u00e4n 2 ratkaisijaa.Kummallakin kierroksella oli kuusi (2-ryhm\u00e4ss\u00e4 4) teht\u00e4v\u00e4\u00e4. Maksimipistem\u00e4\u00e4r\u00e4 oli 60 (40) ja ratkaisuaikaa 2 x 2 tuntia.Tuomarina toimi Neal Turner. 1-ryhm\u00e4ss\u00e4 oli 239 ratkaisijaa. Parhaiten ratkaisi puolalainen Piotr Murdzia, joka sai 58&#8230; <a class=\"continue-reading-link\" href=\"https:\/\/www.tehtavaniekat.fi\/index.php\/isc-2015\/\">Jatka lukemista<\/a><\/p>\n","protected":false},"author":1,"featured_media":0,"parent":0,"menu_order":0,"comment_status":"closed","ping_status":"closed","template":"","meta":{"footnotes":""},"class_list":["post-2676","page","type-page","status-publish","hentry"],"_links":{"self":[{"href":"https:\/\/www.tehtavaniekat.fi\/index.php\/wp-json\/wp\/v2\/pages\/2676","targetHints":{"allow":["GET"]}}],"collection":[{"href":"https:\/\/www.tehtavaniekat.fi\/index.php\/wp-json\/wp\/v2\/pages"}],"about":[{"href":"https:\/\/www.tehtavaniekat.fi\/index.php\/wp-json\/wp\/v2\/types\/page"}],"author":[{"embeddable":true,"href":"https:\/\/www.tehtavaniekat.fi\/index.php\/wp-json\/wp\/v2\/users\/1"}],"replies":[{"embeddable":true,"href":"https:\/\/www.tehtavaniekat.fi\/index.php\/wp-json\/wp\/v2\/comments?post=2676"}],"version-history":[{"count":1,"href":"https:\/\/www.tehtavaniekat.fi\/index.php\/wp-json\/wp\/v2\/pages\/2676\/revisions"}],"predecessor-version":[{"id":2677,"href":"https:\/\/www.tehtavaniekat.fi\/index.php\/wp-json\/wp\/v2\/pages\/2676\/revisions\/2677"}],"wp:attachment":[{"href":"https:\/\/www.tehtavaniekat.fi\/index.php\/wp-json\/wp\/v2\/media?parent=2676"}],"curies":[{"name":"wp","href":"https:\/\/api.w.org\/{rel}","templated":true}]}}