{"id":2673,"date":"2023-02-08T16:52:44","date_gmt":"2023-02-08T13:52:44","guid":{"rendered":"https:\/\/www.tehtavaniekat.fi\/?page_id=2673"},"modified":"2023-02-08T16:52:44","modified_gmt":"2023-02-08T13:52:44","slug":"isc-2016","status":"publish","type":"page","link":"https:\/\/www.tehtavaniekat.fi\/index.php\/isc-2016\/","title":{"rendered":"ISC 2016"},"content":{"rendered":"\n<h1 class=\"wp-block-heading\">12. KANSAINV\u00c4LINEN RATKAISUKILPAILU 24.1.2016<\/h1>\n\n\n\n<p><\/p>\n\n\n\n<p>T\u00e4m\u00e4n vuoden kansainv\u00e4liseen ratkaisukilpailuun Helsingiss\u00e4 osallistui vaikeampaan 1-ryhm\u00e4\u00e4n 9 ratkaisijaa.<br>Kummallakin kierroksella oli kuusi teht\u00e4v\u00e4\u00e4. Maksimipistem\u00e4\u00e4r\u00e4 oli 60 (40) ja ratkaisuaikaa 2 + 2 tuntia.<br>Tuomarina toimi Neal Turner.<\/p>\n\n\n\n<p>Kilpailuja oli 33 kpl 27 maassa. Ratkaisijoita oli yhteens\u00e4 469 (1-ryhm\u00e4ss\u00e4 214, 2-ryhm\u00e4ss\u00e4 103 ja 3-ryhm\u00e4ss\u00e4 152).<br>K\u00e4rkeen 1-ryhm\u00e4ss\u00e4 sijoittuivat:<br>1. Piotr Murdzia POL 51,0 (240)<br>2. Andrei \u017duravlev RUS 50,0 (237)<br>3. Boris Tummes GER 48,5 (239)<br>4. John Nunn GBR 48,0 (238)<br>5.-6. Piotr Gorski POL 46,0 (240)<br>5.-6. Miodrag Mladenovic SRB 46,0 (240)<\/p>\n\n\n\n<p>Kaikki eri maiden tulokset ovat WFCC:n sivuilla. Siell\u00e4 on my\u00f6s teht\u00e4v\u00e4t ja niiden ratkaisut.<\/p>\n\n\n\n<p>Suomalaisten viralliset tulokset ja sijoitukset:<\/p>\n\n\n\n<p><style>\ntable {border-collapse: collapse;}\ntd  {padding: 2px ! important;  font-size: small ! important;}\nth {font-color: white! important;  background-color: blue ! important;}\n<\/style><\/p>\n\n<figure class=\"wp-block-table is-style-stripes\"><table><tbody><tr><td><\/td><td>&nbsp;<\/td><td><strong>1<\/strong><\/td><td><strong>2<\/strong><\/td><td><strong>3<\/strong><\/td><td><strong>4<\/strong><\/td><td><strong>5<\/strong><\/td><td><strong>6<\/strong><\/td><td><strong>Yht.<\/strong><\/td><td><strong><\/strong><\/td><td><strong>7<\/strong><\/td><td><strong>8<\/strong><\/td><td><strong>9<\/strong><\/td><td><strong>10<\/strong><\/td><td><strong>11<\/strong><\/td><td><strong>12<\/strong><\/td><td><strong>Yht.<\/strong><\/td><td><strong><\/strong><\/td><td><strong>Pist.<\/strong><\/td><td><strong>Aika<\/strong><\/td><td><strong>Sija<\/strong><\/td><td><strong>Kv. sija<\/strong><\/td><\/tr><tr><td>&nbsp;<\/td><td>&nbsp;<\/td><td><strong>2#<\/strong><\/td><td><strong>3#<\/strong><\/td><td><strong>4#<\/strong><\/td><td>+<\/td><td><strong>a#5<\/strong><\/td><td><strong>i#3<\/strong><\/td><td><strong>(30)<\/strong><\/td><td><\/td><td><strong>2#<\/strong><\/td><td><strong>3#<\/strong><\/td><td><strong>8#<\/strong><\/td><td>+<\/td><td><strong>a#3<\/strong><\/td><td><strong>i#7<\/strong><\/td><td><strong>(30)<\/strong><\/td><td><\/td><td><strong>(60)<\/strong><\/td><td><strong>(240)<\/strong><\/td><td>&nbsp;<\/td><td><\/td><\/tr><tr><td><strong>Kari Karhunen<\/strong><\/td><td>&nbsp;<\/td><td>5<\/td><td>0<\/td><td>4,5<\/td><td>1<\/td><td>5<\/td><td>5<\/td><td><strong>20,5<\/strong><\/td><td>&nbsp;<\/td><td>5<\/td><td>5<\/td><td>5<\/td><td>5<\/td><td>2,5<\/td><td>0<\/td><td><strong>22,5<\/strong><\/td><td><\/td><td><strong>43<\/strong><\/td><td>240<\/td><td>1<\/td><td>12-13<\/td><\/tr><tr><td><strong>Terho Marlo<\/strong><\/td><td>&nbsp;<\/td><td>5<\/td><td>&#8211;<\/td><td>&#8211;<\/td><td>&#8211;<\/td><td>2,5<\/td><td>2<\/td><td><strong>9,5<\/strong><\/td><td><\/td><td>5<\/td><td>4,5<\/td><td>5<\/td><td>4<\/td><td>5<\/td><td>&#8211;<\/td><td><strong>23,5<\/strong><\/td><td><\/td><td><strong>33<\/strong><\/td><td>240<\/td><td>2<\/td><td>45-48<\/td><\/tr><tr><td><strong>Harri Hurme<\/strong><\/td><td>&nbsp;<\/td><td>5<\/td><td>0<\/td><td>0,5<\/td><td>0<\/td><td>2,5<\/td><td>3,5<\/td><td><strong>11,5<\/strong><\/td><td>&nbsp;<\/td><td>5<\/td><td>4,5<\/td><td>5<\/td><td>3<\/td><td>2,5<\/td><td>&#8211;<\/td><td><strong>20<\/strong><\/td><td><\/td><td><strong>31,5<\/strong><\/td><td>240<\/td><td>3<\/td><td>55-59<\/td><\/tr><tr><td><strong>Jukka Tuovinen<\/strong><\/td><td>&nbsp;<\/td><td>5<\/td><td>&#8211;<\/td><td>&#8211;<\/td><td>0<\/td><td>2,5<\/td><td>&#8211;<\/td><td><strong>7,5<\/strong><\/td><td>&nbsp;<\/td><td>5<\/td><td>&#8211;<\/td><td>5<\/td><td>1<\/td><td>2,5<\/td><td>&#8211;<\/td><td><strong>13,5<\/strong><\/td><td><\/td><td><strong>21<\/strong><\/td><td>238<\/td><td>4<\/td><td>117<\/td><\/tr><tr><td><strong>Hannu Harkola<\/strong><\/td><td>&nbsp;<\/td><td>5<\/td><td>&#8211;<\/td><td>&#8211;<\/td><td>0<\/td><td>2,5<\/td><td>4<\/td><td><strong>11,5<\/strong><\/td><td>&nbsp;<\/td><td>0<\/td><td>&#8211;<\/td><td>5<\/td><td>&#8211;<\/td><td>2,5<\/td><td>&#8211;<\/td><td><strong>7,5<\/strong><\/td><td><\/td><td><strong>19<\/strong><\/td><td>240<\/td><td>5<\/td><td>136-138<\/td><\/tr><tr><td><strong>Juha Saukkola<\/strong><\/td><td>&nbsp;<\/td><td>5<\/td><td>0<\/td><td>&#8211;<\/td><td>&#8211;<\/td><td>5<\/td><td>&#8211;<\/td><td><strong>10<\/strong><\/td><td>&nbsp;<\/td><td>5<\/td><td>&#8211;<\/td><td>&#8211;<\/td><td>&#8211;<\/td><td>2,5<\/td><td>&#8211;<\/td><td><strong>7,5<\/strong><\/td><td><\/td><td><strong>17,5<\/strong><\/td><td>240<\/td><td>6<\/td><td>148-150<\/td><\/tr><tr><td><strong>Janne Syv\u00e4niemi<\/strong><\/td><td>&nbsp;<\/td><td>5<\/td><td>&#8211;<\/td><td>&#8211;<\/td><td>&#8211;<\/td><td>2,5<\/td><td>0<\/td><td><strong>7,5<\/strong><\/td><td>&nbsp;<\/td><td>5<\/td><td>&#8211;<\/td><td>0<\/td><td>&#8211;<\/td><td>2,5<\/td><td>&#8211;<\/td><td><strong>7,5<\/strong><\/td><td><\/td><td><strong>15<\/strong><\/td><td>240<\/td><td>7<\/td><td>160-166<\/td><\/tr><tr><td><strong>Arto Heimonen<\/strong><\/td><td>&nbsp;<\/td><td>5<\/td><td>&#8211;<\/td><td>&#8211;<\/td><td>0<\/td><td>&#8211;<\/td><td>&#8211;<\/td><td><strong>5<\/strong><\/td><td>&nbsp;<\/td><td>5<\/td><td>&#8211;<\/td><td>&#8211;<\/td><td>&#8211;<\/td><td>&#8211;<\/td><td>0<\/td><td><strong>5<\/strong><\/td><td><\/td><td><strong>10<\/strong><\/td><td>228<\/td><td>8<\/td><td>196<\/td><\/tr><tr><td><strong>Matti Rasilainen<\/strong><\/td><td>&nbsp;<\/td><td>0<\/td><td>0<\/td><td>0<\/td><td>0<\/td><td>&#8211;<\/td><td>0<\/td><td><strong>0<\/strong><\/td><td>&nbsp;<\/td><td>&#8211;<\/td><td>&#8211;<\/td><td>&#8211;<\/td><td>&#8211;<\/td><td>&#8211;<\/td><td>&#8211;<\/td><td><strong>0<\/strong><\/td><td><\/td><td><strong>0<\/strong><\/td><td>240<\/td><td>9<\/td><td>213-214<\/td><\/tr><tr><td>keskiarvo<\/td><td><\/td><td>4,4<\/td><td>0,0<\/td><td>0,6<\/td><td>0,1<\/td><td>2,5<\/td><td>1,6<\/td><td><\/td><td><\/td><td>3,9<\/td><td>1,6<\/td><td>2,8<\/td><td>1,4<\/td><td>2,2<\/td><td>0,0<\/td><td><\/td><td><\/td><td><\/td><td><\/td><td><\/td><td><\/td><\/tr><\/tbody><\/table><\/figure>\n\n\n\n<p>Hollannissa ratkaisivat Jorma Paavilainen 43,5 pistett\u00e4 ja Antti Parkkinen 13 pistett\u00e4.<br>Sarabella Norlamo sai 3-ryhm\u00e4ss\u00e4 3\/30 pistett\u00e4.<\/p>\n\n\n\n<p><\/p>\n\n\n\n<p><\/p>\n","protected":false},"excerpt":{"rendered":"<p>12. KANSAINV\u00c4LINEN RATKAISUKILPAILU 24.1.2016 T\u00e4m\u00e4n vuoden kansainv\u00e4liseen ratkaisukilpailuun Helsingiss\u00e4 osallistui vaikeampaan 1-ryhm\u00e4\u00e4n 9 ratkaisijaa.Kummallakin kierroksella oli kuusi teht\u00e4v\u00e4\u00e4. Maksimipistem\u00e4\u00e4r\u00e4 oli 60 (40) ja ratkaisuaikaa 2 + 2 tuntia.Tuomarina toimi Neal Turner. Kilpailuja oli 33 kpl 27 maassa. Ratkaisijoita oli yhteens\u00e4 469 (1-ryhm\u00e4ss\u00e4 214, 2-ryhm\u00e4ss\u00e4 103 ja 3-ryhm\u00e4ss\u00e4 152).K\u00e4rkeen 1-ryhm\u00e4ss\u00e4 sijoittuivat:1&#8230;. <a class=\"continue-reading-link\" href=\"https:\/\/www.tehtavaniekat.fi\/index.php\/isc-2016\/\">Jatka lukemista<\/a><\/p>\n","protected":false},"author":1,"featured_media":0,"parent":0,"menu_order":0,"comment_status":"closed","ping_status":"closed","template":"","meta":{"footnotes":""},"class_list":["post-2673","page","type-page","status-publish","hentry"],"_links":{"self":[{"href":"https:\/\/www.tehtavaniekat.fi\/index.php\/wp-json\/wp\/v2\/pages\/2673","targetHints":{"allow":["GET"]}}],"collection":[{"href":"https:\/\/www.tehtavaniekat.fi\/index.php\/wp-json\/wp\/v2\/pages"}],"about":[{"href":"https:\/\/www.tehtavaniekat.fi\/index.php\/wp-json\/wp\/v2\/types\/page"}],"author":[{"embeddable":true,"href":"https:\/\/www.tehtavaniekat.fi\/index.php\/wp-json\/wp\/v2\/users\/1"}],"replies":[{"embeddable":true,"href":"https:\/\/www.tehtavaniekat.fi\/index.php\/wp-json\/wp\/v2\/comments?post=2673"}],"version-history":[{"count":1,"href":"https:\/\/www.tehtavaniekat.fi\/index.php\/wp-json\/wp\/v2\/pages\/2673\/revisions"}],"predecessor-version":[{"id":2674,"href":"https:\/\/www.tehtavaniekat.fi\/index.php\/wp-json\/wp\/v2\/pages\/2673\/revisions\/2674"}],"wp:attachment":[{"href":"https:\/\/www.tehtavaniekat.fi\/index.php\/wp-json\/wp\/v2\/media?parent=2673"}],"curies":[{"name":"wp","href":"https:\/\/api.w.org\/{rel}","templated":true}]}}