{"id":2660,"date":"2023-02-08T16:29:21","date_gmt":"2023-02-08T13:29:21","guid":{"rendered":"https:\/\/www.tehtavaniekat.fi\/?page_id=2660"},"modified":"2023-02-08T16:29:22","modified_gmt":"2023-02-08T13:29:22","slug":"isc-2019","status":"publish","type":"page","link":"https:\/\/www.tehtavaniekat.fi\/index.php\/isc-2019\/","title":{"rendered":"ISC 2019"},"content":{"rendered":"\n<h1 class=\"wp-block-heading\">15. KANSAINV\u00c4LINEN RATKAISUKILPAILU 27.1.2019<\/h1>\n\n\n\n<p><\/p>\n\n\n\n<p>T\u00e4m\u00e4n vuoden kansainv\u00e4liseen ratkaisukilpailuun Helsingiss\u00e4 osallistui vaikeampaan 1-ryhm\u00e4\u00e4n 12 ratkaisijaa ja Ranskassa Antti Parkkinen.<br>Kummallakin kierroksella oli kuusi teht\u00e4v\u00e4\u00e4. Maksimipistem\u00e4\u00e4r\u00e4 oli 60 ja ratkaisuaikaa 2 + 2 tuntia.<\/p>\n\n\n\n<p>Helpompaan 2-ryhm\u00e4\u00e4n osallistui 151 ratkaisijaa, Suomesta Esko Virtanen, ja juniorien 3-ryhm\u00e4\u00e4n 236 ratkaisijaa, 7-vuotias Vihan Velagapudi oli sijalla 64.<\/p>\n\n\n\n<p>Tuomarina toimi Neal Turner.<\/p>\n\n\n\n<p>Kilpailuja oli kaikkiaan 49 kappaletta 33 maassa. Ratkaisijoita osallistui enn\u00e4tysm\u00e4\u00e4r\u00e4 648. Kaikki eri maiden tulokset ovat <a href=\"https:\/\/www.wfcc.ch\/15th-isc-results\/\">WFCC:n sivuilla<\/a>. Siell\u00e4 on my\u00f6s teht\u00e4v\u00e4t ja niiden ratkaisut.<\/p>\n\n\n\n<p>K\u00e4rjess\u00e4 ovat 1-ryhm\u00e4ss\u00e4: 1. Piotr Murdzia (POL) 60, 2. John Nunn (GBR) 59, 3. Michel Caillaud (FRA) 55, 4. Danila Pavlov (RUS) 54 ja 5. Kacper Piorun (POL) 53,5. Ratkaisijoita oli 261.<\/p>\n\n\n\n<p>Suomalaisten tulokset ja sijoitukset:<\/p>\n\n\n\n<p><style>\ntable {border-collapse: collapse;}\ntd  {padding: 2px ! important;  font-size: small ! important;}\nth {font-color: white! important;  background-color: blue ! important;}\n<\/style><\/p>\n\n<figure class=\"wp-block-table is-style-stripes\"><table><tbody><tr><td>&nbsp;<\/td><td>&nbsp;<\/td><td><strong>1<\/strong><\/td><td><strong>2<\/strong><\/td><td><strong>3<\/strong><\/td><td><strong>4<\/strong><\/td><td><strong>5<\/strong><\/td><td><strong>6<\/strong><\/td><td><strong>Yht.<\/strong><\/td><td>&nbsp;<\/td><td><strong>7<\/strong><\/td><td><strong>8<\/strong><\/td><td><strong>9<\/strong><\/td><td><strong>10<\/strong><\/td><td><strong>11<\/strong><\/td><td><strong>12<\/strong><\/td><td><strong>Yht.<\/strong><\/td><td>&nbsp;<\/td><td><strong>Pist.<\/strong><\/td><td><strong>Aika<\/strong><\/td><td><strong>Sija<\/strong><\/td><td><strong>Kv. sija<\/strong><\/td><\/tr><tr><td>&nbsp;<\/td><td>&nbsp;<\/td><td><strong>2#<\/strong><\/td><td><strong>3#<\/strong><\/td><td><strong>+<\/strong><\/td><td><strong>a#4<\/strong><\/td><td><strong>8#<\/strong><\/td><td><strong>i#3<\/strong><\/td><td><strong>(30)<\/strong><\/td><td>&nbsp;<\/td><td><strong>2#<\/strong><\/td><td><strong>3#<\/strong><\/td><td><strong>=<\/strong><\/td><td><strong>a#3<\/strong><\/td><td><strong>4#<\/strong><\/td><td><strong>i#5<\/strong><\/td><td><strong>(30)<\/strong><\/td><td>&nbsp;<\/td><td><strong>(60)<\/strong><\/td><td><strong>(240)<\/strong><\/td><td>&nbsp;<\/td><td><\/td><\/tr><tr><td>Harri Hurme<\/td><td>&nbsp;<\/td><td>5<\/td><td>2,5<\/td><td>1<\/td><td>5<\/td><td>0<\/td><td>5<\/td><td>18,5<\/td><td><\/td><td>5<\/td><td>4<\/td><td>1<\/td><td>2<\/td><td>5<\/td><td><\/td><td>17<\/td><td><\/td><td>35,5<\/td><td>240<\/td><td>1<\/td><td>44<\/td><\/tr><tr><td>Jorma Paavilainen<\/td><td>&nbsp;<\/td><td>5<\/td><td>4<\/td><td>1<\/td><td>5<\/td><td>0<\/td><td>5<\/td><td>20<\/td><td><\/td><td>5<\/td><td>5<\/td><td>1<\/td><td>3,5<\/td><td><\/td><td><\/td><td>14,5<\/td><td><\/td><td>34,5<\/td><td>240<\/td><td>2<\/td><td>48-50<\/td><\/tr><tr><td>Terho Marlo<\/td><td>&nbsp;<\/td><td>5<\/td><td>3<\/td><td>0<\/td><td>5<\/td><td>5<\/td><td><\/td><td>18<\/td><td><\/td><td>5<\/td><td>5<\/td><td>0<\/td><td>3,5<\/td><td>0<\/td><td><\/td><td>13,5<\/td><td><\/td><td>31,5<\/td><td>239<\/td><td>3<\/td><td>65<\/td><\/tr><tr><td>Kari Karhunen<\/td><td>&nbsp;<\/td><td>5<\/td><td>5<\/td><td>0<\/td><td>5<\/td><td><\/td><td>0<\/td><td>15<\/td><td><\/td><td>5<\/td><td>5<\/td><td>1<\/td><td>3,5<\/td><td>0<\/td><td><\/td><td>14,5<\/td><td><\/td><td>29,5<\/td><td>240<\/td><td>4<\/td><td>74-76<\/td><\/tr><tr><td>Henry Tanner<\/td><td>&nbsp;<\/td><td>5<\/td><td>1<\/td><td>1<\/td><td>5<\/td><td><\/td><td><\/td><td>12<\/td><td><\/td><td>5<\/td><td>5<\/td><td>5<\/td><td><\/td><td><\/td><td><\/td><td>15<\/td><td><\/td><td>27<\/td><td>240<\/td><td>5<\/td><td>88-89<\/td><\/tr><tr><td>Janne Syv\u00e4niemi<\/td><td>&nbsp;<\/td><td>5<\/td><td>2<\/td><td><\/td><td>5<\/td><td>5<\/td><td>0<\/td><td>17<\/td><td><\/td><td>5<\/td><td><\/td><td><\/td><td>3,5<\/td><td><\/td><td><\/td><td>8,5<\/td><td><\/td><td>25,5<\/td><td>240<\/td><td>6<\/td><td>99-100<\/td><\/tr><tr><td>Hannu Harkola<\/td><td>&nbsp;<\/td><td>5<\/td><td><\/td><td>1<\/td><td>5<\/td><td>0<\/td><td>0<\/td><td>11<\/td><td><\/td><td>5<\/td><td><\/td><td>1<\/td><td>2<\/td><td><\/td><td><\/td><td>8<\/td><td><\/td><td>19<\/td><td>240<\/td><td>7<\/td><td>139-143<\/td><\/tr><tr><td>Antti Parkkinen<\/td><td>&nbsp;<\/td><td>5<\/td><td>0<\/td><td>2,5<\/td><td>2,5<\/td><td>0<\/td><td><\/td><td>10<\/td><td><\/td><td>5<\/td><td><\/td><td>1<\/td><td><\/td><td>0<\/td><td><\/td><td>6<\/td><td><\/td><td>16<\/td><td>236<\/td><td>8<\/td><td>165<\/td><\/tr><tr><td>Eero Wilen<\/td><td>&nbsp;<\/td><td>5<\/td><td>3<\/td><td><\/td><td><\/td><td><\/td><td><\/td><td>8<\/td><td><\/td><td>5<\/td><td>2<\/td><td>1<\/td><td><\/td><td><\/td><td><\/td><td>8<\/td><td><\/td><td>16<\/td><td>240<\/td><td>9<\/td><td>166-167<\/td><\/tr><tr><td>Ari M\u00f6tt\u00f6nen<\/td><td>&nbsp;<\/td><td>5<\/td><td>0<\/td><td>1<\/td><td><\/td><td><\/td><td><\/td><td>6<\/td><td><\/td><td>5<\/td><td><\/td><td>1<\/td><td>3,5<\/td><td><\/td><td><\/td><td>9,5<\/td><td><\/td><td>15,5<\/td><td>239<\/td><td>10<\/td><td>172<\/td><\/tr><tr><td>Petteri Paronen<\/td><td>&nbsp;<\/td><td>5<\/td><td>0<\/td><td>2,5<\/td><td><\/td><td>0<\/td><td><\/td><td>7,5<\/td><td><\/td><td>5<\/td><td><\/td><td>0<\/td><td>2<\/td><td><\/td><td><\/td><td>7<\/td><td><\/td><td>14,5<\/td><td>238<\/td><td>11<\/td><td>183<\/td><\/tr><tr><td>Matti Rasilainen<\/td><td>&nbsp;<\/td><td>5<\/td><td>0<\/td><td>1<\/td><td>0<\/td><td>0<\/td><td>0<\/td><td>6<\/td><td><\/td><td>5<\/td><td>0<\/td><td>0<\/td><td><\/td><td>0<\/td><td>0<\/td><td>5<\/td><td><\/td><td>11<\/td><td>240<\/td><td>12<\/td><td>212-217<\/td><\/tr><tr><td>Arto Heimonen<\/td><td>&nbsp;<\/td><td>5<\/td><td><\/td><td>0<\/td><td>0<\/td><td><\/td><td><\/td><td>5<\/td><td><\/td><td>5<\/td><td>0<\/td><td>0<\/td><td><\/td><td><\/td><td><\/td><td>5<\/td><td><\/td><td>10<\/td><td>221<\/td><td>13<\/td><td>219<\/td><\/tr><tr><td>keskiarvo<\/td><td>&nbsp;<\/td><td>5,0<\/td><td>1,6<\/td><td>0,8<\/td><td>2,9<\/td><td>0,8<\/td><td>0,8<\/td><td><\/td><td><\/td><td>5,0<\/td><td>2,0<\/td><td>0,9<\/td><td>1,8<\/td><td>0,4<\/td><td>0,0<\/td><td><\/td><td><\/td><td><\/td><td><\/td><td><\/td><td><\/td><\/tr><\/tbody><\/table><\/figure>\n\n\n\n<p><\/p>\n","protected":false},"excerpt":{"rendered":"<p>15. KANSAINV\u00c4LINEN RATKAISUKILPAILU 27.1.2019 T\u00e4m\u00e4n vuoden kansainv\u00e4liseen ratkaisukilpailuun Helsingiss\u00e4 osallistui vaikeampaan 1-ryhm\u00e4\u00e4n 12 ratkaisijaa ja Ranskassa Antti Parkkinen.Kummallakin kierroksella oli kuusi teht\u00e4v\u00e4\u00e4. Maksimipistem\u00e4\u00e4r\u00e4 oli 60 ja ratkaisuaikaa 2 + 2 tuntia. Helpompaan 2-ryhm\u00e4\u00e4n osallistui 151 ratkaisijaa, Suomesta Esko Virtanen, ja juniorien 3-ryhm\u00e4\u00e4n 236 ratkaisijaa, 7-vuotias Vihan Velagapudi oli sijalla 64&#8230;. <a class=\"continue-reading-link\" href=\"https:\/\/www.tehtavaniekat.fi\/index.php\/isc-2019\/\">Jatka lukemista<\/a><\/p>\n","protected":false},"author":1,"featured_media":0,"parent":0,"menu_order":0,"comment_status":"closed","ping_status":"closed","template":"","meta":{"footnotes":""},"class_list":["post-2660","page","type-page","status-publish","hentry"],"_links":{"self":[{"href":"https:\/\/www.tehtavaniekat.fi\/index.php\/wp-json\/wp\/v2\/pages\/2660","targetHints":{"allow":["GET"]}}],"collection":[{"href":"https:\/\/www.tehtavaniekat.fi\/index.php\/wp-json\/wp\/v2\/pages"}],"about":[{"href":"https:\/\/www.tehtavaniekat.fi\/index.php\/wp-json\/wp\/v2\/types\/page"}],"author":[{"embeddable":true,"href":"https:\/\/www.tehtavaniekat.fi\/index.php\/wp-json\/wp\/v2\/users\/1"}],"replies":[{"embeddable":true,"href":"https:\/\/www.tehtavaniekat.fi\/index.php\/wp-json\/wp\/v2\/comments?post=2660"}],"version-history":[{"count":3,"href":"https:\/\/www.tehtavaniekat.fi\/index.php\/wp-json\/wp\/v2\/pages\/2660\/revisions"}],"predecessor-version":[{"id":2663,"href":"https:\/\/www.tehtavaniekat.fi\/index.php\/wp-json\/wp\/v2\/pages\/2660\/revisions\/2663"}],"wp:attachment":[{"href":"https:\/\/www.tehtavaniekat.fi\/index.php\/wp-json\/wp\/v2\/media?parent=2660"}],"curies":[{"name":"wp","href":"https:\/\/api.w.org\/{rel}","templated":true}]}}