{"id":2632,"date":"2023-01-22T23:20:19","date_gmt":"2023-01-22T20:20:19","guid":{"rendered":"https:\/\/www.tehtavaniekat.fi\/?page_id=2632"},"modified":"2024-03-06T17:04:39","modified_gmt":"2024-03-06T14:04:39","slug":"is-muistokilpailu","status":"publish","type":"page","link":"https:\/\/www.tehtavaniekat.fi\/index.php\/is-muistokilpailu\/","title":{"rendered":"Ilkka Sar\u00e9nin muistokilpailu"},"content":{"rendered":"\n<h1 class=\"wp-block-heading\">Ilkka Sar\u00e9nin muistokilpailu<\/h1>\n\n\n\n<p><\/p>\n\n\n\n<p>Suomen Teht\u00e4v\u00e4niekat ry julistaa Ilkka Sar\u00e9nin (16.5.1940 \u2013 24.12.2022) kansallisen muistokilpailun v\u00e4hint\u00e4\u00e4n nelj\u00e4n siirron apumattiteht\u00e4ville, ei teemavaatimusta. Satuehdot tai -nappulat eiv\u00e4t ole sallittuja.<\/p>\n\n\n\n<p>Teht\u00e4v\u00e4t on l\u00e4hetett\u00e4v\u00e4 viimeist\u00e4\u00e4n 1.8.2023 s\u00e4hk\u00f6postilla luottamusmies Neal Turnerille: <a href=\"mailto:nealturnerfinland@hotmail.com\">nealturnerfinland@hotmail.com<\/a><\/p>\n\n\n\n<p>Kirjapalkinnot, kilpailun tuomari on Harry Fougiaxis ja tuomio julkaistaan <em>Teht\u00e4v\u00e4niekassa<\/em>.<\/p>\n\n\n\n<p><\/p>\n\n\n\n<p><\/p>\n","protected":false},"excerpt":{"rendered":"<p>Ilkka Sar\u00e9nin muistokilpailu Suomen Teht\u00e4v\u00e4niekat ry julistaa Ilkka Sar\u00e9nin (16.5.1940 \u2013 24.12.2022) kansallisen muistokilpailun v\u00e4hint\u00e4\u00e4n nelj\u00e4n siirron apumattiteht\u00e4ville, ei teemavaatimusta. Satuehdot tai -nappulat eiv\u00e4t ole sallittuja. Teht\u00e4v\u00e4t on l\u00e4hetett\u00e4v\u00e4 viimeist\u00e4\u00e4n 1.8.2023 s\u00e4hk\u00f6postilla luottamusmies Neal Turnerille: nealturnerfinland@hotmail.com Kirjapalkinnot, kilpailun tuomari on Harry Fougiaxis ja tuomio julkaistaan Teht\u00e4v\u00e4niekassa. <a class=\"continue-reading-link\" href=\"https:\/\/www.tehtavaniekat.fi\/index.php\/is-muistokilpailu\/\">Jatka lukemista<\/a><\/p>\n","protected":false},"author":1,"featured_media":0,"parent":0,"menu_order":0,"comment_status":"closed","ping_status":"closed","template":"","meta":{"footnotes":""},"class_list":["post-2632","page","type-page","status-publish","hentry"],"_links":{"self":[{"href":"https:\/\/www.tehtavaniekat.fi\/index.php\/wp-json\/wp\/v2\/pages\/2632","targetHints":{"allow":["GET"]}}],"collection":[{"href":"https:\/\/www.tehtavaniekat.fi\/index.php\/wp-json\/wp\/v2\/pages"}],"about":[{"href":"https:\/\/www.tehtavaniekat.fi\/index.php\/wp-json\/wp\/v2\/types\/page"}],"author":[{"embeddable":true,"href":"https:\/\/www.tehtavaniekat.fi\/index.php\/wp-json\/wp\/v2\/users\/1"}],"replies":[{"embeddable":true,"href":"https:\/\/www.tehtavaniekat.fi\/index.php\/wp-json\/wp\/v2\/comments?post=2632"}],"version-history":[{"count":3,"href":"https:\/\/www.tehtavaniekat.fi\/index.php\/wp-json\/wp\/v2\/pages\/2632\/revisions"}],"predecessor-version":[{"id":3260,"href":"https:\/\/www.tehtavaniekat.fi\/index.php\/wp-json\/wp\/v2\/pages\/2632\/revisions\/3260"}],"wp:attachment":[{"href":"https:\/\/www.tehtavaniekat.fi\/index.php\/wp-json\/wp\/v2\/media?parent=2632"}],"curies":[{"name":"wp","href":"https:\/\/api.w.org\/{rel}","templated":true}]}}