{"id":2615,"date":"2023-01-09T15:38:44","date_gmt":"2023-01-09T12:38:44","guid":{"rendered":"https:\/\/www.tehtavaniekat.fi\/?page_id=2615"},"modified":"2023-01-09T15:38:45","modified_gmt":"2023-01-09T12:38:45","slug":"yhteystietoja","status":"publish","type":"page","link":"https:\/\/www.tehtavaniekat.fi\/index.php\/yhteystietoja\/","title":{"rendered":"Yhteystietoja"},"content":{"rendered":"\n<h2 class=\"wp-block-heading\">Yhteyshenkil\u00f6it\u00e4<\/h2>\n\n\n\n<p><strong>Puheenjohtaja<\/strong> <strong>ja lehden p\u00e4\u00e4toimittaja: <\/strong><a href=\"mailto:info@tehtavaniekat.fi\">Jorma Paavilainen<\/a>, Ristiniementie 20 B 12, 02320 Espoo<\/p>\n\n\n\n<p><strong>Varapuheenjohtaja<\/strong>: Mikael Gr\u00f6nroos, Ytterg\u00e5rdinpolku 21, 65280 Vaasa<\/p>\n\n\n\n<p><strong>Sihteeri: <\/strong>Kari Karhunen, Rukotie 7 B, 00760 Helsinki, puh. 050 464 1068<\/p>\n\n\n\n<p><strong>Taloudenhoitaja<\/strong>: <a href=\"mailto:hannu.harkola@netti.fi\">Hannu Harkola<\/a>, V\u00e4h\u00e4n-Kellosalmentie 93, 17500 Padasjoki, puh. 045 678 9042<\/p>\n\n\n\n<p><strong>Kirjastonhoitaja<\/strong>: Neal Turner, Vanha H\u00e4meenkyl\u00e4ntie 26 A, 00390 Helsinki<\/p>\n\n\n\n<p><strong>Lahden Teht\u00e4v\u00e4shakki<\/strong>: Hannu Joentausta, Kunniatie 56, 15560 Nastola<\/p>\n\n\n\n<p><strong>Pirkanmaan shakkiteht\u00e4v\u00e4kerho<\/strong>: Juha R\u00f6nnman, Ylioppilaankatu 9 C 18, 33720 Tampere, puh. 050 406 1024<\/p>\n\n\n\n<p><strong>Vaasan alaosasto<\/strong>: Seppo Praski, Varissel\u00e4nkatu 16 A 2, 65200 Vaasa<\/p>\n","protected":false},"excerpt":{"rendered":"<p>Yhteyshenkil\u00f6it\u00e4 Puheenjohtaja ja lehden p\u00e4\u00e4toimittaja: Jorma Paavilainen, Ristiniementie 20 B 12, 02320 Espoo Varapuheenjohtaja: Mikael Gr\u00f6nroos, Ytterg\u00e5rdinpolku 21, 65280 Vaasa Sihteeri: Kari Karhunen, Rukotie 7 B, 00760 Helsinki, puh. 050 464 1068 Taloudenhoitaja: Hannu Harkola, V\u00e4h\u00e4n-Kellosalmentie 93, 17500 Padasjoki, puh. 045 678 9042 Kirjastonhoitaja: Neal Turner, Vanha H\u00e4meenkyl\u00e4ntie 26 A,&#8230; <a class=\"continue-reading-link\" href=\"https:\/\/www.tehtavaniekat.fi\/index.php\/yhteystietoja\/\">Jatka lukemista<\/a><\/p>\n","protected":false},"author":1,"featured_media":0,"parent":0,"menu_order":0,"comment_status":"closed","ping_status":"closed","template":"","meta":{"footnotes":""},"class_list":["post-2615","page","type-page","status-publish","hentry"],"_links":{"self":[{"href":"https:\/\/www.tehtavaniekat.fi\/index.php\/wp-json\/wp\/v2\/pages\/2615","targetHints":{"allow":["GET"]}}],"collection":[{"href":"https:\/\/www.tehtavaniekat.fi\/index.php\/wp-json\/wp\/v2\/pages"}],"about":[{"href":"https:\/\/www.tehtavaniekat.fi\/index.php\/wp-json\/wp\/v2\/types\/page"}],"author":[{"embeddable":true,"href":"https:\/\/www.tehtavaniekat.fi\/index.php\/wp-json\/wp\/v2\/users\/1"}],"replies":[{"embeddable":true,"href":"https:\/\/www.tehtavaniekat.fi\/index.php\/wp-json\/wp\/v2\/comments?post=2615"}],"version-history":[{"count":1,"href":"https:\/\/www.tehtavaniekat.fi\/index.php\/wp-json\/wp\/v2\/pages\/2615\/revisions"}],"predecessor-version":[{"id":2620,"href":"https:\/\/www.tehtavaniekat.fi\/index.php\/wp-json\/wp\/v2\/pages\/2615\/revisions\/2620"}],"wp:attachment":[{"href":"https:\/\/www.tehtavaniekat.fi\/index.php\/wp-json\/wp\/v2\/media?parent=2615"}],"curies":[{"name":"wp","href":"https:\/\/api.w.org\/{rel}","templated":true}]}}