{"id":2602,"date":"2024-10-28T23:02:45","date_gmt":"2024-10-28T20:02:45","guid":{"rendered":"https:\/\/www.tehtavaniekat.fi\/?page_id=2602"},"modified":"2025-02-10T19:18:23","modified_gmt":"2025-02-10T17:18:23","slug":"pika25","status":"publish","type":"page","link":"https:\/\/www.tehtavaniekat.fi\/index.php\/pika25\/","title":{"rendered":"pika25"},"content":{"rendered":"\n<h2 class=\"wp-block-heading\">SHAKKITEHT\u00c4VIEN RATKAISEMISEN SM-KILPAILU 2025<\/h2>\n\n\n\n<p><\/p>\n\n\n\n<p>Aika: Lauantai, 15. helmikuuta 2025<\/p>\n\n\n\n<p>Kilpailupaikka: Shakkiareena, Hiomotie 10, 00380 Helsinki, puh. 050 400 2855<\/p>\n\n\n\n<p>Kilpailumuoto: A-ryhm\u00e4ss\u00e4 on 12 teht\u00e4v\u00e4\u00e4, B-ryhm\u00e4ss\u00e4 hieman helpommat 9 teht\u00e4v\u00e4\u00e4. Molemmissa ryhmiss\u00e4 ratkaisuaika on kolme tuntia.<\/p>\n\n\n\n<p>Aikataulu:<\/p>\n\n\n\n<p>12.30\u201313.00 ilmoittautuminen<br>13.00\u201316.00 kilpailu<br>18.00 palkintojen jako<\/p>\n\n\n\n<p>Kilpailun johtaja: Neal Turner<\/p>\n\n\n\n<p>Palkinnot: Mitalit ja kirjapalkinnot.<\/p>\n\n\n\n<p>Osallistumismaksu: 10 EUR, v. 2005 tai my\u00f6hemmin syntyneet ilmaiseksi. Osallistumismaksu oikeuttaa kahvitarjoiluun ja maksetaan etuk\u00e4teen ST:n tilille FI34 1443 3000 0418 86 tai k\u00e4teisell\u00e4 kilpailupaikalla.<\/p>\n\n\n\n<p>Ilmoittautuminen ja lis\u00e4tiedot: nealturnerfinland@hotmail.com<\/p>\n\n\n\n<p>Tapahtuma on osa kilpailusarjaa World Solving Cup 2024\u20132025!<\/p>\n","protected":false},"excerpt":{"rendered":"<p>SHAKKITEHT\u00c4VIEN RATKAISEMISEN SM-KILPAILU 2025 Aika: Lauantai, 15. helmikuuta 2025 Kilpailupaikka: Shakkiareena, Hiomotie 10, 00380 Helsinki, puh. 050 400 2855 Kilpailumuoto: A-ryhm\u00e4ss\u00e4 on 12 teht\u00e4v\u00e4\u00e4, B-ryhm\u00e4ss\u00e4 hieman helpommat 9 teht\u00e4v\u00e4\u00e4. Molemmissa ryhmiss\u00e4 ratkaisuaika on kolme tuntia. Aikataulu: 12.30\u201313.00 ilmoittautuminen13.00\u201316.00 kilpailu18.00 palkintojen jako Kilpailun johtaja: Neal Turner Palkinnot: Mitalit ja kirjapalkinnot. Osallistumismaksu:&#8230; <a class=\"continue-reading-link\" href=\"https:\/\/www.tehtavaniekat.fi\/index.php\/pika25\/\">Jatka lukemista<\/a><\/p>\n","protected":false},"author":1,"featured_media":0,"parent":0,"menu_order":0,"comment_status":"closed","ping_status":"closed","template":"","meta":{"footnotes":""},"class_list":["post-2602","page","type-page","status-publish","hentry"],"_links":{"self":[{"href":"https:\/\/www.tehtavaniekat.fi\/index.php\/wp-json\/wp\/v2\/pages\/2602","targetHints":{"allow":["GET"]}}],"collection":[{"href":"https:\/\/www.tehtavaniekat.fi\/index.php\/wp-json\/wp\/v2\/pages"}],"about":[{"href":"https:\/\/www.tehtavaniekat.fi\/index.php\/wp-json\/wp\/v2\/types\/page"}],"author":[{"embeddable":true,"href":"https:\/\/www.tehtavaniekat.fi\/index.php\/wp-json\/wp\/v2\/users\/1"}],"replies":[{"embeddable":true,"href":"https:\/\/www.tehtavaniekat.fi\/index.php\/wp-json\/wp\/v2\/comments?post=2602"}],"version-history":[{"count":4,"href":"https:\/\/www.tehtavaniekat.fi\/index.php\/wp-json\/wp\/v2\/pages\/2602\/revisions"}],"predecessor-version":[{"id":3586,"href":"https:\/\/www.tehtavaniekat.fi\/index.php\/wp-json\/wp\/v2\/pages\/2602\/revisions\/3586"}],"wp:attachment":[{"href":"https:\/\/www.tehtavaniekat.fi\/index.php\/wp-json\/wp\/v2\/media?parent=2602"}],"curies":[{"name":"wp","href":"https:\/\/api.w.org\/{rel}","templated":true}]}}