{"id":2578,"date":"2022-12-30T20:42:59","date_gmt":"2022-12-30T17:42:59","guid":{"rendered":"https:\/\/www.tehtavaniekat.fi\/?page_id=2578"},"modified":"2022-12-30T20:42:59","modified_gmt":"2022-12-30T17:42:59","slug":"fide-albumi-1992-94","status":"publish","type":"page","link":"https:\/\/www.tehtavaniekat.fi\/index.php\/fide-albumi-1992-94\/","title":{"rendered":"FIDE-ALBUMI 1992-94"},"content":{"rendered":"\n<h1 class=\"wp-block-heading\"><strong>FIDE-ALBUMI 1992-94<\/strong><\/h1>\n\n\n\n<p><\/p>\n\n\n\n<p>Pitk\u00e4\u00e4n odotettu kokoelma vuosina 1992-94 julkaistuja valioteht\u00e4vi\u00e4 on ilmestynyt. Se sis\u00e4lt\u00e4\u00e4 963 teht\u00e4v\u00e4\u00e4 305 laatijalta kahdeksassa ryhm\u00e4ss\u00e4:<\/p>\n\n\n\n<figure class=\"wp-block-table is-style-stripes\"><table><tbody><tr><td><strong>ryhm\u00e4<\/strong><\/td><td><\/td><td><strong>teht\u00e4vi\u00e4<\/strong><\/td><\/tr><tr><td>A<\/td><td>2-siirtoiset<\/td><td>168<\/td><\/tr><tr><td>B<\/td><td>3-siirtoiset<\/td><td>111<\/td><\/tr><tr><td>C<\/td><td>monisiirtoiset<\/td><td>108<\/td><\/tr><tr><td>D<\/td><td>lopputeht\u00e4v\u00e4t<\/td><td>77<\/td><\/tr><tr><td>E<\/td><td>apumatit<\/td><td>208<\/td><\/tr><tr><td>F<\/td><td>itsematit<\/td><td>86<\/td><\/tr><tr><td>G<\/td><td>satuteht\u00e4v\u00e4t<\/td><td>167<\/td><\/tr><tr><td>H<\/td><td>retroteht\u00e4v\u00e4t<\/td><td>38<\/td><\/tr><\/tbody><\/table><\/figure>\n\n\n\n<p>Suomalaisteht\u00e4vi\u00e4 on 26 kappaletta (2,7 %) kuudelta laatijalta seuraavasti:<\/p>\n\n\n\n<p>Unto Heinonen 17<br>Harri Hurme 1<br>Jorma Paavilainen 3,5<br>Pauli Perkonoja 0,5<br>Henry Tanner 2<br>Jukka Tuovinen 2<\/p>\n\n\n\n<p>Heinosen yhteispistem\u00e4\u00e4r\u00e4 on t\u00e4m\u00e4n j\u00e4lkeen 55,5.<\/p>\n\n\n\n<p>Kirjaa on saatavana ST:lt\u00e4 hintaan 220 mk + postikulut.<\/p>\n","protected":false},"excerpt":{"rendered":"<p>FIDE-ALBUMI 1992-94 Pitk\u00e4\u00e4n odotettu kokoelma vuosina 1992-94 julkaistuja valioteht\u00e4vi\u00e4 on ilmestynyt. Se sis\u00e4lt\u00e4\u00e4 963 teht\u00e4v\u00e4\u00e4 305 laatijalta kahdeksassa ryhm\u00e4ss\u00e4: ryhm\u00e4 teht\u00e4vi\u00e4 A 2-siirtoiset 168 B 3-siirtoiset 111 C monisiirtoiset 108 D lopputeht\u00e4v\u00e4t 77 E apumatit 208 F itsematit 86 G satuteht\u00e4v\u00e4t 167 H retroteht\u00e4v\u00e4t 38 Suomalaisteht\u00e4vi\u00e4 on 26 kappaletta (2,7&#8230; <a class=\"continue-reading-link\" href=\"https:\/\/www.tehtavaniekat.fi\/index.php\/fide-albumi-1992-94\/\">Jatka lukemista<\/a><\/p>\n","protected":false},"author":1,"featured_media":0,"parent":0,"menu_order":0,"comment_status":"closed","ping_status":"closed","template":"","meta":{"footnotes":""},"class_list":["post-2578","page","type-page","status-publish","hentry"],"_links":{"self":[{"href":"https:\/\/www.tehtavaniekat.fi\/index.php\/wp-json\/wp\/v2\/pages\/2578","targetHints":{"allow":["GET"]}}],"collection":[{"href":"https:\/\/www.tehtavaniekat.fi\/index.php\/wp-json\/wp\/v2\/pages"}],"about":[{"href":"https:\/\/www.tehtavaniekat.fi\/index.php\/wp-json\/wp\/v2\/types\/page"}],"author":[{"embeddable":true,"href":"https:\/\/www.tehtavaniekat.fi\/index.php\/wp-json\/wp\/v2\/users\/1"}],"replies":[{"embeddable":true,"href":"https:\/\/www.tehtavaniekat.fi\/index.php\/wp-json\/wp\/v2\/comments?post=2578"}],"version-history":[{"count":1,"href":"https:\/\/www.tehtavaniekat.fi\/index.php\/wp-json\/wp\/v2\/pages\/2578\/revisions"}],"predecessor-version":[{"id":2580,"href":"https:\/\/www.tehtavaniekat.fi\/index.php\/wp-json\/wp\/v2\/pages\/2578\/revisions\/2580"}],"wp:attachment":[{"href":"https:\/\/www.tehtavaniekat.fi\/index.php\/wp-json\/wp\/v2\/media?parent=2578"}],"curies":[{"name":"wp","href":"https:\/\/api.w.org\/{rel}","templated":true}]}}